{"id":239336,"date":"2025-05-11T15:39:20","date_gmt":"2025-05-11T15:39:20","guid":{"rendered":"https:\/\/linkxa.es\/contratacion\/producto\/switch-16-puertos-tp-link-tl-sg116e-10\/"},"modified":"2025-12-08T12:52:40","modified_gmt":"2025-12-08T12:52:40","slug":"switch-16-puertos-tp-link-tl-sg116e-10","status":"publish","type":"product","link":"https:\/\/linkxa.es\/linkshop\/producto\/switch-16-puertos-tp-link-tl-sg116e-10\/","title":{"rendered":"Switch 16 puertos tp &#8211; link tl &#8211; sg116e 10"},"content":{"rendered":"<div style=\"text-align: center; margin-bottom: 20px;\">\n<h2 style=\"font-size: 22px; font-weight: 600; margin: 0; color: #333;\">Tp &#8211; link\u00a0|\u00a0 Switch<\/h2>\n<p><strong>Switch 16 puertos tp &#8211; link tl &#8211; sg116e 10 &#8211; 100 &#8211; 1000<\/strong><\/p>\n<\/div>\n<p style=\"max-width: 700px; margin: 0px auto 30px; font-size: 18px; line-height: 1.6; color: #555555; font-style: italic; text-align: left;\">Conmutador Easy Smart Gigabit de 16 puertos<\/p>\n<p>16 Puertos RJ45 10\/100\/1000Mbps<br \/>Plug and play, sin necesidad de configuraci\u00f3n<br \/>Caja met\u00e1lica duradera de calidad superior y profesional<br \/>Gesti\u00f3n inteligente v\u00eda interfaz web y utilidad descargable<br \/>Tecnolog\u00eda verde reduce el consumo energ\u00e9tico<\/p>\n<p>CARACTER\u00cdSTICAS DE HARDWARE<br \/>Est\u00e1ndares y Protocolos IEEE 802.3i, IEEE 802.3u, IEEE 802.3ab, IEEE 802.3x, IEEE<br \/>802.1q, IEEE 802.1p<br \/>Interfaz 16 Puertos RJ4510\/100\/1000Mbps<br \/>AUTO Negociaci\u00f3n\/AUTO MDI\/MDIX<br \/>Medios de Red 10BASE-T: UTP categor\u00eda 3, 4, 5 cable (m\u00e1ximo 100m)<br \/>EIA\/TIA-568 100 STP (m\u00e1ximo 100m)<br \/>100BASE-TX: UTP categor\u00eda 5, 5e cable m\u00e1ximo 100m)<br \/>EIA\/TIA-568 100 STP (m\u00e1ximo 100m)<br \/>1000BASE-T: UTP categor\u00eda 5, 5e, 6 or above cable (m\u00e1ximo 100m)<br \/>EIA\/TIA-568 100 STP (m\u00e1ximo 100m)<br \/>Cantidad de Ventiladores Sin ventilador<br \/>Fuente de Alimentaci\u00f3n Adaptador de Energ\u00eda Externo(Alimentaci\u00f3n:<br \/>12VDC\/1.0A)<br \/>Dimensiones 286*111.7*25.4 mm<br \/>Consumo de Potencia M\u00e1ximo 9.19W(220V\/50Hz)<br \/>Disipaci\u00f3n m\u00e1xima de calor 31.36BTU\/h<br \/>RENDIMIENTO<br \/>Capacidad de Conmutaci\u00f3n 32Gbps<br \/>Tasa de Reenv\u00edo de Paquetes 23.81Mpps<br \/>Tabla de Direcciones MAC 8K<br \/>Memoria del Buffer de Paquete 4.1Mb<br \/>Jumbo Frame 9KB<br \/>CARACTER\u00cdSTICAS DE SOFTWARE<br \/>Calidad de Servicio Soporte Prioridad en base a Puerto\/802.1p\/DSCP<br \/>Soporte de 4 colas de prioridad<br \/>Limitador de Velocidad<br \/>Control de Tormentas<br \/>Caracter\u00edsticas L2 IGMP Snooping V1\/V2\/V3<br \/>Agregaci\u00f3n de Enlaces Est\u00e1tica<br \/>Port Mirroring<br \/>Diagn\u00f3sis de Cable<br \/>Prevenci\u00f3n de Loop<br \/>VLAN Soporta hasta 32 VLANs simult\u00e1neas(de 4K VLAN IDs)<br \/>MTU\/Port\/Tag VLAN<br \/>M\u00e9todo de Transmisi\u00f3n Almacenamiento y Env\u00edo<br \/>Otros<br \/>Certificaciones FCC, CE, RoHS<br \/>Contenido del Paquete TL-SG116E<br \/>Cable de energ\u00eda<br \/>Gu\u00eda de Instalaci\u00f3n<br \/>Patas de Goma<br \/>Requisitos del sistema Microsoft Windows for running Utility<br \/>Factores Ambientales Temperatura de Funcionamiento: 0~40<br \/>(32~104),<br \/>Temperatura de Almacenamiento: -40~70 (-40~158)<br \/>Humedad de Funcionamiento: 10%~90%RH sin condensaci\u00f3n<br \/>Humedad de Funcionamiento: 5%~90%RH sin condensaci\u00f3n<\/p>\n","protected":false},"excerpt":{"rendered":"<p>Switch 16 puertos tp &#8211; link tl &#8211; sg116e 10 &#8211; 100 &#8211; 1000<\/p>\n","protected":false},"featured_media":239337,"comment_status":"open","ping_status":"open","template":"","meta":{"_et_pb_use_builder":"","_et_pb_old_content":"","_et_gb_content_width":""},"product_brand":[3946],"product_cat":[2058,3261,3270,3955],"product_tag":[3264,3273,3948],"class_list":{"0":"post-239336","1":"product","2":"type-product","3":"status-publish","4":"has-post-thumbnail","6":"product_brand-tp-link","7":"product_cat-dispositivos","8":"product_cat-redes","9":"product_cat-switch","10":"product_cat-tp-link-switch","11":"product_tag-redes","12":"product_tag-switch","13":"product_tag-tp-link","14":"product_shipping_class-2088","15":"pa_canon-digital-impuesto-incluido-de-0-e","16":"pa_categoria-redes","17":"pa_marca-tp-link","18":"pa_peso-4184","19":"pa_referencia-mgs0000012597","21":"first","22":"instock","23":"sale","24":"taxable","25":"shipping-taxable","26":"purchasable","27":"product-type-simple"},"_links":{"self":[{"href":"https:\/\/linkxa.es\/linkshop\/wp-json\/wp\/v2\/product\/239336","targetHints":{"allow":["GET"]}}],"collection":[{"href":"https:\/\/linkxa.es\/linkshop\/wp-json\/wp\/v2\/product"}],"about":[{"href":"https:\/\/linkxa.es\/linkshop\/wp-json\/wp\/v2\/types\/product"}],"replies":[{"embeddable":true,"href":"https:\/\/linkxa.es\/linkshop\/wp-json\/wp\/v2\/comments?post=239336"}],"wp:featuredmedia":[{"embeddable":true,"href":"https:\/\/linkxa.es\/linkshop\/wp-json\/wp\/v2\/media\/239337"}],"wp:attachment":[{"href":"https:\/\/linkxa.es\/linkshop\/wp-json\/wp\/v2\/media?parent=239336"}],"wp:term":[{"taxonomy":"product_brand","embeddable":true,"href":"https:\/\/linkxa.es\/linkshop\/wp-json\/wp\/v2\/product_brand?post=239336"},{"taxonomy":"product_cat","embeddable":true,"href":"https:\/\/linkxa.es\/linkshop\/wp-json\/wp\/v2\/product_cat?post=239336"},{"taxonomy":"product_tag","embeddable":true,"href":"https:\/\/linkxa.es\/linkshop\/wp-json\/wp\/v2\/product_tag?post=239336"}],"curies":[{"name":"wp","href":"https:\/\/api.w.org\/{rel}","templated":true}]}}