{"id":239339,"date":"2025-10-17T03:56:34","date_gmt":"2025-10-17T03:56:34","guid":{"rendered":"https:\/\/linkxa.es\/contratacion\/producto\/switch-8-puertos-tp-link-tl-sg108s-10\/"},"modified":"2025-12-08T12:53:08","modified_gmt":"2025-12-08T12:53:08","slug":"switch-8-puertos-tp-link-tl-sg108s-10","status":"publish","type":"product","link":"https:\/\/linkxa.es\/linkshop\/producto\/switch-8-puertos-tp-link-tl-sg108s-10\/","title":{"rendered":"Switch 8 puertos tp &#8211; link tl &#8211; sg108s 10"},"content":{"rendered":"<div style=\"text-align: center; margin-bottom: 20px;\">\n<h2 style=\"font-size: 22px; font-weight: 600; margin: 0; color: #333;\">Tp &#8211; link\u00a0|\u00a0 Switch<\/h2>\n<p><strong>Switch 8 puertos tp &#8211; link tl &#8211; sg108s 10 &#8211; 100 &#8211; 1000<\/strong><\/p>\n<\/div>\n<p style=\"max-width: 700px; margin: 0px auto 30px; font-size: 18px; line-height: 1.6; color: #555555; font-style: italic; text-align: left;\">Switch de escritorio de 8 puertos a 10\/100\/1000 Mbps<\/p>\n<p>8 puertos RJ45 de negociaci\u00f3n autom\u00e1tica a 10\/100\/1000 Mbps que admiten<br \/>Auto-MDI \/ MDIX<br \/>La tecnolog\u00eda Green Ethernet ahorra consumo de energ\u00eda<br \/>El control de flujo IEEE 802.3x proporciona una transferencia de datos confiable<br \/>Dise\u00f1o de carcasa de acero, escritorio o montaje en pared<br \/>Admite QoS 802.1p \/ DSCP e IGMP Snooping<br \/>Plug and play, sin necesidad de configuraci\u00f3n<\/p>\n<p>CARACTER\u00cdSTICAS DE HARDWARE<br \/>Est\u00e1ndares y Protocolos IEEE 802.3i \/ 802.3u \/ 802.3ab\/ 802.3x \/802.1p<br \/>Interfaz 8 puertos de 10\/100\/1000 Mbps, negociaci\u00f3n autom\u00e1tica, MDI \/ MDIX<br \/>autom\u00e1tico<br \/>Cantidad de Ventiladores Sin ventilador<br \/>Consumo de Potencia M\u00e1ximo: 3.31W (220V \/ 50Hz)<br \/>Fuente de Alimentaci\u00f3n Externa Adaptador de corriente externo (salida: 9VDC<br \/>\/ 0.6A)<br \/>Tama\u00f1o del B\u00fafer 1.5Mb<br \/>Indicador de LED Energ\u00eda del sistema<br \/>Indicadores Link \/ Act por puerto integrados en cada puerto RJ-45<br \/>Dimensiones 6.2 x 4.0 x 1.0 in. (158 x 101 x 25 mm)<br \/>RENDIMIENTO<br \/>Tasa de Reenv\u00edo de Paquetes 11.9Mpps<br \/>Tabla de Direcciones MAC 4K<br \/>Memoria del Buffer de Paquete 1.5Mb<br \/>Jumbo Frame 16KB<br \/>CARACTER\u00cdSTICAS DE SOFTWARE<br \/>Caracter\u00edsticas Avanzadas Tecnolog\u00eda ecol\u00f3gica, que ahorra energ\u00eda hasta un 82%<br \/>Control de flujo 802.3X<br \/>QoS 802.1p \/ DSCP<br \/>Inspecci\u00f3n IGMP<br \/>M\u00e9todo de Transferencia Almacenamiento y reenvio<br \/>Otros<br \/>Certificaciones CE, FCC ,RoHS<br \/>Contenido del Paquete Switch de escritorio de 8 puertos a 10\/100\/1000 Mbps<br \/>Adaptador de corriente<br \/>Gu\u00eda de instalaci\u00f3n<br \/>Patas de goma<br \/>Factores Ambientales Temperatura de funcionamiento: 0 C ~ 40 C (32 F ~<br \/>104 F)<br \/>Temperatura de almacenamiento: -40 C ~ 70 C (-40 F ~ 158 F)<br \/>Humedad de funcionamiento: 10% ~ 90%, sin condensaci\u00f3n<br \/>Humedad de almacenamiento: 5% ~ 90% sin condensaci\u00f3n<\/p>\n","protected":false},"excerpt":{"rendered":"<p>Switch 8 puertos tp &#8211; link tl &#8211; sg108s 10 &#8211; 100 &#8211; 1000<\/p>\n","protected":false},"featured_media":239340,"comment_status":"open","ping_status":"open","template":"","meta":{"_et_pb_use_builder":"","_et_pb_old_content":"","_et_gb_content_width":""},"product_brand":[3946],"product_cat":[2058,3261,3270,3955],"product_tag":[3264,3273,3948],"class_list":{"0":"post-239339","1":"product","2":"type-product","3":"status-publish","4":"has-post-thumbnail","6":"product_brand-tp-link","7":"product_cat-dispositivos","8":"product_cat-redes","9":"product_cat-switch","10":"product_cat-tp-link-switch","11":"product_tag-redes","12":"product_tag-switch","13":"product_tag-tp-link","14":"product_shipping_class-2059","15":"pa_canon-digital-impuesto-incluido-de-0-e","16":"pa_categoria-redes","17":"pa_marca-tp-link","18":"pa_peso-4186","19":"pa_referencia-mgs0000012598","21":"first","22":"instock","23":"sale","24":"taxable","25":"shipping-taxable","26":"purchasable","27":"product-type-simple"},"_links":{"self":[{"href":"https:\/\/linkxa.es\/linkshop\/wp-json\/wp\/v2\/product\/239339","targetHints":{"allow":["GET"]}}],"collection":[{"href":"https:\/\/linkxa.es\/linkshop\/wp-json\/wp\/v2\/product"}],"about":[{"href":"https:\/\/linkxa.es\/linkshop\/wp-json\/wp\/v2\/types\/product"}],"replies":[{"embeddable":true,"href":"https:\/\/linkxa.es\/linkshop\/wp-json\/wp\/v2\/comments?post=239339"}],"wp:featuredmedia":[{"embeddable":true,"href":"https:\/\/linkxa.es\/linkshop\/wp-json\/wp\/v2\/media\/239340"}],"wp:attachment":[{"href":"https:\/\/linkxa.es\/linkshop\/wp-json\/wp\/v2\/media?parent=239339"}],"wp:term":[{"taxonomy":"product_brand","embeddable":true,"href":"https:\/\/linkxa.es\/linkshop\/wp-json\/wp\/v2\/product_brand?post=239339"},{"taxonomy":"product_cat","embeddable":true,"href":"https:\/\/linkxa.es\/linkshop\/wp-json\/wp\/v2\/product_cat?post=239339"},{"taxonomy":"product_tag","embeddable":true,"href":"https:\/\/linkxa.es\/linkshop\/wp-json\/wp\/v2\/product_tag?post=239339"}],"curies":[{"name":"wp","href":"https:\/\/api.w.org\/{rel}","templated":true}]}}