{"id":239344,"date":"2025-06-18T20:14:11","date_gmt":"2025-06-18T20:14:11","guid":{"rendered":"https:\/\/linkxa.es\/contratacion\/producto\/switch-8-puertos-tp-link-ls108g-10\/"},"modified":"2025-12-08T12:54:07","modified_gmt":"2025-12-08T12:54:07","slug":"switch-8-puertos-tp-link-ls108g-10","status":"publish","type":"product","link":"https:\/\/linkxa.es\/linkshop\/producto\/switch-8-puertos-tp-link-ls108g-10\/","title":{"rendered":"Switch 8 puertos tp &#8211; link ls108g 10"},"content":{"rendered":"<div style=\"text-align: center; margin-bottom: 20px;\">\n<h2 style=\"font-size: 22px; font-weight: 600; margin: 0; color: #333;\">Tp &#8211; link\u00a0|\u00a0 Switch<\/h2>\n<p><strong>Switch 8 puertos tp &#8211; link ls108g 10 &#8211; 100 &#8211; 1000<\/strong><\/p>\n<\/div>\n<p style=\"max-width: 700px; margin: 0px auto 30px; font-size: 18px; line-height: 1.6; color: #555555; font-style: italic; text-align: left;\">Switch Sobremesa 8-Puertos 10\/100\/1000Mbps<\/p>\n<p>Puertos 10\/100\/1000Mbos con Auto-Negociaci\u00f3n y Auto-MDI\/MDIX<br \/>Tecnolog\u00eda Green Ethernet de ahorro energ\u00e9tico<br \/>Control de flujo IEEE 802.3X proporciona una transferencia de datos eficiente y<br \/>segura<br \/>Carcasa met\u00e1lica, con dise\u00f1o sobremesa o de instalaci\u00f3n en pared<br \/>Soporte de funci\u00f3n 802.1p\/DSCP QoS<br \/>Plug and play, sin necesidad de configuraci\u00f3n<\/p>\n<p>CARACTER\u00cdSTICAS DE HARDWARE<br \/>Est\u00e1ndares y Protocolos IEEE 802.3i\/802.3u\/ 802.3ab\/802.3x, IEEE 802.1p<br \/>Interfaz 8 puertos 10\/100\/1000Mbps, Auto-Negociaci\u00f3n, Auto-MDI\/MDIX<br \/>Cantidad de Ventiladores Sin ventilador<br \/>Fuente de Alimentaci\u00f3n Externa Adaptador de Energ\u00eda Externo (Output: 9VDC \/<br \/>0.6A)<br \/>Indicador de LED Energ\u00eda de Sistema<br \/>Indicadores integrados de Link\/Act en cada puerto RJ-45<br \/>Dimensiones 158 x 99.1x 25 mm (6.2 x 3.9 x 1.0 in.)<br \/>Consumo de Potencia M\u00e1ximo 3.7W(220V\/50Hz)<br \/>Disipaci\u00f3n m\u00e1xima de calor 12.617 Btu\/hr<br \/>RENDIMIENTO<br \/>Tasa de Reenv\u00edo de Paquetes 11.9 Mpps<br \/>Tabla de Direcciones MAC 4K<br \/>Memoria del Buffer de Paquete 1.5 Mb<br \/>Jumbo Frame 16 KB<br \/>CARACTER\u00cdSTICAS DE SOFTWARE<br \/>Caracter\u00edsticas Avanzadas Green Technology<br \/>802.3X Control de Flujo<br \/>802.1P\/DSCP QoS<br \/>M\u00e9todo de Transferencia Almacenamiento y Env\u00edo<br \/>Otros<br \/>Certificaciones CE, FCC, RoHS<br \/>Contenido del Paquete Switch Sobremesa 8-Puertos 10\/100\/1000Mbps<br \/>Adaptador Energ\u00eda<br \/>Gu\u00eda de Instalaci\u00f3n<br \/>Factores Ambientales Temperatura de funcionamiento: 0~40<br \/>(32~104)<br \/>Temperatura de almacenamiento: -40~70 (-40~158)<br \/>Humedad de funcionamiento: 10%~90% sin condensaci\u00f3n<br \/>Humedad de almacenamiento: 5%~90% sin condensaci\u00f3n<\/p>\n","protected":false},"excerpt":{"rendered":"<p>Switch 8 puertos tp &#8211; link ls108g 10 &#8211; 100 &#8211; 1000<\/p>\n","protected":false},"featured_media":239345,"comment_status":"open","ping_status":"open","template":"","meta":{"_et_pb_use_builder":"","_et_pb_old_content":"","_et_gb_content_width":""},"product_brand":[3946],"product_cat":[2058,3261,3270,3955],"product_tag":[3264,3273,3948],"class_list":{"0":"post-239344","1":"product","2":"type-product","3":"status-publish","4":"has-post-thumbnail","6":"product_brand-tp-link","7":"product_cat-dispositivos","8":"product_cat-redes","9":"product_cat-switch","10":"product_cat-tp-link-switch","11":"product_tag-redes","12":"product_tag-switch","13":"product_tag-tp-link","14":"product_shipping_class-2059","15":"pa_canon-digital-impuesto-incluido-de-0-e","16":"pa_categoria-redes","17":"pa_marca-tp-link","18":"pa_peso-4115","19":"pa_referencia-mgs0000012603","21":"first","22":"instock","23":"sale","24":"taxable","25":"shipping-taxable","26":"purchasable","27":"product-type-simple"},"_links":{"self":[{"href":"https:\/\/linkxa.es\/linkshop\/wp-json\/wp\/v2\/product\/239344","targetHints":{"allow":["GET"]}}],"collection":[{"href":"https:\/\/linkxa.es\/linkshop\/wp-json\/wp\/v2\/product"}],"about":[{"href":"https:\/\/linkxa.es\/linkshop\/wp-json\/wp\/v2\/types\/product"}],"replies":[{"embeddable":true,"href":"https:\/\/linkxa.es\/linkshop\/wp-json\/wp\/v2\/comments?post=239344"}],"wp:featuredmedia":[{"embeddable":true,"href":"https:\/\/linkxa.es\/linkshop\/wp-json\/wp\/v2\/media\/239345"}],"wp:attachment":[{"href":"https:\/\/linkxa.es\/linkshop\/wp-json\/wp\/v2\/media?parent=239344"}],"wp:term":[{"taxonomy":"product_brand","embeddable":true,"href":"https:\/\/linkxa.es\/linkshop\/wp-json\/wp\/v2\/product_brand?post=239344"},{"taxonomy":"product_cat","embeddable":true,"href":"https:\/\/linkxa.es\/linkshop\/wp-json\/wp\/v2\/product_cat?post=239344"},{"taxonomy":"product_tag","embeddable":true,"href":"https:\/\/linkxa.es\/linkshop\/wp-json\/wp\/v2\/product_tag?post=239344"}],"curies":[{"name":"wp","href":"https:\/\/api.w.org\/{rel}","templated":true}]}}