{"id":239353,"date":"2025-08-08T16:13:32","date_gmt":"2025-08-08T16:13:32","guid":{"rendered":"https:\/\/linkxa.es\/contratacion\/producto\/switch-8-puertos-tp-link-tl-sg2008p-jetstream\/"},"modified":"2025-12-08T12:55:31","modified_gmt":"2025-12-08T12:55:31","slug":"switch-8-puertos-tp-link-tl-sg2008p-jetstream","status":"publish","type":"product","link":"https:\/\/linkxa.es\/linkshop\/producto\/switch-8-puertos-tp-link-tl-sg2008p-jetstream\/","title":{"rendered":"Switch 8 puertos tp &#8211; link tl &#8211; sg2008p jetstream"},"content":{"rendered":"<div style=\"text-align: center; margin-bottom: 20px;\">\n<h2 style=\"font-size: 22px; font-weight: 600; margin: 0; color: #333;\">Tp &#8211; link\u00a0|\u00a0 Switch<\/h2>\n<p><strong>Switch 8 puertos tp &#8211; link tl &#8211; sg2008p jetstream gigabit<\/strong><\/p>\n<\/div>\n<p style=\"max-width: 700px; margin: 0px auto 30px; font-size: 18px; line-height: 1.6; color: #555555; font-style: italic; text-align: left;\">Conmutador inteligente JetStream Gigabit de 8 puertos<\/p>\n<p>Puertos Gigabit completos: 8 puertos RJ45 gigabit proporcionan conexiones de<br \/>alta velocidad.<br \/>Integrado en Omada SDN: administraci\u00f3n centralizada en la nube y monitoreo<br \/>inteligente.<br \/>Gesti\u00f3n centralizada: acceso a la nube y la aplicaci\u00f3n Omada para una m\u00e1xima<br \/>comodidad y una gesti\u00f3n sencilla.<br \/>Estrategias de seguridad s\u00f3lidas: VLAN 802.1Q, ACL, seguridad de puertos, control<br \/>de tormentas y m\u00e1s.<br \/>Optimice las aplicaciones de voz y video: QoS L2 \/ L3 \/ L4 e IGMP snooping.<br \/>Administraci\u00f3n vers\u00e1til: los modos administrados WEB \/ CLI, SNMP y RMON<br \/>brindan abundantes funciones de administraci\u00f3n.<\/p>\n<p>CARACTER\u00cdSTICAS DE HARDWARE<br \/>Instalaci\u00f3n Montaje en escritorio\/pared<br \/>Est\u00e1ndares y Protocolos IEEE 802.3i, IEEE 802.3u, IEEE 802.3ab, IEEE 802.3ad,<br \/>IEEE 802.3x, IEEE 802.1d, IEEE 802.1s, IEEE 802.1w, IEEE 802.1q, IEEE 802.1p, IEEE<br \/>802.1x<br \/>Interfaz 8 puertos RJ45 de 10\/100\/1000 Mbps (negociaci\u00f3n autom\u00e1tica \/ MDI<br \/>autom\u00e1tico \/ MDIX)<br \/>Medios de Red 10BASE-T: cable UTP categor\u00eda 3, 4, 5 (m\u00e1ximo 100 m)<br \/>100BASE-TX \/ 1000Base-T: cable UTP categor\u00eda 5, 5e o superior (m\u00e1ximo 100 m)<br \/>Cantidad de Ventiladores Sin ventilador<br \/>Fuente de Alimentaci\u00f3n Adaptador externo de 12 VCC \/ 1 A o<br \/>Obtenga energ\u00eda de la fuente PoE<br \/>Consumo de Potencia 6.4 W (220 V\/50 Hz)<br \/>Dimensiones 8.2 4.9 1.0 in (209 126 26 mm)<br \/>RENDIMIENTO<br \/>Ancho de Banda \/ Backplane 16 Gbps<br \/>Tasa de Reenv\u00edo de Paquetes 11.9 Mpps<br \/>Tabla de Direcciones MAC 8K<br \/>Memoria del Buffer de Paquete 4.1 Mbit<br \/>Jumbo Frame 9 KB<br \/>CARACTER\u00cdSTICAS DE SOFTWARE<br \/>Calidad de Servicio Prioridad 802.1p CoS \/ DSCP<br \/>8 colas de prioridad<br \/>Modo de horario prioritario<br \/>&#8211; SP (prioridad estricta)<br \/>&#8211; WRR (Round Robin ponderado)<br \/>Configuraci\u00f3n de peso de la cola<br \/>Control de Ancho de Banda<br \/>&#8211; L\u00edmite de clasificaci\u00f3n basado en puerto \/ flujo<br \/>Rendimiento m\u00e1s fluido<br \/>Control de tormentas<br \/>&#8211; Modos de control m\u00faltiples (kbps \/ relaci\u00f3n)<br \/>&#8211; Control de difusi\u00f3n \/ multidifusi\u00f3n \/ unidifusi\u00f3n desconocida<br \/>Caracter\u00edsticas L2 y L2+ 16 interfaces IP<br \/>&#8211; Soporte de interfaz IPv4 \/ IPv6<br \/>Enrutamiento estatico<br \/>&#8211; 32 rutas est\u00e1ticas IPv4 \/ IPv6<br \/>Servidor DHCP<br \/>Rel\u00e9 DHCP<br \/>&#8211; Rel\u00e9 de interfaz DHCP<br \/>&#8211; Rel\u00e9 DHCP VLAN<br \/>Rel\u00e9 DHCP L2<br \/>ARP est\u00e1tico<br \/>Proxy ARP<br \/>ARP gratuito<br \/>Agregar un link<br \/>&#8211; Agregaci\u00f3n de enlaces est\u00e1ticos<br \/>&#8211; LACP 802.3ad<br \/>&#8211; Hasta 8 grupos de agregaci\u00f3n y hasta 8 puertos<br \/>por grupo<br \/>Protocolo de \u00e1rbol de expansi\u00f3n<br \/>&#8211; 802.1D STP<br \/>&#8211; 802.1w RSTP<br \/>&#8211; MSTP 802.1s<br \/>&#8211; Seguridad STP: TC Protect, BPDU Filter \/ Protect,<br \/>Proteger la ra\u00edz<br \/>Detecci\u00f3n de bucle invertido<br \/>Control de flujo<br \/>&#8211; Control de flujo 802.3x<br \/>Reflejo<br \/>&#8211; Duplicaci\u00f3n de puertos<br \/>&#8211; Duplicaci\u00f3n de CPU<br \/>&#8211; Doce y cincuenta y nueve de la noche<br \/>&#8211; Muchos a uno<br \/>&#8211; Basado en flujo<br \/>&#8211; Entrada \/ Salida \/ Ambos<br \/>Protocolo de detecci\u00f3n de enlace de dispositivo (DLDP)<br \/>802.1ab LLDP \/ LLDP-MED<br \/>VLAN Grupo de VLAN<br \/>&#8211; M\u00e1x. Grupos de VLAN 4K<br \/>VLAN de etiqueta 802.1Q<br \/>MAC VLAN: 12 entradas<br \/>Protocolo VLAN<br \/>GVRP<br \/>VLAN de voz<br \/>Lista de Control de Acceso Admite hasta 230 entradas<br \/>Intervalo de tiempo<br \/>&#8211; Porci\u00f3n de tiempo<br \/>&#8211; Rango de tiempo de la semana<br \/>&#8211; Rango de tiempo absoluto<br \/>&#8211; Fiesta<br \/>ACL basada en el tiempo<br \/>MAC ACL<br \/>&#8211; MAC de origen<br \/>&#8211; MAC de destino<br \/>&#8211; ID de VLAN<br \/>&#8211; Prioridad de usuario<br \/>&#8211; Tipo de \u00e9ter<br \/>IP ACL<br \/>&#8211; IP de origen<br \/>&#8211; IP de destino<br \/>&#8211; Protocolo IP<br \/>&#8211; Bandera de TCP<br \/>&#8211; Puerto de origen TCP \/ UDP<br \/>&#8211; Puerto de destino TCP \/ UDP<br \/>&#8211; TOS DSCP \/ IP<br \/>ACL de IPv6<br \/>ACL combinado<br \/>Operaci\u00f3n de reglas<br \/>&#8211; Permitir \/ Denegar<br \/>Acci\u00f3n pol\u00edtica<br \/>&#8211; Espejo<br \/>&#8211; L\u00edmite de tarifa<br \/>&#8211; Redirigir<br \/>&#8211; Observaci\u00f3n de QoS<br \/>Vinculaci\u00f3n de las reglas de ACL<br \/>&#8211; Enlace de puertos<br \/>&#8211; Enlace de VLAN<br \/>Acciones por flujos<br \/>&#8211; Espejo (a la interfaz compatible)<br \/>&#8211; Redirigir (a la interfaz compatible)<br \/>&#8211; L\u00edmite de tarifa<br \/>&#8211; Observaci\u00f3n de QoS<br \/>Seguridad AAA<br \/>802.1X<br \/>&#8211; Autenticaci\u00f3n basada en puerto<br \/>&#8211; Autenticaci\u00f3n basada en MAC (Host)<br \/>&#8211; El m\u00e9todo de autenticaci\u00f3n incluye PAP \/ EAP-MD5<br \/>&#8211; MAB<br \/>&#8211; VLAN de invitado<br \/>&#8211; Admite autenticaci\u00f3n Radius y<br \/>responsabilidad<br \/>Enlace IP \/ IPv6-MAC<br \/>&#8211; 512 entradas vinculantes<br \/>&#8211; Indagaci\u00f3n DHCP<br \/>&#8211; Indagaci\u00f3n DHCPv6<br \/>&#8211; Inspecci\u00f3n ARP<br \/>&#8211; Detecci\u00f3n ND<br \/>Protecci\u00f3n de fuente de IP<br \/>&#8211; 253 entradas<br \/>&#8211; IP de origen + MAC de origen<br \/>Protecci\u00f3n de fuente IPv6<br \/>&#8211; 183 entradas<br \/>&#8211; Direcci\u00f3n IPv6 de origen + MAC de origen<br \/>Defensa DoS<br \/>Seguridad portuaria est\u00e1tica \/ din\u00e1mica \/ permanente<br \/>&#8211; Hasta 64 direcciones MAC por puerto<br \/>Control de tormentas de difusi\u00f3n \/ multidifusi\u00f3n \/ unidifusi\u00f3n<br \/>&#8211; modo de control de kbps \/ relaci\u00f3n<br \/>Aislamiento de puertos<br \/>Gesti\u00f3n web segura a trav\u00e9s de HTTPS con<br \/>SSLv3 \/ TLS 1.2<br \/>Interfaz de l\u00ednea de comandos segura (CLI)<br \/>gesti\u00f3n con SSHv1 \/ SSHv2<br \/>Control de acceso basado en IP \/ Puerto \/ MAC<br \/>Caracter\u00edsticas Avanzadas Compatibilidad con el controlador de hardware<br \/>Omada (OC200\/OC300) y el controlador de software<br \/>Detecci\u00f3n autom\u00e1tica de dispositivos<br \/>Configuraci\u00f3n por lotes<br \/>Actualizaci\u00f3n de firmware por lotes<br \/>Supervisi\u00f3n de red inteligente<br \/>Advertencias de eventos anormales<br \/>Configuraci\u00f3n unificada<br \/>Horario de reinicio<br \/>GESTI\u00d3N<br \/>Omada App S\u00ed. Requiere el uso de OC300, OC200 u Omada Software<br \/>Controller.<br \/>Gesti\u00f3n Centralizada Controlador de hardware Omada (OC300)<br \/>Controlador de hardware Omada (OC200)<br \/>Controlador de software Omada<br \/>Acceso a la nube S\u00ed. Requiere el uso de OC300, OC200 u Omada Software<br \/>Controller.<br \/>Funciones de gesti\u00f3n Interfaz gr\u00e1fica de usuario basada en web<br \/>Interfaz de l\u00ednea de comandos (CLI) a trav\u00e9s de telnet<br \/>SNMPv1\/v2c\/v3<br \/>Informaci\u00f3n\/captura de SNMP<br \/>RMON (1,2,3,9 grupos)<br \/>Plantilla MDF<br \/>Cliente DHCP\/BOOTP<br \/>Imagen dual, configuraci\u00f3n dual<br \/>Supervisi\u00f3n de CPU<br \/>Diagn\u00f3stico de cables<br \/>AEE<br \/>SNTP<br \/>Registro del sistema<br \/>Otros<br \/>Certificaciones CE, FCC, RoHS<br \/>Contenido del Paquete TL-SG2008<br \/>Adaptador de corriente<br \/>Gu\u00eda de instalaci\u00f3n<br \/>Patas de goma<br \/>Requisitos del sistema Microsoft Windows 98SE, NT, 2000, XP, Vista o<br \/>Windows 7, MAC OS, NetWare, UNIX o Linux.<br \/>Factores Ambientales Temperatura de funcionamiento: 0 ~ 40 (32 ~<br \/>104 ),<br \/>Temperatura de almacenamiento: -40 ~ 70 (-40 ~ 158 )<br \/>Humedad de funcionamiento: 10% ~ 90% sin condensaci\u00f3n<br \/>Humedad de almacenamiento: 5% ~ 90% sin condensaci\u00f3n<\/p>\n","protected":false},"excerpt":{"rendered":"<p>Switch 8 puertos tp &#8211; link tl &#8211; sg2008p jetstream gigabit<\/p>\n","protected":false},"featured_media":239354,"comment_status":"open","ping_status":"open","template":"","meta":{"_et_pb_use_builder":"","_et_pb_old_content":"","_et_gb_content_width":""},"product_brand":[3946],"product_cat":[2058,3261,3270,3955],"product_tag":[3264,3273,3948],"class_list":{"0":"post-239353","1":"product","2":"type-product","3":"status-publish","4":"has-post-thumbnail","6":"product_brand-tp-link","7":"product_cat-dispositivos","8":"product_cat-redes","9":"product_cat-switch","10":"product_cat-tp-link-switch","11":"product_tag-redes","12":"product_tag-switch","13":"product_tag-tp-link","14":"product_shipping_class-2088","15":"pa_canon-digital-impuesto-incluido-de-0-e","16":"pa_categoria-redes","17":"pa_marca-tp-link","18":"pa_peso-4194","19":"pa_referencia-mgs0000012612","21":"first","22":"instock","23":"sale","24":"taxable","25":"shipping-taxable","26":"purchasable","27":"product-type-simple"},"_links":{"self":[{"href":"https:\/\/linkxa.es\/linkshop\/wp-json\/wp\/v2\/product\/239353","targetHints":{"allow":["GET"]}}],"collection":[{"href":"https:\/\/linkxa.es\/linkshop\/wp-json\/wp\/v2\/product"}],"about":[{"href":"https:\/\/linkxa.es\/linkshop\/wp-json\/wp\/v2\/types\/product"}],"replies":[{"embeddable":true,"href":"https:\/\/linkxa.es\/linkshop\/wp-json\/wp\/v2\/comments?post=239353"}],"wp:featuredmedia":[{"embeddable":true,"href":"https:\/\/linkxa.es\/linkshop\/wp-json\/wp\/v2\/media\/239354"}],"wp:attachment":[{"href":"https:\/\/linkxa.es\/linkshop\/wp-json\/wp\/v2\/media?parent=239353"}],"wp:term":[{"taxonomy":"product_brand","embeddable":true,"href":"https:\/\/linkxa.es\/linkshop\/wp-json\/wp\/v2\/product_brand?post=239353"},{"taxonomy":"product_cat","embeddable":true,"href":"https:\/\/linkxa.es\/linkshop\/wp-json\/wp\/v2\/product_cat?post=239353"},{"taxonomy":"product_tag","embeddable":true,"href":"https:\/\/linkxa.es\/linkshop\/wp-json\/wp\/v2\/product_tag?post=239353"}],"curies":[{"name":"wp","href":"https:\/\/api.w.org\/{rel}","templated":true}]}}