{"id":239359,"date":"2025-08-23T15:00:32","date_gmt":"2025-08-23T15:00:32","guid":{"rendered":"https:\/\/linkxa.es\/contratacion\/producto\/switch-8-puertos-tp-link-tl-sg108pe-easy\/"},"modified":"2025-12-08T12:56:29","modified_gmt":"2025-12-08T12:56:29","slug":"switch-8-puertos-tp-link-tl-sg108pe-easy","status":"publish","type":"product","link":"https:\/\/linkxa.es\/linkshop\/producto\/switch-8-puertos-tp-link-tl-sg108pe-easy\/","title":{"rendered":"Switch 8 puertos tp &#8211; link tl &#8211; sg108pe easy"},"content":{"rendered":"<div style=\"text-align: center; margin-bottom: 20px;\">\n<h2 style=\"font-size: 22px; font-weight: 600; margin: 0; color: #333;\">Tp &#8211; link\u00a0|\u00a0 Switch<\/h2>\n<p><strong>Switch 8 puertos tp &#8211; link tl &#8211; sg108pe easy smart 10 &#8211; 100 &#8211; 1000 4 puertos poe<\/strong><\/p>\n<\/div>\n<p style=\"max-width: 700px; margin: 0px auto 30px; font-size: 18px; line-height: 1.6; color: #555555; font-style: italic; text-align: left;\">Easy Smart Switch Gigabit de 8 puertos<br \/>con 4 puertos PoE<\/p>\n<p>8 puertos RJ45 de 10\/100\/1000 Mbps<br \/>Equipado con 4 puertos PoE 802.3af con hasta 15,4 W para cada puerto, los datos<br \/>y la energ\u00eda se pueden transferir en un solo cable<br \/>Admite alimentaci\u00f3n PoE de hasta 55 W para todos los puertos PoE<br \/>Proporciona funciones de supervisi\u00f3n de red, priorizaci\u00f3n de tr\u00e1fico y VLAN<br \/>Configuraci\u00f3n de red simple adem\u00e1s de la conectividad plug-and-play<br \/>La interfaz de usuario basada en web y la Easy Smart Configuration Utility<br \/>simplifican la configuraci\u00f3n<br \/>CARACTER\u00cdSTICAS DE HARDWARE<br \/>Est\u00e1ndares y Protocolos IEEE 802.3i, IEEE 802.3u, IEEE 802.3ab, IEEE 802.3af,<br \/>IEEE 802.3x, IEEE 802.1q, IEEE 802.1p<br \/>Interfaz 8 puertos RJ45 de 10\/100\/1000 Mbps<br \/>Negociaci\u00f3n AUTO \/ AUTO MDI \/ MDIX<br \/>Medios de Red 10BASE-T: cable UTP categor\u00eda 3, 4, 5 (m\u00e1ximo 100 m)<br \/>EIA \/ TIA-568 100 STP (m\u00e1ximo 100 m)<br \/>100BASE-TX: cable UTP categor\u00eda 5, 5e (m\u00e1ximo 100 m)<br \/>EIA \/ TIA-568 100 STP (m\u00e1ximo 100 m)<br \/>1000BASE-T: cable UTP categor\u00eda 5, 5e, 6 o superior (m\u00e1ximo 100 m)<br \/>EIA \/ TIA-568 100 STP (m\u00e1ximo 100 m)<br \/>Cantidad de Ventiladores Sin ventilador<br \/>Fuente de Alimentaci\u00f3n Adaptador de corriente externo (salida: 48 V CC \/ 1,25<br \/>A)<br \/>Puertos PoE (RJ45) Est\u00e1ndar: compatible con 802.3 af<br \/>Puertos PoE: Puerto 1- Puerto 4<br \/>Presupuesto de energ\u00eda PoE: 55W<br \/>Dimensiones 6.2 4.0 1.0 in (158 101 25 mm)<br \/>Consumo de Potencia M\u00e1ximo 5.15W (220V \/ 50Hz sin PD conectado)<br \/>65,18 W (220 V \/ 50 Hz con PD de 55 W conectado)<br \/>Disipaci\u00f3n m\u00e1xima de calor 17,57 BTU \/ h (sin PD conectado)<br \/>222,39 BTU \/ h (con PD de 55 W conectado)<br \/>RENDIMIENTO<br \/>Capacidad de Conmutaci\u00f3n 16 Gbps<br \/>Tasa de Reenv\u00edo de Paquetes 11.9 Mpps<br \/>Tabla de Direcciones MAC 4 K<br \/>Memoria del Buffer de Paquete 1.5 Mb<br \/>Jumbo Frame 16 KB<br \/>CARACTER\u00cdSTICAS DE SOFTWARE<br \/>Calidad de Servicio Soporta prioridad basada en puerto \/ 802.1p \/ DSCP<br \/>Admite 4 colas de prioridad<br \/>L\u00edmite de tarifa<br \/>Control de tormentas<br \/>Caracter\u00edsticas L2 IGMP Snooping V1 \/ V2 \/ V3<br \/>Agregaci\u00f3n de enlaces est\u00e1ticos<br \/>Duplicaci\u00f3n de puertos<br \/>Diagn\u00f3stico de cables<br \/>Prevenci\u00f3n de bucle<br \/>VLAN Admite hasta 32 VLAN simult\u00e1neamente (de 4K VLAN ID)<br \/>MTU \/ puerto \/ etiqueta VLAN<br \/>Gesti\u00f3n GUI basada en web<br \/>Utilidad de configuraci\u00f3n inteligente f\u00e1cil<br \/>M\u00e9todo de Transmisi\u00f3n Almacenamiento y reenv\u00edo<br \/>Otros<br \/>Certificaciones FCC, CE, RoHS<br \/>Contenido del Paquete TL-SG108PE<br \/>Adaptador de corriente<br \/>Gu\u00eda de instalaci\u00f3n<br \/>Patas de goma<br \/>Requisitos del sistema Microsoft Windows para ejecutar la utilidad<br \/>Factores Ambientales Temperatura de funcionamiento: 0 ~ 40 (32 ~<br \/>104 )<br \/>Temperatura de almacenamiento: -40 ~ 70 (-40 ~ 158 )<br \/>Humedad de funcionamiento: 10% ~ 90% RH sin condensaci\u00f3n<br \/>Humedad de almacenamiento: 5% ~ 95% RH sin condensaci\u00f3n<\/p>\n","protected":false},"excerpt":{"rendered":"<p>Switch 8 puertos tp &#8211; link tl &#8211; sg108pe easy smart 10 &#8211; 100 &#8211; 1000 4 puertos poe<\/p>\n","protected":false},"featured_media":239360,"comment_status":"open","ping_status":"open","template":"","meta":{"_et_pb_use_builder":"","_et_pb_old_content":"","_et_gb_content_width":""},"product_brand":[3946],"product_cat":[2058,3261,3270,3955],"product_tag":[3264,3273,3948],"class_list":{"0":"post-239359","1":"product","2":"type-product","3":"status-publish","4":"has-post-thumbnail","6":"product_brand-tp-link","7":"product_cat-dispositivos","8":"product_cat-redes","9":"product_cat-switch","10":"product_cat-tp-link-switch","11":"product_tag-redes","12":"product_tag-switch","13":"product_tag-tp-link","14":"product_shipping_class-2088","15":"pa_canon-digital-impuesto-incluido-de-0-e","16":"pa_categoria-redes","17":"pa_marca-tp-link","18":"pa_peso-4198","19":"pa_referencia-mgs0000012615","21":"first","22":"instock","23":"sale","24":"taxable","25":"shipping-taxable","26":"purchasable","27":"product-type-simple"},"_links":{"self":[{"href":"https:\/\/linkxa.es\/linkshop\/wp-json\/wp\/v2\/product\/239359","targetHints":{"allow":["GET"]}}],"collection":[{"href":"https:\/\/linkxa.es\/linkshop\/wp-json\/wp\/v2\/product"}],"about":[{"href":"https:\/\/linkxa.es\/linkshop\/wp-json\/wp\/v2\/types\/product"}],"replies":[{"embeddable":true,"href":"https:\/\/linkxa.es\/linkshop\/wp-json\/wp\/v2\/comments?post=239359"}],"wp:featuredmedia":[{"embeddable":true,"href":"https:\/\/linkxa.es\/linkshop\/wp-json\/wp\/v2\/media\/239360"}],"wp:attachment":[{"href":"https:\/\/linkxa.es\/linkshop\/wp-json\/wp\/v2\/media?parent=239359"}],"wp:term":[{"taxonomy":"product_brand","embeddable":true,"href":"https:\/\/linkxa.es\/linkshop\/wp-json\/wp\/v2\/product_brand?post=239359"},{"taxonomy":"product_cat","embeddable":true,"href":"https:\/\/linkxa.es\/linkshop\/wp-json\/wp\/v2\/product_cat?post=239359"},{"taxonomy":"product_tag","embeddable":true,"href":"https:\/\/linkxa.es\/linkshop\/wp-json\/wp\/v2\/product_tag?post=239359"}],"curies":[{"name":"wp","href":"https:\/\/api.w.org\/{rel}","templated":true}]}}