{"id":239366,"date":"2025-07-26T20:56:14","date_gmt":"2025-07-26T20:56:14","guid":{"rendered":"https:\/\/linkxa.es\/contratacion\/producto\/switch-8-puertos-tp-link-tl-sg1008mp-10\/"},"modified":"2025-12-08T12:57:23","modified_gmt":"2025-12-08T12:57:23","slug":"switch-8-puertos-tp-link-tl-sg1008mp-10","status":"publish","type":"product","link":"https:\/\/linkxa.es\/linkshop\/producto\/switch-8-puertos-tp-link-tl-sg1008mp-10\/","title":{"rendered":"Switch 8 puertos tp &#8211; link tl &#8211; sg1008mp 10"},"content":{"rendered":"<div style=\"text-align: center; margin-bottom: 20px;\">\n<h2 style=\"font-size: 22px; font-weight: 600; margin: 0; color: #333;\">Tp &#8211; link\u00a0|\u00a0 Switch<\/h2>\n<p><strong>Switch 8 puertos tp &#8211; link tl &#8211; sg1008mp 10 &#8211; 100 &#8211; 1000 poe+<\/strong><\/p>\n<\/div>\n<p style=\"max-width: 700px; margin: 0px auto 30px; font-size: 18px; line-height: 1.6; color: #555555; font-style: italic; text-align: left;\">Switch de 8 puertos Gigabit con PoE + para escritorio \/ montaje en rack<\/p>\n<p>8 Puertos 10\/100\/1000Mbps RJ45<br \/>Equipado con 8 puertos PoE+ que permiten la transferencia de datos y energ\u00eda en<br \/>un solo cable<br \/>Compatible con equipos bajo est\u00e1ndar IEEE 802.3af\/at, expandiendo as\u00ed las redes<br \/>dom\u00e9sticas y de oficinas<br \/>Tecnolog\u00eda inovadora de ahorro energ\u00e9tico reduce el consumo energ\u00e9tico<br \/>Soporta est\u00e1ndar PoE+ con una potencia total de 153W* y hasta 30W por puerto<br \/>Dise\u00f1o Plug and play, sin necesidad de configuraci\u00f3n<br \/>CARACTER\u00cdSTICAS DE HARDWARE<br \/>Interfaz 8 puertos 10\/100\/1000Mbps RJ45<br \/>AUTO Negociaci\u00f3n\/AUTO MDI\/MDIX<br \/>Medios de Red 10BASE-T: UTP categor\u00eda cable 3, 4, 5 (m\u00e1ximo 100m)<br \/>EIA\/TIA-568 100 STP (m\u00e1ximo 100m)<br \/>100BASE-TX: UTP categor\u00eda cable 5, 5e (m\u00e1ximo 100m)<br \/>EIA\/TIA-568 100 STP (m\u00e1ximo 100m)<br \/>1000BASE-T: UTP categor\u00eda cable 5, 5e, 6 o superior (m\u00e1ximo 100m)<br \/>EIA\/TIA-568 100 STP (m\u00e1ximo 100m)<br \/>Cantidad de Ventiladores 1<br \/>Bloqueo de Seguridad F\u00edsico No<br \/>Fuente de Alimentaci\u00f3n 100-240VAC, 50\/60Hz<br \/>Tasa de Reenv\u00edo de Paquetes 11.904 Mpps<br \/>Puertos PoE+ (RJ45) Est\u00e1ndar: compatible con 802.3af \/ at<br \/>Puertos PoE +: 8 puertos<br \/>Fuente de alimentaci\u00f3n: 153W<br \/>Tabla de Direcci\u00f3n MAC 4K<br \/>Tama\u00f1o del B\u00fafer 1.5Mbits<br \/>Jumbo Frame 16 KB<br \/>Capacidad de Conmutaci\u00f3n 16Gbps<br \/>Dimensiones 294*180*44 mm (11.6*7.1*1.7 in.)<br \/>Montaje Rack \/ Escritorio<br \/>Consumo de Potencia M\u00e1ximo 8.57W(220V\/50Hz. sin equipos PD<br \/>conectados)<br \/>173.65W(110V\/60Hz. con equipos PD conectados 153W)<br \/>Disipaci\u00f3n m\u00e1xima de calor 29.22BTU\/h(sin equipos PD conectados)<br \/>592.15BTU\/h(con equipos PD conectados 153W)<br \/>CARACTER\u00cdSTICAS DE SOFTWARE<br \/>Caracter\u00edsticas Avanzadas Compatible con equipos PD &#8211; IEEE 802.3af\/at<br \/>Funci\u00f3n de prioridad<br \/>Auto aprendizaje Direcci\u00f3n Mac y Contaj en tiempo<br \/>IEEE802.3x Flow Control For Full-Duplex Mode And Backpressure For Half-Duplex<br \/>Mode<br \/>M\u00e9todo de Transferencia Almacenaje y Reenv\u00edo<br \/>Otros<br \/>Certificaciones FCC, CE, RoHS<br \/>Contenido del Paquete TL-SG1008MP, Cable alimentaci\u00f3n, Gu\u00eda de Instalaci\u00f3n,<br \/>Kit Montaje en Rack, pies de goma<br \/>Factores Ambientales Temperatura de funcionamiento: 0 ~ 50 (32 ~<br \/>122 )<br \/>Temperatura de almacenamiento: -40 ~ 70 (-40 ~ 158 )<br \/>Humedad de funcionamiento: 10% ~ 90% sin condensaci\u00f3n<br \/>Humedad de almacenamiento: 5% ~ 90% sin condensaci\u00f3n<\/p>\n","protected":false},"excerpt":{"rendered":"<p>Switch 8 puertos tp &#8211; link tl &#8211; sg1008mp 10 &#8211; 100 &#8211; 1000 poe+<\/p>\n","protected":false},"featured_media":239367,"comment_status":"open","ping_status":"open","template":"","meta":{"_et_pb_use_builder":"","_et_pb_old_content":"","_et_gb_content_width":""},"product_brand":[3946],"product_cat":[2058,3261,3270,3955],"product_tag":[3264,3273,3948],"class_list":{"0":"post-239366","1":"product","2":"type-product","3":"status-publish","4":"has-post-thumbnail","6":"product_brand-tp-link","7":"product_cat-dispositivos","8":"product_cat-redes","9":"product_cat-switch","10":"product_cat-tp-link-switch","11":"product_tag-redes","12":"product_tag-switch","13":"product_tag-tp-link","14":"product_shipping_class-2088","15":"pa_canon-digital-impuesto-incluido-de-0-e","16":"pa_categoria-redes","17":"pa_marca-tp-link","18":"pa_peso-3520","19":"pa_referencia-mgs0000012634","21":"first","22":"instock","23":"sale","24":"taxable","25":"shipping-taxable","26":"purchasable","27":"product-type-simple"},"_links":{"self":[{"href":"https:\/\/linkxa.es\/linkshop\/wp-json\/wp\/v2\/product\/239366","targetHints":{"allow":["GET"]}}],"collection":[{"href":"https:\/\/linkxa.es\/linkshop\/wp-json\/wp\/v2\/product"}],"about":[{"href":"https:\/\/linkxa.es\/linkshop\/wp-json\/wp\/v2\/types\/product"}],"replies":[{"embeddable":true,"href":"https:\/\/linkxa.es\/linkshop\/wp-json\/wp\/v2\/comments?post=239366"}],"wp:featuredmedia":[{"embeddable":true,"href":"https:\/\/linkxa.es\/linkshop\/wp-json\/wp\/v2\/media\/239367"}],"wp:attachment":[{"href":"https:\/\/linkxa.es\/linkshop\/wp-json\/wp\/v2\/media?parent=239366"}],"wp:term":[{"taxonomy":"product_brand","embeddable":true,"href":"https:\/\/linkxa.es\/linkshop\/wp-json\/wp\/v2\/product_brand?post=239366"},{"taxonomy":"product_cat","embeddable":true,"href":"https:\/\/linkxa.es\/linkshop\/wp-json\/wp\/v2\/product_cat?post=239366"},{"taxonomy":"product_tag","embeddable":true,"href":"https:\/\/linkxa.es\/linkshop\/wp-json\/wp\/v2\/product_tag?post=239366"}],"curies":[{"name":"wp","href":"https:\/\/api.w.org\/{rel}","templated":true}]}}