{"id":239370,"date":"2025-09-05T10:49:11","date_gmt":"2025-09-05T10:49:11","guid":{"rendered":"https:\/\/linkxa.es\/contratacion\/producto\/switch-26-puertos-tp-link-tl-sl1226p-24\/"},"modified":"2025-12-08T12:57:47","modified_gmt":"2025-12-08T12:57:47","slug":"switch-26-puertos-tp-link-tl-sl1226p-24","status":"publish","type":"product","link":"https:\/\/linkxa.es\/linkshop\/producto\/switch-26-puertos-tp-link-tl-sl1226p-24\/","title":{"rendered":"Switch 26 puertos tp &#8211; link tl &#8211; sl1226p 24"},"content":{"rendered":"<div style=\"text-align: center; margin-bottom: 20px;\">\n<h2 style=\"font-size: 22px; font-weight: 600; margin: 0; color: #333;\">Tp &#8211; link\u00a0|\u00a0 Switch<\/h2>\n<p><strong>Switch 26 puertos tp &#8211; link tl &#8211; sl1226p 24 puertos 10 &#8211; 100 2 puertos poe+<\/strong><\/p>\n<\/div>\n<p style=\"max-width: 700px; margin: 0px auto 30px; font-size: 18px; line-height: 1.6; color: #555555; font-style: italic; text-align: left;\">Switch 24-Puertos 10\/100Mbps + 2-Port Gigabit PoE+ No Gestionable<\/p>\n<p>24 puertos PoE+ 10\/100 Mbps RJ45, 2 puertos Gigabit RJ45, y 2 slots combo<br \/>Gigabit SFP<br \/>Alta potencia PoE hasta 30 W por Puerto y un Total de 250 W PoE*<br \/>Hasta 250m de distancia de transmisi\u00f3n de datos y energ\u00eda PoE en modo<br \/>Extensor**, ideal sistemas de vigilancia<br \/>Modo prioridad asegura una alta prioridad en los puertos 18 garantizando la<br \/>calidad de aplicaciones sensibles como monitorizaci\u00f3n de v\u00eddeo<br \/>Modo Isolation (aislamiento) permite la separaci\u00f3n del tr\u00e1fico de cliente para una<br \/>mayor seguridad y performance, con un click<br \/>Plug and play, sin la necesidad de configuraci\u00f3n e instalaci\u00f3n<br \/>CARACTER\u00cdSTICAS DE HARDWARE<br \/>Interfaz<br \/>24 Puertos PoE+ 10\/100 Mbps RJ45<br \/>2 Puertos 10\/100\/1000 Mbps RJ45<br \/>2 Puertos Combo Gigabit SFP<br \/>Medios de Red<br \/>Cable 10BASE-T: UTP category 3, 4, 5 (m\u00e1ximo 100m)<br \/>EIA\/TIA-568 100 STP (m\u00e1ximo 100m)<br \/>Cable 100BASE-TX: UTP category 5, 5e (m\u00e1ximo 100m)<br \/>EIA\/TIA-568 100 STP (m\u00e1ximo 100m)<br \/>Cable 1000BASE-T: UTP category 5, 5e, 6 o superior (m\u00e1ximo 100m)<br \/>EIA\/TIA-568 100 STP (m\u00e1ximo 100m)<br \/>1000BASE-X MMF, SMF<br \/>Cantidad de Ventiladores 2 Ventiladores<br \/>Bloqueo de Seguridad F\u00edsico Si<br \/>Fuente de Alimentaci\u00f3n 100-240 VAC, 50\/60 Hz<br \/>Tasa de Reenv\u00edo de Paquetes 6.5472 Mpps<br \/>Puertos PoE+ (RJ45)<br \/>Compatible Est\u00e1ndar: 802.3at\/802.3af<br \/>Puertos PoE: Puerto 1 Puerto 24<br \/>Suministro Total PoE: 250 W<br \/>Tabla de Direcci\u00f3n MAC 8 K<br \/>Jumbo Frame 10 KB<br \/>Capacidad de Conmutaci\u00f3n 8.8 Gbps<br \/>Dimensiones 17.3 7.1 1.7 in (440 180 44 mm)<br \/>Consumo de Potencia M\u00e1ximo 18.32 W (220\/50 Hz. sin Equipos PoE<br \/>conectados)<br \/>294 W (220\/50 Hz. con 250 W de equipos PoE conectados)<br \/>Disipaci\u00f3n m\u00e1xima de calor 62.47 BTU\/h (sin Equipo PoE conectado)<br \/>1002.54 BTU\/h (con 250 W de Equipos conectados)<br \/>CARACTER\u00cdSTICAS DE SOFTWARE<br \/>Caracter\u00edsticas Avanzadas<br \/>Compatible con IEEE 802.3at\/af<br \/>Modo Extendido (Hasta 250m de transmisi\u00f3n PoE y datos)<br \/>Modo Prioridad<br \/>Modo Aislamiento<br \/>Detecci\u00f3n Equipos PoE<br \/>Suministro Energ\u00eda Inteligente<br \/>Mac Address Auto-Learning and Auto-Aging<br \/>IEEE802.3x Flow Control<br \/>M\u00e9todo de Transmisi\u00f3n Almacenamiento y Env\u00edo<br \/>Otros<br \/>Certificaciones CE, FCC, RoHS<br \/>Contenido del Paquete<br \/>TL-SL1226P<br \/>Cable de Energ\u00eda<br \/>Gu\u00eda de Instalaci\u00f3n<br \/>2 Alas para montaje en rack<br \/>Factores Ambientales<br \/>Temperatura de funcionamiento: 0~40 (32~104)<br \/>Temperatura de almacenamiento: -40~70 (-40~158)<br \/>Humedad de funcionamiento: 10%~90% sin condensaci\u00f3n<br \/>Humedad de almacenamiento: 5%~90% sin condensaci\u00f3n<\/p>\n","protected":false},"excerpt":{"rendered":"<p>Switch 26 puertos tp &#8211; link tl &#8211; sl1226p 24 puertos 10 &#8211; 100 2 puertos poe+<\/p>\n","protected":false},"featured_media":239371,"comment_status":"open","ping_status":"open","template":"","meta":{"_et_pb_use_builder":"","_et_pb_old_content":"","_et_gb_content_width":""},"product_brand":[3946],"product_cat":[2058,3261,3270,3955],"product_tag":[3264,3273,3948],"class_list":{"0":"post-239370","1":"product","2":"type-product","3":"status-publish","4":"has-post-thumbnail","6":"product_brand-tp-link","7":"product_cat-dispositivos","8":"product_cat-redes","9":"product_cat-switch","10":"product_cat-tp-link-switch","11":"product_tag-redes","12":"product_tag-switch","13":"product_tag-tp-link","14":"product_shipping_class-2088","15":"pa_canon-digital-impuesto-incluido-de-0-e","16":"pa_categoria-redes","17":"pa_marca-tp-link","18":"pa_peso-4203","19":"pa_referencia-mgs0000012635","21":"first","22":"instock","23":"sale","24":"taxable","25":"shipping-taxable","26":"purchasable","27":"product-type-simple"},"_links":{"self":[{"href":"https:\/\/linkxa.es\/linkshop\/wp-json\/wp\/v2\/product\/239370","targetHints":{"allow":["GET"]}}],"collection":[{"href":"https:\/\/linkxa.es\/linkshop\/wp-json\/wp\/v2\/product"}],"about":[{"href":"https:\/\/linkxa.es\/linkshop\/wp-json\/wp\/v2\/types\/product"}],"replies":[{"embeddable":true,"href":"https:\/\/linkxa.es\/linkshop\/wp-json\/wp\/v2\/comments?post=239370"}],"wp:featuredmedia":[{"embeddable":true,"href":"https:\/\/linkxa.es\/linkshop\/wp-json\/wp\/v2\/media\/239371"}],"wp:attachment":[{"href":"https:\/\/linkxa.es\/linkshop\/wp-json\/wp\/v2\/media?parent=239370"}],"wp:term":[{"taxonomy":"product_brand","embeddable":true,"href":"https:\/\/linkxa.es\/linkshop\/wp-json\/wp\/v2\/product_brand?post=239370"},{"taxonomy":"product_cat","embeddable":true,"href":"https:\/\/linkxa.es\/linkshop\/wp-json\/wp\/v2\/product_cat?post=239370"},{"taxonomy":"product_tag","embeddable":true,"href":"https:\/\/linkxa.es\/linkshop\/wp-json\/wp\/v2\/product_tag?post=239370"}],"curies":[{"name":"wp","href":"https:\/\/api.w.org\/{rel}","templated":true}]}}