{"id":239385,"date":"2025-09-15T02:38:58","date_gmt":"2025-09-15T02:38:58","guid":{"rendered":"https:\/\/linkxa.es\/contratacion\/producto\/switch-5-puertos-tp-link-tl-sf1005p-10\/"},"modified":"2025-12-08T13:00:09","modified_gmt":"2025-12-08T13:00:09","slug":"switch-5-puertos-tp-link-tl-sf1005p-10","status":"publish","type":"product","link":"https:\/\/linkxa.es\/linkshop\/producto\/switch-5-puertos-tp-link-tl-sf1005p-10\/","title":{"rendered":"Switch 5 puertos tp &#8211; link tl &#8211; sf1005p 10"},"content":{"rendered":"<div style=\"text-align: center; margin-bottom: 20px;\">\n<h2 style=\"font-size: 22px; font-weight: 600; margin: 0; color: #333;\">Tp &#8211; link\u00a0|\u00a0 Switch<\/h2>\n<p><strong>Switch 5 puertos tp &#8211; link tl &#8211; sf1005p 10 &#8211; 100 4 puertos poe<\/strong><\/p>\n<\/div>\n<p style=\"max-width: 700px; margin: 0px auto 30px; font-size: 18px; line-height: 1.6; color: #555555; font-style: italic; text-align: left;\">Switch de escritorio de 5 puertos a 10\/100 Mbps con PoE de 4 puertos<\/p>\n<p>5 puertos RJ45 a 10 \/ 100Mbps<br \/>Con cuatro puertos PoE, transfiere datos y energ\u00eda en un solo cable<br \/>Trabajar con PD compatibles con IEEE 802.3af ampl\u00eda la red dom\u00e9stica y de oficina<br \/>Admite alimentaci\u00f3n PoE de hasta 15,4 W para cada puerto PoE<br \/>Admite alimentaci\u00f3n PoE de hasta 58 W para todos los puertos PoE<br \/>No requiere configuraci\u00f3n e instalaci\u00f3n<br \/>CARACTER\u00cdSTICAS DE HARDWARE<br \/>Interfaz 5 puertos RJ45 de 10\/100 Mbps<br \/>Negociaci\u00f3n AUTO \/ AUTO MDI \/ MDIX<br \/>Medios de Red 10BASE-T: cable UTP categor\u00eda 3, 4, 5 (m\u00e1ximo 100 m)<br \/>EIA \/ TIA-568 100 STP (m\u00e1ximo 100 m)<br \/>100BASE-TX: cable UTP categor\u00eda 5, 5e (m\u00e1ximo 100 m)<br \/>EIA \/ TIA-568 100 STP (m\u00e1ximo 100 m)<br \/>Cantidad de Ventiladores Sin ventilador<br \/>Bloqueo de Seguridad F\u00edsico Yes<br \/>Fuente de Alimentaci\u00f3n Externa Adaptador de corriente externo (salida: 48 V<br \/>CC \/ 1,25 A)<br \/>Tasa de Reenv\u00edo de Paquetes 0.744 Mpps<br \/>Puertos PoE (RJ45) Est\u00e1ndar: compatible con 802.3 af<br \/>Puertos PoE: Port1- Port4<br \/>Energ\u00eda total: 58W<br \/>Tabla de Direcci\u00f3n MAC 2K<br \/>Jumbo Frame 2 KB<br \/>Capacidad de Conmutaci\u00f3n 1Gbps<br \/>Dimensiones 3.9 x 3.9 x 1.0 in. (99.8 x 98 x 25 mm)<br \/>Consumo de Potencia M\u00e1ximo 1,678 W (m\u00e1x. Sin PD conectado)<br \/>64,82 W (m\u00e1x. Con 58 W PD conectado)<br \/>Disipaci\u00f3n m\u00e1xima de calor 5.73BTU \/ h (sin PD conectado)<br \/>221.17BTU \/ h (con PD de 58W conectado)<br \/>CARACTER\u00cdSTICAS DE SOFTWARE<br \/>M\u00e9todo de Transmisi\u00f3n Almacenamiento y reenv\u00edo<br \/>Funciones Avanzadas Compatible con PD que cumplen con IEEE 802.3af<br \/>Funci\u00f3n de prioridad<br \/>Aprendizaje autom\u00e1tico y envejecimiento autom\u00e1tico de direcciones Mac<br \/>Control de flujo IEEE802.3x para modo d\u00faplex completo y contrapresi\u00f3n para modo<br \/>d\u00faplex medio<br \/>Otros<br \/>Certificaciones FCC, CE, RoHS<br \/>Contenido del Paquete TL-SF1005P, adaptador de corriente, gu\u00eda del usuario<br \/>Ambiente Temperatura de funcionamiento: 0 ~ 40 (32 ~ 104 )<br \/>Temperatura de almacenamiento: -40 ~ 70 (-40 ~ 158 )<br \/>Humedad de funcionamiento: 10% ~ 90% RH sin condensaci\u00f3n<br \/>Humedad de almacenamiento: 5% ~ 90% RH sin condensaci\u00f3n<\/p>\n","protected":false},"excerpt":{"rendered":"<p>Switch 5 puertos tp &#8211; link tl &#8211; sf1005p 10 &#8211; 100 4 puertos poe<\/p>\n","protected":false},"featured_media":239386,"comment_status":"open","ping_status":"open","template":"","meta":{"_et_pb_use_builder":"","_et_pb_old_content":"","_et_gb_content_width":""},"product_brand":[3946],"product_cat":[2058,3261,3270,3955],"product_tag":[3264,3273,3948],"class_list":{"0":"post-239385","1":"product","2":"type-product","3":"status-publish","4":"has-post-thumbnail","6":"product_brand-tp-link","7":"product_cat-dispositivos","8":"product_cat-redes","9":"product_cat-switch","10":"product_cat-tp-link-switch","11":"product_tag-redes","12":"product_tag-switch","13":"product_tag-tp-link","14":"product_shipping_class-2059","15":"pa_canon-digital-impuesto-incluido-de-0-e","16":"pa_categoria-redes","17":"pa_marca-tp-link","18":"pa_peso-4213","19":"pa_referencia-mgs0000012645","21":"first","22":"instock","23":"sale","24":"taxable","25":"shipping-taxable","26":"purchasable","27":"product-type-simple"},"_links":{"self":[{"href":"https:\/\/linkxa.es\/linkshop\/wp-json\/wp\/v2\/product\/239385","targetHints":{"allow":["GET"]}}],"collection":[{"href":"https:\/\/linkxa.es\/linkshop\/wp-json\/wp\/v2\/product"}],"about":[{"href":"https:\/\/linkxa.es\/linkshop\/wp-json\/wp\/v2\/types\/product"}],"replies":[{"embeddable":true,"href":"https:\/\/linkxa.es\/linkshop\/wp-json\/wp\/v2\/comments?post=239385"}],"wp:featuredmedia":[{"embeddable":true,"href":"https:\/\/linkxa.es\/linkshop\/wp-json\/wp\/v2\/media\/239386"}],"wp:attachment":[{"href":"https:\/\/linkxa.es\/linkshop\/wp-json\/wp\/v2\/media?parent=239385"}],"wp:term":[{"taxonomy":"product_brand","embeddable":true,"href":"https:\/\/linkxa.es\/linkshop\/wp-json\/wp\/v2\/product_brand?post=239385"},{"taxonomy":"product_cat","embeddable":true,"href":"https:\/\/linkxa.es\/linkshop\/wp-json\/wp\/v2\/product_cat?post=239385"},{"taxonomy":"product_tag","embeddable":true,"href":"https:\/\/linkxa.es\/linkshop\/wp-json\/wp\/v2\/product_tag?post=239385"}],"curies":[{"name":"wp","href":"https:\/\/api.w.org\/{rel}","templated":true}]}}