{"id":239398,"date":"2025-06-10T06:29:22","date_gmt":"2025-06-10T06:29:22","guid":{"rendered":"https:\/\/linkxa.es\/contratacion\/producto\/punto-acceso-inalambrico-tp-link-eap670-ax5400\/"},"modified":"2025-12-08T13:02:00","modified_gmt":"2025-12-08T13:02:00","slug":"punto-acceso-inalambrico-tp-link-eap670-ax5400","status":"publish","type":"product","link":"https:\/\/linkxa.es\/linkshop\/producto\/punto-acceso-inalambrico-tp-link-eap670-ax5400\/","title":{"rendered":"Punto acceso inalambrico tp &#8211; link eap670 ax5400"},"content":{"rendered":"<div style=\"text-align: center; margin-bottom: 20px;\">\n<h2 style=\"font-size: 22px; font-weight: 600; margin: 0; color: #333;\">Tp &#8211; link\u00a0|\u00a0 Puntos de acceso<\/h2>\n<p><strong>Punto de acceso inalambrico tp &#8211; link eap670 ax5400<\/strong><\/p>\n<\/div>\n<p style=\"max-width: 700px; margin: 0px auto 30px; font-size: 18px; line-height: 1.6; color: #555555; font-style: italic; text-align: left;\">Punto de Acceso Wi-Fi 6 de Montaje en Techo AX5400<\/p>\n<p>Wi-Fi 6 Incre\u00edblemente R\u00e1pido: 574 Mbps simult\u00e1neos en 2,4 GHz y 4804 Mbps en 5 GHz totalizan velocidades Wi-Fi de 5378 Mbps.<br \/>Wi-Fi 6 de Alta Eficiencia: m\u00e1s dispositivos conectados pueden disfrutar de velocidades m\u00e1s r\u00e1pidas.<br \/>Gesti\u00f3n Centralizada en la Nube: la integraci\u00f3n de Omada SDN gestiona toda la red localmente o desde la nube a trav\u00e9s de la interfaz de usuario web o la aplicaci\u00f3n Omada.<br \/>Canal de 160 MHz: duplica los datos en los momentos de m\u00e1xima transmisi\u00f3n en un solo flujo con HE160.<br \/>Roaming Continuo: las transmisiones de video y las llamadas de voz no se ven afectadas cuando los usuarios se mueven entre ubicaciones.<br \/>Omada Mesh: permite la conectividad inal\u00e1mbrica entre los puntos de acceso para un alcance extendido y una implementaci\u00f3n flexible.<br \/>Alimentado por PoE+: admite fuente de alimentaci\u00f3n 802.3at PoE+ y CC (adaptador incluido) para instalaciones flexibles.<\/p>\n<p>CARACTER\u00cdSTICAS DE HARDWARE<br \/>Interfaz 1 puerto de 2,5 Gigabit Ethernet (RJ-45) (compatible con IEEE802.3at PoE)<br \/>Botones Reset<br \/>Fuente de Alimentaci\u00f3n<br \/>802.3at PoE<br \/>12 V \/ 1.5 A DC<br \/>Consumo de Potencia<br \/>EU: 18.1 W<br \/>US: 19.8 W<br \/>Dimensiones 9.6 9.6 2.5 in (243 243 64 mm)<br \/>Tipo de Antena Omni interno<br \/>2,4 GHz: 2 4 dBi<br \/>5 GHz: 4 5 dBi<br \/>Montaje Montaje en Techo\/Pared (Kits incluidos)<br \/>CARACTER\u00cdSTICAS INAL\u00c1MBRICAS<br \/>Est\u00e1ndares Inal\u00e1mbricos IEEE 802.11ax\/ac\/n\/g\/b\/a<br \/>Frecuencia 2,4 GHz y 5 GHz<br \/>Tasa de Se\u00f1al<br \/>5 GHz: hasta 4804 Mbps<br \/>2,4 GHz: hasta 574 Mbps<br \/>Funciones Inal\u00e1mbricas<br \/>1024-QAM<br \/>S\u00edmbolo OFDM 4 veces m\u00e1s largo<br \/>OFDMA<br \/>M\u00faltiples SSID (hasta 16 SSID, 8 para cada banda)<br \/>Habilitar\/deshabilitar la radio inal\u00e1mbrica<br \/>Asignaci\u00f3n autom\u00e1tica de canales<br \/>Control de potencia de transmisi\u00f3n (Ajuste de potencia de transmisi\u00f3n en dBm)<br \/>QoS (WMM)<br \/>MU-MIMO<br \/>HE160 (ancho de banda de 160 MHz)<br \/>Roaming continuo<br \/>Malla Omada<br \/>Direcci\u00f3n de banda<br \/>Equilibrio de carga<br \/>Equidad de tiempo aire<br \/>Formaci\u00f3n de haces<br \/>L\u00edmite de tarifa<br \/>Horario de reinicio<br \/>Horario inal\u00e1mbrico<br \/>Estad\u00edsticas inal\u00e1mbricas basadas en SSID\/AP\/Cliente<br \/>Seguridad Inal\u00e1mbrica<br \/>Autenticaci\u00f3n de portal cautivo<br \/>Control de acceso<br \/>Filtrado de Direcciones MAC Inal\u00e1mbricas<br \/>Aislamiento inal\u00e1mbrico entre clientes<br \/>Asignaci\u00f3n de SSID a VLAN<br \/>Detecci\u00f3n de puntos de acceso no autorizados<br \/>Compatibilidad con 802.1X<br \/>WPA-Personal\/Empresa, WPA2-Personal\/Empresa, WPA3-Personal\/Empresa<br \/>Potencia de Transmisi\u00f3n CE:<br \/>&#038;lt,20 dBm (2,4 GHz, PIRE)<br \/>&#038;lt,23 dBm (5 GHz, banda 1 y banda 2, EIRP)<br \/>&#038;lt,30 dBm (5 GHz, banda 3, PIRE)<\/p>\n<p>FCC:<br \/>&#038;lt,25 dBm (2,4 GHz)<br \/>&#038;lt,28 dBm (5 GHz)<br \/>GESTI\u00d3N<br \/>Omada App S\u00ed<br \/>Gesti\u00f3n Centralizada Controlador de hardware Omada (OC300)<br \/>Controlador de hardware Omada (OC200)<br \/>Controlador de software Omada<br \/>Controlador basado en la nube Omada<br \/>Acceso a la nube S\u00ed (a trav\u00e9s de OC300, OC200, controlador de software Omada o controlador basado en la nube Omada)<br \/>Alertas por Correo Electr\u00f3nico S\u00ed<br \/>LED de control ON \/ OFF S\u00ed<br \/>Control de Gesti\u00f3n de Acceso MAC S\u00ed<br \/>SNMP v1, v2c, v3<br \/>Acceso al Registro de Sistema Local\/ Registro del Sistema Remoto Syslog local\/remoto<br \/>SSH S\u00ed<br \/>Gesti\u00f3n basada en Web HTTP\/HTTPS<br \/>Gesti\u00f3n L3 S\u00ed<br \/>Gesti\u00f3n Multi-sitio S\u00ed<br \/>VLAN de Gesti\u00f3n S\u00ed<br \/>Aprovisionamiento sin contacto S\u00ed. Requiere el uso del controlador basado en la nube de Omada.<br \/>Otros<br \/>Certificaciones CE, FCC, RoHS<br \/>Contenido del Paquete EAP670<br \/>Adaptador de corriente<br \/>Kits de montaje en techo\/pared<br \/>Gu\u00eda de instalaci\u00f3n<br \/>Requisitos del sistema Microsoft Windows XP, Vista, Windows 7, Windows 8, Windows 10, Linux<br \/>Factores Ambientales Temperatura de funcionamiento: 040 (32104 )<br \/>Temperatura de almacenamiento: -4070 (-40158 )<br \/>Humedad de funcionamiento: 1090 % de HR sin condensaci\u00f3n<br \/>Humedad de almacenamiento: 590 % de HR sin condensaci\u00f3n<\/p>\n","protected":false},"excerpt":{"rendered":"<p>Punto de acceso inalambrico tp &#8211; link eap670 ax5400<\/p>\n","protected":false},"featured_media":239399,"comment_status":"open","ping_status":"open","template":"","meta":{"_et_pb_use_builder":"","_et_pb_old_content":"","_et_gb_content_width":""},"product_brand":[3946],"product_cat":[2058,3299,3261,4005],"product_tag":[3302,3264,3948],"class_list":{"0":"post-239398","1":"product","2":"type-product","3":"status-publish","4":"has-post-thumbnail","6":"product_brand-tp-link","7":"product_cat-dispositivos","8":"product_cat-puntos-de-acceso","9":"product_cat-redes","10":"product_cat-tp-link-puntos-de-acceso","11":"product_tag-puntos-de-acceso","12":"product_tag-redes","13":"product_tag-tp-link","14":"product_shipping_class-2088","15":"pa_canon-digital-impuesto-incluido-de-0-e","16":"pa_categoria-redes","17":"pa_marca-tp-link","18":"pa_peso-4221","19":"pa_referencia-mgs0000014939","21":"first","22":"instock","23":"sale","24":"taxable","25":"shipping-taxable","26":"purchasable","27":"product-type-simple"},"_links":{"self":[{"href":"https:\/\/linkxa.es\/linkshop\/wp-json\/wp\/v2\/product\/239398","targetHints":{"allow":["GET"]}}],"collection":[{"href":"https:\/\/linkxa.es\/linkshop\/wp-json\/wp\/v2\/product"}],"about":[{"href":"https:\/\/linkxa.es\/linkshop\/wp-json\/wp\/v2\/types\/product"}],"replies":[{"embeddable":true,"href":"https:\/\/linkxa.es\/linkshop\/wp-json\/wp\/v2\/comments?post=239398"}],"wp:featuredmedia":[{"embeddable":true,"href":"https:\/\/linkxa.es\/linkshop\/wp-json\/wp\/v2\/media\/239399"}],"wp:attachment":[{"href":"https:\/\/linkxa.es\/linkshop\/wp-json\/wp\/v2\/media?parent=239398"}],"wp:term":[{"taxonomy":"product_brand","embeddable":true,"href":"https:\/\/linkxa.es\/linkshop\/wp-json\/wp\/v2\/product_brand?post=239398"},{"taxonomy":"product_cat","embeddable":true,"href":"https:\/\/linkxa.es\/linkshop\/wp-json\/wp\/v2\/product_cat?post=239398"},{"taxonomy":"product_tag","embeddable":true,"href":"https:\/\/linkxa.es\/linkshop\/wp-json\/wp\/v2\/product_tag?post=239398"}],"curies":[{"name":"wp","href":"https:\/\/api.w.org\/{rel}","templated":true}]}}