{"id":239404,"date":"2025-04-05T16:25:32","date_gmt":"2025-04-05T16:25:32","guid":{"rendered":"https:\/\/linkxa.es\/contratacion\/producto\/modulo-fibra-tp-link-mc220l-convertidor-multimedia\/"},"modified":"2025-12-08T13:02:20","modified_gmt":"2025-12-08T13:02:20","slug":"modulo-fibra-tp-link-mc220l-convertidor-multimedia","status":"publish","type":"product","link":"https:\/\/linkxa.es\/linkshop\/producto\/modulo-fibra-tp-link-mc220l-convertidor-multimedia\/","title":{"rendered":"Modulo fibra tp &#8211; link mc220l convertidor multimedia"},"content":{"rendered":"<div style=\"text-align: center; margin-bottom: 20px;\">\n<h2 style=\"font-size: 22px; font-weight: 600; margin: 0; color: #333;\">Tp &#8211; link\u00a0|\u00a0 Accesorios redes<\/h2>\n<p><strong>Modulo fibra tp &#8211; link mc220l convertidor multimedia<\/strong><\/p>\n<\/div>\n<p style=\"max-width: 700px; margin: 0px auto 30px; font-size: 18px; line-height: 1.6; color: #555555; font-style: italic; text-align: left;\">\n<p>El MC220L es un conversor de medios dise\u00f1ado para convertir 000BASE-SX\/LX\/LH a cable de cobre 1000Base-T<\/p>\n<p>El MC220L est\u00e1 dise\u00f1ado conforme a los est\u00e1ndares IEEE802.3ab, 1000Base-T, IEEE802.3z y 1000Base-SX\/LX\/LH.<\/p>\n<p>El MC220L es un conversor de medios dise\u00f1ado para convertir el cable de fibra 1000BASE-SX\/LX\/LH a cable de cobre 1000Base-T o viceversa. El MC220L est\u00e1 dise\u00f1ado conforme a los est\u00e1ndares IEEE802.3ab, 1000Base-T, IEEE802.3z y<br \/>1000Base-SX\/LX\/LH. Puede usarse con cable de fibra multimodo y monomodo utilizando un conector tipo SC\/LC. Funciona a 850 nm tanto en el env\u00edo como en la recepci\u00f3n de datos cuando se utiliza fibra multimodo y a 1310 nm tanto en el<br \/>env\u00edo como en la recepci\u00f3n de datos cuando se utiliza fibra monomodo.<\/p>\n<p>Conforme con las especificaciones IEEE 802.3ab y IEEE 802.3z<\/p>\n<p>El puerto FX soporta la funci\u00f3n de intercambio en caliente<\/p>\n<p>Ampl\u00eda el alcance de la fibra hasta 0,55 Km si se utiliza fibra multimodo y hasta 10 Km con fibra monomodo<\/p>\n","protected":false},"excerpt":{"rendered":"<p>Modulo fibra tp &#8211; link mc220l convertidor multimedia<\/p>\n","protected":false},"featured_media":0,"comment_status":"open","ping_status":"open","template":"","meta":{"_et_pb_use_builder":"","_et_pb_old_content":"","_et_gb_content_width":""},"product_brand":[3946],"product_cat":[3280,2058,3261,4053],"product_tag":[3283,3264,3948],"class_list":{"0":"post-239404","1":"product","2":"type-product","3":"status-publish","5":"product_brand-tp-link","6":"product_cat-accesorios-redes","7":"product_cat-dispositivos","8":"product_cat-redes","9":"product_cat-tp-link-accesorios-redes","10":"product_tag-accesorios-redes","11":"product_tag-redes","12":"product_tag-tp-link","13":"product_shipping_class-2088","14":"pa_canon-digital-impuesto-incluido-de-0-e","15":"pa_categoria-redes","16":"pa_marca-tp-link","17":"pa_peso-4223","18":"pa_referencia-mgs0000016801","20":"first","21":"instock","22":"sale","23":"taxable","24":"shipping-taxable","25":"purchasable","26":"product-type-simple"},"_links":{"self":[{"href":"https:\/\/linkxa.es\/linkshop\/wp-json\/wp\/v2\/product\/239404","targetHints":{"allow":["GET"]}}],"collection":[{"href":"https:\/\/linkxa.es\/linkshop\/wp-json\/wp\/v2\/product"}],"about":[{"href":"https:\/\/linkxa.es\/linkshop\/wp-json\/wp\/v2\/types\/product"}],"replies":[{"embeddable":true,"href":"https:\/\/linkxa.es\/linkshop\/wp-json\/wp\/v2\/comments?post=239404"}],"wp:attachment":[{"href":"https:\/\/linkxa.es\/linkshop\/wp-json\/wp\/v2\/media?parent=239404"}],"wp:term":[{"taxonomy":"product_brand","embeddable":true,"href":"https:\/\/linkxa.es\/linkshop\/wp-json\/wp\/v2\/product_brand?post=239404"},{"taxonomy":"product_cat","embeddable":true,"href":"https:\/\/linkxa.es\/linkshop\/wp-json\/wp\/v2\/product_cat?post=239404"},{"taxonomy":"product_tag","embeddable":true,"href":"https:\/\/linkxa.es\/linkshop\/wp-json\/wp\/v2\/product_tag?post=239404"}],"curies":[{"name":"wp","href":"https:\/\/api.w.org\/{rel}","templated":true}]}}