{"id":239405,"date":"2025-03-27T15:15:14","date_gmt":"2025-03-27T15:15:14","guid":{"rendered":"https:\/\/linkxa.es\/contratacion\/producto\/tarjeta-pci-express-wifi-6-tp-link-2\/"},"modified":"2025-12-08T13:02:51","modified_gmt":"2025-12-08T13:02:51","slug":"tarjeta-pci-express-wifi-6-tp-link-2","status":"publish","type":"product","link":"https:\/\/linkxa.es\/linkshop\/producto\/tarjeta-pci-express-wifi-6-tp-link-2\/","title":{"rendered":"Tarjeta pci express wifi 6 tp &#8211; link"},"content":{"rendered":"<div style=\"text-align: center; margin-bottom: 20px;\">\n<h2 style=\"font-size: 22px; font-weight: 600; margin: 0; color: #333;\">Tp &#8211; link\u00a0|\u00a0 Tarjetas de red wifi<\/h2>\n<p><strong>Tarjeta pci express wifi 6 tp &#8211; link archer tx20e dual band bluetooth 5.2 ax1800<\/strong><\/p>\n<\/div>\n<p style=\"max-width: 700px; margin: 0px auto 30px; font-size: 18px; line-height: 1.6; color: #555555; font-style: italic; text-align: left;\">TAJETA PCI EXPRESS WIFI 6 TP-LINK ARCHER TX20E DUAL BAND BLUETOOTH 5.2<br \/>CARACTER\u00cdSTICAS DE HARDWARE<br \/>Dimensiones\u00a0\u00a04.76 \u00d7 3.09 \u00d7 0.82 in<br \/>(120.8 \u00d7 78.5 \u00d7 20.9 mm)<br \/>Antenas\u00a0\u00a0Dos antenas de doble banda de alta ganancia<br \/>Chipset\u00a0\u00a0Realtek Wi-Fi 6 Chipset<br \/>CARACTER\u00cdSTICAS INAL\u00c1MBRICAS<br \/>Est\u00e1ndares Inal\u00e1mbricos\u00a0\u00a0IEEE 802.11ax\/ac\/n\/a 5 GHz<br \/>IEEE 802.11ax\/n\/g\/b 2.4 GHz<br \/>Bluetooth 5.2<br \/>Tasa de se\u00f1al WLAN\u00a0\u00a05 GHz<br \/>11ax: hasta 1201 Mbps (din\u00e1mico)<br \/>11ac: hasta 867 Mbps (din\u00e1mico)<br \/>11n: hasta 300 Mbps (din\u00e1mico)<br \/>11a: hasta 54 Mbps (din\u00e1mico)<\/p>\n<p>2,4 GHz<br \/>11ax: hasta 574 Mbps (din\u00e1mico)<br \/>11n: hasta 300 Mbps (din\u00e1mico)<br \/>11g: hasta 54 Mbps (din\u00e1mico)<br \/>11b: hasta 11 Mbps (din\u00e1mico)<br \/>Sensibilidad de recepci\u00f3n WLAN\u00a0\u00a05 GHz :<br \/>11ax HE80: -57.0dBm<br \/>11ax HE40: -60.0dBm<br \/>11ax HE20: -63.0dBm<br \/>11ac VHT80: -59.5dBm<br \/>11ac VHT40: -62.5dBm<br \/>11ac VHT20: -67.5dBm<br \/>11n HT40: -69.5dBm<br \/>11n HT20: -72.5dBm<br \/>11a 54Mbps: -74.0dBm<br \/>11a 6Mbps: -94.5dBm<\/p>\n<p>2.4GHz :<br \/>11ax HE40: -60.0dBm<br \/>11ax HE20: -63.0dBm<br \/>11n HT40: -69.5dBm<br \/>11n HT20: -72.5dBm<br \/>11g 54Mbps: -74.0dBm<br \/>11b 11Mbps: -88.0dBm<br \/>Potencia de transmisi\u00f3n WLAN\u00a0\u00a05 GHz : 27dBm(FCC) \/ 23dBm(CE) (EIRP)<br \/>2.4 GHz : 25dBm(FCC) \/ 20dBm(CE) (EIRP)<br \/>Modos WLAN\u00a0\u00a0Modo infraestructura<br \/>Seguridad Inal\u00e1mbrica\u00a0\u00a0Support 64\/128 bit WEP, WPA\/WAP2\/WPA3, WPA-PSK\/WPA2-PSK, 802.1x<br \/>Tecnolog\u00eda de Modulaci\u00f3n\u00a0\u00a0DBPSK, DQPSK, CCK, OFDM, 16-QAM, 64-QAM, 256-QAM, 1024QAM<br \/>Otros<br \/>Certificaciones\u00a0\u00a0CE, FCC, RoHS<br \/>Contenido del Paquete\u00a0\u00a0Archer TX20E<br \/>Dos antenas de doble banda de alta ganancia<br \/>Soporte de perfil bajo<br \/>Cable de cabecera Bluetooth<br \/>Gu\u00eda de Instalaci\u00f3n R\u00e1pida<br \/>CD de recursos<br \/>Requisitos del sistema\u00a0\u00a0S\u00f3lo Windows 11\/10(64-bit)<br \/>Factores Ambientales\u00a0\u00a0Temperatura de funcionamiento: 0 ? ~ 40 ? (32 ? ~ 104 ?)<br \/>Temperatura de almacenamiento: -40 ? ~ 70 ? (-40 ? ~ 158 ?)<br \/>Humedad de funcionamiento: 10 %~90 % sin condensaci\u00f3n<br \/>Humedad de almacenamiento: 5 %~90 % sin condensaci\u00f3n<\/p>\n","protected":false},"excerpt":{"rendered":"<p>Tarjeta pci express wifi 6 tp &#8211; link archer tx20e dual band bluetooth 5.2 ax1800<\/p>\n","protected":false},"featured_media":0,"comment_status":"open","ping_status":"open","template":"","meta":{"_et_pb_use_builder":"","_et_pb_old_content":"","_et_gb_content_width":""},"product_brand":[3946],"product_cat":[2058,3261,4016,4017],"product_tag":[3264,4018,3948],"class_list":{"0":"post-239405","1":"product","2":"type-product","3":"status-publish","5":"product_brand-tp-link","6":"product_cat-dispositivos","7":"product_cat-redes","8":"product_cat-tarjetas-de-red-wifi","9":"product_cat-tp-link-tarjetas-de-red-wifi","10":"product_tag-redes","11":"product_tag-tarjetas-de-red-wifi","12":"product_tag-tp-link","13":"product_shipping_class-2088","14":"pa_canon-digital-impuesto-incluido-de-0-e","15":"pa_categoria-redes","16":"pa_marca-tp-link","17":"pa_peso-4225","18":"pa_referencia-mgs0000017310","20":"first","21":"instock","22":"sale","23":"taxable","24":"shipping-taxable","25":"purchasable","26":"product-type-simple"},"_links":{"self":[{"href":"https:\/\/linkxa.es\/linkshop\/wp-json\/wp\/v2\/product\/239405","targetHints":{"allow":["GET"]}}],"collection":[{"href":"https:\/\/linkxa.es\/linkshop\/wp-json\/wp\/v2\/product"}],"about":[{"href":"https:\/\/linkxa.es\/linkshop\/wp-json\/wp\/v2\/types\/product"}],"replies":[{"embeddable":true,"href":"https:\/\/linkxa.es\/linkshop\/wp-json\/wp\/v2\/comments?post=239405"}],"wp:attachment":[{"href":"https:\/\/linkxa.es\/linkshop\/wp-json\/wp\/v2\/media?parent=239405"}],"wp:term":[{"taxonomy":"product_brand","embeddable":true,"href":"https:\/\/linkxa.es\/linkshop\/wp-json\/wp\/v2\/product_brand?post=239405"},{"taxonomy":"product_cat","embeddable":true,"href":"https:\/\/linkxa.es\/linkshop\/wp-json\/wp\/v2\/product_cat?post=239405"},{"taxonomy":"product_tag","embeddable":true,"href":"https:\/\/linkxa.es\/linkshop\/wp-json\/wp\/v2\/product_tag?post=239405"}],"curies":[{"name":"wp","href":"https:\/\/api.w.org\/{rel}","templated":true}]}}