{"id":239409,"date":"2025-12-02T04:24:54","date_gmt":"2025-12-02T04:24:54","guid":{"rendered":"https:\/\/linkxa.es\/contratacion\/producto\/splitter-poe-tl-poe10e-tp-link\/"},"modified":"2025-12-08T13:03:50","modified_gmt":"2025-12-08T13:03:50","slug":"splitter-poe-tl-poe10e-tp-link","status":"publish","type":"product","link":"https:\/\/linkxa.es\/linkshop\/producto\/splitter-poe-tl-poe10e-tp-link\/","title":{"rendered":"Splitter poe tl &#8211; poe10e tp &#8211; link"},"content":{"rendered":"<div style=\"text-align: center; margin-bottom: 20px;\">\n<h2 style=\"font-size: 22px; font-weight: 600; margin: 0; color: #333;\">Tp &#8211; link\u00a0|\u00a0 Accesorios redes<\/h2>\n<p><strong>Splitter poe tl &#8211; poe10e tp &#8211; link<\/strong><\/p>\n<\/div>\n<p style=\"max-width: 700px; margin: 0px auto 30px; font-size: 18px; line-height: 1.6; color: #555555; font-style: italic; text-align: left;\">Extensor PoE+ Fast Ethernet<\/p>\n<p>Extiende una conexi\u00f3n de red PoE\/PoE+ 100m 250m adicionales (Modo 10 Mbps) desde el equipo de fuente de alimentaci\u00f3n PoE<br \/>Compatible con dispositivos 802.3af\/at y soporta una potencia m\u00e1xima de salida de 20W<br \/>2 puertos de 10\/100Mbps aseguran una transmisi\u00f3n m\u00e1s r\u00e1pida<br \/>Conexi\u00f3n y uso inmediatos, no requiere configuraci\u00f3n<\/p>\n<p>Red<br \/>Est\u00e1ndares y Protocolos IEEE802.3i, IEEE802.3u<br \/>GENERAL<br \/>Certificaci\u00f3n FCC, CE, RoHS<br \/>Ambiente &#8211; Temperatura de funcionamiento: 0C a 45C (32F a 113F)<br \/>&#8211; Temperatura de almacenamiento: -40C a 70C (-40F a 158F)<br \/>&#8211; Humedad de funcionamiento: 10% a 90% HR sin condensaci\u00f3n<br \/>&#8211; Humedad de almacenamiento: 5% a 90% HR sin condensaci\u00f3n<br \/>Material Carcasa de pl\u00e1stico<br \/>CONTENIDOS DEL PAQUETE<br \/>Contenidos del paquete &#8211; Extensor PoE+ Fast Ethernet TL-POE10E<br \/>&#8211; Gu\u00eda de Instalaci\u00f3n<br \/>CARACTER\u00cdSTICAS DE HARDWARE<br \/>Medios de Red UTP\/STP de Cat.5E o superior (seg\u00fan las normas que cumplan los dispositivos conectados)<br \/>Puertos &#8211; 1 puerto PoE IN RJ45 de 10 Mbps \/100 Mbps<br \/>&#8211; 1 puerto RJ45 PoE OUT de 10 Mbps \/100 Mbps<br \/>Funciones B\u00e1sicas &#8211; 1 puerto PoE IN RJ45 a 10\/100 Mbps<br \/>&#8211; 1 puerto RJ45 10\/100 Mbps PoE Out, suministra hasta 20 W<br \/>&#8211; Alcance de transmisi\u00f3n de datos y energ\u00eda de hasta 250 m en modo 10 Mbps<br \/>&#8211; Plug and Play<br \/>Dimensiones 2.33*0.85*0.52 in (71*26*16 mm)<br \/>CARACTER\u00cdSTICAS ADAPTADOR POE<br \/>Salida Queja con dispositivos 802.3af\/at<\/p>\n","protected":false},"excerpt":{"rendered":"<p>Splitter poe tl &#8211; poe10e tp &#8211; link<\/p>\n","protected":false},"featured_media":239410,"comment_status":"open","ping_status":"open","template":"","meta":{"_et_pb_use_builder":"","_et_pb_old_content":"","_et_gb_content_width":""},"product_brand":[3946],"product_cat":[3280,2058,3261,4053],"product_tag":[3283,3264,3948],"class_list":{"0":"post-239409","1":"product","2":"type-product","3":"status-publish","4":"has-post-thumbnail","6":"product_brand-tp-link","7":"product_cat-accesorios-redes","8":"product_cat-dispositivos","9":"product_cat-redes","10":"product_cat-tp-link-accesorios-redes","11":"product_tag-accesorios-redes","12":"product_tag-redes","13":"product_tag-tp-link","14":"product_shipping_class-2088","15":"pa_canon-digital-impuesto-incluido-de-0-e","16":"pa_categoria-redes","17":"pa_marca-tp-link","18":"pa_peso-4229","19":"pa_referencia-mgs0000019803","21":"first","22":"instock","23":"sale","24":"taxable","25":"shipping-taxable","26":"purchasable","27":"product-type-simple"},"_links":{"self":[{"href":"https:\/\/linkxa.es\/linkshop\/wp-json\/wp\/v2\/product\/239409","targetHints":{"allow":["GET"]}}],"collection":[{"href":"https:\/\/linkxa.es\/linkshop\/wp-json\/wp\/v2\/product"}],"about":[{"href":"https:\/\/linkxa.es\/linkshop\/wp-json\/wp\/v2\/types\/product"}],"replies":[{"embeddable":true,"href":"https:\/\/linkxa.es\/linkshop\/wp-json\/wp\/v2\/comments?post=239409"}],"wp:featuredmedia":[{"embeddable":true,"href":"https:\/\/linkxa.es\/linkshop\/wp-json\/wp\/v2\/media\/239410"}],"wp:attachment":[{"href":"https:\/\/linkxa.es\/linkshop\/wp-json\/wp\/v2\/media?parent=239409"}],"wp:term":[{"taxonomy":"product_brand","embeddable":true,"href":"https:\/\/linkxa.es\/linkshop\/wp-json\/wp\/v2\/product_brand?post=239409"},{"taxonomy":"product_cat","embeddable":true,"href":"https:\/\/linkxa.es\/linkshop\/wp-json\/wp\/v2\/product_cat?post=239409"},{"taxonomy":"product_tag","embeddable":true,"href":"https:\/\/linkxa.es\/linkshop\/wp-json\/wp\/v2\/product_tag?post=239409"}],"curies":[{"name":"wp","href":"https:\/\/api.w.org\/{rel}","templated":true}]}}