{"id":239413,"date":"2025-07-30T12:45:59","date_gmt":"2025-07-30T12:45:59","guid":{"rendered":"https:\/\/linkxa.es\/contratacion\/producto\/router-wifi-archer-ax53-ax300-wifi6\/"},"modified":"2025-12-08T13:04:12","modified_gmt":"2025-12-08T13:04:12","slug":"router-wifi-archer-ax53-ax300-wifi6","status":"publish","type":"product","link":"https:\/\/linkxa.es\/linkshop\/producto\/router-wifi-archer-ax53-ax300-wifi6\/","title":{"rendered":"Router wifi archer ax53 ax300 wifi6"},"content":{"rendered":"<div style=\"text-align: center; margin-bottom: 20px;\">\n<h2 style=\"font-size: 22px; font-weight: 600; margin: 0; color: #333;\">Tp &#8211; link\u00a0|\u00a0 Routers<\/h2>\n<p><strong>Router wifi archer ax53 ax300 wifi6 tp &#8211; link dual band 4 ptos gig<\/strong><\/p>\n<\/div>\n<p style=\"max-width: 700px; margin: 0px auto 30px; font-size: 18px; line-height: 1.6; color: #555555; font-style: italic; text-align: left;\">\n<p>INAL\u00c1MBRICOS<\/p>\n<p>Est\u00e1ndares Wi-Fi 6<\/p>\n<p>IEEE 802.11ax\/ac\/n\/a 5 GHz<\/p>\n<p>IEEE 802.11ax\/n\/b\/g 2.4 GHz<\/p>\n<p>Velocidades Wi-Fi AX3000<\/p>\n<p>5 GHz: 2402 Mbps (802.11ax, HE160)<\/p>\n<p>2,4 GHz: 574 Mbps (802.11ax)<\/p>\n<p>Rango WiFi Casas de 2-3 dormitorios<\/p>\n<p>4 Antenas fijas de alto rendimiento<\/p>\n<p>Varias antenas forman una matriz de refuerzo de se\u00f1al para cubrir m\u00e1s direcciones y grandes \u00e1reas<\/p>\n<p>Formaci\u00f3n de haces<\/p>\n<p>Concentra la intensidad de la se\u00f1al inal\u00e1mbrica hacia los clientes para ampliar el alcance WiFi<\/p>\n<p>MEF de alta potencia<\/p>\n<p>Mejora la potencia de transmisi\u00f3n para reforzar la cobertura de la se\u00f1al<\/p>\n<p>Capacidad Wi-Fi Alta<\/p>\n<p>Doble banda<\/p>\n<p>Asigna dispositivos a diferentes bandas para un rendimiento \u00f3ptimo<\/p>\n<p>OFDMA<\/p>\n<p>Se comunica simult\u00e1neamente con varios clientes Wi-Fi 6<\/p>\n<p>Airtime Fairness<\/p>\n<p>Mejora la eficiencia de la red limitando la ocupaci\u00f3n excesiva<\/p>\n<p>DFS<\/p>\n<p>Accede a una banda adicional para reducir la congesti\u00f3n<\/p>\n<p>4 Streams<\/p>\n<p>Conecta tus dispositivos a m\u00e1s ancho de banda<\/p>\n<p>Modos de trabajo Modo Router<\/p>\n<p>Modo punto de acceso<\/p>\n<p>HARDWARE<\/p>\n<p>Procesador CPU Doble N\u00facleo<\/p>\n<p>Puertos Ethernet 1 puerto WAN Gigabit<\/p>\n<p>4 puertos LAN Gigabit<\/p>\n<p>Botones Bot\u00f3n Wi-Fi\/WPS<\/p>\n<p>Bot\u00f3n de encendido\/apagado<\/p>\n<p>Bot\u00f3n de reinicio<\/p>\n<p>Energ\u00eda 12 V ? 2 A<\/p>\n<p>SEGURIDAD<\/p>\n<p>Cifrado WiFi WPA<\/p>\n<p>WPA2<\/p>\n<p>WPA3<\/p>\n<p>WPA\/WPA2-Enterprise<\/p>\n<p>Seguridad de Red Cortafuegos SPI<\/p>\n<p>Control de acceso<\/p>\n<p>Enlace IP y MAC<\/p>\n<p>Puerta de enlace de la capa de aplicaci\u00f3n<\/p>\n<p>Seguridad de HomeShield<\/p>\n<p>Protecci\u00f3n IoT en tiempo real<\/p>\n<p>Bloqueador de sitios maliciosos<\/p>\n<p>Sistema de Prevenci\u00f3n de Intrusi\u00f3n<\/p>\n<p>Prevenci\u00f3n de ataques DDoS<\/p>\n<p>Esc\u00e1ner de red dom\u00e9stica<\/p>\n<p>Red de Invitados 1 red de invitados de 5 GHz<\/p>\n<p>1 red de invitados de 2,4 GHz<\/p>\n<p>Servidor VPN OpenVPN<\/p>\n<p>PPTP VPN<\/p>\n<p>SOFTWARE<\/p>\n<p>Protocolos IPv4<\/p>\n<p>IPv6<\/p>\n<p>Kits de servicio HomeShield<\/p>\n<p>M\u00e1s informaci\u00f3n&#038;gt,<\/p>\n<p>OneMesh Compatible con OneMesh<\/p>\n<p>Sin reemplazar sus dispositivos existentes ni comprar un ecosistema WiFi completamente nuevo, OneMesh lo ayuda a crear una red m\u00e1s flexible que cubra toda su casa con los productos TP-Link OneMesh.<\/p>\n<p>M\u00e1s informaci\u00f3n&#038;gt,<\/p>\n<p>Todos los productos OneMesh&#038;gt,<\/p>\n<p>EasyMesh Las redes en malla crean una itinerancia fluida, r\u00e1pida y estable. El Archer AX53 puede construir de forma flexible una red EasyMesh con dispositivos compatibles con EasyMesh, lo que elimina las zonas muertas Wi-<br \/>Fi, ampl\u00eda su red y llena toda su casa con Wi-Fi de alta velocidad. Conexiones Wi-Fi sin fisuras con un solo nombre de red, configuraci\u00f3n con un solo clic y escalabilidad flexible.<\/p>\n<p>Learn More&#038;gt,<\/p>\n<p>Controles parentales Controles parentales de HomeShield<\/p>\n<p>Perfiles personalizados<\/p>\n<p>Biblioteca de filtros de contenido profesional<\/p>\n<p>Tiempo familiar<\/p>\n<p>Hora de acostarse<\/p>\n<p>Fuera de tiempo<\/p>\n<p>Recompensas de tiempo<\/p>\n<p>Clasificaci\u00f3n de tiempo en l\u00ednea de la familia<\/p>\n<p>pausar internet<\/p>\n<p>Informes semanales y mensuales<\/p>\n<p>Tipos de WAN IP din\u00e1mica<\/p>\n<p>IP est\u00e1tica<\/p>\n<p>PPPoE<\/p>\n<p>PPTP<\/p>\n<p>L2TP<\/p>\n<p>Calidad de servicio QoS por dispositivo<\/p>\n<p>Servicio de almacenamiento en la nube Actualizaci\u00f3n autom\u00e1tica de firmware<\/p>\n<p>Actualizaci\u00f3n de firmware OTA<\/p>\n<p>Identificaci\u00f3n de TP-Link<\/p>\n<p>DDNS<\/p>\n<p>Reenv\u00edo NAT Reenv\u00edo de puertos<\/p>\n<p>Activaci\u00f3n de puertos<\/p>\n<p>DMZ<\/p>\n<p>UPnP<\/p>\n<p>IPTV Proxy IGMP<\/p>\n<p>Indagaci\u00f3n IGMP<\/p>\n<p>Puente<\/p>\n<p>Etiquetar VLAN<\/p>\n<p>DHCP Reserva de direcciones IP<\/p>\n<p>Lista de clientes DHCP<\/p>\n<p>Servidor<\/p>\n<p>DDNS TP-Link<\/p>\n<p>NO-IP<\/p>\n<p>DynDNS<\/p>\n<p>Gesti\u00f3n Aplicaci\u00f3n Tether<\/p>\n<p>P\u00e1gina web<\/p>\n<p>Comprobar emulador web&#038;gt,<\/p>\n<p>OTRO<\/p>\n<p>Requisitos del sistema Internet Explorer 11+, Firefox 12.0+, Chrome 20.0+, Safari 4.0+ u otro navegador compatible con JavaScript<\/p>\n<p>M\u00f3dem por cable o DSL (si es necesario)<\/p>\n<p>Suscripci\u00f3n a un proveedor de servicios de Internet (para el acceso a Internet)<\/p>\n<p>Certifications CE, RoHS<\/p>\n<p>Ambiente Temperatura de funcionamiento: 0?~40? (32? ~104?)<\/p>\n<p>Humedad de funcionamiento: 10%~90% sin condensaci\u00f3n.<\/p>\n<p>DATOS DE PRUEBA<\/p>\n<p>Potencia de transmisi\u00f3n WiFi CE:<\/p>\n<p>&#038;lt,20 dBm (2,4 GHz), &#038;lt,23dBm (5,15 GHz~5,35 GHz), &#038;lt,30dBm (5,47 GHz~5,725 GHz)<\/p>\n<p>Sensibilidad de recepci\u00f3n WiFi 2.4GHz:<\/p>\n<p>11ac VHT20_MCS0:-96dBm<\/p>\n<p>11ac VHT20_MCS8:-74dB<\/p>\n<p>11ac VHT40_MCS0:-94dBm<\/p>\n<p>11ac VHT40_MCS9:-70dB<\/p>\n<p>11ax HE20_MCS0:-96dBm<\/p>\n<p>11ax HE20_MCS11:-66dBm<\/p>\n<p>11ax HE40_MCS0:-93dBm<\/p>\n<p>11ax HE40_MCS11:-63dBm<\/p>\n<p>5GHz:<\/p>\n<p>11ac VHT20_MCS0:-97dBm<\/p>\n<p>11ac VHT20_MCS8:-75dBm<\/p>\n<p>11ac VHT40_MCS0:-94dBm<\/p>\n<p>11ac VHT40_MCS9:-70dBm<\/p>\n<p>11ac VHT80_MCS0:-91dBm<\/p>\n<p>11ac VHT80_MCS9:-67dBm<\/p>\n<p>11ac VHT160_MCS0:-88dBm<\/p>\n<p>11ac VHT160_MCS9:-63dBm<\/p>\n<p>11ax HE20_MCS0:-97dBm<\/p>\n<p>11ax HE20_MCS11:-66dBm<\/p>\n<p>11ax HE40_MCS0:-94dBm<\/p>\n<p>11ax HE40_MCS11:-63dBm<\/p>\n<p>11ax HE80_MCS0:-91dBm<\/p>\n<p>11ax HE80_MCS11:-61dBm<\/p>\n<p>11ax HE160_MCS0:-87dBm<\/p>\n<p>11ax HE160_MCS11:-58dBm<\/p>\n<p>F\u00cdSICO<\/p>\n<p>Dimensiones (An. Pr. Al.) 10.2 5.3 1.6 in<\/p>\n<p>(260.2 135 41.6 mm)<\/p>\n<p>Contenidos del paquete Router inal\u00e1mbrico Archer AX53<\/p>\n<p>Adaptador de corriente<\/p>\n<p>Cable Ethernet RJ45<\/p>\n<p>Gu\u00eda r\u00e1pida de instalaci\u00f3n<\/p>\n","protected":false},"excerpt":{"rendered":"<p>Router wifi archer ax53 ax300 wifi6 tp &#8211; link dual band 4 ptos gig<\/p>\n","protected":false},"featured_media":239414,"comment_status":"open","ping_status":"open","template":"","meta":{"_et_pb_use_builder":"","_et_pb_old_content":"","_et_gb_content_width":""},"product_brand":[3946],"product_cat":[2058,3261,3311,3965],"product_tag":[3264,3314,3948],"class_list":{"0":"post-239413","1":"product","2":"type-product","3":"status-publish","4":"has-post-thumbnail","6":"product_brand-tp-link","7":"product_cat-dispositivos","8":"product_cat-redes","9":"product_cat-routers","10":"product_cat-tp-link-routers","11":"product_tag-redes","12":"product_tag-routers","13":"product_tag-tp-link","14":"product_shipping_class-2088","15":"pa_canon-digital-impuesto-incluido-de-0-e","16":"pa_categoria-redes","17":"pa_marca-tp-link","18":"pa_peso-4231","19":"pa_referencia-mgs0000020359","21":"first","22":"instock","23":"sale","24":"taxable","25":"shipping-taxable","26":"purchasable","27":"product-type-simple"},"_links":{"self":[{"href":"https:\/\/linkxa.es\/linkshop\/wp-json\/wp\/v2\/product\/239413","targetHints":{"allow":["GET"]}}],"collection":[{"href":"https:\/\/linkxa.es\/linkshop\/wp-json\/wp\/v2\/product"}],"about":[{"href":"https:\/\/linkxa.es\/linkshop\/wp-json\/wp\/v2\/types\/product"}],"replies":[{"embeddable":true,"href":"https:\/\/linkxa.es\/linkshop\/wp-json\/wp\/v2\/comments?post=239413"}],"wp:featuredmedia":[{"embeddable":true,"href":"https:\/\/linkxa.es\/linkshop\/wp-json\/wp\/v2\/media\/239414"}],"wp:attachment":[{"href":"https:\/\/linkxa.es\/linkshop\/wp-json\/wp\/v2\/media?parent=239413"}],"wp:term":[{"taxonomy":"product_brand","embeddable":true,"href":"https:\/\/linkxa.es\/linkshop\/wp-json\/wp\/v2\/product_brand?post=239413"},{"taxonomy":"product_cat","embeddable":true,"href":"https:\/\/linkxa.es\/linkshop\/wp-json\/wp\/v2\/product_cat?post=239413"},{"taxonomy":"product_tag","embeddable":true,"href":"https:\/\/linkxa.es\/linkshop\/wp-json\/wp\/v2\/product_tag?post=239413"}],"curies":[{"name":"wp","href":"https:\/\/api.w.org\/{rel}","templated":true}]}}