{"id":239427,"date":"2025-08-02T22:46:51","date_gmt":"2025-08-02T22:46:51","guid":{"rendered":"https:\/\/linkxa.es\/contratacion\/producto\/switch-tp-link-sg6428x-28-puertos\/"},"modified":"2025-12-08T13:06:31","modified_gmt":"2025-12-08T13:06:31","slug":"switch-tp-link-sg6428x-28-puertos","status":"publish","type":"product","link":"https:\/\/linkxa.es\/linkshop\/producto\/switch-tp-link-sg6428x-28-puertos\/","title":{"rendered":"Switch tp &#8211; link sg6428x 28 puertos"},"content":{"rendered":"<div style=\"text-align: center; margin-bottom: 20px;\">\n<h2 style=\"font-size: 22px; font-weight: 600; margin: 0; color: #333;\">Tp &#8211; link\u00a0|\u00a0 Switch<\/h2>\n<p><strong>Switch tp &#8211; link sg6428x 28 puertos<\/strong><\/p>\n<\/div>\n<p style=\"max-width: 700px; margin: 0px auto 30px; font-size: 18px; line-height: 1.6; color: #555555; font-style: italic; text-align: left;\">SG6428X Bajo Demanda<br \/>Switch Gestionable Omada L3 de 24 puertos Gigabit Stackable con 4 ranuras 10G<\/p>\n<p>24 Puertos RJ45 Gigabit y 4 Slots SFP+ de 10 Gbps<br \/>Capacidad de Conmutaci\u00f3n de 128 Gbps por Unidad<br \/>Stacking, Redundancia y Rendimiento Mejorado<br \/>Funciones L3. RIP, OSPF, ECMP, VRRP, PIM-DM, DHCP Server\/Relay<br \/>Seguridad. ACL, Port Security, DoS Defend, 802.1X<br \/>Alta Disponibilidad con Dos Fuentes de Alimentaci\u00f3n, VRRP y ERPS<br \/>Gesti\u00f3n Centralizada en la Nube a trav\u00e9s del Controlador Omada SDN<br \/>Gesti\u00f3n aut\u00f3noma a trav\u00e9s de Web, CLI, SNMP y RMON<\/p>\n<p>Para qu\u00e9 sirve este producto?<\/p>\n<p>Omada SG6428X es un switch gestionable L3 de alto rendimiento, con enrutamiento L3, velocidades r\u00e1pidas de 10 Gbps por cable, opciones de stacking y fuentes de alimentaci\u00f3n redundantes. Incluye 24<br \/>puertos Gigabit RJ45, 4 ranuras SFP+ de 10 Gbps, capacidad de stacking f\u00edsico y gesti\u00f3n centralizada. Equipado con una seguridad de primer nivel y amplias funciones de gesti\u00f3n, el SG6428X ofrece una<br \/>soluci\u00f3n de red fiable para PYMES, empresas e ISP.<br \/>M\u00e1xima Conectividad Uplink de 10G. Optimiza el Ancho de Banda<\/p>\n<p>24 puertos Gigabit RJ45 y 4 ranuras SFP+ de 10 Gbps proporcionan una capacidad de switching de hasta 128 Gbps por unidad. Posibilidad de Stacking, hasta 4 unidades para una capacidad de switching de<br \/>hasta 512 Gbps. Optimiza el ancho de banda con redundancia y alto rendimiento.<br \/>Funciones L3<\/p>\n<p>Protocolos de enrutamiento de Capa 3 . Admite enrutamiento est\u00e1tico, RIP, OSPF, ECMP, VRRP, servidor DHCP y retransmisi\u00f3n DHCP. El protocolo de enrutamiento multidifusi\u00f3n PIM-DM garantiza un enrutamiento<br \/>eficaz para grupos multicast.<br \/>Alta Disponibilidad<\/p>\n<p>Las fuentes de alimentaci\u00f3n redundantes y VRRP lo convierten en la opci\u00f3n ideal para una arquitectura de red fiable. ERPS admite protecci\u00f3n y recuperaci\u00f3n r\u00e1pidas en una topolog\u00eda en anillo.<br \/>Seguridad Avanzada<\/p>\n<p>Defensa frente a una amplia gama de amenazas de red gracias a la compatibilidad con ACL (IPv4 e IPv6), inspecci\u00f3n ARP din\u00e1mica, IEEE 802.1X, MAB, seguridad de puertos y Secure Shell.<br \/>Omada SDN<\/p>\n<p>Ofrece una gesti\u00f3n centralizada en la nube y una serie de funciones de gesti\u00f3n, como el aprovisionamiento Zero-Touch (ZTP)*. La plataforma Omada Software Defined Networking (SDN) integra dispositivos de<br \/>red, como puntos de acceso, switches y routers, y proporciona una gesti\u00f3n en la nube 100% centralizada.<\/p>\n<p>Adem\u00e1s de poder gestionarse de forma centralizada a trav\u00e9s de la web o la aplicaci\u00f3n Omada,tambi\u00e9n es f\u00e1cil de gestionar mediante una intuitiva interfaz gr\u00e1fica de usuario (GUI) basada en web o la interfaz de<br \/>l\u00ednea de comandos (CLI), est\u00e1ndar del sector. En ambos m\u00e9todos de gesti\u00f3n, el tr\u00e1fico est\u00e1 protegido mediante cifrado SSL o SSH. La compatibilidad con SNMP (v1\/v2c\/v3) y RMON permite obtener informaci\u00f3n<br \/>sobre el estado del switch y enviar alertas en caso de eventos an\u00f3malos.<br \/>CARACTER\u00cdSTICAS DE HARDWARE<br \/>Interfaz 24 10\/100\/1000 Mbps RJ45 Ports<br \/>4 10G SFP+ Slots<br \/>2 USB 2.0 Ports<br \/>1 RJ45 Console Port<br \/>1 USB Type-C Console Port<br \/>1 RJ45 Management Port<br \/>Cantidad de Ventiladores Four Internal Fixed Fans<br \/>Fuente de Alimentaci\u00f3n Two Internal Fixed Power Supply Modules (100240 VAC, 50\/60 Hz)<br \/>Dimensiones 17.3 15.0 1.7 in (440 380 44 mm)<br \/>Montaje Rackmountable<br \/>Consumo de Potencia M\u00e1ximo 28.4 W (220 V\/50 Hz)<br \/>Disipaci\u00f3n m\u00e1xima de calor 96.91 BTU\/hr (220 V\/50 Hz)<br \/>RENDIMIENTO<br \/>Capacidad de Conmutaci\u00f3n 128 Gbps per Unit<br \/>Apilamiento Stacking Number: 4<br \/>Stacking Port: 10G SFP+ Slot (all uplink ports can be used as stacking ports)<br \/>Stack Bandwidth: Up to 80 Gbps (4 stack ports)<br \/>Tasa de Reenv\u00edo de Paquetes 95.2 Mpps<br \/>Tabla de Direcciones MAC 32 K<br \/>Memoria del Buffer de Paquete 3 MB<br \/>Jumbo Frame 9 KB<br \/>CARACTER\u00cdSTICAS DE SOFTWARE<br \/>Calidad de Servicio Class of Service<br \/>&#8211; 8 Queues of Priority<br \/>&#8211; Port Priority<br \/>&#8211; IEEE 802.1p Priority<br \/>&#8211; DSCP Priority<br \/>&#8211; Queue Min-Bandwidth<br \/>&#8211; Schedule Mode (SP, WRR, SP+WRR)<br \/>Bandwidth Control<br \/>&#8211; Rate Limit<br \/>&#8211; Storm Control<br \/>Voice VLAN<br \/>User-Defined OUI<br \/>Smoother Performance<br \/>Action for Flows<br \/>&#8211; QoS remark (802.1P Remark, DSCP Remark)<br \/>Caracter\u00edsticas L3 IP Interfaces:<br \/>&#8211; IPv4: Max 256, IPv6: Max 256<br \/>Static Routing<br \/>&#8211; Max 1,024, IPv6: Max 512<br \/>Host Route Table: Max 6,100 entries<br \/>RIP: Version v1\/v2, Max 8,190<br \/>OSPF: Version v2\/v3, v2: Max 8,190, v3: Max 4,097<br \/>VRRP: Version v2\/v3, Max 64 groups<br \/>ECMP: 256 entries, max 32 ECMP Nexthops per Destination<br \/>Static ARP: 512 static entries<br \/>Dynamic ARP: 7,680 dynamic entries<br \/>Proxy ARP<br \/>DHCP Server:<br \/>&#8211; Max 8K IP Pools<br \/>&#8211; Max 1,000 Manual Binding Entries<br \/>DHCP Relay:<br \/>&#8211; Relayed Interface<br \/>&#8211; Relayed VLAN<br \/>Caracter\u00edsticas L2 y L2+ Link Aggregation<br \/>Spanning Tree Protocol<br \/>Port-based and VLAN-based Loopback Detection<br \/>802.3x Flow Control<br \/>Supports 2,048 IGMP groups<br \/>ERPS<br \/>Mirroring<br \/>RSPAN<br \/>MAC Address Table<br \/>PIM-DM (IPv4)<br \/>Multicast<br \/>&#8211; IGMP Snooping<br \/>&#8211; MLD Snooping<br \/>&#8211; L2 Multicast Table<br \/>&#8211; Fast Leave<br \/>&#8211; Multicast VLAN Registration (MVR)<br \/>&#8211; Static Multicast IP<br \/>&#8211; Multicast Filtering<br \/>Caracter\u00edsticas Avanzadas Automatic Device Discovery<br \/>Batch Configuration<br \/>Batch Firmware Upgrading<br \/>Intelligent Network Monitoring<br \/>Abnormal Event Warnings<br \/>Unified Configuration<br \/>Reboot Schedule<\/p>\n<p>ISP Features:<br \/>802.3ah Ethernet Link OAM<br \/>L2PT (Layer 2 Protocol Tunneling)<br \/>Device Link Detect Protocol (DLDP)<br \/>DDM<br \/>sFlow<br \/>VLAN Max 4K VLAN Group (802.1q VLAN)<br \/>802.1Q Tagged VLAN<br \/>MAC VLAN Entries: 200<br \/>Multicast VLAN<br \/>Management VLAN<br \/>VLAN VPN (QinQ): Max 256 entries<br \/>GVRP<br \/>Protocol VLAN: Protocol Template 16, Protocol VLAN 12 entries<br \/>VLAN VPN<br \/>Voice VLAN<br \/>Private VLAN<br \/>Seguridad Port Isolation<br \/>CPU-Defend<br \/>ARP Inspection (Dynamic ARP Inspection)<br \/>DoS Defend<br \/>IP-MAC-Port Binding<br \/>-1,024 Entries<br \/>&#8211; DHCP Snooping<br \/>&#8211; ARP Inspection<br \/>&#8211; IPv4 Source Guard<br \/>IPv6-MAC<br \/>-Port Binding<br \/>-1,024 Entries<br \/>&#8211; DHCPv6 Snooping<br \/>&#8211; ND Detection<br \/>&#8211; ND Snooping<br \/>&#8211; IPv6 Source Guard<br \/>DHCP Filter<br \/>Static\/Dynamic Port Security<br \/>&#8211; Up to 64 MAC addresses per port<br \/>Broadcast\/Multicast\/Unknown-unicast Storm Control<br \/>&#8211; kbps\/ratio control mode<br \/>802.1X<br \/>&#8211; Port base authentication<br \/>&#8211; Mac base authentication<br \/>&#8211; VLAN Assignment<br \/>&#8211; MAB<br \/>&#8211; Guest VLAN<br \/>&#8211; RADIUS authentication and accountability support<br \/>AAA (including TACACS+)<br \/>Secure web management through HTTPS with SSLv3\/TLS 1.2<br \/>Secure Command Line Interface (CLI) management with SSHv2<br \/>IP\/Port\/MAC-based access control<br \/>GESTI\u00d3N<br \/>Omada App Yes. Requiring the use of the Omada Hardware Controller, Omada Cloud-Based Controller, or Omada Software Controller.<br \/>Gesti\u00f3n Centralizada Omada Cloud-Based Controller<br \/>Omada Hardware Controller<br \/>Omada Software Controller<br \/>Acceso a la nube Yes. Requiring the use of the Omada Hardware Controller, Omada Cloud-Based Controller, or Omada Software Controller.<br \/>Aprovisionamiento sin contacto Yes. Requiring the use of the Omada Cloud-Based Controller.<br \/>Funciones de gesti\u00f3n Web-based GUI<br \/>Command Line Interface (CLI) through console port, telnet<br \/>SNMPv1\/v2c\/v3<br \/>&#8211; Trap\/Inform<br \/>&#8211; RMON (1, 2, 3, 9 groups)<br \/>SDM Template<br \/>DHCP\/BOOTP Client<br \/>802.1ab LLDP\/LLDP-MED<br \/>DHCP Auto Install<br \/>Dual Image, Dual Configuration<br \/>CPU Monitoring<br \/>Cable Diagnostics<br \/>Password Recovery<br \/>SNTP<br \/>System Log<br \/>EEE<br \/>Otros<br \/>Contenido del Paquete SG6428X Switch<br \/>2 Power Cords<br \/>RJ45 Console Cable<br \/>Quick Installation Guide<br \/>Rackmount Kit<br \/>Rubber Feet<br \/>Requisitos del sistema Microsoft Windows 98SE, NT, 2000, XP, Vista or Windows 7\/8\/10\/11, MAC OS, NetWare, UNIX or Linux.<br \/>Factores Ambientales Operating Temperature:<br \/>-5 C to 50 C (23 F to 122 F) @ 300 meters<br \/>-5 C to 45 C (23 F to 113 F) @ 2,000 meters<br \/>-5 C to 40 C (23 F to 104 F) @ 3,000 meters<\/p>\n<p>Storage Temperature: -40 C to 70 (-40 to 158 )<br \/>Operating Humidity: 1090% RH non-condensing<br \/>Storage Humidity: 590% RH non-condensing<\/p>\n","protected":false},"excerpt":{"rendered":"<p>Switch tp &#8211; link sg6428x 28 puertos<\/p>\n","protected":false},"featured_media":239428,"comment_status":"open","ping_status":"open","template":"","meta":{"_et_pb_use_builder":"","_et_pb_old_content":"","_et_gb_content_width":""},"product_brand":[3946],"product_cat":[2058,3261,3270,3955],"product_tag":[3264,3273,3948],"class_list":{"0":"post-239427","1":"product","2":"type-product","3":"status-publish","4":"has-post-thumbnail","6":"product_brand-tp-link","7":"product_cat-dispositivos","8":"product_cat-redes","9":"product_cat-switch","10":"product_cat-tp-link-switch","11":"product_tag-redes","12":"product_tag-switch","13":"product_tag-tp-link","14":"product_shipping_class-2088","15":"pa_canon-digital-impuesto-incluido-de-0-e","16":"pa_categoria-redes","17":"pa_marca-tp-link","18":"pa_peso-4237","19":"pa_referencia-mgs0000022240","21":"first","22":"instock","23":"sale","24":"taxable","25":"shipping-taxable","26":"purchasable","27":"product-type-simple"},"_links":{"self":[{"href":"https:\/\/linkxa.es\/linkshop\/wp-json\/wp\/v2\/product\/239427","targetHints":{"allow":["GET"]}}],"collection":[{"href":"https:\/\/linkxa.es\/linkshop\/wp-json\/wp\/v2\/product"}],"about":[{"href":"https:\/\/linkxa.es\/linkshop\/wp-json\/wp\/v2\/types\/product"}],"replies":[{"embeddable":true,"href":"https:\/\/linkxa.es\/linkshop\/wp-json\/wp\/v2\/comments?post=239427"}],"wp:featuredmedia":[{"embeddable":true,"href":"https:\/\/linkxa.es\/linkshop\/wp-json\/wp\/v2\/media\/239428"}],"wp:attachment":[{"href":"https:\/\/linkxa.es\/linkshop\/wp-json\/wp\/v2\/media?parent=239427"}],"wp:term":[{"taxonomy":"product_brand","embeddable":true,"href":"https:\/\/linkxa.es\/linkshop\/wp-json\/wp\/v2\/product_brand?post=239427"},{"taxonomy":"product_cat","embeddable":true,"href":"https:\/\/linkxa.es\/linkshop\/wp-json\/wp\/v2\/product_cat?post=239427"},{"taxonomy":"product_tag","embeddable":true,"href":"https:\/\/linkxa.es\/linkshop\/wp-json\/wp\/v2\/product_tag?post=239427"}],"curies":[{"name":"wp","href":"https:\/\/api.w.org\/{rel}","templated":true}]}}