{"id":239430,"date":"2025-07-13T13:27:20","date_gmt":"2025-07-13T13:27:20","guid":{"rendered":"https:\/\/linkxa.es\/contratacion\/producto\/punto-acceso-inalambrico-eap653-tp-link-wifi\/"},"modified":"2025-12-08T13:06:57","modified_gmt":"2025-12-08T13:06:57","slug":"punto-acceso-inalambrico-eap653-tp-link-wifi","status":"publish","type":"product","link":"https:\/\/linkxa.es\/linkshop\/producto\/punto-acceso-inalambrico-eap653-tp-link-wifi\/","title":{"rendered":"Punto acceso inalambrico eap653 tp &#8211; link wifi"},"content":{"rendered":"<div style=\"text-align: center; margin-bottom: 20px;\">\n<h2 style=\"font-size: 22px; font-weight: 600; margin: 0; color: #333;\">Tp &#8211; link\u00a0|\u00a0 Puntos de acceso<\/h2>\n<p><strong>Punto de acceso inalambrico eap653 tp &#8211; link wifi 6<\/strong><\/p>\n<\/div>\n<p style=\"max-width: 700px; margin: 0px auto 30px; font-size: 18px; line-height: 1.6; color: #555555; font-style: italic; text-align: left;\">EAP653<br \/>Punto de acceso Wi-Fi 6 de montaje en techo AX3000<\/p>\n<p>Velocidad Ultrarr\u00e1pida Wi-Fi 6. Hasta 2402 Mbps en 5GHz y 574 Mbps en 2,4GHz, para alcanzar un total de 2976 Mbps.<br \/>Redes de Alta Eficiencia. M\u00e1s de 250 dispositivos conectados a la vez de manera estable y sin cortes.<br \/>Gesti\u00f3n Centralizada. Con la controladora Omada se obtiene un control intuitivo y eficiente de la red con acceso en local o desde la nube.<br \/>Ancho de Banda de 160 MHz. Reduce las interferencias y duplica el espectro de red disponible en un solo flujo con HE160.<br \/>Omada Mesh. Permite la conectividad entre diferentes puntos de acceso Omada para crear una red de gran al cance y cobertura.<br \/>Roaming sin cortes. Los dipositivos conectados a la red se conectan autom\u00e1ticamente al punto de acceso que mejor cobertura puede ofrecer sin perder la conexi\u00f3n<br \/>Compatibilidad con PoE+. Admite alimentaci\u00f3n a trav\u00e9s de Ethernet (802.3at) para tener una mayor libertad de instalaci\u00f3n.<\/p>\n<p>CARACTER\u00cdSTICAS DE HARDWARE<br \/>Interfaz 1 puerto Gigabit Ethernet (RJ-45) (compatible con IEEE802.3at PoE)<br \/>Botones Reset<br \/>Fuente de Alimentaci\u00f3n PoE 802.3at<br \/>12 V CC<br \/>(Versi\u00f3n UE: 12 V \/ 1,0 A CC. Versi\u00f3n EE. UU.: 12 V \/ 1,5 A CC).<br \/>Nota: el adaptador de CC no est\u00e1 incluido en el paquete y se vende por separado<br \/>PoE pasivo de 48 V<br \/>Consumo de Potencia &#8211; UE: 13,07 W<br \/>&#8211; EE.UU.: 13,98 W<br \/>Dimensiones 6.3 \u00d7 6.3 \u00d7 1.3 in (160 \u00d7 160 \u00d7 33.6 mm)<br \/>Tipo de Antena Omni interno<br \/>2,4 GHz: 2 \u00d7 4 dBi<br \/>5 GHz: 2 \u00d7 5 dBi<br \/>Montaje Montaje en Techo \/ Pared (Kits incluidos)<br \/>Montaje en caja de conexiones<br \/>CARACTER\u00cdSTICAS INAL\u00c1MBRICAS<br \/>Est\u00e1ndares Inal\u00e1mbricos IEEE 802.11ax\/ac\/n\/g\/b\/a<br \/>Frecuencia 2.4 GHz y 5 GHz<br \/>Tasa de Se\u00f1al 5 GHz: hasta 2402 Mbps<br \/>2,4 GHz: hasta 574 Mbps<br \/>Funciones Inal\u00e1mbricas<br \/>1024-QAM<br \/>S\u00edmbolo OFDM 4 \u00d7 m\u00e1s largo<br \/>OFDMA<br \/>M\u00faltiples SSID (hasta 16 SSID, 8 para cada banda)<br \/>Habilitar\/deshabilitar la radio inal\u00e1mbrica<br \/>Asignaci\u00f3n autom\u00e1tica de canales<br \/>Control de potencia de transmisi\u00f3n (Ajuste de potencia de transmisi\u00f3n en dBm)<br \/>Calidad de servicio (WMM)<br \/>MU-MIMO<br \/>HE160 (ancho de banda de 160 MHz)<br \/>Roaming continuo<br \/>Malla Omada<br \/>Direcci\u00f3n de banda<br \/>Equilibrio de carga<br \/>Equidad de tiempo aire<br \/>Formaci\u00f3n de haces<br \/>L\u00edmite de tarifa<br \/>Horario de reinicio<br \/>Horario inal\u00e1mbrico<br \/>Estad\u00edsticas inal\u00e1mbricas basadas en SSID \/ AP \/ Cliente<br \/>Seguridad Inal\u00e1mbrica Autenticaci\u00f3n de portal cautivo<br \/>Control de acceso<br \/>Filtrado de Direcciones MAC Inal\u00e1mbricas<br \/>Aislamiento inal\u00e1mbrico entre clientes<br \/>Asignaci\u00f3n de SSID a VLAN<br \/>Detecci\u00f3n de puntos de acceso no autorizados<br \/>Compatibilidad con 802.1X<br \/>WPA-Personal\/Empresa, WPA2-Personal\/Empresa, WPA3-Personal\/Empresa<br \/>Potencia de Transmisi\u00f3n &#8211; CE:<br \/>&#038;lt,20 dBm (2,4 GHz, EIRP).<br \/>&#038;lt,23 dBm(5 GHz, Band1 &#038; Band2, EIRP)<br \/>&#038;lt,30 dBm(5 GHz, Banda3, EIRP).<\/p>\n<p>&#8211; FCC:<br \/>&#038;lt,25 dBm (2,4 GHz)<br \/>&#038;lt,25 dBm (5 GHz)<br \/>GESTI\u00d3N<br \/>Omada App Si<br \/>Gesti\u00f3n Centralizada Controlador de hardware Omada (OC300)<br \/>Controlador de hardware Omada (OC200)<br \/>Controlador de software Omada<br \/>Controlador basado en la nube Omada<br \/>Acceso a la nube S\u00ed. Requiere el uso de OC300, OC200, Omada Cloud-Based Controller o Omada Software Controller.<br \/>Alertas por Correo Electr\u00f3nico Si<br \/>LED de control ON \/ OFF Si<br \/>Control de Gesti\u00f3n de Acceso MAC Si<br \/>SNMP v1, v2c, v3<br \/>Acceso al Registro de Sistema Local\/ Registro del Sistema Remoto Syslog local\/remoto<br \/>SSH Si<br \/>Gesti\u00f3n basada en Web HTTP\/HTTPS<br \/>Gesti\u00f3n L3 Si<br \/>Gesti\u00f3n Multi-sitio Si<br \/>VLAN de Gesti\u00f3n Si<br \/>Aprovisionamiento sin contacto S\u00ed. Requiere el uso del controlador basado en la nube de Omada.<br \/>Otros<br \/>Certificaciones CE, FCC, RoHS<br \/>Contenido del Paquete EAP653<br \/>Kits de montaje en techo\/pared<br \/>Gu\u00eda de instalaci\u00f3n<\/p>\n<p>Notas: el adaptador de CC no est\u00e1 incluido en el paquete y se vende por separado.<br \/>Requisitos del sistema Microsoft Windows XP, Vista, Windows 7, Windows 8, Windows10, Windows 11, Linux<br \/>Factores Ambientales Temperatura de funcionamiento: 040 (32104 )<br \/>Temperatura de almacenamiento: -4070 (-40158 )<br \/>Humedad de funcionamiento: 1090 % de HR sin condensaci\u00f3n<br \/>Humedad de almacenamiento: 590 % de HR sin condensaci\u00f3n<\/p>\n","protected":false},"excerpt":{"rendered":"<p>Punto de acceso inalambrico eap653 tp &#8211; link wifi 6<\/p>\n","protected":false},"featured_media":239431,"comment_status":"open","ping_status":"open","template":"","meta":{"_et_pb_use_builder":"","_et_pb_old_content":"","_et_gb_content_width":""},"product_brand":[3946],"product_cat":[2058,3299,3261,4005],"product_tag":[3302,3264,3948],"class_list":{"0":"post-239430","1":"product","2":"type-product","3":"status-publish","4":"has-post-thumbnail","6":"product_brand-tp-link","7":"product_cat-dispositivos","8":"product_cat-puntos-de-acceso","9":"product_cat-redes","10":"product_cat-tp-link-puntos-de-acceso","11":"product_tag-puntos-de-acceso","12":"product_tag-redes","13":"product_tag-tp-link","14":"product_shipping_class-2059","15":"pa_canon-digital-impuesto-incluido-de-0-e","16":"pa_categoria-redes","17":"pa_marca-tp-link","18":"pa_peso-4103","19":"pa_referencia-mgs0000022549","21":"first","22":"instock","23":"sale","24":"taxable","25":"shipping-taxable","26":"purchasable","27":"product-type-simple"},"_links":{"self":[{"href":"https:\/\/linkxa.es\/linkshop\/wp-json\/wp\/v2\/product\/239430","targetHints":{"allow":["GET"]}}],"collection":[{"href":"https:\/\/linkxa.es\/linkshop\/wp-json\/wp\/v2\/product"}],"about":[{"href":"https:\/\/linkxa.es\/linkshop\/wp-json\/wp\/v2\/types\/product"}],"replies":[{"embeddable":true,"href":"https:\/\/linkxa.es\/linkshop\/wp-json\/wp\/v2\/comments?post=239430"}],"wp:featuredmedia":[{"embeddable":true,"href":"https:\/\/linkxa.es\/linkshop\/wp-json\/wp\/v2\/media\/239431"}],"wp:attachment":[{"href":"https:\/\/linkxa.es\/linkshop\/wp-json\/wp\/v2\/media?parent=239430"}],"wp:term":[{"taxonomy":"product_brand","embeddable":true,"href":"https:\/\/linkxa.es\/linkshop\/wp-json\/wp\/v2\/product_brand?post=239430"},{"taxonomy":"product_cat","embeddable":true,"href":"https:\/\/linkxa.es\/linkshop\/wp-json\/wp\/v2\/product_cat?post=239430"},{"taxonomy":"product_tag","embeddable":true,"href":"https:\/\/linkxa.es\/linkshop\/wp-json\/wp\/v2\/product_tag?post=239430"}],"curies":[{"name":"wp","href":"https:\/\/api.w.org\/{rel}","templated":true}]}}