{"id":239433,"date":"2025-07-11T14:59:24","date_gmt":"2025-07-11T14:59:24","guid":{"rendered":"https:\/\/linkxa.es\/contratacion\/producto\/wifi-mesh-tp-link-deco-be65-pack\/"},"modified":"2025-12-08T13:07:24","modified_gmt":"2025-12-08T13:07:24","slug":"wifi-mesh-tp-link-deco-be65-pack","status":"publish","type":"product","link":"https:\/\/linkxa.es\/linkshop\/producto\/wifi-mesh-tp-link-deco-be65-pack\/","title":{"rendered":"Wifi mesh tp &#8211; link deco be65 pack"},"content":{"rendered":"<div style=\"text-align: center; margin-bottom: 20px;\">\n<h2 style=\"font-size: 22px; font-weight: 600; margin: 0; color: #333;\">Tp &#8211; link\u00a0|\u00a0 Accesorios redes<\/h2>\n<p><strong>Wifi mesh tp &#8211; link deco be65 pack 2 unidades<\/strong><\/p>\n<\/div>\n<p style=\"max-width: 700px; margin: 0px auto 30px; font-size: 18px; line-height: 1.6; color: #555555; font-style: italic; text-align: left;\">Destacado<\/p>\n<p>Sistema de malla Blanco<br \/>Tipo de antena: Interno Cantidad de antenas: 4<br \/>Tribanda (2.4 GHz \/ 5 GHz \/ 6 GHz) Wi-Fi 7 (802.11be) 11000 Mbit\/s<br \/>WPA, WPA2, WPA3<br \/>Protocolo punto a punto sobre Ethernet (PPPoE) IP din\u00e1mica IP est\u00e1tica<br \/>Calidad de servicio (QoS) soporte Reenv\u00edo de puertos<br \/>DHCP, cliente<br \/>Ethernet WAN<\/p>\n<p>TP-Link Deco BE65. Color del producto: Blanco, Tipo de antena: Interno, Tipo de producto: Sistema de malla. Banda Wi-Fi: Tribanda (2.4 GHz \/ 5 GHz \/ 6 GHz), Est\u00e1ndar Wi-Fi: Wi-Fi 7 (802.11be), Tasa de transferencia de<br \/>datos WLAN (m\u00e1x.): 11000 Mbit\/s. Asistente virtual: Amazon Alexa &#038; Google Assistant, Compatible con servicios en la nube: TP-Link ID, Prestaciones de control parental: Hora de dormir, Perfiles personalizados, Family online<br \/>time ranking, Tiempo en familia, Off time,&#8230;. Ancho: 107,5 mm, Profundidad: 107,5 mm, Altura: 176 mm. N\u00famero de productos incluidos: 2 pieza(s), N\u00famero de unidades incluidas: 2 pieza(s)<\/p>\n<p>Dise\u00f1o<br \/>Bot\u00f3n de restaurar<br \/>Si<br \/>Cantidad de antenas<br \/>4<br \/>Certificaci\u00f3n<br \/>CE, FCC, RoHS<br \/>Color del producto<br \/>Blanco<br \/>Intervalo de temperatura operativa<br \/>0 &#8211; 40 C<br \/>Intervalo de temperatura de almacenaje<br \/>-40 &#8211; 60 C<br \/>Intervalo de humedad relativa para funcionamiento<br \/>10 &#8211; 90%<br \/>Intervalo de humedad relativa durante almacenaje<br \/>5 &#8211; 90%<br \/>N\u00famero de dispositivos soportados<br \/>200<br \/>Tipo de antena<br \/>Interno<br \/>Tipo de producto<br \/>Sistema de malla<br \/>Contenido del embalaje<br \/>Adaptador AC incluido<br \/>Si<br \/>Cable Ethernet<br \/>Si<br \/>Gu\u00eda de instalaci\u00f3n r\u00e1pida<br \/>Si<br \/>N\u00famero de productos incluidos<br \/>2 pieza(s)<br \/>N\u00famero de unidades incluidas<br \/>2 pieza(s)<br \/>Peso y dimensiones<br \/>Altura<br \/>176 mm<br \/>Ancho<br \/>107,5 mm<br \/>Profundidad<br \/>107,5 mm<br \/>Caracter\u00edsticas de LAN inal\u00e1mbrico<br \/>Algoritmos de seguridad soportados<br \/>WPA, WPA2, WPA3<br \/>Aplicaciones de control compatibles<br \/>TP-Link Deco<br \/>Banda Wi-Fi<br \/>Tribanda (2.4 GHz \/ 5 GHz \/ 6 GHz)<br \/>DNS din\u00e1mico<br \/>Si<br \/>El acceso de invitados<br \/>Si<br \/>Est\u00e1ndar Wi-Fi<br \/>Wi-Fi 7 (802.11be)<br \/>Protocolo punto a punto sobre Ethernet (PPPoE)<br \/>Si<br \/>Wi-Fi est\u00e1ndares<br \/>802.11a, 802.11b, 802.11g, Wi-Fi 4 (802.11n), Wi-Fi 5 (802.11ac), Wi-Fi 6 (802.11ax), Wi-Fi 6E (802.11ax), Wi-Fi 7 (802.11be)<br \/>Proxy IGMP<br \/>Si<br \/>IGMP<br \/>Si<br \/>IP din\u00e1mica<br \/>Si<br \/>IP est\u00e1tica<br \/>Si<br \/>Tasa de transferencia de datos WLAN (m\u00e1x.)<br \/>11000 Mbit\/s<br \/>Tasa de transferencia de datos WLAN (primera banda)<br \/>574 Mbit\/s<br \/>Tasa de transferencia de datos WLAN (segunda banda)<br \/>4320 Mbit\/s<br \/>Tasa de transferencia de datos WLAN (tercera banda)<br \/>5760 Mbit\/s<br \/>VLAN etiquetada<br \/>Si<\/p>\n<p>Protocolos<br \/>Conectar y usar universal (UPnP, Universal Plug and Play)<br \/>Si<br \/>DHCP, cliente<br \/>Si<br \/>Puertos e Interfaces<br \/>Cantidad de puertos tipo A USB 3.2 Gen 1 (3.1 Gen 1)<br \/>1<br \/>Ethernet LAN (RJ-45) cantidad de puertos<br \/>4<br \/>Enchufe de entrada de CC<br \/>Si<br \/>Ethernet WAN<br \/>Si<br \/>Caracter\u00edsticas<br \/>N\u00famero de redes de invitados (2,4 GHz)<br \/>1<br \/>N\u00famero de redes de invitados (5GHz)<br \/>1<br \/>N\u00famero de redes de invitados (6 GHz)<br \/>1<br \/>Funciona con Amazon Alexa<br \/>Si<br \/>Asistente virtual<br \/>Amazon Alexa &#038; Google Assistant<br \/>Calidad de servicio (QoS) soporte<br \/>Si<br \/>Compatible con servicios en la nube<br \/>TP-Link ID<br \/>Control parental<br \/>Si<br \/>Tecnolog\u00eda MU-MIMO<br \/>Si<br \/>Prestaciones de control parental<br \/>Hora de dormir, Perfiles personalizados, Family online time ranking, Tiempo en familia, Off time, Pause the Internet, Professional content filter library, SafeSearch, Time rewards, Informes semanales\/mensuales, Youtube<br \/>restriction<br \/>Reenv\u00edo de puertos<br \/>Si<\/p>\n","protected":false},"excerpt":{"rendered":"<p>Wifi mesh tp &#8211; link deco be65 pack 2 unidades<\/p>\n","protected":false},"featured_media":239434,"comment_status":"open","ping_status":"open","template":"","meta":{"_et_pb_use_builder":"","_et_pb_old_content":"","_et_gb_content_width":""},"product_brand":[3946],"product_cat":[3280,2058,3261,4053],"product_tag":[3283,3264,3948],"class_list":{"0":"post-239433","1":"product","2":"type-product","3":"status-publish","4":"has-post-thumbnail","6":"product_brand-tp-link","7":"product_cat-accesorios-redes","8":"product_cat-dispositivos","9":"product_cat-redes","10":"product_cat-tp-link-accesorios-redes","11":"product_tag-accesorios-redes","12":"product_tag-redes","13":"product_tag-tp-link","14":"product_shipping_class-2088","15":"pa_canon-digital-impuesto-incluido-de-0-e","16":"pa_categoria-redes","17":"pa_marca-tp-link","18":"pa_peso-4241","19":"pa_referencia-mgs0000022818","21":"first","22":"instock","23":"sale","24":"taxable","25":"shipping-taxable","26":"purchasable","27":"product-type-simple"},"_links":{"self":[{"href":"https:\/\/linkxa.es\/linkshop\/wp-json\/wp\/v2\/product\/239433","targetHints":{"allow":["GET"]}}],"collection":[{"href":"https:\/\/linkxa.es\/linkshop\/wp-json\/wp\/v2\/product"}],"about":[{"href":"https:\/\/linkxa.es\/linkshop\/wp-json\/wp\/v2\/types\/product"}],"replies":[{"embeddable":true,"href":"https:\/\/linkxa.es\/linkshop\/wp-json\/wp\/v2\/comments?post=239433"}],"wp:featuredmedia":[{"embeddable":true,"href":"https:\/\/linkxa.es\/linkshop\/wp-json\/wp\/v2\/media\/239434"}],"wp:attachment":[{"href":"https:\/\/linkxa.es\/linkshop\/wp-json\/wp\/v2\/media?parent=239433"}],"wp:term":[{"taxonomy":"product_brand","embeddable":true,"href":"https:\/\/linkxa.es\/linkshop\/wp-json\/wp\/v2\/product_brand?post=239433"},{"taxonomy":"product_cat","embeddable":true,"href":"https:\/\/linkxa.es\/linkshop\/wp-json\/wp\/v2\/product_cat?post=239433"},{"taxonomy":"product_tag","embeddable":true,"href":"https:\/\/linkxa.es\/linkshop\/wp-json\/wp\/v2\/product_tag?post=239433"}],"curies":[{"name":"wp","href":"https:\/\/api.w.org\/{rel}","templated":true}]}}