{"id":239437,"date":"2025-03-15T10:48:42","date_gmt":"2025-03-15T10:48:42","guid":{"rendered":"https:\/\/linkxa.es\/contratacion\/producto\/wifi-mesh-tp-link-deco-x50-outdoor\/"},"modified":"2025-12-08T13:07:47","modified_gmt":"2025-12-08T13:07:47","slug":"wifi-mesh-tp-link-deco-x50-outdoor","status":"publish","type":"product","link":"https:\/\/linkxa.es\/linkshop\/producto\/wifi-mesh-tp-link-deco-x50-outdoor\/","title":{"rendered":"Wifi mesh tp &#8211; link deco x50 outdoor"},"content":{"rendered":"<div style=\"text-align: center; margin-bottom: 20px;\">\n<h2 style=\"font-size: 22px; font-weight: 600; margin: 0; color: #333;\">Tp &#8211; link\u00a0|\u00a0 Accesorios redes<\/h2>\n<p><strong>Wifi mesh tp &#8211; link deco x50 outdoor ax3000<\/strong><\/p>\n<\/div>\n<p style=\"max-width: 700px; margin: 0px auto 30px; font-size: 18px; line-height: 1.6; color: #555555; font-style: italic; text-align: left;\">Deco X50-Outdoor<br \/>Sistema Deco X50-Outdoor Wi-Fi 6 Mesh AI AX3000 para exteriores<\/p>\n<p>Cobertura en toda la casa y fuera de ella. La tecnolog\u00eda Deco Wi-Fi 6 Mesh lleva la se\u00f1al de internet a todos los rincones hasta 230 m2<br \/>Alta Velocidad Wi-Fi 6 de Doble Banda. Hasta 3.0 Gbps. En 5GHz 2402 Mbps, 574 Mbps en 2,4GHz<br \/>Resistente al agua y al polvo IP65. La unidad Deco est\u00e1 herm\u00e9ticamente cerrada frente a la lluvia y rayos.<br \/>Libertad de montaje. Col\u00f3calo en la pared, un poste o sobre un mueble.<br \/>Alimentaci\u00f3n PoE. Los datos y energ\u00eda el\u00e9ctrica se transmiten por un solo cable, sin necesidad de adaptador de corriente.<br \/>F\u00e1cil Configuraci\u00f3n. Controla todo tu sistema Wi-Fi 6 Mesh en pocos pasos con la App Deco.<br \/>Seguridad Avanzada. Protege la red, los dispositivos conectados y todo lo que hay en ellos con TP-Link HomeShield y el cifrado WPA3**<br \/>Puertos Gigabit. Los 2 puertos Ethernet Gigabit proporcionan un acceso a internet de alta velocidad por cable. \u00a7<br \/>Compatible con otros Deco. Se puede utilizar con otros modelos Deco para ampliar la red Wi-Fi Mesh.<\/p>\n<p>Inal\u00e1mbricos<br \/>Est\u00e1ndares Wi-Fi 6<br \/>IEEE 802.11ax\/ac\/n\/a 5 GHz<br \/>IEEE 802.11ax\/n\/b\/g 2.4 GHz<br \/>Velocidades Wi-Fi AX3000<br \/>5 GHz: 2402 Mbps (802.11ax)<br \/>2.4 GHz: 574Mbps (802.11ax)<br \/>Rango WiFi Casas de 1-3 Dormitorios (Paquete de 1)Tecnolog\u00eda Mesh TP-Link<br \/>La interconexi\u00f3n opcional mediante Ethernet une las unidades Deco para proporcionar cobertura continua<\/p>\n<p>Mesh Impulsada por IA<br \/>Aprende de forma inteligente el entorno de la red para ofrecer un Wi-Fi ideal y \u00fanico para tu hogar<\/p>\n<p>2 Antenas (Internas)<br \/>M\u00faltiples antenas forman una matriz que mejora la se\u00f1al para cubrir m\u00e1s direcciones y \u00e1reas extensas<br \/>Capacidad Wi-Fi AltaDoble banda<br \/>Distribuya dispositivos a diferentes bandas para un rendimiento \u00f3ptimo<\/p>\n<p>MU-MIMO<br \/>Se comunica simult\u00e1neamente con m\u00faltiples clientes MU-MIMO<\/p>\n<p>OFDMA<br \/>Se comunica simult\u00e1neamente con m\u00faltiples clientes WiFi 6<\/p>\n<p>4 Streams<br \/>Ancho de banda m\u00e1s que suficiente para los dispositivos conectados<br \/>Modos de trabajo Router, punto de acceso<br \/>SEGURIDAD<br \/>Seguridad de Red Cortafuegos SPI<br \/>Control de acceso<\/p>\n<p>Seguridad HomeShieldProtecci\u00f3n IoT en tiempo real<br \/>Bloqueador de sitios maliciosos<br \/>Sistema de Prevenci\u00f3n de Intrusi\u00f3n<br \/>Prevenci\u00f3n de ataques DDoS<br \/>Esc\u00e1ner de red dom\u00e9stica<br \/>Red de Invitados 1 red de invitados de 5 GHz<br \/>1 red de invitados de 2,4 GHz<br \/>Seguridad Wi-Fi WPA\/WPA2\/WPA3<br \/>HARDWARE<br \/>Puertos Ethernet 2 puertos Gigabit por unidad Deco<br \/>(Detecci\u00f3n autom\u00e1tica de PoE y WAN\/LAN)<br \/>Energ\u00eda Entrada de alimentaci\u00f3nIEEE 802.3at PoE o 100-240 V~50\/60 Hz 0,5 A CA<br \/>SOFTWARE<br \/>Protocolos IPv4<br \/>IPv6<br \/>Kit de servicio HomeShield<br \/>M\u00e1s informaci\u00f3n&#038;gt,<br \/>Controles parentales Controles Parentales HomeShieldRestricci\u00f3n de Youtube<br \/>SafeSearch (B\u00fasqueda Segura)<br \/>Perfiles Personalizados<br \/>Biblioteca de Filtro de Contenido Profesional<br \/>Tiempo en Familia<br \/>Hora de Dormir<br \/>Tiempo Desconectado<br \/>Recompensas de Tiempo<br \/>Clasificaci\u00f3n del Tiempo en L\u00ednea en Familia<br \/>Pausar Internet<br \/>Informes Semanales y Mensuales<br \/>Tipos de WAN IP din\u00e1mica<br \/>IP est\u00e1tica<br \/>PPPoE<br \/>L2TP<br \/>PPTP<br \/>Calidad de servicio HomeShield QoSQoS por dispositivo<br \/>Servicio de almacenamiento en la nube Actualizaci\u00f3n de firmware OTA<br \/>Identificaci\u00f3n de TP-Link<br \/>DDNS<br \/>Reenv\u00edo NAT Reenv\u00edo de puertos<br \/>UPnP<br \/>IPTV Proxy IGMP<br \/>Indagaci\u00f3n IGMP<br \/>Puente<br \/>Etiqueta VLAN<br \/>DHCP Direcci\u00f3n de reservas<br \/>Lista de clientes DHCP<br \/>Servidor<br \/>DDNS TP-Link<br \/>Gesti\u00f3n Deco App<br \/>DATOS DE PRUEBA<br \/>Potencia de transmisi\u00f3n WiFi FCC: &#038;lt,30 dBm(2.4 GHz), &#038;lt,30 dBm(5 GHz)<br \/>CE: &#038;lt,20 dBm (2.4 GHz), &#038;lt,30 dBm (5 GHz)<br \/>F\u00cdSICO<br \/>Dimensiones (An. Pr. Al.) 4.3 4.8 8.5 in (110 121.3 215.5 mm)<br \/>Otros<br \/>Certificaciones CE, FCC, RoHS<br \/>Contenido del Paquete 1 Deco X50-Unidad exterior<br \/>1 cable de alimentaci\u00f3n de CA<br \/>1 cable Ethernet RJ45<br \/>Kit de montaje en pared\/poste<br \/>Gu\u00eda de instalaci\u00f3n<br \/>Factores Ambientales Temperatura de funcionamiento: -30 C~60 C (-22 F~140 F)<br \/>Temperatura de almacenamiento: -40 C~70 C (-40 F~158 F)<br \/>Humedad de funcionamiento: 10%~90% HR<br \/>Humedad de almacenamiento: 5%~90% HR<\/p>\n","protected":false},"excerpt":{"rendered":"<p>Wifi mesh tp &#8211; link deco x50 outdoor ax3000<\/p>\n","protected":false},"featured_media":239438,"comment_status":"open","ping_status":"open","template":"","meta":{"_et_pb_use_builder":"","_et_pb_old_content":"","_et_gb_content_width":""},"product_brand":[3946],"product_cat":[3280,2058,3261,4053],"product_tag":[3283,3264,3948],"class_list":{"0":"post-239437","1":"product","2":"type-product","3":"status-publish","4":"has-post-thumbnail","6":"product_brand-tp-link","7":"product_cat-accesorios-redes","8":"product_cat-dispositivos","9":"product_cat-redes","10":"product_cat-tp-link-accesorios-redes","11":"product_tag-accesorios-redes","12":"product_tag-redes","13":"product_tag-tp-link","14":"product_shipping_class-2088","15":"pa_canon-digital-impuesto-incluido-de-0-e","16":"pa_categoria-redes","17":"pa_marca-tp-link","18":"pa_peso-4198","19":"pa_referencia-mgs0000022822","21":"first","22":"instock","23":"sale","24":"taxable","25":"shipping-taxable","26":"purchasable","27":"product-type-simple"},"_links":{"self":[{"href":"https:\/\/linkxa.es\/linkshop\/wp-json\/wp\/v2\/product\/239437","targetHints":{"allow":["GET"]}}],"collection":[{"href":"https:\/\/linkxa.es\/linkshop\/wp-json\/wp\/v2\/product"}],"about":[{"href":"https:\/\/linkxa.es\/linkshop\/wp-json\/wp\/v2\/types\/product"}],"replies":[{"embeddable":true,"href":"https:\/\/linkxa.es\/linkshop\/wp-json\/wp\/v2\/comments?post=239437"}],"wp:featuredmedia":[{"embeddable":true,"href":"https:\/\/linkxa.es\/linkshop\/wp-json\/wp\/v2\/media\/239438"}],"wp:attachment":[{"href":"https:\/\/linkxa.es\/linkshop\/wp-json\/wp\/v2\/media?parent=239437"}],"wp:term":[{"taxonomy":"product_brand","embeddable":true,"href":"https:\/\/linkxa.es\/linkshop\/wp-json\/wp\/v2\/product_brand?post=239437"},{"taxonomy":"product_cat","embeddable":true,"href":"https:\/\/linkxa.es\/linkshop\/wp-json\/wp\/v2\/product_cat?post=239437"},{"taxonomy":"product_tag","embeddable":true,"href":"https:\/\/linkxa.es\/linkshop\/wp-json\/wp\/v2\/product_tag?post=239437"}],"curies":[{"name":"wp","href":"https:\/\/api.w.org\/{rel}","templated":true}]}}