{"id":239440,"date":"2025-04-14T15:37:41","date_gmt":"2025-04-14T15:37:41","guid":{"rendered":"https:\/\/linkxa.es\/contratacion\/producto\/wifi-mesh-tp-link-deco-x55-ax3000\/"},"modified":"2025-12-08T13:08:14","modified_gmt":"2025-12-08T13:08:14","slug":"wifi-mesh-tp-link-deco-x55-ax3000","status":"publish","type":"product","link":"https:\/\/linkxa.es\/linkshop\/producto\/wifi-mesh-tp-link-deco-x55-ax3000\/","title":{"rendered":"Wifi mesh tp &#8211; link deco x55 ax3000"},"content":{"rendered":"<div style=\"text-align: center; margin-bottom: 20px;\">\n<h2 style=\"font-size: 22px; font-weight: 600; margin: 0; color: #333;\">Tp &#8211; link\u00a0|\u00a0 Accesorios redes<\/h2>\n<p><strong>Wifi mesh tp &#8211; link deco x55 ax3000 pack 3 unidades<\/strong><\/p>\n<\/div>\n<p style=\"max-width: 700px; margin: 0px auto 30px; font-size: 18px; line-height: 1.6; color: #555555; font-style: italic; text-align: left;\">Deco X55<br \/>Sistema Wi-Fi 6 Mesh AI Doble Banda AX3000<\/p>\n<p>Alta Velocidad Wi-Fi 6 de Doble Banda: Conexi\u00f3n de alta velocidad hasta 3.0 Gbps<br \/>4 streams, baja latencia. 22\/HT160 2402 Mbps + 22 574 Mbps<br \/>3 Puertos Gigabit. Conectividad por cable de alta velocidad<br \/>Amplia Cobertura sin cortes. Internet estable en toda la casa hasta 418m2<br \/>Red \u00fanica Wi-Fi Mesh AI. Todas las unidades Deco trabajan y aprenden juntas para formar una red unificada bajo un mismo nombre y contrase\u00f1a en toda la casa<br \/>TP-Link HomeShield. Prootecci\u00f3n integral de la red, controles parentales s\u00f3lidos y protecci\u00f3n IoT en tiempo real<br \/>F\u00e1cil configuraci\u00f3n y control. Configura tu sistema Wi-Fi 6 Mesh en pocos minutos con la App Deco<\/p>\n<p>Inal\u00e1mbricos<br \/>Est\u00e1ndares Wi-Fi 6<br \/>IEEE 802.11ax\/ac\/n\/a 5 GHz<br \/>IEEE 802.11ax\/n\/b\/g 2.4 GHz<br \/>Velocidades Wi-Fi AX3000<br \/>5 GHz: 2402 Mbps (802.11ax, HE160)<br \/>2.4 GHz: 574 Mbps (802.11ax)<br \/>Rango WiFi 4-6+ Bedroom Houses (3-pack)TP-Link Mesh Technology<br \/>Optional Ethernet backhaul work together to link Deco units to provide seamless coverage<\/p>\n<p>AI-Driven Mesh<br \/>Intelligently learns the network environment to provide ideal Wi-Fi unique to your home<\/p>\n<p>2 Antennas (Internal)<br \/>Multiple antennas form a signal-boosting array to cover more directions and large areas<\/p>\n<p>Beamforming<br \/>Concentrates wireless signal strength towards clients to expand WiFi range<br \/>Capacidad Wi-Fi HighDual-Band<br \/>Distribute devices to different bands for optimal performance<\/p>\n<p>22 MU-MIMO<br \/>Simultaneously communicates with multiple MU-MIMO clients<\/p>\n<p>OFDMA<br \/>Simultaneously communicates with multiple WiFi 6 clients<\/p>\n<p>4 Streams<br \/>More than enough bandwidth for connected devices<br \/>Modos de trabajo Router Mode<br \/>Access Point Mode<br \/>SEGURIDAD<br \/>Seguridad de Red SPI Firewall<br \/>Access Control<\/p>\n<p>HomeShield SecurityReal-Time IoT Protection<br \/>Malicious Site Blocker<br \/>Intrusion Prevention System<br \/>DDoS Attack Prevention<br \/>Home Network Scanner<br \/>Red de Invitados 1 5 GHz Guest Network<br \/>1 2.4 GHz Guest NetworkEffective Time<br \/>Bandwidth Control<br \/>Servidor VPN Open VPN Server<br \/>PPTP VPN Server<br \/>L2TP VPN Server<br \/>Cliente VPN Open VPN Client<br \/>PPTP VPN Client<br \/>L2TP VPN Client<br \/>Cifrado WiFi WPA-Personal<br \/>WPA2-Personal<br \/>WPA3-Personal<br \/>HARDWARE<br \/>Bot\u00f3n Reset Button<br \/>Puertos Ethernet 3 Gigabit Ports<\/p>\n<p>*Per Deco Unit<br \/>Supports WAN\/LAN auto-sensing<br \/>SOFTWARE<br \/>Caracter\u00edsticas avanzadas Reboot Schedule (*Note: Version 1.0 and 1.20 support this feature. Further software upgrades for feature availability may be required.)<br \/>Tapo\/Kasa onboarding<br \/>IoT network &#038; Device Isolation<br \/>Static Router Function<br \/>Node\/Band Connection Preference<br \/>Protocolos IPv4<br \/>IPv6<br \/>Kits de servicio HomeShield<br \/>Controles parentales HomeShield Parental ControlsYoutube Restriction<br \/>SafeSearch<br \/>Custom Profiles<br \/>Professional Content Filter Library<br \/>Family Time<br \/>Bedtime<br \/>Off Time<br \/>Time Rewards<br \/>Family Online Time Ranking<br \/>Pause the Internet<br \/>Weekly and Monthly Reports<br \/>Tipos de WAN Dynamic IP<br \/>Static IP<br \/>PPPoE<br \/>PPTP<br \/>L2TP<br \/>Calidad de servicio HomeShield QoSQoS by Device<br \/>Servicio de almacenamiento en la nube OTA Firmware Upgrade<br \/>TP-Link ID<br \/>DDNS<br \/>Reenv\u00edo NAT Port Forwarding<br \/>UPnP<br \/>IPTV IGMP Proxy<br \/>IGMP Snooping<br \/>Bridge<br \/>Tag VLAN<br \/>DHCP Address Reservation<br \/>DHCP Client List<br \/>Server<br \/>DDNS TP-Link<br \/>Gesti\u00f3n Deco App<br \/>DATOS DE PRUEBA<br \/>Potencia de transmisi\u00f3n WiFi CE:<br \/>&#038;lt,20 dBm (2.4 GHz)<br \/>&#038;lt,23 dBm (5 GHz)<br \/>FCC:<br \/>&#038;lt,30 dBm (2.4 GHz)<br \/>&#038;lt,30 dBm (5 GHz)<br \/>F\u00cdSICO<br \/>Dimensiones (An. Pr. Al.) 4.33 4.33 4.49 in<br \/>(110 110 114 mm)<br \/>Contenidos del paquete Deco X55 (1-pack)<br \/>1 Deco X55 unit<br \/>1 RJ45 Ethernet cable<br \/>1 Power adapter<br \/>1 Quick Installation Guide<\/p>\n<p>Deco X55 (2-pack)<br \/>2 Deco X55 units<br \/>1 RJ45 Ethernet cable<br \/>2 Power adapters<br \/>1 Quick Installation Guide<\/p>\n<p>Deco X55 (3-pack)<br \/>3 Deco X55 units<br \/>1 RJ45 Ethernet cable<br \/>3 Power adapters<br \/>1 Quick Installation Guide<br \/>Otros<br \/>Requisitos del sistema Android 5.0 or later<br \/>iOS 9.0 or later<br \/>*Note: The minimum system requirements will be updated alongside updates to the app, subject to official website information.<br \/>Certificaciones CE, FCC, RoHS, RCM<br \/>Ambiente Operating Temperature: 0C~40C (32F~104F)<br \/>Storage Temperature: -40C~70C (-40F~158F)<br \/>Operating Humidity: 10%~90% non-condensing<br \/>Storage Humidity: 5%~90% non-condensing<\/p>\n","protected":false},"excerpt":{"rendered":"<p>Wifi mesh tp &#8211; link deco x55 ax3000 pack 3 unidades<\/p>\n","protected":false},"featured_media":239441,"comment_status":"open","ping_status":"open","template":"","meta":{"_et_pb_use_builder":"","_et_pb_old_content":"","_et_gb_content_width":""},"product_brand":[3946],"product_cat":[3280,2058,3261,4053],"product_tag":[3283,3264,3948],"class_list":{"0":"post-239440","1":"product","2":"type-product","3":"status-publish","4":"has-post-thumbnail","6":"product_brand-tp-link","7":"product_cat-accesorios-redes","8":"product_cat-dispositivos","9":"product_cat-redes","10":"product_cat-tp-link-accesorios-redes","11":"product_tag-accesorios-redes","12":"product_tag-redes","13":"product_tag-tp-link","14":"product_shipping_class-2088","15":"pa_canon-digital-impuesto-incluido-de-0-e","16":"pa_categoria-redes","17":"pa_marca-tp-link","18":"pa_peso-4244","19":"pa_referencia-mgs0000022843","21":"first","22":"instock","23":"sale","24":"taxable","25":"shipping-taxable","26":"purchasable","27":"product-type-simple"},"_links":{"self":[{"href":"https:\/\/linkxa.es\/linkshop\/wp-json\/wp\/v2\/product\/239440","targetHints":{"allow":["GET"]}}],"collection":[{"href":"https:\/\/linkxa.es\/linkshop\/wp-json\/wp\/v2\/product"}],"about":[{"href":"https:\/\/linkxa.es\/linkshop\/wp-json\/wp\/v2\/types\/product"}],"replies":[{"embeddable":true,"href":"https:\/\/linkxa.es\/linkshop\/wp-json\/wp\/v2\/comments?post=239440"}],"wp:featuredmedia":[{"embeddable":true,"href":"https:\/\/linkxa.es\/linkshop\/wp-json\/wp\/v2\/media\/239441"}],"wp:attachment":[{"href":"https:\/\/linkxa.es\/linkshop\/wp-json\/wp\/v2\/media?parent=239440"}],"wp:term":[{"taxonomy":"product_brand","embeddable":true,"href":"https:\/\/linkxa.es\/linkshop\/wp-json\/wp\/v2\/product_brand?post=239440"},{"taxonomy":"product_cat","embeddable":true,"href":"https:\/\/linkxa.es\/linkshop\/wp-json\/wp\/v2\/product_cat?post=239440"},{"taxonomy":"product_tag","embeddable":true,"href":"https:\/\/linkxa.es\/linkshop\/wp-json\/wp\/v2\/product_tag?post=239440"}],"curies":[{"name":"wp","href":"https:\/\/api.w.org\/{rel}","templated":true}]}}