{"id":239443,"date":"2025-10-17T02:25:04","date_gmt":"2025-10-17T02:25:04","guid":{"rendered":"https:\/\/linkxa.es\/contratacion\/producto\/wifi-mesh-tp-link-deco-x55-ax3000-2\/"},"modified":"2025-12-08T13:08:41","modified_gmt":"2025-12-08T13:08:41","slug":"wifi-mesh-tp-link-deco-x55-ax3000-2","status":"publish","type":"product","link":"https:\/\/linkxa.es\/linkshop\/producto\/wifi-mesh-tp-link-deco-x55-ax3000-2\/","title":{"rendered":"Wifi mesh tp &#8211; link deco x55 ax3000"},"content":{"rendered":"<div style=\"text-align: center; margin-bottom: 20px;\">\n<h2 style=\"font-size: 22px; font-weight: 600; margin: 0; color: #333;\">Tp &#8211; link\u00a0|\u00a0 Accesorios redes<\/h2>\n<p><strong>Wifi mesh tp &#8211; link deco x55 ax3000 pack 2 unidades<\/strong><\/p>\n<\/div>\n<p style=\"max-width: 700px; margin: 0px auto 30px; font-size: 18px; line-height: 1.6; color: #555555; font-style: italic; text-align: left;\">Deco X55<br \/>Sistema Wi-Fi 6 Mesh AI Doble Banda AX3000<\/p>\n<p>Alta Velocidad Wi-Fi 6 de Doble Banda: Conexi\u00f3n de alta velocidad hasta 3.0 Gbps<br \/>4 streams, baja latencia. 22\/HT160 2402 Mbps + 22 574 Mbps<br \/>3 Puertos Gigabit. Conectividad por cable de alta velocidad<br \/>Amplia Cobertura sin cortes. Internet estable en toda la casa hasta 418m2<br \/>Red \u00fanica Wi-Fi Mesh AI. Todas las unidades Deco trabajan y aprenden juntas para formar una red unificada bajo un mismo nombre y contrase\u00f1a en toda la casa<br \/>TP-Link HomeShield: brinda protecci\u00f3n integral de la red, controles parentales s\u00f3lidos y protecci\u00f3n IoT en tiempo real<br \/>F\u00e1cil configuraci\u00f3n y control. Configura tu sistema Wi-Fi 6 Mesh en pocos minutos con la App Deco<\/p>\n<p>Inal\u00e1mbricos<br \/>Est\u00e1ndares Wi-Fi 6<br \/>IEEE 802.11ax\/ac\/n\/a 5 GHz<br \/>IEEE 802.11ax\/n\/b\/g 2.4 GHz<br \/>Velocidades Wi-Fi AX3000<br \/>5 GHz: 2402 Mbps (802.11ax, HE160)<br \/>2.4 GHz: 574 Mbps (802.11ax)<br \/>Rango WiFi Casas de 3-4 habitaciones (paquete de 2) Tecnolog\u00eda de malla TP-Link<br \/>El backhaul Ethernet opcional funciona en conjunto para vincular las unidades Deco y brindar una cobertura perfecta<\/p>\n<p>Malla impulsada por IA<br \/>Aprende de forma inteligente el entorno de la red para proporcionar Wi-Fi ideal exclusivo para su hogar<\/p>\n<p>2 antenas (internas)<br \/>M\u00faltiples antenas forman un conjunto de refuerzo de se\u00f1al para cubrir m\u00e1s direcciones y \u00e1reas grandes<\/p>\n<p>formaci\u00f3n de haces<br \/>Concentra la fuerza de la se\u00f1al inal\u00e1mbrica hacia los clientes para expandir el rango WiFi<br \/>Capacidad Wi-Fi Alta Doble banda<br \/>Distribuya dispositivos a diferentes bandas para un rendimiento \u00f3ptimo<\/p>\n<p>2 2 MU-MIMO<br \/>Se comunica simult\u00e1neamente con m\u00faltiples clientes MU-MIMO<\/p>\n<p>OFDMA<br \/>Se comunica simult\u00e1neamente con m\u00faltiples clientes WiFi 6<\/p>\n<p>4 flujos<br \/>Ancho de banda m\u00e1s que suficiente para los dispositivos conectados<br \/>Modos de trabajo Modo de enrutador<br \/>Modo de punto de acceso<br \/>SEGURIDAD<br \/>Seguridad de Red Cortafuegos SPI<br \/>Control de acceso<\/p>\n<p>HomeShield Security Protecci\u00f3n IoT en tiempo real<br \/>Bloqueador de sitios maliciosos<br \/>Sistema de Prevenci\u00f3n de Intrusi\u00f3n<br \/>Prevenci\u00f3n de ataques DDoS<br \/>Esc\u00e1ner de red dom\u00e9stica<br \/>Red de Invitados Red de invitados de 1 5 GHz<br \/>1 red de invitados de 2,4 GHz<br \/>Servidor VPN Open VPN Server<br \/>PPTP VPN Server<br \/>L2TP VPN Server<br \/>Cliente VPN Open VPN Client<br \/>PPTP VPN Client<br \/>L2TP VPN Client<br \/>Cifrado WiFi WPA-Personal<br \/>WPA2-Personal<br \/>WPA3-Personal<br \/>HARDWARE<br \/>Bot\u00f3n Bot\u00f3n de reset<br \/>Puertos Ethernet 3 puertos Gigabit<\/p>\n<p>* Para unidad Deco<br \/>Admite detecci\u00f3n autom\u00e1tica de WAN\/LAN<br \/>SOFTWARE<br \/>Caracter\u00edsticas avanzadas &#8211; Calendario de Reinicios (*Nota: Las versiones 1.0 y 1.20 soportan esta funci\u00f3n. Pueden ser necesarias otras actualizaciones de software para la disponibilidad de la funci\u00f3n).<br \/>&#8211; Funcionamiento en Conjunto Tapo\/Kasa<br \/>&#8211; Aislamiento de redes y dispositivos IoT<br \/>&#8211; Funci\u00f3n de enrutador est\u00e1tico<br \/>&#8211; Preferencia de Conexi\u00f3n Nodo\/Banda<br \/>Protocolos IPv4<br \/>IPv6<br \/>Kits de servicio HomeShield<br \/>Controles parentales Controles parentales de HomeShield Perfiles personalizados<br \/>Biblioteca de filtros de contenido profesional<br \/>Tiempo familiar<br \/>Hora de acostarse<br \/>Fuera de tiempo<br \/>Recompensas de tiempo<br \/>Clasificaci\u00f3n de tiempo en l\u00ednea de la familia<br \/>pausar internet<br \/>Informes semanales y mensuales<br \/>Tipos de WAN IP din\u00e1mica<br \/>IP est\u00e1tica<br \/>PPPoE<br \/>PPTP<br \/>L2TP<br \/>Calidad de servicio QoS de HomeShield QoS por dispositivo<br \/>Servicio de almacenamiento en la nube Actualizaci\u00f3n de firmware OTA<br \/>Identificaci\u00f3n de TP-Link<br \/>DDNS<br \/>Reenv\u00edo NAT Reenv\u00edo de puertos<br \/>UPnP<br \/>IPTV Proxy IGMP<br \/>Indagaci\u00f3n IGMP<br \/>Puente<br \/>etiqueta VLAN<br \/>DHCP Direcci\u00f3n de reservas<br \/>Lista de clientes DHCP<br \/>Servidor<br \/>DDNS TP-Link<br \/>Gesti\u00f3n Deco App<br \/>DATOS DE PRUEBA<br \/>Potencia de transmisi\u00f3n WiFi CE:<br \/>&#038;lt,20 dBm (2.4 GHz)<br \/>&#038;lt,23 dBm (5 GHz)<br \/>FCC:<br \/>&#038;lt,30 dBm (2.4 GHz)<br \/>&#038;lt,30 dBm (5 GHz)<br \/>F\u00cdSICO<br \/>Dimensiones (An. Pr. Al.) 4.33 4.33 4.49 in<br \/>(110 110 114 mm)<br \/>Contenidos del paquete Deco X55 (paquete de 1)<br \/>1 unidad Deco X55<br \/>1 cable Ethernet RJ45<br \/>1 adaptador de corriente<br \/>1 Gu\u00eda de instalaci\u00f3n r\u00e1pida<\/p>\n<p>Deco X55 (paquete de 2)<br \/>2 unidades Deco X55<br \/>1 cable Ethernet RJ45<br \/>2 adaptadores de corriente<br \/>1 Gu\u00eda de instalaci\u00f3n r\u00e1pida<\/p>\n<p>Deco X55 (paquete de 3)<br \/>3 unidades Deco X55<br \/>1 cable Ethernet RJ45<br \/>3 adaptadores de corriente<br \/>1 Gu\u00eda de instalaci\u00f3n r\u00e1pida<br \/>Otros<br \/>Requisitos del sistema Android 5.0 or later<br \/>iOS 9.0 or later<br \/>*Note: The minimum system requirements will be updated alongside updates to the app, subject to official website information.<br \/>Certificaciones CE, FCC, RoHS, RCM<br \/>Ambiente Temperatura de funcionamiento: 0 C ~ 40 C (32 F ~ 104 F)<br \/>Temperatura de almacenamiento: -40 C ~ 70 C (-40 F ~ 158 F)<br \/>Humedad de funcionamiento: 10 % ~ 90 % sin condensaci\u00f3n<br \/>Humedad de almacenamiento: 5 % ~ 90 % sin condensaci\u00f3n<\/p>\n","protected":false},"excerpt":{"rendered":"<p>Wifi mesh tp &#8211; link deco x55 ax3000 pack 2 unidades<\/p>\n","protected":false},"featured_media":239444,"comment_status":"open","ping_status":"open","template":"","meta":{"_et_pb_use_builder":"","_et_pb_old_content":"","_et_gb_content_width":""},"product_brand":[3946],"product_cat":[3280,2058,3261,4053],"product_tag":[3283,3264,3948],"class_list":{"0":"post-239443","1":"product","2":"type-product","3":"status-publish","4":"has-post-thumbnail","6":"product_brand-tp-link","7":"product_cat-accesorios-redes","8":"product_cat-dispositivos","9":"product_cat-redes","10":"product_cat-tp-link-accesorios-redes","11":"product_tag-accesorios-redes","12":"product_tag-redes","13":"product_tag-tp-link","14":"product_shipping_class-2088","15":"pa_canon-digital-impuesto-incluido-de-0-e","16":"pa_categoria-redes","17":"pa_marca-tp-link","18":"pa_peso-4080","19":"pa_referencia-mgs0000022846","21":"first","22":"instock","23":"sale","24":"taxable","25":"shipping-taxable","26":"purchasable","27":"product-type-simple"},"_links":{"self":[{"href":"https:\/\/linkxa.es\/linkshop\/wp-json\/wp\/v2\/product\/239443","targetHints":{"allow":["GET"]}}],"collection":[{"href":"https:\/\/linkxa.es\/linkshop\/wp-json\/wp\/v2\/product"}],"about":[{"href":"https:\/\/linkxa.es\/linkshop\/wp-json\/wp\/v2\/types\/product"}],"replies":[{"embeddable":true,"href":"https:\/\/linkxa.es\/linkshop\/wp-json\/wp\/v2\/comments?post=239443"}],"wp:featuredmedia":[{"embeddable":true,"href":"https:\/\/linkxa.es\/linkshop\/wp-json\/wp\/v2\/media\/239444"}],"wp:attachment":[{"href":"https:\/\/linkxa.es\/linkshop\/wp-json\/wp\/v2\/media?parent=239443"}],"wp:term":[{"taxonomy":"product_brand","embeddable":true,"href":"https:\/\/linkxa.es\/linkshop\/wp-json\/wp\/v2\/product_brand?post=239443"},{"taxonomy":"product_cat","embeddable":true,"href":"https:\/\/linkxa.es\/linkshop\/wp-json\/wp\/v2\/product_cat?post=239443"},{"taxonomy":"product_tag","embeddable":true,"href":"https:\/\/linkxa.es\/linkshop\/wp-json\/wp\/v2\/product_tag?post=239443"}],"curies":[{"name":"wp","href":"https:\/\/api.w.org\/{rel}","templated":true}]}}