{"id":239446,"date":"2025-04-18T11:28:54","date_gmt":"2025-04-18T11:28:54","guid":{"rendered":"https:\/\/linkxa.es\/contratacion\/producto\/wifi-mesh-tp-link-deco-x10-ax1500\/"},"modified":"2025-12-08T13:09:08","modified_gmt":"2025-12-08T13:09:08","slug":"wifi-mesh-tp-link-deco-x10-ax1500","status":"publish","type":"product","link":"https:\/\/linkxa.es\/linkshop\/producto\/wifi-mesh-tp-link-deco-x10-ax1500\/","title":{"rendered":"Wifi mesh tp &#8211; link deco x10 ax1500"},"content":{"rendered":"<div style=\"text-align: center; margin-bottom: 20px;\">\n<h2 style=\"font-size: 22px; font-weight: 600; margin: 0; color: #333;\">Tp &#8211; link\u00a0|\u00a0 Accesorios redes<\/h2>\n<p><strong>Wifi mesh tp &#8211; link deco x10 ax1500 pack 3 unidades<\/strong><\/p>\n<\/div>\n<p style=\"max-width: 700px; margin: 0px auto 30px; font-size: 18px; line-height: 1.6; color: #555555; font-style: italic; text-align: left;\">Deco X10<br \/>Sistema Deco Wi-Fi 6 Mesh AX1500<\/p>\n<p>Alta Velocidad Wi-Fi 6 de Doble Banda. Hasta 1,5Gbps, alcanzado 1201Mbps en 5GHz y 300Mbps en 2,4GHz.<br \/>Conecta m\u00e1s Dispositivos. Las tecnolog\u00edas OFDMA y MU-MIMO permiten conectar a la vez hasta 120 dispositivos.<br \/>Cobertura en toda la casa. La tecnolog\u00eda Deco Wi-Fi 6 Mesh lleva la se\u00f1al de internet a todos los rincones hasta 360m2.<br \/>Latencia ultrabaja. Ideal para videojuegos y realizar videollamas sin retrasos ni lag.<br \/>Wi-Fi Mesh con AI. El sistema Deco aprende del entorno de la red para mejorar la conectividad de casa.<br \/>Seguridad Avanzada. Protege la red, los dispositivos conectados y todo lo que hay en ellos con el cifrado WPA3.*<br \/>F\u00e1cil Configuraci\u00f3n. Controla todo tu sistema Wi-Fi 6 Mesh en pocos pasos con la App Deco.<\/p>\n<p>Inal\u00e1mbricos<br \/>Est\u00e1ndares Wi-Fi 6<br \/>IEEE 802.11ax\/ac\/n\/a 5 GHz<br \/>IEEE 802.11n\/b\/g 2,4 GHz<br \/>Velocidades Wi-Fi AX1500<br \/>5 GHz: 1201 Mbps (802.11ax)<br \/>2,4 GHz: 300 Mbps (802.11n)<br \/>Rango WiFi Casas de 1 a 2 dormitorios ( pack de 1)<br \/>Casas de 2-4 dormitorios ( pack de 2)<br \/>Casas de 3-5 dormitorios ( pack de 3)Tecnolog\u00eda de malla PT-Link<br \/>El backhaul Ethernet opcional trabaja conjuntamente para enlazar las unidades Deco y proporcionar una cobertura sin fisuras<\/p>\n<p>2 Antenas (internas)<br \/>Varias antenas forman un conjunto que potencia la se\u00f1al para cubrir m\u00e1s direcciones y \u00e1reas m\u00e1s amplias<\/p>\n<p>Tecnolog\u00eda Beamforming<br \/>Concentra la intensidad de la se\u00f1al inal\u00e1mbrica hacia los clientes para ampliar el alcance Wi-Fi<br \/>Capacidad Wi-Fi AltaDoble banda<br \/>Distribuye los dispositivos en diferentes bandas para un rendimiento \u00f3ptimo<\/p>\n<p>22 MU-MIMO<br \/>Se comunica simult\u00e1neamente con varios clientes MU-MIMO<\/p>\n<p>OFDMA<br \/>Se comunica simult\u00e1neamente con m\u00faltiples clientes WiFi 6<\/p>\n<p>4 Streams<br \/>Ancho de banda m\u00e1s que suficiente para los dispositivos conectados<br \/>Modos de trabajo Modo Router<br \/>Modo Punto de Acceso<br \/>SEGURIDAD<br \/>Seguridad de Red Firewall SPI<br \/>Control de acceso<br \/>Red de Invitados 1 Red de invitados 5 GHz<br \/>1 Red de invitados 2,4 GHz<br \/>Cifrado WiFi WPA-Personal<br \/>WPA2-Personal<br \/>WPA3-Personal<br \/>HARDWARE<br \/>Puertos Ethernet 2 Puertos Gigabit<\/p>\n<p>*Por Unidad Deco<br \/>Soporta auto-detecci\u00f3n WAN\/LAN<br \/>Botones Bot\u00f3n de reset<br \/>SOFTWARE<br \/>Protocolos IPv4<br \/>IPv6<br \/>Controles parentales Control parentalPerfiles personalizados<br \/>Biblioteca profesional de filtros de contenido<br \/>Tiempo en familia<br \/>Hora de acostarse<br \/>Tiempo libre<br \/>Recompensas de tiempo<br \/>Clasificaci\u00f3n del Tiempo Familiar en Internet<br \/>Pausa Internet<br \/>Informes semanales y mensuales<br \/>Tipos de WAN IP din\u00e1mica<br \/>IP est\u00e1tica<br \/>PPPoE<br \/>PPTP<br \/>L2TP<br \/>Calidad de servicio QoS por Dispositivo<br \/>Servicio de almacenamiento en la nube Actualizaci\u00f3n de firmware OTA<br \/>TP-Link ID<br \/>DDNS<br \/>Reenv\u00edo NAT Reenv\u00edo de puertos<br \/>UPnP<br \/>IPTV IGMP Proxy<br \/>IGMP Snooping<br \/>Bridge<br \/>Tag VLAN<br \/>DHCP Reserva de direcciones<br \/>Lista de clientes DHCP<br \/>Servidor<br \/>DDNS TP-Link<br \/>Gesti\u00f3n App Deco<br \/>DATOS DE PRUEBA<br \/>Potencia de transmisi\u00f3n WiFi CE:<br \/>&#038;lt,20 dBm (2,4 GHz)<br \/>&#038;lt,30 dBm (5 GHz)<br \/>FCC:<br \/>&#038;lt,30 dBm (2,4 GHz)<br \/>&#038;lt,30 dBm (5 GHz)<br \/>F\u00cdSICO<br \/>Dimensiones (An. Pr. Al.) 110 110 114 mm<br \/>Otros<br \/>Requisitos del sistema Android 5.0 o posterior<\/p>\n<p>iOS 9.0 o posterior<\/p>\n<p>*Nota: Los requisitos m\u00ednimos del sistema se actualizar\u00e1n junto con las actualizaciones de la aplicaci\u00f3n, de acuerdo con la informaci\u00f3n del sitio web oficial.<br \/>Certificaciones CE, FCC, RoHS, JPA, JRF, VCCI, NCC, BSMI<br \/>Ambiente Temperatura de funcionamiento: 0~40 (32 ~104)<br \/>Temperatura de almacenamiento: -40~60 (-40 ~140)<br \/>Humedad de funcionamiento: 10%~90% sin condensaci\u00f3n.<br \/>Humedad de almacenamiento: 5%~90% sin condensaci\u00f3n.<\/p>\n","protected":false},"excerpt":{"rendered":"<p>Wifi mesh tp &#8211; link deco x10 ax1500 pack 3 unidades<\/p>\n","protected":false},"featured_media":239447,"comment_status":"open","ping_status":"open","template":"","meta":{"_et_pb_use_builder":"","_et_pb_old_content":"","_et_gb_content_width":""},"product_brand":[3946],"product_cat":[3280,2058,3261,4053],"product_tag":[3283,3264,3948],"class_list":{"0":"post-239446","1":"product","2":"type-product","3":"status-publish","4":"has-post-thumbnail","6":"product_brand-tp-link","7":"product_cat-accesorios-redes","8":"product_cat-dispositivos","9":"product_cat-redes","10":"product_cat-tp-link-accesorios-redes","11":"product_tag-accesorios-redes","12":"product_tag-redes","13":"product_tag-tp-link","14":"product_shipping_class-2088","15":"pa_canon-digital-impuesto-incluido-de-0-e","16":"pa_categoria-redes","17":"pa_marca-tp-link","18":"pa_peso-4247","19":"pa_referencia-mgs0000022848","21":"first","22":"instock","23":"sale","24":"taxable","25":"shipping-taxable","26":"purchasable","27":"product-type-simple"},"_links":{"self":[{"href":"https:\/\/linkxa.es\/linkshop\/wp-json\/wp\/v2\/product\/239446","targetHints":{"allow":["GET"]}}],"collection":[{"href":"https:\/\/linkxa.es\/linkshop\/wp-json\/wp\/v2\/product"}],"about":[{"href":"https:\/\/linkxa.es\/linkshop\/wp-json\/wp\/v2\/types\/product"}],"replies":[{"embeddable":true,"href":"https:\/\/linkxa.es\/linkshop\/wp-json\/wp\/v2\/comments?post=239446"}],"wp:featuredmedia":[{"embeddable":true,"href":"https:\/\/linkxa.es\/linkshop\/wp-json\/wp\/v2\/media\/239447"}],"wp:attachment":[{"href":"https:\/\/linkxa.es\/linkshop\/wp-json\/wp\/v2\/media?parent=239446"}],"wp:term":[{"taxonomy":"product_brand","embeddable":true,"href":"https:\/\/linkxa.es\/linkshop\/wp-json\/wp\/v2\/product_brand?post=239446"},{"taxonomy":"product_cat","embeddable":true,"href":"https:\/\/linkxa.es\/linkshop\/wp-json\/wp\/v2\/product_cat?post=239446"},{"taxonomy":"product_tag","embeddable":true,"href":"https:\/\/linkxa.es\/linkshop\/wp-json\/wp\/v2\/product_tag?post=239446"}],"curies":[{"name":"wp","href":"https:\/\/api.w.org\/{rel}","templated":true}]}}