{"id":239449,"date":"2025-01-06T02:44:11","date_gmt":"2025-01-06T02:44:11","guid":{"rendered":"https:\/\/linkxa.es\/contratacion\/producto\/wifi-mesh-tp-link-deco-x50-5g-ax3000\/"},"modified":"2025-12-08T13:10:10","modified_gmt":"2025-12-08T13:10:10","slug":"wifi-mesh-tp-link-deco-x50-5g-ax3000","status":"publish","type":"product","link":"https:\/\/linkxa.es\/linkshop\/producto\/wifi-mesh-tp-link-deco-x50-5g-ax3000\/","title":{"rendered":"Wifi mesh tp &#8211; link deco x50 &#8211; 5g ax3000"},"content":{"rendered":"<div style=\"text-align: center; margin-bottom: 20px;\">\n<h2 style=\"font-size: 22px; font-weight: 600; margin: 0; color: #333;\">Tp &#8211; link\u00a0|\u00a0 Accesorios redes<\/h2>\n<p><strong>Wifi mesh tp &#8211; link deco x50 &#8211; 5g ax3000<\/strong><\/p>\n<\/div>\n<p style=\"max-width: 700px; margin: 0px auto 30px; font-size: 18px; line-height: 1.6; color: #555555; font-style: italic; text-align: left;\">Deco X50-5G<br \/>Sistema Deco X50-5G Wi-Fi 6 Mesh AI AX3000<\/p>\n<p>Conexi\u00f3n 5G ultrarr\u00e1pida. La tecnolog\u00eda 5G Sub-6 GHz aumenta la velocidad hasta 5,0 Gbps**<br \/>Wi-Fi 6 de doble banda AX3000. Hasta 2402 Mbps en 5GHz y 574 Mbps en 2,4GHz.(1)<br \/>Puertos Multigigabit 2,5 Gigabit. Conecta por cable tus dispositivos con un puerto de 2,5 Gbps y otro Gigabit (2)<br \/>Deco Wi-Fi 6 Mesh. La tecnolog\u00eda Deco crea una se\u00f1al Wi-Fi estable en toda la casa con un \u00fanico nombre de red y contrase\u00f1a (3)<br \/>COmpatible con redes 5G. Acceso a Internet de l\u00ednea fija<br \/>F\u00e1cil Configuraci\u00f3n. Conecta la tarjeta SIM y controla todo tu sistema Wi-Fi 6 Mesh en pocos pasos con la App Deco.<br \/>Configuraci\u00f3n simplificada : configure y administre f\u00e1cilmente su red con la aplicaci\u00f3n TP-Link Deco<br \/>Seguidad avanzada. Protege la red, los dispositivos conectados y todo lo que hay en ellos con TP-Link HomeShield y el cifrado WPA3*<br \/>Latencia ultrabaja 5G. Crea conexiones r\u00e1pidas con solo 1ms de latencia, ideal para el gaming.**<\/p>\n<p>Inal\u00e1mbricos<br \/>Est\u00e1ndares Wi-Fi 6<br \/>IEEE 802.11ax\/ac\/n\/a 5 GHz<br \/>IEEE 802.11ax\/n\/b\/g 2.4 GHz<br \/>Velocidades Wi-Fi AX3000<br \/>5 GHz: 2402 Mbps (802.11ax)<br \/>2.4 GHz: 574 Mbps (802.11ax)<br \/>Rango WiFi Casas de 1 a 3 habitaciones (paquete de 1)Tecnolog\u00eda de malla TP-Link<br \/>El backhaul Ethernet opcional funciona en conjunto para vincular las unidades Deco y brindar una cobertura perfecta<\/p>\n<p>4 antenas internas LTE\/5G + 2 antenas internas Wi-Fi<br \/>+ 2 interfaz de antena externa RP-SMA-F<br \/>M\u00faltiples antenas forman un conjunto de refuerzo de se\u00f1al para cubrir m\u00e1s direcciones y \u00e1reas grandes<\/p>\n<p>Formato de tarjeta SIM: Nano-SIM<br \/>Capacidad Wi-Fi AltaDoble banda<br \/>Distribuya dispositivos a diferentes bandas para un rendimiento \u00f3ptimo<\/p>\n<p>MU-MIMO<br \/>Se comunica simult\u00e1neamente con m\u00faltiples clientes MU-MIMO<\/p>\n<p>OFDMA<br \/>Se comunica simult\u00e1neamente con m\u00faltiples clientes WiFi 6<\/p>\n<p>4 flujos<br \/>Ancho de banda m\u00e1s que suficiente para los dispositivos conectados<br \/>Modos de trabajo Enrutador 5G\/4G, enrutador, punto de acceso<br \/>SEGURIDAD<br \/>Seguridad de Red Cortafuegos SPI<br \/>Control de acceso<\/p>\n<p>Seguridad HomeShieldProtecci\u00f3n IoT en tiempo real<br \/>Bloqueador de sitios maliciosos<br \/>Sistema de Prevenci\u00f3n de Intrusi\u00f3n<br \/>Prevenci\u00f3n de ataques DDoS<br \/>Esc\u00e1ner de red dom\u00e9stica<br \/>Red de Invitados 1 red de invitados de 5 GHz<br \/>1 red de invitados de 2,4 GHz<br \/>Cifrado WiFi WPA-Personal<br \/>WPA2-Personal<br \/>WPA3-Personal<br \/>HARDWARE<br \/>Puertos y Conexiones 1 puerto de 2,5 Gigabit + 2 puertos de 1 Gigabit<br \/>(detecci\u00f3n autom\u00e1tica de WAN\/LAN)<\/p>\n<p>Compatibilidad<br \/>5G: N1\/N3\/N5\/N7\/N8\/N20\/N28\/N38\/N40\/N41\/N77\/N78<br \/>4G FDD-LTE: B1\/B3\/B5\/B7\/B8\/B20\/B28<br \/>4G TDD-LTE: B38\/B40\/B41\/B42\/B43<br \/>3G: B1\/B5\/B8<br \/>SOFTWARE<br \/>Protocolos IPv4<br \/>IPv6<br \/>Kit de servicio HomeShield<br \/>Tipos de WAN IP din\u00e1mica<br \/>IP est\u00e1tica<br \/>PPPoE<br \/>L2TP<br \/>PPTP<br \/>Calidad de servicio HomeShield QoSQoS por dispositivo<br \/>Servicio de almacenamiento en la nube Actualizaci\u00f3n de firmware OTA<br \/>Identificaci\u00f3n de TP-Link<br \/>DDNS<br \/>Reenv\u00edo NAT Reenv\u00edo de puertos<br \/>UPnP<br \/>IPTV IGMP Proxy<br \/>IGMP Snooping<br \/>Bridge<br \/>Tag VLAN<br \/>DHCP Reserva de direcciones<br \/>Lista de clientes DHCP<br \/>Servidor<br \/>DDNS TP-Link<br \/>Gesti\u00f3n Deco App<br \/>DATOS DE PRUEBA<br \/>Potencia de transmisi\u00f3n WiFi CE:<br \/>20 dBm (2.4 GHz),<br \/>23 dBm (5 GHz)<br \/>F\u00cdSICO<br \/>Dimensiones (An. Pr. Al.) 8.3 5.1 4.8 in<br \/>(210.5 130 123mm)<br \/>Otros<br \/>Certificaciones RoHS, CE, RCM<br \/>Contenido del Paquete 1 paquete<br \/>1 unidad Deco X50-5G<br \/>1 cable Ethernet RJ45<br \/>1 adaptador de corriente<br \/>Gu\u00eda de Instalaci\u00f3n R\u00e1pida<br \/>Factores Ambientales Temperatura de funcionamiento: 0C~40C (32F~104F)<br \/>Temperatura de almacenamiento: -40C~60C (-40F~140F)<br \/>Humedad de funcionamiento: 10 %~90 % HR<br \/>Humedad de almacenamiento: 5%~90% HR<\/p>\n","protected":false},"excerpt":{"rendered":"<p>Wifi mesh tp &#8211; link deco x50 &#8211; 5g ax3000<\/p>\n","protected":false},"featured_media":239450,"comment_status":"open","ping_status":"open","template":"","meta":{"_et_pb_use_builder":"","_et_pb_old_content":"","_et_gb_content_width":""},"product_brand":[3946],"product_cat":[3280,2058,3261,4053],"product_tag":[3283,3264,3948],"class_list":{"0":"post-239449","1":"product","2":"type-product","3":"status-publish","4":"has-post-thumbnail","6":"product_brand-tp-link","7":"product_cat-accesorios-redes","8":"product_cat-dispositivos","9":"product_cat-redes","10":"product_cat-tp-link-accesorios-redes","11":"product_tag-accesorios-redes","12":"product_tag-redes","13":"product_tag-tp-link","14":"product_shipping_class-2088","15":"pa_canon-digital-impuesto-incluido-de-0-e","16":"pa_categoria-redes","17":"pa_marca-tp-link","18":"pa_peso-4251","19":"pa_referencia-mgs0000022850","21":"first","22":"instock","23":"sale","24":"taxable","25":"shipping-taxable","26":"purchasable","27":"product-type-simple"},"_links":{"self":[{"href":"https:\/\/linkxa.es\/linkshop\/wp-json\/wp\/v2\/product\/239449","targetHints":{"allow":["GET"]}}],"collection":[{"href":"https:\/\/linkxa.es\/linkshop\/wp-json\/wp\/v2\/product"}],"about":[{"href":"https:\/\/linkxa.es\/linkshop\/wp-json\/wp\/v2\/types\/product"}],"replies":[{"embeddable":true,"href":"https:\/\/linkxa.es\/linkshop\/wp-json\/wp\/v2\/comments?post=239449"}],"wp:featuredmedia":[{"embeddable":true,"href":"https:\/\/linkxa.es\/linkshop\/wp-json\/wp\/v2\/media\/239450"}],"wp:attachment":[{"href":"https:\/\/linkxa.es\/linkshop\/wp-json\/wp\/v2\/media?parent=239449"}],"wp:term":[{"taxonomy":"product_brand","embeddable":true,"href":"https:\/\/linkxa.es\/linkshop\/wp-json\/wp\/v2\/product_brand?post=239449"},{"taxonomy":"product_cat","embeddable":true,"href":"https:\/\/linkxa.es\/linkshop\/wp-json\/wp\/v2\/product_cat?post=239449"},{"taxonomy":"product_tag","embeddable":true,"href":"https:\/\/linkxa.es\/linkshop\/wp-json\/wp\/v2\/product_tag?post=239449"}],"curies":[{"name":"wp","href":"https:\/\/api.w.org\/{rel}","templated":true}]}}