{"id":239452,"date":"2025-10-06T01:12:08","date_gmt":"2025-10-06T01:12:08","guid":{"rendered":"https:\/\/linkxa.es\/contratacion\/producto\/wifi-mesh-tp-link-deco-m4-3\/"},"modified":"2025-12-08T13:10:37","modified_gmt":"2025-12-08T13:10:37","slug":"wifi-mesh-tp-link-deco-m4-3","status":"publish","type":"product","link":"https:\/\/linkxa.es\/linkshop\/producto\/wifi-mesh-tp-link-deco-m4-3\/","title":{"rendered":"Wifi mesh tp link deco m4"},"content":{"rendered":"<div style=\"text-align: center; margin-bottom: 20px;\">\n<h2 style=\"font-size: 22px; font-weight: 600; margin: 0; color: #333;\">Tp &#8211; link\u00a0|\u00a0 Accesorios redes<\/h2>\n<p><strong>Wifi mesh tp link deco m4 ac1200<\/strong><\/p>\n<\/div>\n<p style=\"max-width: 700px; margin: 0px auto 30px; font-size: 18px; line-height: 1.6; color: #555555; font-style: italic; text-align: left;\">Sistema Wi-Fi Mesh Inteligente de Doble Banda AC1200<\/p>\n<p>Cobertura en toda la casa sin cortes. La tecnolog\u00eda Wi-Fi Mesh de Deco permite llevar la se\u00f1al de internet fuerte y estable a todos los rincones de la casa hasta 140m2.<br \/>Alta Velocidad Wi-Fi Doble Banda AC1200. Alcanza velocidades de hasta 1167 Mbps.<br \/>Red \u00fanica Wi-Fi en toda la casa. Las unidades Deco trabajan para formar una red unificada bajo un mismo nombre y contrase\u00f1a en toda la casa.<br \/>Conecta hasta 100 dispositivos. Deco optimiza la se\u00f1al Wi-Fi proporcionando conexiones sin cortes para un m\u00e1ximo de 100 dispositivos a la vez.<br \/>Controles parentales potentes. Administra el tiempo de conexi\u00f3n y bloquea el contenido inapropiado para cada miembro de la familia.<br \/>F\u00e1cil Configuraci\u00f3n. Configura tu sistema Deco en pocos minutos con la App Deco<\/p>\n<p>Inal\u00e1mbricos<br \/>Est\u00e1ndares Wi-Fi 5<br \/>IEEE 802.11ac\/n\/a 5 GHz<br \/>IEEE 802.11n\/b\/g 2.4 GHz<br \/>Velocidades Wi-Fi AC1200<br \/>5 GHz: 867 Mbps (802.11ac)<br \/>2.4 GHz: 300 Mbps (802.11n<br \/>Rango WiFi Casas de 3 a 5 dormitorios (paquete de 3) Tecnolog\u00eda de malla TP-Link<br \/>El backhaul Ethernet opcional funciona en conjunto para vincular las unidades Deco y brindar una cobertura perfecta<\/p>\n<p>2 antenas (internas)<br \/>Varias antenas forman una matriz de refuerzo de se\u00f1al para cubrir m\u00e1s direcciones y \u00e1reas grandes<\/p>\n<p>Beamforming<br \/>Concentra la intensidad de la se\u00f1al inal\u00e1mbrica hacia los clientes para ampliar el alcance de WiFi<br \/>Capacidad Wi-Fi Media Doble banda<br \/>Distribuya dispositivos a diferentes bandas para un rendimiento \u00f3ptimo<\/p>\n<p>MU-MIMO<br \/>Silmult\u00e1neamente se comunica con m\u00faltiples clientes MU-MIMO<br \/>Modos de trabajo Modo router<br \/>Modo punto de acceso<br \/>SEGURIDAD<br \/>Seguridad de Red Cortafuegos SPI<br \/>Control de acceso<br \/>Red de Invitados Red de invitados de 1 5 GHz<br \/>1 red de invitados de 2,4 GHz<br \/>Cifrado WiFi WPA-Personal<br \/>WPA2-Personal<br \/>HARDWARE<br \/>Puertos Ethernet 2 puertos Gigabit<\/p>\n<p>* Por unidad deco<br \/>Admite detecci\u00f3n autom\u00e1tica de WAN \/ LAN<br \/>Botones Bot\u00f3n de reinicio<br \/>SOFTWARE<br \/>Protocolos IPv4<br \/>IPv6<br \/>Controles parentales Filtrado de URL<br \/>Controles de tiempo<br \/>Tipos de WAN IP din\u00e1mica<br \/>IP est\u00e1tica<br \/>PPPoE<br \/>PPTP<br \/>L2TP<br \/>Calidad de servicio QoS por dispositivo<br \/>Servicio de almacenamiento en la nube Actualizaci\u00f3n de firmware OTA<br \/>ID de TP-Link<br \/>DDNS<br \/>Reenv\u00edo NAT Port Forwarding<br \/>UPnP<br \/>IPTV Proxy IGMP<br \/>Inspecci\u00f3n IGMP<br \/>Puente<br \/>Etiqueta VLAN<br \/>DHCP Direcci\u00f3n de reservas<br \/>Lista de clientes DHCP<br \/>Servidor<br \/>DDNS TP-Link<br \/>Gesti\u00f3n Deco App<br \/>DATOS DE PRUEBA<br \/>Potencia de transmisi\u00f3n WiFi CE:<br \/>&#038;lt,20 dBm (2.4 GHz)<br \/>&#038;lt,23 dBm (5 GHz)<br \/>FCC:<br \/>&#038;lt,30 dBm<br \/>F\u00cdSICO<br \/>Dimensiones (An. Pr. Al.) 3.6 3.6 7.5 in<br \/>(90.7 90.7 190 mm)<br \/>Otros<br \/>Requisitos del sistema Android 5.0 or later<br \/>iOS 9.0 or later<br \/>*Note: The minimum system requirements will be updated alongside updates to the app, subject to official website information.<br \/>Certificaciones CE, FCC, IC, NCC, BSMI, IDA, RCM, JPA, JRF, VCCI, KC, RoHS<br \/>Ambiente Temperatura de funcionamiento: 0 ~ 40 (32 ~ 104 )<br \/>Temperatura de almacenamiento: -40 ~ 70 (-40 ~ 158 )<br \/>Humedad de funcionamiento: 10% ~ 90% sin condensaci\u00f3n<br \/>Humedad de almacenamiento: 5% ~ 90% sin condensaci\u00f3n<\/p>\n","protected":false},"excerpt":{"rendered":"<p>Wifi mesh tp link deco m4 ac1200<\/p>\n","protected":false},"featured_media":239453,"comment_status":"open","ping_status":"open","template":"","meta":{"_et_pb_use_builder":"","_et_pb_old_content":"","_et_gb_content_width":""},"product_brand":[3946],"product_cat":[3280,2058,3261,4053],"product_tag":[3283,3264,3948],"class_list":{"0":"post-239452","1":"product","2":"type-product","3":"status-publish","4":"has-post-thumbnail","6":"product_brand-tp-link","7":"product_cat-accesorios-redes","8":"product_cat-dispositivos","9":"product_cat-redes","10":"product_cat-tp-link-accesorios-redes","11":"product_tag-accesorios-redes","12":"product_tag-redes","13":"product_tag-tp-link","14":"product_shipping_class-2088","15":"pa_canon-digital-impuesto-incluido-de-0-e","16":"pa_categoria-redes","17":"pa_marca-tp-link","18":"pa_peso-3940","19":"pa_referencia-mgs0000022851","21":"first","22":"instock","23":"sale","24":"taxable","25":"shipping-taxable","26":"purchasable","27":"product-type-simple"},"_links":{"self":[{"href":"https:\/\/linkxa.es\/linkshop\/wp-json\/wp\/v2\/product\/239452","targetHints":{"allow":["GET"]}}],"collection":[{"href":"https:\/\/linkxa.es\/linkshop\/wp-json\/wp\/v2\/product"}],"about":[{"href":"https:\/\/linkxa.es\/linkshop\/wp-json\/wp\/v2\/types\/product"}],"replies":[{"embeddable":true,"href":"https:\/\/linkxa.es\/linkshop\/wp-json\/wp\/v2\/comments?post=239452"}],"wp:featuredmedia":[{"embeddable":true,"href":"https:\/\/linkxa.es\/linkshop\/wp-json\/wp\/v2\/media\/239453"}],"wp:attachment":[{"href":"https:\/\/linkxa.es\/linkshop\/wp-json\/wp\/v2\/media?parent=239452"}],"wp:term":[{"taxonomy":"product_brand","embeddable":true,"href":"https:\/\/linkxa.es\/linkshop\/wp-json\/wp\/v2\/product_brand?post=239452"},{"taxonomy":"product_cat","embeddable":true,"href":"https:\/\/linkxa.es\/linkshop\/wp-json\/wp\/v2\/product_cat?post=239452"},{"taxonomy":"product_tag","embeddable":true,"href":"https:\/\/linkxa.es\/linkshop\/wp-json\/wp\/v2\/product_tag?post=239452"}],"curies":[{"name":"wp","href":"https:\/\/api.w.org\/{rel}","templated":true}]}}