{"id":239458,"date":"2025-08-08T12:37:56","date_gmt":"2025-08-08T12:37:56","guid":{"rendered":"https:\/\/linkxa.es\/contratacion\/producto\/wifi-mesh-tp-link-deco-s7-2\/"},"modified":"2025-12-08T13:11:31","modified_gmt":"2025-12-08T13:11:31","slug":"wifi-mesh-tp-link-deco-s7-2","status":"publish","type":"product","link":"https:\/\/linkxa.es\/linkshop\/producto\/wifi-mesh-tp-link-deco-s7-2\/","title":{"rendered":"Wifi mesh tp link deco s7"},"content":{"rendered":"<div style=\"text-align: center; margin-bottom: 20px;\">\n<h2 style=\"font-size: 22px; font-weight: 600; margin: 0; color: #333;\">Tp &#8211; link\u00a0|\u00a0 Accesorios redes<\/h2>\n<p><strong>Wifi mesh tp link deco s7 ac1900 pack 2 unidades<\/strong><\/p>\n<\/div>\n<p style=\"max-width: 700px; margin: 0px auto 30px; font-size: 18px; line-height: 1.6; color: #555555; font-style: italic; text-align: left;\">Deco S7<br \/>Sistema Wi-Fi Mesh Inteligente Doble Banda AC1900<\/p>\n<p>Alta Velocidad Wi-Fi Doble Banda AC1900. Alcanza velocidades de hasta 600 Mbps en 2,4 GHz y 1300 Mbps en 5 GHz con tecnolog\u00eda 33 MU-MIMO.<\/p>\n<p>Conecta m\u00e1s de 100 dispositivos. La tecnolog\u00eda MU-MIMO multiplica la capacidad de transmisi\u00f3n simult\u00e1nea a varios dispositivos.<\/p>\n<p>Amplia Cobertura sin cortes. La tecnolog\u00eda Wi-Fi Mesh de Deco permite llevar la se\u00f1al de internet fuerte y estable a todos los rincones de la casa. \u00a7<\/p>\n<p>Puertos Gigabit Ethernet. Con 3 Puertos Gigabit por unidad te aseguras una conexi\u00f3n de alta velocidad por cable.<\/p>\n<p>Controles parentales potentes. Administra el tiempo de conexi\u00f3n y bloquea el contenido inapropiado para cada miembro de la familia.<\/p>\n<p>Modos Router y Punto de Acceso. Total libertad para config\u00faralo tu gusto como mejor se adapte a tu hogar.<\/p>\n<p>F\u00e1cil Configuraci\u00f3n. Configura tu sistema Deco en pocos minutos con la App Deco.<br \/>Inal\u00e1mbricos<br \/>Est\u00e1ndares Wi-Fi 5<br \/>IEEE 802.11ac\/n\/a 5 GHz<br \/>IEEE 802.11n\/b\/g 2.4 GHz<br \/>Velocidades Wi-Fi AC1900<br \/>5 GHz: 1300 Mbps (802.11ac)<br \/>2.4 GHz: 600 Mbps (802.11n)<br \/>Rango WiFi Casas de 3 a 5 dormitorios (paquete de 3)Tecnolog\u00eda de malla TP-Link<br \/>El backhaul Ethernet opcional funciona en conjunto para vincular las unidades Deco y brindar una cobertura perfecta<\/p>\n<p>3 antenas (internas)<br \/>M\u00faltiples antenas forman un conjunto de refuerzo de se\u00f1al para cubrir m\u00e1s direcciones y \u00e1reas grandes<\/p>\n<p>formaci\u00f3n de haces<br \/>Concentra la fuerza de la se\u00f1al inal\u00e1mbrica hacia los clientes para expandir el rango WiFi<br \/>Capacidad Wi-Fi MedioDoble banda<br \/>Distribuya dispositivos a diferentes bandas para un rendimiento \u00f3ptimo<\/p>\n<p>MU-MIMO<br \/>Se comunica simult\u00e1neamente con m\u00faltiples clientes MU-MIMO<br \/>Modos de trabajo Modo router<br \/>Modo de punto de acceso<br \/>SEGURIDAD<br \/>Seguridad de Red Cortafuegos SPI<br \/>Control de acceso<br \/>Red de Invitados 1 red de invitados de 5 GHz<br \/>1 red de invitados de 2,4 GHz<br \/>Cifrado WiFi WPA-Personal<br \/>WPA2-Personal<br \/>HARDWARE<br \/>Puertos Ethernet 3 puertos Gigabit<\/p>\n<p>*Por Unidad Deco<br \/>Admite detecci\u00f3n autom\u00e1tica de WAN\/LAN<br \/>Botones Bot\u00f3n reset<br \/>SOFTWARE<br \/>Protocolo IPv4<br \/>IPv6<br \/>Controles parentales Filtrado de URL<br \/>Controles de tiempo<br \/>Tipo de WAN IP din\u00e1mica<br \/>IP est\u00e1tica<br \/>PPPoE<br \/>PPTP<br \/>L2TP<br \/>Calidad de servicio QoS por dispositivo<br \/>Servicio de almacenamiento en la nube Actualizaci\u00f3n de firmware OTA<br \/>ID de TP-Link<br \/>DDNS<br \/>Reenv\u00edo NAT Reenv\u00edo de puertos<br \/>UPnP<br \/>IPTV Proxy IGMP<br \/>Indagaci\u00f3n IGMP<br \/>Puente<br \/>Etiquetar VLAN<br \/>DHCP Direcci\u00f3n de reservas<br \/>Lista de clientes DHCP<br \/>Servidor<br \/>DDNS TP-Link<br \/>Gesti\u00f3n Deco App<br \/>DATOS DE PRUEBA<br \/>Potencia de transmisi\u00f3n WiFi CE:<br \/>&#038;lt,20 dBm (2.4 GHz)<br \/>&#038;lt,23 dBm (5 GHz)<br \/>FCC:<br \/>&#038;lt,30 dBm (2.4 GHz)<br \/>&#038;lt,30 dBm (5 GHz)<br \/>F\u00cdSICO<br \/>Dimensiones (An. Pr. Al.) 6.4 3.6 3.6 in<br \/>(162.3 90.7 90.7 mm)<br \/>Otros<br \/>Certificaciones CE, FCC, RoHS, NCC, BSMI, JRF, JPA, VCCI<br \/>Requisitos del sistema Android 5.0 or later<br \/>iOS 9.0 or later<br \/>*Note: The minimum system requirements will be updated alongside updates to the app, subject to official website information.<br \/>Factores Ambientales Temperatura de funcionamiento: 0 ~ 40 (32 ~ 104 )<br \/>Temperatura de almacenamiento: -40 ~ 60 (-40 ~ 140 )<br \/>Humedad de funcionamiento: 10 %~90 % sin condensaci\u00f3n<br \/>Humedad de almacenamiento: 5 %~90 % sin condensaci\u00f3n<\/p>\n","protected":false},"excerpt":{"rendered":"<p>Wifi mesh tp link deco s7 ac1900 pack 2 unidades<\/p>\n","protected":false},"featured_media":239459,"comment_status":"open","ping_status":"open","template":"","meta":{"_et_pb_use_builder":"","_et_pb_old_content":"","_et_gb_content_width":""},"product_brand":[3946],"product_cat":[3280,2058,3261,4053],"product_tag":[3283,3264,3948],"class_list":{"0":"post-239458","1":"product","2":"type-product","3":"status-publish","4":"has-post-thumbnail","6":"product_brand-tp-link","7":"product_cat-accesorios-redes","8":"product_cat-dispositivos","9":"product_cat-redes","10":"product_cat-tp-link-accesorios-redes","11":"product_tag-accesorios-redes","12":"product_tag-redes","13":"product_tag-tp-link","14":"product_shipping_class-2088","15":"pa_canon-digital-impuesto-incluido-de-0-e","16":"pa_categoria-redes","17":"pa_marca-tp-link","18":"pa_peso-4256","19":"pa_referencia-mgs0000022855","21":"first","22":"instock","23":"sale","24":"taxable","25":"shipping-taxable","26":"purchasable","27":"product-type-simple"},"_links":{"self":[{"href":"https:\/\/linkxa.es\/linkshop\/wp-json\/wp\/v2\/product\/239458","targetHints":{"allow":["GET"]}}],"collection":[{"href":"https:\/\/linkxa.es\/linkshop\/wp-json\/wp\/v2\/product"}],"about":[{"href":"https:\/\/linkxa.es\/linkshop\/wp-json\/wp\/v2\/types\/product"}],"replies":[{"embeddable":true,"href":"https:\/\/linkxa.es\/linkshop\/wp-json\/wp\/v2\/comments?post=239458"}],"wp:featuredmedia":[{"embeddable":true,"href":"https:\/\/linkxa.es\/linkshop\/wp-json\/wp\/v2\/media\/239459"}],"wp:attachment":[{"href":"https:\/\/linkxa.es\/linkshop\/wp-json\/wp\/v2\/media?parent=239458"}],"wp:term":[{"taxonomy":"product_brand","embeddable":true,"href":"https:\/\/linkxa.es\/linkshop\/wp-json\/wp\/v2\/product_brand?post=239458"},{"taxonomy":"product_cat","embeddable":true,"href":"https:\/\/linkxa.es\/linkshop\/wp-json\/wp\/v2\/product_cat?post=239458"},{"taxonomy":"product_tag","embeddable":true,"href":"https:\/\/linkxa.es\/linkshop\/wp-json\/wp\/v2\/product_tag?post=239458"}],"curies":[{"name":"wp","href":"https:\/\/api.w.org\/{rel}","templated":true}]}}