{"id":239464,"date":"2025-04-01T05:38:50","date_gmt":"2025-04-01T05:38:50","guid":{"rendered":"https:\/\/linkxa.es\/contratacion\/producto\/router-wifi-tp-link-archer-axe75-ax5400\/"},"modified":"2025-12-08T13:12:27","modified_gmt":"2025-12-08T13:12:27","slug":"router-wifi-tp-link-archer-axe75-ax5400","status":"publish","type":"product","link":"https:\/\/linkxa.es\/linkshop\/producto\/router-wifi-tp-link-archer-axe75-ax5400\/","title":{"rendered":"Router wifi tp &#8211; link archer axe75 ax5400"},"content":{"rendered":"<div style=\"text-align: center; margin-bottom: 20px;\">\n<h2 style=\"font-size: 22px; font-weight: 600; margin: 0; color: #333;\">Tp &#8211; link\u00a0|\u00a0 Routers<\/h2>\n<p><strong>Router wifi tp &#8211; link archer axe75 ax5400 tri &#8211; band 5400 mbps<\/strong><\/p>\n<\/div>\n<p style=\"max-width: 700px; margin: 0px auto 30px; font-size: 18px; line-height: 1.6; color: #555555; font-style: italic; text-align: left;\">Archer AXE75<br \/>Router Archer AXE75 AX5400 Gigabit Wi-Fi 6E IA de Tri-Banda<\/p>\n<p>AXE5400 Tri-Band AXE5400 Tri-Band Wi-Fi ofrece velocidades de Wi-Fi de hasta 5400 Mbps.<br \/>Procesamiento de Vanguardia Equipado con una CPU Quad-Core de 1.7 GHz.<br \/>SuperSpeed USB 3.0 Velocidades de transferencia hasta 10 veces m\u00e1s r\u00e1pidas que USB 2.0.<br \/>Wi-Fi 6E Liberado La nueva banda de 6 GHz ofrece m\u00e1s ancho de banda, velocidades m\u00e1s r\u00e1pidas y latencia cercana a cero.<br \/>HomeShield Personaliza tu red dom\u00e9stica con seguridad y control mejorados.<br \/>OneMesh Crea una red Mesh conect\u00e1ndote a un extensor TP-Link OneMesh para una cobertura perfecta en todo el hogar.<br \/>Conecta M\u00e1s Dispositivos La tecnolog\u00eda OFDMA aumenta la capacidad hasta 4 veces para permitir la transmisi\u00f3n simult\u00e1nea a m\u00e1s dispositivos.<br \/>Baja Latencia Ultra Permite juegos y videoconferencias m\u00e1s receptivos.<\/p>\n<p>Inal\u00e1mbricos<br \/>Est\u00e1ndares IEEE 802.11ax 6 GHz,<br \/>IEEE 802.11ax\/ac\/n\/a 5 GHz,<br \/>IEEE 802.11ax\/n\/b\/g 2,4 GHz<br \/>Velocidades Wi-Fi AXE5400<br \/>6 GHz: 2402 Mbps (802.11ax)<br \/>5 GHz: 2402 Mbps (802.11ax)<br \/>2.4 GHz: 574 Mbps (802.11ax)<br \/>Rango WiFi<br \/>Casas de 2-3 dormitorios6 Antenas fijas de alto rendimiento<br \/>M\u00faltiples antenas forman un conjunto de refuerzo de se\u00f1al para cubrir m\u00e1s direcciones y \u00e1reas grandes<\/p>\n<p>formaci\u00f3n de haces<br \/>Concentra la fuerza de la se\u00f1al inal\u00e1mbrica hacia los clientes para expandir el rango WiFi<\/p>\n<p>FEM de alta potencia<br \/>Mejora la potencia de transmisi\u00f3n para fortalecer la cobertura de la se\u00f1al<br \/>Capacidad Wi-Fi Muy altaTribanda<br \/>Asigne dispositivos a diferentes bandas para un rendimiento \u00f3ptimo<\/p>\n<p>OFDMA<br \/>Se comunica simult\u00e1neamente con m\u00faltiples clientes Wi-Fi 6<\/p>\n<p>Equidad de tiempo aire<br \/>Mejora la eficiencia de la red al limitar la ocupaci\u00f3n excesiva<\/p>\n<p>SFD<br \/>Accede a una banda adicional para reducir la congesti\u00f3n<\/p>\n<p>6 flujos<br \/>Conecta tus dispositivos a m\u00e1s ancho de banda<br \/>Modos de trabajo Modo de enrutador<br \/>Modo de punto de acceso<br \/>SEGURIDAD<br \/>Seguridad de Red Cortafuegos SPI<br \/>Control de acceso<br \/>Enlace IP y MAC<br \/>Puerta de enlace de la capa de aplicaci\u00f3n<\/p>\n<p>Seguridad HomeShieldProtecci\u00f3n IoT en tiempo real<br \/>Bloqueador de sitios maliciosos<br \/>Sistema de Prevenci\u00f3n de Intrusi\u00f3n<br \/>Prevenci\u00f3n de ataques DDoS<br \/>Esc\u00e1ner de red dom\u00e9stica<br \/>Red de Invitados 1 red de invitados de 6 GHz,<br \/>1 red de invitados de 5 GHz,<br \/>1 red de invitados de 2,4 GHz<br \/>Servidor VPN Servidor OpenVPN<br \/>Servidor VPN PPTP<br \/>Servidor VPN L2TP<br \/>Cliente VPN Cliente OpenVPN<br \/>Cliente VPN PPTP<br \/>Cliente VPN L2TP<br \/>Cifrado WiFi WPA,<br \/>WPA2,<br \/>WPA3,<br \/>WPA\/WPA2-Enterprise (802.1x)<br \/>HARDWARE<br \/>Procesador CPU de cuatro n\u00facleos de 1,7 GHz<br \/>Puertos Ethernet 1 Puerto WAN Gigabit<br \/>4x Puertos LAN Gigabit<br \/>Soporte USB 1 puerto USB 3.0<\/p>\n<p>Formatos de partici\u00f3n admitidos:<br \/>NTFS, exFAT, HFS+, FAT32<\/p>\n<p>Funciones admitidas:<br \/>m\u00e1quina del tiempo de manzana<br \/>Servidor FTP<br \/>Servidor multimedia<br \/>Servidor Samba<br \/>Botones Bot\u00f3n de encendido\/apagado de Wi-Fi<br \/>Bot\u00f3n de encendido\/apagado<br \/>Bot\u00f3n de encendido\/apagado de LED<br \/>Bot\u00f3n WPS<br \/>Bot\u00f3n de reinicio<br \/>Energ\u00eda 12 V 2.5 A<br \/>SOFTWARE<br \/>Protocolos IPv4<br \/>IPv6<br \/>Kits de servicio HomeShield<br \/>OneMesh Compatible con OneMesh<br \/>Sin reemplazar sus dispositivos existentes ni comprar un ecosistema WiFi completamente nuevo, OneMesh lo ayuda a crear una red m\u00e1s flexible que cubra toda su casa con los productos TP-Link OneMesh.<br \/>Controles parentales Controles parentales de HomeShieldPerfiles personalizados<br \/>Biblioteca de filtros de contenido profesional<br \/>Tiempo familiar<br \/>Hora de acostarse<br \/>Fuera de tiempo<br \/>Recompensas de tiempo<br \/>Clasificaci\u00f3n de tiempo en l\u00ednea de la familia<br \/>pausar internet<br \/>Informes semanales y mensuales<br \/>Tipos de WAN IP din\u00e1mica<br \/>IP est\u00e1tica<br \/>PPPoE<br \/>PPTP<br \/>L2TP<br \/>Calidad de servicio QoS por dispositivo<br \/>Servicio de almacenamiento en la nube Actualizaci\u00f3n autom\u00e1tica de firmware<br \/>Identificaci\u00f3n de TP-Link<br \/>DDNS<br \/>Reenv\u00edo NAT Reenv\u00edo de puertos<br \/>Activaci\u00f3n de puertos<br \/>DMZ<br \/>UPnP<br \/>Servidor virtual<br \/>IPTV Proxy IGMP<br \/>Indagaci\u00f3n IGMP<br \/>Puente<br \/>Etiquetar VLAN<br \/>DHCP Reserva de direcci\u00f3n<br \/>Lista de clientes DHCP<br \/>Servidor<br \/>DDNS TP-Link<br \/>NO-IP<br \/>DynDNS<br \/>Gesti\u00f3n Aplicaci\u00f3n Tether<br \/>P\u00e1gina web<br \/>OTRO<br \/>Requisitos del sistema Internet Explorer 11+, Firefox 12.0+, Chrome 20.0+, Safari 4.0+ u otros habilitados para JavaScript<br \/>navegador<br \/>M\u00f3dem por cable o DSL (si es necesario)<br \/>Suscripci\u00f3n con un proveedor de servicios de Internet (para acceso a Internet)<br \/>Certifications FCC, RoHS<br \/>Ambiente Temperatura de funcionamiento: 0 ~ 40 (32 ~ 104 )<br \/>Humedad de funcionamiento: 10 %~90 % sin condensaci\u00f3n<br \/>DATOS DE PRUEBA<br \/>Potencia de transmisi\u00f3n WiFi FCC: 29dBm (2.4 GHz), 28dBm (5 GHz), 22dBm (6 GHz)<br \/>CE: 17dBm (2.4 GHz), 27dBm (5 GHz), 20dBm (6 GHz)<br \/>Sensibilidad de recepci\u00f3n WiFi 2.4 GHz:<br \/>11ax HE20 MCS0:-95dBm, 11ax HE20 MCS11:-64dBm<br \/>11ax HE40 MCS0:-92dBm, 11ax HE40 MCS11:-62dBm<br \/>5 GHz:<br \/>11ax HE20 MCS0:-94dBm, 11ax HE20 MCS11:-63dBm<br \/>11ax HE40 MCS0:-91dBm, 11ax HE40 MCS11:-60dBm<br \/>11ax HE80 MCS0:-88dBm, 11ax HE80 MCS11:-57dBm<br \/>11ax HE160 MCS0:-85dBm, 11ax HE160 MCS11:-54dBm<br \/>6 GHz:<br \/>11ax HE20 MCS0:-93dBm, 11ax HE20 MCS11:-62dBm<br \/>11ax HE40 MCS0:-90dBm, 11ax HE40 MCS11:-59dBm<br \/>11ax HE80 MCS0:-87dBm, 11ax HE80 MCS11:-56dBm<br \/>11ax HE160 MCS0:-84dBm, 11ax HE160 MCS11:-53dBm<br \/>F\u00cdSICO<br \/>Dimensiones (An. Pr. Al.) 10.7 5.8 1.9 in<br \/>(272.5 147.2 49.2 mm)<br \/>Contenidos del paquete Router Wi-Fi Archer AXE75<br \/>Adaptador de corriente<br \/>cable ethernet rj45<br \/>Gu\u00eda de Instalaci\u00f3n R\u00e1pida<\/p>\n","protected":false},"excerpt":{"rendered":"<p>Router wifi tp &#8211; link archer axe75 ax5400 tri &#8211; band 5400 mbps<\/p>\n","protected":false},"featured_media":239465,"comment_status":"open","ping_status":"open","template":"","meta":{"_et_pb_use_builder":"","_et_pb_old_content":"","_et_gb_content_width":""},"product_brand":[3946],"product_cat":[2058,3261,3311,3965],"product_tag":[3264,3314,3948],"class_list":{"0":"post-239464","1":"product","2":"type-product","3":"status-publish","4":"has-post-thumbnail","6":"product_brand-tp-link","7":"product_cat-dispositivos","8":"product_cat-redes","9":"product_cat-routers","10":"product_cat-tp-link-routers","11":"product_tag-redes","12":"product_tag-routers","13":"product_tag-tp-link","14":"product_shipping_class-2088","15":"pa_canon-digital-impuesto-incluido-de-0-e","16":"pa_categoria-redes","17":"pa_marca-tp-link","18":"pa_peso-4067","19":"pa_referencia-mgs0000023004","21":"first","22":"instock","23":"sale","24":"taxable","25":"shipping-taxable","26":"purchasable","27":"product-type-simple"},"_links":{"self":[{"href":"https:\/\/linkxa.es\/linkshop\/wp-json\/wp\/v2\/product\/239464","targetHints":{"allow":["GET"]}}],"collection":[{"href":"https:\/\/linkxa.es\/linkshop\/wp-json\/wp\/v2\/product"}],"about":[{"href":"https:\/\/linkxa.es\/linkshop\/wp-json\/wp\/v2\/types\/product"}],"replies":[{"embeddable":true,"href":"https:\/\/linkxa.es\/linkshop\/wp-json\/wp\/v2\/comments?post=239464"}],"wp:featuredmedia":[{"embeddable":true,"href":"https:\/\/linkxa.es\/linkshop\/wp-json\/wp\/v2\/media\/239465"}],"wp:attachment":[{"href":"https:\/\/linkxa.es\/linkshop\/wp-json\/wp\/v2\/media?parent=239464"}],"wp:term":[{"taxonomy":"product_brand","embeddable":true,"href":"https:\/\/linkxa.es\/linkshop\/wp-json\/wp\/v2\/product_brand?post=239464"},{"taxonomy":"product_cat","embeddable":true,"href":"https:\/\/linkxa.es\/linkshop\/wp-json\/wp\/v2\/product_cat?post=239464"},{"taxonomy":"product_tag","embeddable":true,"href":"https:\/\/linkxa.es\/linkshop\/wp-json\/wp\/v2\/product_tag?post=239464"}],"curies":[{"name":"wp","href":"https:\/\/api.w.org\/{rel}","templated":true}]}}