{"id":239468,"date":"2025-08-05T17:04:27","date_gmt":"2025-08-05T17:04:27","guid":{"rendered":"https:\/\/linkxa.es\/contratacion\/producto\/router-wifi-tp-link-archer-ax12-ax1500\/"},"modified":"2025-12-08T13:12:50","modified_gmt":"2025-12-08T13:12:50","slug":"router-wifi-tp-link-archer-ax12-ax1500","status":"publish","type":"product","link":"https:\/\/linkxa.es\/linkshop\/producto\/router-wifi-tp-link-archer-ax12-ax1500\/","title":{"rendered":"Router wifi tp &#8211; link archer ax12 ax1500"},"content":{"rendered":"<div style=\"text-align: center; margin-bottom: 20px;\">\n<h2 style=\"font-size: 22px; font-weight: 600; margin: 0; color: #333;\">Tp &#8211; link\u00a0|\u00a0 Routers<\/h2>\n<p><strong>Router wifi tp &#8211; link archer ax12 ax1500 dual band 1500 mbps<\/strong><\/p>\n<\/div>\n<p style=\"max-width: 700px; margin: 0px auto 30px; font-size: 18px; line-height: 1.6; color: #555555; font-style: italic; text-align: left;\">Archer AX12<br \/>Router Wi-Fi 6 Doble Banda AX1500<\/p>\n<p>Tecnolog\u00eda Wi-Fi 6. Archer AX12 viene equipado con \u00faltima tecnolg\u00eda inal\u00e1mbrica Wi-Fi 6, para alcanzar velocidades m\u00e1s altas y mejor rendimiento de la red.<br \/>Velocidad 1,5 Gbps de Doble Banda . Alta velocidad en cada una de las bandas hasta 1201 Mbps en 5 GHz y 300 Mbps en 2,4 GHz.15<br \/>M\u00e1s dispositivos conectados. La tecnolog\u00eda OFDMA y MU-MIMO permiten transmitir los datos a m\u00faltiples dispositivos simult\u00e1neamente.24<br \/>Amplia Cobertura, Con 4 antenas y la tecnolog\u00eda Beamforming concentra la fuerza de la se\u00f1al directamente hacia los dispositivos, llegando m\u00e1s lejos.<br \/>Aumento de la vida \u00fatil de la bater\u00eda. La tecnolog\u00eda Target Wake Time reduce el consumo de energ\u00eda de tus dispositivos.3<br \/>F\u00e1cil configuraci\u00f3n. Conecta tu router Archer y config\u00faralo en pocos minutos con la App Tether.<br \/>Retrocompatibilidad. Archer AX12 es compatible con todos los est\u00e1ndares Wi-FI anteriores y todos los dispositivos Wi-Fi.<\/p>\n<p>Inal\u00e1mbricos<br \/>Est\u00e1ndares Wi-Fi 6<br \/>IEEE 802.11ax\/ac\/n\/a 5 GHz<br \/>IEEE 802.11n\/b\/g 2.4 GHz<br \/>Velocidades Wi-Fi AX1500<br \/>5 GHz: 1201 Mbps (802.11ax)<br \/>2.4 GHz: 300 Mbps (802.11n)<br \/>Rango WiFi Casas de 2-3 habitaciones4 Antenas fijas de alto rendimiento<br \/>M\u00faltiples antenas forman una matriz de refuerzo de se\u00f1al para cubrir m\u00e1s direcciones y \u00e1reas grandes.<\/p>\n<p>Beamforming<br \/>Concentra la intensidad de la se\u00f1al inal\u00e1mbrica hacia los clientes para ampliar el alcance del WiFi.<br \/>Capacidad Wi-Fi AltaDoble banda<br \/>Asigna dispositivos a diferentes bandas para un rendimiento \u00f3ptimo.<\/p>\n<p>OFDMA<br \/>Se comunica simult\u00e1neamente con m\u00faltiples clientes de Wi-Fi 6.<\/p>\n<p>Equidad de tiempo de emisi\u00f3n<br \/>Mejora la eficiencia de la red limitando la ocupaci\u00f3n excesiva.<\/p>\n<p>4 flujos<br \/>Conecta tus dispositivos a mayor ancho de banda.<br \/>Modos de trabajo Modo Router<br \/>Modo Punto de Acceso<br \/>SEGURIDAD<br \/>Seguridad de Red Cortafuegos SPI<br \/>Control de acceso<br \/>Enlace IP y MAC<br \/>Puerta de enlace en la capa de aplicaci\u00f3n<br \/>Red de Invitados 1 5 GHz Red de invitados<br \/>1 2,4 GHz Red de invitados<br \/>Servidor VPN OpenVPN<br \/>PPTP<br \/>Cifrado WiFi WPA2-PSK<br \/>WPA2-PSK\/WPA-PSK<br \/>WPA3-Personal<br \/>WPA3-Personal\/WPA2-PSK<br \/>WPA2-Enterprise<br \/>WPA\/WPA2-Enterprise encryptions<br \/>HARDWARE<br \/>Puertos Ethernet 1 puerto WAN Gigabit<br \/>3 puertos LAN Gigabit<br \/>Botones Bot\u00f3n WPS\/Reset<br \/>Energ\u00eda 12 V 1 A<br \/>SOFTWARE<br \/>Protocolos IPv4<br \/>IPv6<br \/>Controles parentales Filtrado de URL<br \/>Controles de tiempo<br \/>Tipos de WAN IP din\u00e1mica<br \/>IP est\u00e1tica<br \/>PPPoE\/PPTP(Acceso dual)\/L2TP(Acceso dual)<br \/>Calidad de servicio QoS por dispositivo<br \/>Servicio de almacenamiento en la nube Actualizaci\u00f3n autom\u00e1tica de firmware<br \/>Actualizaci\u00f3n de Firmware OTA<br \/>ID TP-Link<br \/>DDNS<br \/>Reenv\u00edo NAT Reenv\u00edo de puertos<br \/>Activaci\u00f3n de puertos<br \/>DMZ<br \/>UPnP<br \/>IPTV Proxy IGMP<br \/>IGMP Snooping<br \/>Modo Bridge<br \/>Etiqueta VLAN<br \/>DHCP Reserva de direcciones<br \/>Lista de clientes DHCP<br \/>Servidor<br \/>DDNS TP-Link<br \/>NO-IP<br \/>DynDNS<br \/>Gesti\u00f3n Aplicaci\u00f3n Tether<br \/>P\u00e1gina web<br \/>OTRO<br \/>Requisitos del sistema Microsoft Windows 98SE\/NT\/2000\/XP\/Vista\/7\/8\/8.1\/10\/11, MAC<br \/>OS, NetWare, UNIX o Linux<br \/>Internet Explorer 11, Firefox 12.0, Chrome 20.0, Safari 4.0 u otro<br \/>navegador compatible con Java<br \/>M\u00f3dem por cable o DSL<br \/>Suscripci\u00f3n a un proveedor de servicios de Internet (para acceso a Internet)<br \/>Certifications FCC, CE, RoHS<br \/>Ambiente Temperatura de funcionamiento: 0~40 (32 ~104)<br \/>Temperatura de almacenamiento: -40~60 (-40 ~140)<br \/>Humedad de funcionamiento: 10%~90% sin condensaci\u00f3n.<br \/>Humedad de almacenamiento: 5%~90% sin condensaci\u00f3n.<br \/>DATOS DE PRUEBA<br \/>Potencia de transmisi\u00f3n WiFi CE:<br \/>&#038;lt,20dBm(2.4 GHz)<br \/>&#038;lt,23dBm(5.15 GHz~5.25 GHz)<br \/>FCC:<br \/>&#038;lt,30dBm(2.4 GHz &#038; 5.15 GHz~5.825 GHz)<br \/>Sensibilidad de recepci\u00f3n WiFi 5 GHz:<br \/>11a 6Mbps:-95dBm, 11a 54Mbps:-79dBm<br \/>11ac VHT20_MCS0:-96dBm, 11ac VHT20_MCS8:-66dBm<br \/>11ac VHT40_MCS0:-94dBm, 11ac VHT40_MCS9:-63dBm<br \/>11ac VHT80_MCS0:-91dBm, 11ac VHT80_MCS9:-60dBm<br \/>11ax HE20_MCS0:-95dBm, 11ax HE20_MCS11:-66dBm<br \/>11ax HE40_MCS0:-92dBm, 11ax HE40_MCS11:-65dBm<br \/>11ax HE80_MCS0:-89dBm, 11ax HE80_MCS11:-62dBm<br \/>2,4 GHz<br \/>11g 6Mbps: -96 54Mbps: -80<br \/>HT20-MCS0: -97 MCS7: -78<br \/>HT40-MCS0: -94 MCS7: -75<br \/>F\u00cdSICO<br \/>Dimensiones (An. Pr. Al.) 8.5 4.6 1.3 in.<br \/>(215 117 32 mm)<br \/>Contenidos del paquete Router inal\u00e1mbrico Archer AX12<br \/>Adaptador de corriente<br \/>Cable Ethernet RJ45<br \/>Gu\u00eda r\u00e1pida de instalaci\u00f3n<\/p>\n","protected":false},"excerpt":{"rendered":"<p>Router wifi tp &#8211; link archer ax12 ax1500 dual band 1500 mbps<\/p>\n","protected":false},"featured_media":239469,"comment_status":"open","ping_status":"open","template":"","meta":{"_et_pb_use_builder":"","_et_pb_old_content":"","_et_gb_content_width":""},"product_brand":[3946],"product_cat":[2058,3261,3311,3965],"product_tag":[3264,3314,3948],"class_list":{"0":"post-239468","1":"product","2":"type-product","3":"status-publish","4":"has-post-thumbnail","6":"product_brand-tp-link","7":"product_cat-dispositivos","8":"product_cat-redes","9":"product_cat-routers","10":"product_cat-tp-link-routers","11":"product_tag-redes","12":"product_tag-routers","13":"product_tag-tp-link","14":"product_shipping_class-2059","15":"pa_canon-digital-impuesto-incluido-de-0-e","16":"pa_categoria-redes","17":"pa_marca-tp-link","18":"pa_peso-4261","19":"pa_referencia-mgs0000023010","21":"first","22":"instock","23":"sale","24":"taxable","25":"shipping-taxable","26":"purchasable","27":"product-type-simple"},"_links":{"self":[{"href":"https:\/\/linkxa.es\/linkshop\/wp-json\/wp\/v2\/product\/239468","targetHints":{"allow":["GET"]}}],"collection":[{"href":"https:\/\/linkxa.es\/linkshop\/wp-json\/wp\/v2\/product"}],"about":[{"href":"https:\/\/linkxa.es\/linkshop\/wp-json\/wp\/v2\/types\/product"}],"replies":[{"embeddable":true,"href":"https:\/\/linkxa.es\/linkshop\/wp-json\/wp\/v2\/comments?post=239468"}],"wp:featuredmedia":[{"embeddable":true,"href":"https:\/\/linkxa.es\/linkshop\/wp-json\/wp\/v2\/media\/239469"}],"wp:attachment":[{"href":"https:\/\/linkxa.es\/linkshop\/wp-json\/wp\/v2\/media?parent=239468"}],"wp:term":[{"taxonomy":"product_brand","embeddable":true,"href":"https:\/\/linkxa.es\/linkshop\/wp-json\/wp\/v2\/product_brand?post=239468"},{"taxonomy":"product_cat","embeddable":true,"href":"https:\/\/linkxa.es\/linkshop\/wp-json\/wp\/v2\/product_cat?post=239468"},{"taxonomy":"product_tag","embeddable":true,"href":"https:\/\/linkxa.es\/linkshop\/wp-json\/wp\/v2\/product_tag?post=239468"}],"curies":[{"name":"wp","href":"https:\/\/api.w.org\/{rel}","templated":true}]}}