{"id":239472,"date":"2024-12-06T11:29:24","date_gmt":"2024-12-06T11:29:24","guid":{"rendered":"https:\/\/linkxa.es\/contratacion\/producto\/extensor-cobertura-wifi-tp-link-re705x-ax3000\/"},"modified":"2025-12-08T13:13:12","modified_gmt":"2025-12-08T13:13:12","slug":"extensor-cobertura-wifi-tp-link-re705x-ax3000","status":"publish","type":"product","link":"https:\/\/linkxa.es\/linkshop\/producto\/extensor-cobertura-wifi-tp-link-re705x-ax3000\/","title":{"rendered":"Extensor cobertura wifi tp &#8211; link re705x ax3000"},"content":{"rendered":"<div style=\"text-align: center; margin-bottom: 20px;\">\n<h2 style=\"font-size: 22px; font-weight: 600; margin: 0; color: #333;\">Tp &#8211; link\u00a0|\u00a0 Extensores de red<\/h2>\n<p><strong>Extensor de cobertura wifi tp &#8211; link re705x ax3000 2 antenas<\/strong><\/p>\n<\/div>\n<p style=\"max-width: 700px; margin: 0px auto 30px; font-size: 18px; line-height: 1.6; color: #555555; font-style: italic; text-align: left;\">RE705X<br \/>Repetidor Wi-Fi 6 Mesh AX3000<\/p>\n<p>Alta velocidad Wi- Fi 6 de Doble Banda. Navega a m\u00e1s velocidad hasta 3000Mbps y con mayor estabilidad gracias a las dos bandas de 5 GHz (2402 Mbps) y 2,4 GHz (574 Mbps) de la tecnolog\u00eda Wi-Fi 6.<br \/>EasyMesh-Compatible &#8211; Flexibly creates a Mesh network by connecting to an EasyMesh-compatible router for seamless whole-home coverage<br \/>Modo Punto de acceso. Utiliza el extensor de red RE705X como punto de acceso inal\u00e1mbrico de doble banda MIMO.<br \/>Puerto Gigabit Ethernet. Conecta dispositivos por cable directamente a su m\u00e1xima velocidad como Smart TVs, port\u00e1tiles o consolas de videojuegos<br \/>F\u00e1cil control por App. Configura tu extensi\u00f3n de red c\u00f3modamente desde el m\u00f3vil con la App TP-Link Tether<\/p>\n<p>Inal\u00e1mbricos<br \/>Modos de trabajo Extensor de rango \/ Punto de acceso<br \/>CARACTER\u00cdSTICAS DE HARDWARE<br \/>Puertos 1 puerto Ethernet Gigabit<br \/>Botones Bot\u00f3n WPS, bot\u00f3n de reinicio<br \/>Potencia de entrada 100-240V~50\/60Hz<br \/>Consumo de Potencia 12.6W<br \/>Dimensiones 97*46*158<br \/>Antenas 2 antenas externas<br \/>CARACTER\u00cdSTICAS INAL\u00c1MBRICAS<br \/>Est\u00e1ndares Inal\u00e1mbricos IEEE 802.11a\/n\/ac\/ax 5GHz, IEEE 802.11b\/g\/n\/ax 2.4GHz<br \/>Frecuencia 2.4GHz y 5GHz<br \/>Tasa de Se\u00f1al 574 Mbps a 2,4 GHz, 2402 Mbps a 5 GHz<br \/>Working Modes Range Extender \/ Access Point<br \/>Sensibilidad de Recepci\u00f3n 5GHz:<br \/>11a 6Mbps:-97dBm<br \/>11a 54Mbps:-78dBm<br \/>11ax HE20 MCS0: -97dBm<br \/>11ax HE20 MCS11: -66dBm<br \/>11ax HE40 MCS0: -94dBm<br \/>11ax HE40 MCS11: -62dBm<br \/>11ax HE80 MCS0: -91dBm<br \/>11ax HE80 MCS11: -61dBm<br \/>11ax HE160 MCS11: -59dBm<\/p>\n<p>2.4GHz:<br \/>11g 6Mbps:-96dBm<br \/>11g 54Mbps:-78dBm<br \/>11ax HE20 MCS0: -95dBm<br \/>11ax HE20 MCS11: -66dBm<br \/>11ax HE40 MCS0: -93dBm<br \/>11ax HE40 MCS11: -62dBm<br \/>Funciones Inal\u00e1mbricas Habilitar\/deshabilitar la radio inal\u00e1mbrica<br \/>DFS (se requiere la \u00faltima versi\u00f3n de firmware y hardware)<br \/>Control de acceso<br \/>Control LED<br \/>Horario de energ\u00eda<br \/>Cobertura WiFi<br \/>Seguridad Inal\u00e1mbrica WEP, WPA, WPA2, WPA3<br \/>Potencia de Transmisi\u00f3n CE: 2.4GHz 16dBm, 5GHz 21dBm<br \/>Tecnolog\u00eda Mesh EasyMesh-Compatible<br \/>Otros<br \/>Certificaciones CE, RoHS<br \/>Contenido del Paquete Extensor de rango Wi-Fi RE705X<br \/>Gu\u00eda de Instalaci\u00f3n R\u00e1pida<br \/>Requisitos del sistema Microsoft Windows 98SE, NT, 2000, XP, Vista o Windows 7, 8, 8.1, 10, MAC OS, NetWare, UNIX o Linux<br \/>Internet Explorer 11, Firefox 12.0, Chrome 20.0, Safari 4.0 u otro navegador habilitado para Java<br \/>Factores Ambientales Temperatura de funcionamiento: 0 ~ 40 (32 ~ 104 )<br \/>Temperatura de almacenamiento: -40 ~ 70 (-40 ~ 158 )<br \/>Humedad de funcionamiento: 10 %~90 % sin condensaci\u00f3n<br \/>Humedad de almacenamiento: 5 %~90 % sin condensaci\u00f3n<\/p>\n","protected":false},"excerpt":{"rendered":"<p>Extensor de cobertura wifi tp &#8211; link re705x ax3000 2 antenas<\/p>\n","protected":false},"featured_media":239473,"comment_status":"open","ping_status":"open","template":"","meta":{"_et_pb_use_builder":"","_et_pb_old_content":"","_et_gb_content_width":""},"product_brand":[3946],"product_cat":[2058,3262,3261,3970],"product_tag":[3265,3264,3948],"class_list":{"0":"post-239472","1":"product","2":"type-product","3":"status-publish","4":"has-post-thumbnail","6":"product_brand-tp-link","7":"product_cat-dispositivos","8":"product_cat-extensores-de-red","9":"product_cat-redes","10":"product_cat-tp-link-extensores-de-red","11":"product_tag-extensores-de-red","12":"product_tag-redes","13":"product_tag-tp-link","14":"product_shipping_class-2088","15":"pa_canon-digital-impuesto-incluido-de-0-e","16":"pa_categoria-redes","17":"pa_marca-tp-link","18":"pa_peso-4263","19":"pa_referencia-mgs0000023012","21":"first","22":"instock","23":"sale","24":"taxable","25":"shipping-taxable","26":"purchasable","27":"product-type-simple"},"_links":{"self":[{"href":"https:\/\/linkxa.es\/linkshop\/wp-json\/wp\/v2\/product\/239472","targetHints":{"allow":["GET"]}}],"collection":[{"href":"https:\/\/linkxa.es\/linkshop\/wp-json\/wp\/v2\/product"}],"about":[{"href":"https:\/\/linkxa.es\/linkshop\/wp-json\/wp\/v2\/types\/product"}],"replies":[{"embeddable":true,"href":"https:\/\/linkxa.es\/linkshop\/wp-json\/wp\/v2\/comments?post=239472"}],"wp:featuredmedia":[{"embeddable":true,"href":"https:\/\/linkxa.es\/linkshop\/wp-json\/wp\/v2\/media\/239473"}],"wp:attachment":[{"href":"https:\/\/linkxa.es\/linkshop\/wp-json\/wp\/v2\/media?parent=239472"}],"wp:term":[{"taxonomy":"product_brand","embeddable":true,"href":"https:\/\/linkxa.es\/linkshop\/wp-json\/wp\/v2\/product_brand?post=239472"},{"taxonomy":"product_cat","embeddable":true,"href":"https:\/\/linkxa.es\/linkshop\/wp-json\/wp\/v2\/product_cat?post=239472"},{"taxonomy":"product_tag","embeddable":true,"href":"https:\/\/linkxa.es\/linkshop\/wp-json\/wp\/v2\/product_tag?post=239472"}],"curies":[{"name":"wp","href":"https:\/\/api.w.org\/{rel}","templated":true}]}}