{"id":239476,"date":"2024-12-26T01:28:07","date_gmt":"2024-12-26T01:28:07","guid":{"rendered":"https:\/\/linkxa.es\/contratacion\/producto\/adaptador-usb-inalambrico-tp-link-archer-tx20u\/"},"modified":"2025-12-08T13:13:34","modified_gmt":"2025-12-08T13:13:34","slug":"adaptador-usb-inalambrico-tp-link-archer-tx20u","status":"publish","type":"product","link":"https:\/\/linkxa.es\/linkshop\/producto\/adaptador-usb-inalambrico-tp-link-archer-tx20u\/","title":{"rendered":"Adaptador usb inalambrico tp &#8211; link archer tx20u"},"content":{"rendered":"<div style=\"text-align: center; margin-bottom: 20px;\">\n<h2 style=\"font-size: 22px; font-weight: 600; margin: 0; color: #333;\">Tp &#8211; link\u00a0|\u00a0 Adaptadores usb red<\/h2>\n<p><strong>Adaptador usb inalambrico tp &#8211; link archer tx20u plus ax1800 2 antenas<\/strong><\/p>\n<\/div>\n<p style=\"max-width: 700px; margin: 0px auto 30px; font-size: 18px; line-height: 1.6; color: #555555; font-style: italic; text-align: left;\">Archer TX20U Plus<br \/>Adaptador USB Wi-Fi 6 con 2 antenas AX1800<\/p>\n<p>Tecnolog\u00eda Wi-Fi 6. videos impecables con velocidades inal\u00e1mbricas de 1800 Mbps, 1201 Mbps en 5 GHz + 574 Mbps en 2.4 GHz. (1)<br \/>Wi-FI de Doble Banda. Actualiza tu PC con la mejor conexi\u00f3n gracias a las bandas de 5GHz y 2,4GHz<br \/>2 Antenas de alta ganancia. Consigue una conexi\u00f3n estable desde m\u00e1s lejos y de alta calidad<br \/>Tecnolog\u00eda MU-MIMO. Altas velocidades de carga y descarga incluso con varios dispositivos conectados a la vez.(2)<br \/>Tecnolog\u00eda OFDMA. Baja latencia para disfrutar del gaming y las vdeollamadas tambi\u00e9n en redes saturadas. (2)<br \/>USB 3.0 de alta velocidad. Transferencias de datos hasta 10 veces m\u00e1s r\u00e1pidas que con USB 2.0<br \/>Seguridad avanzada. Protecci\u00f3n y privacidad con el \u00faltimo cifrado WPA3<\/p>\n<p>CARACTER\u00cdSTICAS DE HARDWARE<br \/>LED Estado<br \/>Dimensiones 84 156.3 19.2 mm (3.3 6.2 0.76 in)<br \/>Antenas 2 antenas de doble banda de alta ganancia<br \/>CARACTER\u00cdSTICAS INAL\u00c1MBRICAS<br \/>Est\u00e1ndares Inal\u00e1mbricos IEEE 802.11a\/b\/g\/n\/ac\/ax<br \/>Tasa de Se\u00f1al 5 GHz:<br \/>11ax: hasta 1201 Mbps (din\u00e1mico)<br \/>11ac: hasta 867 Mbps (din\u00e1mico)<br \/>11n: hasta 300 Mbps (din\u00e1mico)<br \/>11a: hasta 54 Mbps (din\u00e1mico)<br \/>2,4 GHz:<br \/>11ax: hasta 574 Mbps (din\u00e1mico)<br \/>11n: hasta 400 Mbps (din\u00e1mico)<br \/>11g: hasta 54 Mbps (din\u00e1mico)<br \/>11b: hasta 11 Mbps (din\u00e1mico)<br \/>Sensibilidad de Recepci\u00f3n 5 GHz:<br \/>11ax HE80 MCS0: -90dBm<br \/>11ax HE80 MCS11: -59dBm<br \/>11a 54 Mbps: -77 dBm<br \/>11ac VHT80 MCS0: -92dBm<br \/>11ac VHT80 MCS9: -64dBm<br \/>2,4 GHz:<br \/>11ax HE40 MCS0: -94 dBm<br \/>11ax HE40 MCS11: -66 dBm<br \/>11g 54Mbps: -79dBm<br \/>11n HT40 MCS9: -74dBm<br \/>Potencia de Transmisi\u00f3n 5 GHz: 19dBm(FCC) \/16dBm(CE) (EIRP)<br \/>2.4 GHz : 19dBm(FCC) \/ 14.5dBm(CE) (EIRP)<br \/>Modos Inal\u00e1mbricos Modo infraestructura<br \/>Seguridad Inal\u00e1mbrica WEP, WPA\/WPA2\/WPA3, WPA-PSK\/WPA2-PSK<br \/>Otros<br \/>Certificaciones FCC, CE, RoHS<br \/>Contenido del Paquete Adaptador USB inal\u00e1mbrico de alta ganancia con antenas duales AX1800<br \/>Archer TX20U m\u00e1s<br \/>Gu\u00eda de Instalaci\u00f3n R\u00e1pida<br \/>Cable USB 3.0 de 1 metro<br \/>Requisitos del sistema Los sistemas operativos compatibles incluyen Windows 10, 11<br \/>Factores Ambientales Temperatura de funcionamiento: 0 ~ 40 (32 ~ 104 )<br \/>Humedad de funcionamiento: 10 %~90 % sin condensaci\u00f3n<br \/>Humedad de almacenamiento: 5 %~90 % sin condensaci\u00f3n<\/p>\n","protected":false},"excerpt":{"rendered":"<p>Adaptador usb inalambrico tp &#8211; link archer tx20u plus ax1800 2 antenas<\/p>\n","protected":false},"featured_media":239477,"comment_status":"open","ping_status":"open","template":"","meta":{"_et_pb_use_builder":"","_et_pb_old_content":"","_et_gb_content_width":""},"product_brand":[3946],"product_cat":[3266,2058,3261,3947],"product_tag":[3268,3264,3948],"class_list":{"0":"post-239476","1":"product","2":"type-product","3":"status-publish","4":"has-post-thumbnail","6":"product_brand-tp-link","7":"product_cat-adaptadores-usb-red","8":"product_cat-dispositivos","9":"product_cat-redes","10":"product_cat-tp-link","11":"product_tag-adaptadores-usb-red","12":"product_tag-redes","13":"product_tag-tp-link","14":"product_shipping_class-2088","15":"pa_canon-digital-impuesto-incluido-de-0-e","16":"pa_categoria-redes","17":"pa_marca-tp-link","18":"pa_peso-4265","19":"pa_referencia-mgs0000023016","21":"first","22":"instock","23":"sale","24":"taxable","25":"shipping-taxable","26":"purchasable","27":"product-type-simple"},"_links":{"self":[{"href":"https:\/\/linkxa.es\/linkshop\/wp-json\/wp\/v2\/product\/239476","targetHints":{"allow":["GET"]}}],"collection":[{"href":"https:\/\/linkxa.es\/linkshop\/wp-json\/wp\/v2\/product"}],"about":[{"href":"https:\/\/linkxa.es\/linkshop\/wp-json\/wp\/v2\/types\/product"}],"replies":[{"embeddable":true,"href":"https:\/\/linkxa.es\/linkshop\/wp-json\/wp\/v2\/comments?post=239476"}],"wp:featuredmedia":[{"embeddable":true,"href":"https:\/\/linkxa.es\/linkshop\/wp-json\/wp\/v2\/media\/239477"}],"wp:attachment":[{"href":"https:\/\/linkxa.es\/linkshop\/wp-json\/wp\/v2\/media?parent=239476"}],"wp:term":[{"taxonomy":"product_brand","embeddable":true,"href":"https:\/\/linkxa.es\/linkshop\/wp-json\/wp\/v2\/product_brand?post=239476"},{"taxonomy":"product_cat","embeddable":true,"href":"https:\/\/linkxa.es\/linkshop\/wp-json\/wp\/v2\/product_cat?post=239476"},{"taxonomy":"product_tag","embeddable":true,"href":"https:\/\/linkxa.es\/linkshop\/wp-json\/wp\/v2\/product_tag?post=239476"}],"curies":[{"name":"wp","href":"https:\/\/api.w.org\/{rel}","templated":true}]}}