{"id":239480,"date":"2025-11-22T17:33:53","date_gmt":"2025-11-22T17:33:53","guid":{"rendered":"https:\/\/linkxa.es\/contratacion\/producto\/tarjeta-pci-express-wifi-6e-tp-link\/"},"modified":"2025-12-08T13:13:56","modified_gmt":"2025-12-08T13:13:56","slug":"tarjeta-pci-express-wifi-6e-tp-link","status":"publish","type":"product","link":"https:\/\/linkxa.es\/linkshop\/producto\/tarjeta-pci-express-wifi-6e-tp-link\/","title":{"rendered":"Tarjeta pci express wifi 6e tp &#8211; link"},"content":{"rendered":"<div style=\"text-align: center; margin-bottom: 20px;\">\n<h2 style=\"font-size: 22px; font-weight: 600; margin: 0; color: #333;\">Tp &#8211; link\u00a0|\u00a0 Tarjetas de red wifi<\/h2>\n<p><strong>Tarjeta pci express wifi 6e tp &#8211; link archer txe75e axe5400 tri &#8211; band<\/strong><\/p>\n<\/div>\n<p style=\"max-width: 700px; margin: 0px auto 30px; font-size: 18px; line-height: 1.6; color: #555555; font-style: italic; text-align: left;\">Adaptador Wi-Fi 6E PCIe Archer TXE75E AXE5400<\/p>\n<p>Velocidad Tri-Banda &#8211; Aumenta tus velocidades generales hasta 2402 Mbps (6 GHz) + 2402 Mbps (5 GHz) + 574 Mbps (2.4 GHz)<br \/>Est\u00e1ndar WiFi 6E &#8211; Ampl\u00eda a la banda m\u00e1s clara y amplia de 6 GHz para obtener m\u00e1s ancho de banda y velocidades m\u00e1s r\u00e1pidas. Actualmente, la Banda de 6 GHz solo es compatible con Windows 11.<br \/>Conexiones Confiables &#8211; El chipset Intel Wi-Fi 6E m\u00e1s reciente reduce la latencia y mejora la confiabilidad, desbloqueando todo el potencial de tu router Wi-Fi 6E.<br \/>Cobertura de Se\u00f1al M\u00e1s Amplia &#8211; Dos antenas multidireccionales con base magnetizada est\u00e1n dise\u00f1adas para una recepci\u00f3n de se\u00f1al \u00f3ptima.<br \/>Bluetooth 5.3 &#8211; Mayor seguridad y confiabilidad que la Bluetooth 5.2 de alta velocidad de la generaci\u00f3n anterior.<br \/>Seguridad Mejorada &#8211; La \u00faltima mejora de seguridad, WPA3, proporciona una protecci\u00f3n mejorada en la seguridad de las contrase\u00f1as personales.<br \/>Dise\u00f1o Confiablemente Ingeniado &#8211; El disipador de calor especializado y el chapado en oro mejoran la estabilidad y el rendimiento incluso a altas temperaturas de la CPU.<br \/>Compatibilidad Hacia Atr\u00e1s &#8211; Soporte completo para los est\u00e1ndares 802.11ax\/ac\/a\/b\/g\/n.<br \/>CARACTER\u00cdSTICAS DE HARDWARE<br \/>Dimensiones 3.7 4.8 0.8 in (95.2 120.8 21.5 mm)<br \/>Tipo de Antena 2 antenas tribanda de alta ganancia<br \/>CARACTER\u00cdSTICAS INAL\u00c1MBRICAS<br \/>Est\u00e1ndares Inal\u00e1mbricos IEEE 802.11a\/b\/g\/n\/ac\/ax<br \/>Tasa de se\u00f1al WLAN 6 GHz:<br \/>11ax: Up tp 2402Mbps<br \/>5 GHz:<br \/>11ax: Up to 2402 Mbps(dynamic)<br \/>11ac: Up to 1732 Mbps(dynamic)<br \/>11n: Up to 300 Mbps(dynamic)<br \/>11a: Up to 54 Mbps(dynamic)<br \/>2.4 GHz:<br \/>11ax: Up to 574 Mbps(dynamic)<br \/>11n: Up to 400 Mbps(dynamic)<br \/>11g: Up to 54 Mbps(dynamic)<br \/>11b: Up to 11 Mbps(dynamic)<br \/>Sensibilidad de recepci\u00f3n WLAN 6 GHz:<br \/>11ax HE160 MCS0:-86<br \/>11ax HE160 MCS11:-56<br \/>5 GHz:<br \/>11ax HE80 MCS0: -90 dBm<br \/>11ax HE80 MCS11: -59 dBm<br \/>11a 54Mbps: -77 dBm<br \/>11ac VHT80 MCS0: -92dBm<br \/>11ac VHT80 MCS9: -64dBm<br \/>2.4 GHz:<br \/>11ax HE40 MCS0: -91 dBm<br \/>11ax HE40 MCS11: -60 dBm<br \/>11g 54Mbps: -76 dBm<br \/>11n HT40 MCS7: -72dBm<br \/>Potencia de transmisi\u00f3n WLAN 5 GHz: 20dBm(FCC) \/15dBm(CE) (EIRP)<br \/>2.4 GHz: 20dBm(FCC) \/ 16dBm(CE) (EIRP)<br \/>6 GHz: 12dBm(FCC)<br \/>Modos WLAN Modo infraestructura<br \/>Seguridad Inal\u00e1mbrica WEP, WPA\/WPA2\/WPA3, WPA-PSK\/WPA2-PSK<br \/>Otros<br \/>Certificaciones FCC, CE, RoHS<br \/>Contenido del Paquete Archer TXE75E<br \/>Base de antena magnetizada con cable RF de 1 m<br \/>2 antenas de alta ganancia<br \/>Soporte de perfil bajo<br \/>Cable de cabecera Bluetooth<br \/>Gu\u00eda de Instalaci\u00f3n R\u00e1pida<br \/>CD de recursos<br \/>Requisitos del sistema Los sistemas operativos compatibles incluyen Windows 10, 11 (64 bits).<br \/>Actualmente, la banda de 6 GHz solo es compatible con Windows 11.<br \/>Factores Ambientales Temperatura de funcionamiento: 0 ~ 40 (32 ~ 104 )<br \/>Humedad de funcionamiento: 10 %~90 % sin condensaci\u00f3n<br \/>Humedad de almacenamiento: 5 %~90 % sin condensaci\u00f3n<br \/>Accessories Specifications Extension Cable Length: 1 m<br \/>Bluetooth Header Cable Length: 0.3 m<\/p>\n","protected":false},"excerpt":{"rendered":"<p>Tarjeta pci express wifi 6e tp &#8211; link archer txe75e axe5400 tri &#8211; band<\/p>\n","protected":false},"featured_media":239481,"comment_status":"open","ping_status":"open","template":"","meta":{"_et_pb_use_builder":"","_et_pb_old_content":"","_et_gb_content_width":""},"product_brand":[3946],"product_cat":[2058,3261,4016,4017],"product_tag":[3264,4018,3948],"class_list":{"0":"post-239480","1":"product","2":"type-product","3":"status-publish","4":"has-post-thumbnail","6":"product_brand-tp-link","7":"product_cat-dispositivos","8":"product_cat-redes","9":"product_cat-tarjetas-de-red-wifi","10":"product_cat-tp-link-tarjetas-de-red-wifi","11":"product_tag-redes","12":"product_tag-tarjetas-de-red-wifi","13":"product_tag-tp-link","14":"product_shipping_class-2088","15":"pa_canon-digital-impuesto-incluido-de-0-e","16":"pa_categoria-redes","17":"pa_marca-tp-link","18":"pa_peso-4267","19":"pa_referencia-mgs0000023017","21":"first","22":"instock","23":"sale","24":"taxable","25":"shipping-taxable","26":"purchasable","27":"product-type-simple"},"_links":{"self":[{"href":"https:\/\/linkxa.es\/linkshop\/wp-json\/wp\/v2\/product\/239480","targetHints":{"allow":["GET"]}}],"collection":[{"href":"https:\/\/linkxa.es\/linkshop\/wp-json\/wp\/v2\/product"}],"about":[{"href":"https:\/\/linkxa.es\/linkshop\/wp-json\/wp\/v2\/types\/product"}],"replies":[{"embeddable":true,"href":"https:\/\/linkxa.es\/linkshop\/wp-json\/wp\/v2\/comments?post=239480"}],"wp:featuredmedia":[{"embeddable":true,"href":"https:\/\/linkxa.es\/linkshop\/wp-json\/wp\/v2\/media\/239481"}],"wp:attachment":[{"href":"https:\/\/linkxa.es\/linkshop\/wp-json\/wp\/v2\/media?parent=239480"}],"wp:term":[{"taxonomy":"product_brand","embeddable":true,"href":"https:\/\/linkxa.es\/linkshop\/wp-json\/wp\/v2\/product_brand?post=239480"},{"taxonomy":"product_cat","embeddable":true,"href":"https:\/\/linkxa.es\/linkshop\/wp-json\/wp\/v2\/product_cat?post=239480"},{"taxonomy":"product_tag","embeddable":true,"href":"https:\/\/linkxa.es\/linkshop\/wp-json\/wp\/v2\/product_tag?post=239480"}],"curies":[{"name":"wp","href":"https:\/\/api.w.org\/{rel}","templated":true}]}}