{"id":239484,"date":"2025-07-27T23:42:51","date_gmt":"2025-07-27T23:42:51","guid":{"rendered":"https:\/\/linkxa.es\/contratacion\/producto\/tarjeta-pci-express-wifi-6e-tp-link-2\/"},"modified":"2025-12-08T13:14:21","modified_gmt":"2025-12-08T13:14:21","slug":"tarjeta-pci-express-wifi-6e-tp-link-2","status":"publish","type":"product","link":"https:\/\/linkxa.es\/linkshop\/producto\/tarjeta-pci-express-wifi-6e-tp-link-2\/","title":{"rendered":"Tarjeta pci express wifi 6e tp &#8211; link"},"content":{"rendered":"<div style=\"text-align: center; margin-bottom: 20px;\">\n<h2 style=\"font-size: 22px; font-weight: 600; margin: 0; color: #333;\">Tp &#8211; link\u00a0|\u00a0 Tarjetas de red wifi<\/h2>\n<p><strong>Tarjeta pci express wifi 6e tp &#8211; link archer txe72e axe5400 tri &#8211; band<\/strong><\/p>\n<\/div>\n<p style=\"max-width: 700px; margin: 0px auto 30px; font-size: 18px; line-height: 1.6; color: #555555; font-style: italic; text-align: left;\">Archer TXE72E<br \/>Adaptador de red PCIe AXE5400 Wi-Fi 6E Archer TXE72E<\/p>\n<p>Wi-Fi 6E de Triple Banda. Actualiza tu PC para sacar el m\u00e1ximo rendimiento a tu red de acceso a internet.<br \/>Tecnolog\u00eda WiFi 6E. Alcanza velocidades de transferencia hasta 2402 Mbps (6 GHz), 2402 Mbps (5 GHz) y 574 Mbps ( 2,4 GHz).<br \/>Conexiones estables y r\u00e1pidas. Latencia ultrabaja gracias al chipset Intel Wi-Fi 6E<br \/>2 Antenas de alta ganancia. Consigue una conexi\u00f3n estable desde m\u00e1s lejos y de alta calidad.<br \/>Bluetooth 5.3. Mejora de la seguridad y la velocidad de transmisi\u00f3n.<br \/>Seguridad avanzada. Protecci\u00f3n y privacidad con el cifrado WPA3<br \/>Seguro y de larga duraci\u00f3n. El acabado en oro mejora la estabilidad y el rendimiento incluso a altas temperaturas.<br \/>Compatible con versiones Wi-Fi. Funciona con redes Wi-Fi 6E \/ 6 \/ 5 \/ 4.<br \/>CARACTER\u00cdSTICAS DE HARDWARE<br \/>Dimensiones 2.2 1.4 0.4 in (55 36 11.5 mm)<br \/>Tipo de Antena 2 antenas tribanda de alta ganancia<br \/>CARACTER\u00cdSTICAS INAL\u00c1MBRICAS<br \/>Est\u00e1ndares Inal\u00e1mbricos IEEE 802.11a\/b\/g\/n\/ac\/ax<br \/>Tasa de se\u00f1al WLAN 6 GHz:<br \/>11ax: Hasta 2402Mbps<br \/>5 GHz:<br \/>11ax: hasta 2402 Mbps (din\u00e1mico)<br \/>11ac: hasta 1732 Mbps (din\u00e1mico)<br \/>11n: hasta 300 Mbps (din\u00e1mico)<br \/>11a: hasta 54 Mbps (din\u00e1mico)<br \/>2,4 GHz:<br \/>11ax: hasta 574 Mbps (din\u00e1mico)<br \/>11n: hasta 400 Mbps (din\u00e1mico)<br \/>11g: hasta 54 Mbps (din\u00e1mico)<br \/>11b: hasta 11 Mbps (din\u00e1mico)<br \/>Sensibilidad de recepci\u00f3n WLAN 6 GHz:<br \/>11ax HE160 MCS0:-86<br \/>11ax HE160 MCS11:-56<br \/>5 GHz:<br \/>11ax HE80 MCS0: -90 dBm<br \/>11ax HE80 MCS11: -59 dBm<br \/>11a 54Mbps: -77 dBm<br \/>11ac VHT80 MCS0: -92dBm<br \/>11ac VHT80 MCS9: -64dBm<br \/>2.4 GHz:<br \/>11ax HE40 MCS0: -91 dBm<br \/>11ax HE40 MCS11: -60 dBm<br \/>11g 54Mbps: -76 dBm<br \/>11n HT40 MCS7: -72dBm<br \/>Potencia de transmisi\u00f3n WLAN 5 GHz: 20dBm(FCC) \/15dBm(CE) (EIRP)<br \/>2.4 GHz: 20dBm(FCC) \/ 16dBm(CE) (EIRP)<br \/>6 GHz: 12dBm(FCC)<br \/>Modos WLAN Modo infraestructura<br \/>Seguridad Inal\u00e1mbrica WEP, WPA\/WPA2\/WPA3, WPA-PSK\/WPA2-PSK<br \/>Otros<br \/>Certificaciones FCC, CE, RoHS<br \/>Contenido del Paquete Archer TXE72E<br \/>2 antenas de alta ganancia<br \/>Soporte de perfil bajo<br \/>Cable de cabecera Bluetooth<br \/>Gu\u00eda de Instalaci\u00f3n R\u00e1pida<br \/>CD de recursos<br \/>Requisitos del sistema Los sistemas operativos compatibles incluyen Windows 10, 11 (64 bits).<br \/>Actualmente, la banda de 6 GHz solo es compatible con Windows 11.<br \/>Factores Ambientales Temperatura de funcionamiento: 0 ~ 40 (32 ~ 104 )<br \/>Humedad de funcionamiento: 10 %~90 % sin condensaci\u00f3n<br \/>Humedad de almacenamiento: 5 %~90 % sin condensaci\u00f3n<br \/>Accessories Specifications Bluetooth Header Cable Length: 0.3m<\/p>\n","protected":false},"excerpt":{"rendered":"<p>Tarjeta pci express wifi 6e tp &#8211; link archer txe72e axe5400 tri &#8211; band<\/p>\n","protected":false},"featured_media":239485,"comment_status":"open","ping_status":"open","template":"","meta":{"_et_pb_use_builder":"","_et_pb_old_content":"","_et_gb_content_width":""},"product_brand":[3946],"product_cat":[2058,3261,4016,4017],"product_tag":[3264,4018,3948],"class_list":{"0":"post-239484","1":"product","2":"type-product","3":"status-publish","4":"has-post-thumbnail","6":"product_brand-tp-link","7":"product_cat-dispositivos","8":"product_cat-redes","9":"product_cat-tarjetas-de-red-wifi","10":"product_cat-tp-link-tarjetas-de-red-wifi","11":"product_tag-redes","12":"product_tag-tarjetas-de-red-wifi","13":"product_tag-tp-link","14":"product_shipping_class-2088","15":"pa_canon-digital-impuesto-incluido-de-0-e","16":"pa_categoria-redes","17":"pa_marca-tp-link","18":"pa_peso-4269","19":"pa_referencia-mgs0000023019","21":"first","22":"instock","23":"sale","24":"taxable","25":"shipping-taxable","26":"purchasable","27":"product-type-simple"},"_links":{"self":[{"href":"https:\/\/linkxa.es\/linkshop\/wp-json\/wp\/v2\/product\/239484","targetHints":{"allow":["GET"]}}],"collection":[{"href":"https:\/\/linkxa.es\/linkshop\/wp-json\/wp\/v2\/product"}],"about":[{"href":"https:\/\/linkxa.es\/linkshop\/wp-json\/wp\/v2\/types\/product"}],"replies":[{"embeddable":true,"href":"https:\/\/linkxa.es\/linkshop\/wp-json\/wp\/v2\/comments?post=239484"}],"wp:featuredmedia":[{"embeddable":true,"href":"https:\/\/linkxa.es\/linkshop\/wp-json\/wp\/v2\/media\/239485"}],"wp:attachment":[{"href":"https:\/\/linkxa.es\/linkshop\/wp-json\/wp\/v2\/media?parent=239484"}],"wp:term":[{"taxonomy":"product_brand","embeddable":true,"href":"https:\/\/linkxa.es\/linkshop\/wp-json\/wp\/v2\/product_brand?post=239484"},{"taxonomy":"product_cat","embeddable":true,"href":"https:\/\/linkxa.es\/linkshop\/wp-json\/wp\/v2\/product_cat?post=239484"},{"taxonomy":"product_tag","embeddable":true,"href":"https:\/\/linkxa.es\/linkshop\/wp-json\/wp\/v2\/product_tag?post=239484"}],"curies":[{"name":"wp","href":"https:\/\/api.w.org\/{rel}","templated":true}]}}