{"id":239486,"date":"2025-06-01T00:09:30","date_gmt":"2025-06-01T00:09:30","guid":{"rendered":"https:\/\/linkxa.es\/contratacion\/producto\/tarjeta-pci-express-tp-link-tx401\/"},"modified":"2025-12-08T13:14:50","modified_gmt":"2025-12-08T13:14:50","slug":"tarjeta-pci-express-tp-link-tx401","status":"publish","type":"product","link":"https:\/\/linkxa.es\/linkshop\/producto\/tarjeta-pci-express-tp-link-tx401\/","title":{"rendered":"Tarjeta pci express tp &#8211; link tx401"},"content":{"rendered":"<div style=\"text-align: center; margin-bottom: 20px;\">\n<h2 style=\"font-size: 22px; font-weight: 600; margin: 0; color: #333;\">Tp &#8211; link\u00a0|\u00a0 Tarjetas de red wifi<\/h2>\n<p><strong>Tarjeta pci express tp &#8211; link tx401<\/strong><\/p>\n<\/div>\n<p style=\"max-width: 700px; margin: 0px auto 30px; font-size: 18px; line-height: 1.6; color: #555555; font-style: italic; text-align: left;\">TX401<br \/>Adaptador de red PCI Express de 10 Gigabit<\/p>\n<p>Conexi\u00f3n en red de 10 Gbps: combinado con la \u00faltima tecnolog\u00eda 10GBase-T, TX401 ofrece velocidades extremas de hasta 10 Gbps, que es 10 veces m\u00e1s r\u00e1pido que los adaptadores Gigabit t\u00edpicos, lo que garantiza<br \/>transmisiones de datos fluidas tanto para el acceso a Internet como para las transmisiones de datos locales.<br \/>Compatibilidad vers\u00e1til: con velocidad extrema y latencia ultrabaja, 10GBase-T es retrocompatible con Fast Ethernet y Gigabit Ethernet, negociando autom\u00e1ticamente entre conexiones de mayor y menor velocidad.<br \/>Cable Ethernet CAT6A: para maximizar el rendimiento del TX401, se incluye un cable Ethernet CAT6A de 1,5 m, con una clasificaci\u00f3n de hasta 10 Gbps, mientras que un cable normal solo tiene una clasificaci\u00f3n de 1<br \/>Gbps.<br \/>Soportes de perfil bajo y altura completa: adem\u00e1s del soporte est\u00e1ndar, se proporciona un soporte de perfil bajo para gabinetes de computadora en minitorre. Las opciones personalizadas le brindan la flexibilidad de<br \/>encontrar un soporte que se adapte perfectamente al dise\u00f1o de su tablero.<br \/>Soporte integral del sistema: totalmente compatible con Windows 11\/10 \/ 8.1 \/ 8\/7, Windows Server 2019\/2016\/2012 R2 y Linux para satisfacer las diversas necesidades de su sistema operativo.<\/p>\n<p>CARACTER\u00cdSTICAS DE HARDWARE<br \/>Est\u00e1ndares y Protocolos IEEE 802.3, IEEE 802.3u, IEEE 802.3ab, IEEE 802.3bz, IEEE802.3an,<br \/>IEEE802.3az, IEEE 802.3x<br \/>Interfaz 1 PCI Express 3.0 x4, 1 Puerto RJ45 Gigabit \/ Megabit<br \/>Medios de Red 10GBASE-T\/5GBASE-T\/2.5GBASE-T\/1000BASE-T\/100BASE-TX<br \/>LED Enlace \/ Act de 10 Gbps, Enlace \/ Act de 5 \/ 2,5 \/ 1 Gbps y 100 Mbps<br \/>Tasa de Transferencia 100 Mbps, 1 Gbps, 2.5 Gbps, 5 Gbps, 10 Gbps for Half-Duplex mode,<br \/>200 Mbps, 2 Gbps, 5 Gbps, 10 Gbps, 20 Gbps for Full-Duplex mode<br \/>Dimensiones 120.8 98.2 21.5 mm (4.8 3.9 0.8 in)<br \/>Control De Flujo 802.3x<br \/>Otros<br \/>Certificaciones FCC, CE, RoHS<br \/>Contenido del Paquete Adaptador de red PCIe de 10 Gigabit (TX401)<br \/>Soportes est\u00e1ndar \/ de perfil bajo<br \/>Gu\u00eda de Instalaci\u00f3n R\u00e1pida<br \/>CD de recursos<br \/>Cable Ethernet CAT6A de 1,5 m<br \/>Requisitos del sistema Windows 11\/10\/8.1\/8\/7, Windows Servers 2019\/2016\/<br \/>2012 R2, Linux<br \/>Factores Ambientales Temperatura de funcionamiento: 0 ~ 40 (32 ~ 104 )<br \/>Humedad de funcionamiento: 10% ~ 90% sin condensaci\u00f3n<br \/>Humedad de almacenamiento: 5% ~ 90% sin condensaci\u00f3n<\/p>\n","protected":false},"excerpt":{"rendered":"<p>Tarjeta pci express tp &#8211; link tx401<\/p>\n","protected":false},"featured_media":239487,"comment_status":"open","ping_status":"open","template":"","meta":{"_et_pb_use_builder":"","_et_pb_old_content":"","_et_gb_content_width":""},"product_brand":[3946],"product_cat":[2058,3261,4016,4017],"product_tag":[3264,4018,3948],"class_list":{"0":"post-239486","1":"product","2":"type-product","3":"status-publish","4":"has-post-thumbnail","6":"product_brand-tp-link","7":"product_cat-dispositivos","8":"product_cat-redes","9":"product_cat-tarjetas-de-red-wifi","10":"product_cat-tp-link-tarjetas-de-red-wifi","11":"product_tag-redes","12":"product_tag-tarjetas-de-red-wifi","13":"product_tag-tp-link","14":"product_shipping_class-2088","15":"pa_canon-digital-impuesto-incluido-de-0-e","16":"pa_categoria-redes","17":"pa_marca-tp-link","18":"pa_peso-3454","19":"pa_referencia-mgs0000023021","21":"first","22":"instock","23":"sale","24":"taxable","25":"shipping-taxable","26":"purchasable","27":"product-type-simple"},"_links":{"self":[{"href":"https:\/\/linkxa.es\/linkshop\/wp-json\/wp\/v2\/product\/239486","targetHints":{"allow":["GET"]}}],"collection":[{"href":"https:\/\/linkxa.es\/linkshop\/wp-json\/wp\/v2\/product"}],"about":[{"href":"https:\/\/linkxa.es\/linkshop\/wp-json\/wp\/v2\/types\/product"}],"replies":[{"embeddable":true,"href":"https:\/\/linkxa.es\/linkshop\/wp-json\/wp\/v2\/comments?post=239486"}],"wp:featuredmedia":[{"embeddable":true,"href":"https:\/\/linkxa.es\/linkshop\/wp-json\/wp\/v2\/media\/239487"}],"wp:attachment":[{"href":"https:\/\/linkxa.es\/linkshop\/wp-json\/wp\/v2\/media?parent=239486"}],"wp:term":[{"taxonomy":"product_brand","embeddable":true,"href":"https:\/\/linkxa.es\/linkshop\/wp-json\/wp\/v2\/product_brand?post=239486"},{"taxonomy":"product_cat","embeddable":true,"href":"https:\/\/linkxa.es\/linkshop\/wp-json\/wp\/v2\/product_cat?post=239486"},{"taxonomy":"product_tag","embeddable":true,"href":"https:\/\/linkxa.es\/linkshop\/wp-json\/wp\/v2\/product_tag?post=239486"}],"curies":[{"name":"wp","href":"https:\/\/api.w.org\/{rel}","templated":true}]}}