{"id":239489,"date":"2025-05-15T16:12:53","date_gmt":"2025-05-15T16:12:53","guid":{"rendered":"https:\/\/linkxa.es\/contratacion\/producto\/tarjeta-pci-express-tp-link-tx201\/"},"modified":"2025-12-08T13:15:17","modified_gmt":"2025-12-08T13:15:17","slug":"tarjeta-pci-express-tp-link-tx201","status":"publish","type":"product","link":"https:\/\/linkxa.es\/linkshop\/producto\/tarjeta-pci-express-tp-link-tx201\/","title":{"rendered":"Tarjeta pci express tp &#8211; link tx201"},"content":{"rendered":"<div style=\"text-align: center; margin-bottom: 20px;\">\n<h2 style=\"font-size: 22px; font-weight: 600; margin: 0; color: #333;\">Tp &#8211; link\u00a0|\u00a0 Tarjetas de red wifi<\/h2>\n<p><strong>Tarjeta pci express tp &#8211; link tx201<\/strong><\/p>\n<\/div>\n<p style=\"max-width: 700px; margin: 0px auto 30px; font-size: 18px; line-height: 1.6; color: #555555; font-style: italic; text-align: left;\">TX201<br \/>Adaptador de red PCIe de 2,5 Gigabits<\/p>\n<p>Velocidad ultrarr\u00e1pida : 2.5 Gigabit Ethernet desbloquea el rendimiento m\u00e1s alto de su ancho de banda y dispositivos Multi-Gig. Ya sea transferencia de datos locales o acceso a Internet, el TX201 est\u00e1 a la altura.<br \/>Compatibilidad vers\u00e1til : con velocidad extrema y latencia ultrabaja, 2.5GBase-T es compatible con versiones anteriores de Fast Ethernet y Gigabit Ethernet, negociando autom\u00e1ticamente entre conexiones de mayor y<br \/>menor velocidad.<br \/>Soportes de perfil bajo y de altura completa : adem\u00e1s del soporte est\u00e1ndar, se proporciona un soporte de perfil bajo para gabinetes de computadora minitorre. Las opciones personalizadas le brindan la flexibilidad de<br \/>encontrar un soporte que se adapte perfectamente al dise\u00f1o de su placa.<br \/>Soporte integral del sistema : totalmente compatible con Windows 11\/10\/8.1\/8\/7, Windows Servers 2022\/2019\/2016\/2012 R2\/2012\/2008 R2, Linux .<\/p>\n<p>CARACTER\u00cdSTICAS DE HARDWARE<br \/>Est\u00e1ndares y Protocolos IEEE 802.3, IEEE 802.3u, IEEE 802.3ab, IEEE 802.3bz, IEEE 802.3x<br \/>Interfaz 1 PCI Express 2.1 x 1, 1 puerto RJ45 Gigabit\/Megabit<br \/>Medios de Red 2.5GBASE-T\/1000BASE-T\/100BASE-TX<br \/>LED 2,5 Gbps, 1 Gbps y 100\/10 Mbps Link\/Act<br \/>Tasa de Transferencia 10 Mbps, 100 Mbps, 1 Gbps, 2,5 Gbps para modo semid\u00faplex,<br \/>20 Mbps, 200 Mbps, 2 Gbps, 5 Gbps, para modo Full-Duplex<br \/>Dimensiones 120.8 98.2 21.5 mm (4.8 3.9 0.8 in)<br \/>Control De Flujo 802.3x<br \/>Otros<br \/>Certificaciones FCC, CE, RoHS<br \/>Contenido del Paquete Adaptador de red PCIe de 2,5 Gigabits (TX201)<br \/>Soportes est\u00e1ndar\/de perfil bajo<br \/>Gu\u00eda de Instalaci\u00f3n R\u00e1pida<br \/>CD de recursos<br \/>Requisitos del sistema Windows 11\/10\/8.1\/8\/7, Servidores Windows 2022\/2019\/2016\/2012 R2\/2012\/2008 R2, Linux<br \/>Factores Ambientales Temperatura de funcionamiento: 0 ~ 40 (32 ~ 104 )<br \/>Humedad de funcionamiento: 10 %~90 % sin condensaci\u00f3n<br \/>Humedad de almacenamiento: 5 %~90 % sin condensaci\u00f3n<\/p>\n","protected":false},"excerpt":{"rendered":"<p>Tarjeta pci express tp &#8211; link tx201<\/p>\n","protected":false},"featured_media":239490,"comment_status":"open","ping_status":"open","template":"","meta":{"_et_pb_use_builder":"","_et_pb_old_content":"","_et_gb_content_width":""},"product_brand":[3946],"product_cat":[2058,3261,4016,4017],"product_tag":[3264,4018,3948],"class_list":{"0":"post-239489","1":"product","2":"type-product","3":"status-publish","4":"has-post-thumbnail","6":"product_brand-tp-link","7":"product_cat-dispositivos","8":"product_cat-redes","9":"product_cat-tarjetas-de-red-wifi","10":"product_cat-tp-link-tarjetas-de-red-wifi","11":"product_tag-redes","12":"product_tag-tarjetas-de-red-wifi","13":"product_tag-tp-link","14":"product_shipping_class-2088","15":"pa_canon-digital-impuesto-incluido-de-0-e","16":"pa_categoria-redes","17":"pa_marca-tp-link","18":"pa_peso-3388","19":"pa_referencia-mgs0000023022","21":"first","22":"instock","23":"sale","24":"taxable","25":"shipping-taxable","26":"purchasable","27":"product-type-simple"},"_links":{"self":[{"href":"https:\/\/linkxa.es\/linkshop\/wp-json\/wp\/v2\/product\/239489","targetHints":{"allow":["GET"]}}],"collection":[{"href":"https:\/\/linkxa.es\/linkshop\/wp-json\/wp\/v2\/product"}],"about":[{"href":"https:\/\/linkxa.es\/linkshop\/wp-json\/wp\/v2\/types\/product"}],"replies":[{"embeddable":true,"href":"https:\/\/linkxa.es\/linkshop\/wp-json\/wp\/v2\/comments?post=239489"}],"wp:featuredmedia":[{"embeddable":true,"href":"https:\/\/linkxa.es\/linkshop\/wp-json\/wp\/v2\/media\/239490"}],"wp:attachment":[{"href":"https:\/\/linkxa.es\/linkshop\/wp-json\/wp\/v2\/media?parent=239489"}],"wp:term":[{"taxonomy":"product_brand","embeddable":true,"href":"https:\/\/linkxa.es\/linkshop\/wp-json\/wp\/v2\/product_brand?post=239489"},{"taxonomy":"product_cat","embeddable":true,"href":"https:\/\/linkxa.es\/linkshop\/wp-json\/wp\/v2\/product_cat?post=239489"},{"taxonomy":"product_tag","embeddable":true,"href":"https:\/\/linkxa.es\/linkshop\/wp-json\/wp\/v2\/product_tag?post=239489"}],"curies":[{"name":"wp","href":"https:\/\/api.w.org\/{rel}","templated":true}]}}