{"id":239497,"date":"2025-02-16T16:08:51","date_gmt":"2025-02-16T16:08:51","guid":{"rendered":"https:\/\/linkxa.es\/contratacion\/producto\/switch-tp-link-tl-sg105mpe-5-puertos\/"},"modified":"2025-12-08T13:16:41","modified_gmt":"2025-12-08T13:16:41","slug":"switch-tp-link-tl-sg105mpe-5-puertos","status":"publish","type":"product","link":"https:\/\/linkxa.es\/linkshop\/producto\/switch-tp-link-tl-sg105mpe-5-puertos\/","title":{"rendered":"Switch tp &#8211; link tl &#8211; sg105mpe 5 puertos"},"content":{"rendered":"<div style=\"text-align: center; margin-bottom: 20px;\">\n<h2 style=\"font-size: 22px; font-weight: 600; margin: 0; color: #333;\">Tp &#8211; link\u00a0|\u00a0 Switch<\/h2>\n<p><strong>Switch tp &#8211; link tl &#8211; sg105mpe 5 puertos<\/strong><\/p>\n<\/div>\n<p style=\"max-width: 700px; margin: 0px auto 30px; font-size: 18px; line-height: 1.6; color: #555555; font-style: italic; text-align: left;\">TL-SG105MPE<br \/>Conmutador inteligente sencillo Gigabit de 5 puertos<br \/>con PoE+ de 4 puertos<\/p>\n<p>Cinco puertos RJ45 de 10\/100\/1000Mbps<br \/>Equipado con cuatro puertos 802.3af\/at PoE+ con hasta 30 W para cada puerto, los datos y la alimentaci\u00f3n se pueden transferir en un solo cable<br \/>Admite alimentaci\u00f3n PoE de hasta 120 W para todos los puertos PoE*<br \/>Proporciona monitoreo de red, priorizaci\u00f3n de tr\u00e1fico, funciones de VLAN y recuperaci\u00f3n autom\u00e1tica de PoE<br \/>Configuraci\u00f3n de red simple adem\u00e1s de conectividad plug-and-play<br \/>La interfaz de usuario basada en web y la utilidad Easy Smart Configuration simplifican la configuraci\u00f3n<br \/>El dise\u00f1o sin ventilador reduce el consumo de energ\u00eda y elimina el ruido de funcionamiento<br \/>CARACTER\u00cdSTICAS DE HARDWARE<br \/>Est\u00e1ndares y Protocolos IEEE 802.3i, IEEE 802.3u, IEEE 802.3ab, IEEE 802.3af,<br \/>IEEE 802.3x, IEEE 802.1q, IEEE 802.1p, IEEE 802.3at<br \/>Interfaz Cinco puertos RJ45 de 10\/100\/1000Mbps<br \/>Negociaci\u00f3n AUTOM\u00c1TICA\/MDI AUTOM\u00c1TICO\/MDIX<br \/>Medios de Red 10BASE-T: cable UTP categor\u00eda 3, 4, 5 (m\u00e1ximo 100 m)<br \/>EIA\/TIA-568 100 STP (m\u00e1ximo 100 m)<br \/>100BASE-TX: UTP categor\u00eda 5, cable 5e (m\u00e1ximo 100m)<br \/>EIA\/TIA-568 100 STP (m\u00e1ximo 100 m)<br \/>1000BASE-T: cable UTP categor\u00eda 5, 5e, 6 o superior (m\u00e1ximo 100 m)<br \/>EIA\/TIA-568 100 STP (m\u00e1ximo 100 m)<br \/>Cantidad de Ventiladores Sin ventilador<br \/>Fuente de Alimentaci\u00f3n Adaptador de alimentaci\u00f3n externo (Salida: 53,5 VCC \/ 2,43 A)<br \/>Puertos PoE (RJ45) Est\u00e1ndar: compatible con 802.3 af\/at<br \/>Puertos PoE: Puerto 1- Puerto 4<br \/>Presupuesto de energ\u00eda PoE: 120 W<br \/>Dimensiones 3.9 3.9 1.0 in (99.8 98 25 mm)<br \/>Consumo de Potencia M\u00e1ximo 4,34 W (220 V\/50 Hz sin PD conectado)<br \/>137,01 W (110 V\/50 Hz con PD de 120 W conectado)<br \/>Disipaci\u00f3n m\u00e1xima de calor 14,8 BTU\/h (sin PD conectado)<br \/>467,17 BTU\/h (con PD de 120 W conectado)<br \/>RENDIMIENTO<br \/>Capacidad de Conmutaci\u00f3n 10 Gbps<br \/>Tasa de Reenv\u00edo de Paquetes 7.44 Mpps<br \/>Tabla de Direcciones MAC 2 K<br \/>Memoria del Buffer de Paquete 1 Mb<br \/>Jumbo Frame 16 KB<br \/>CARACTER\u00cdSTICAS DE SOFTWARE<br \/>Calidad de Servicio Compatibilidad con prioridad basada en puerto\/802.1p\/DSCP<br \/>Admite 4 colas de prioridad<br \/>L\u00edmite de tarifa<br \/>control de tormentas<br \/>Caracter\u00edsticas L2 Indagaci\u00f3n IGMP V1\/V2\/V3<br \/>Agregaci\u00f3n de enlaces est\u00e1ticos<br \/>Duplicaci\u00f3n de puertos<br \/>Diagn\u00f3stico de cables<br \/>Prevenci\u00f3n de bucles<br \/>Recuperaci\u00f3n autom\u00e1tica PoE<br \/>Modo extendido<br \/>VLAN Admite hasta 32 VLAN simult\u00e1neamente (de 4K ID de VLAN)<br \/>MTU\/Puerto\/Etiqueta VLAN<br \/>Gesti\u00f3n GUI basada en web<br \/>Utilidad de configuraci\u00f3n inteligente f\u00e1cil<br \/>M\u00e9todo de Transmisi\u00f3n Almacenamiento y reenvio<br \/>Otros<br \/>Certificaciones FCC, CE, RoHS<br \/>Contenido del Paquete TL-SG105MPE<br \/>Adaptador de corriente<br \/>Gu\u00eda de instalaci\u00f3n<br \/>Patas de goma<br \/>Requisitos del sistema Microsoft Windows para ejecutar la utilidad<br \/>Factores Ambientales Temperatura de funcionamiento: 0 ~ 40 (32 ~ 104 )<br \/>Temperatura de almacenamiento: -40 ~ 70 (-40 ~ 158 )<br \/>Humedad de funcionamiento: 10 %~90 % de HR sin condensaci\u00f3n<br \/>Humedad de almacenamiento: 5 %~95 % de HR sin condensaci\u00f3n<\/p>\n","protected":false},"excerpt":{"rendered":"<p>Switch tp &#8211; link tl &#8211; sg105mpe 5 puertos<\/p>\n","protected":false},"featured_media":239498,"comment_status":"open","ping_status":"open","template":"","meta":{"_et_pb_use_builder":"","_et_pb_old_content":"","_et_gb_content_width":""},"product_brand":[3946],"product_cat":[2058,3261,3270,3955],"product_tag":[3264,3273,3948],"class_list":{"0":"post-239497","1":"product","2":"type-product","3":"status-publish","4":"has-post-thumbnail","6":"product_brand-tp-link","7":"product_cat-dispositivos","8":"product_cat-redes","9":"product_cat-switch","10":"product_cat-tp-link-switch","11":"product_tag-redes","12":"product_tag-switch","13":"product_tag-tp-link","14":"product_shipping_class-2088","15":"pa_canon-digital-impuesto-incluido-de-0-e","16":"pa_categoria-redes","17":"pa_marca-tp-link","18":"pa_peso-4277","19":"pa_referencia-mgs0000023302","21":"first","22":"instock","23":"sale","24":"taxable","25":"shipping-taxable","26":"purchasable","27":"product-type-simple"},"_links":{"self":[{"href":"https:\/\/linkxa.es\/linkshop\/wp-json\/wp\/v2\/product\/239497","targetHints":{"allow":["GET"]}}],"collection":[{"href":"https:\/\/linkxa.es\/linkshop\/wp-json\/wp\/v2\/product"}],"about":[{"href":"https:\/\/linkxa.es\/linkshop\/wp-json\/wp\/v2\/types\/product"}],"replies":[{"embeddable":true,"href":"https:\/\/linkxa.es\/linkshop\/wp-json\/wp\/v2\/comments?post=239497"}],"wp:featuredmedia":[{"embeddable":true,"href":"https:\/\/linkxa.es\/linkshop\/wp-json\/wp\/v2\/media\/239498"}],"wp:attachment":[{"href":"https:\/\/linkxa.es\/linkshop\/wp-json\/wp\/v2\/media?parent=239497"}],"wp:term":[{"taxonomy":"product_brand","embeddable":true,"href":"https:\/\/linkxa.es\/linkshop\/wp-json\/wp\/v2\/product_brand?post=239497"},{"taxonomy":"product_cat","embeddable":true,"href":"https:\/\/linkxa.es\/linkshop\/wp-json\/wp\/v2\/product_cat?post=239497"},{"taxonomy":"product_tag","embeddable":true,"href":"https:\/\/linkxa.es\/linkshop\/wp-json\/wp\/v2\/product_tag?post=239497"}],"curies":[{"name":"wp","href":"https:\/\/api.w.org\/{rel}","templated":true}]}}