{"id":239503,"date":"2025-08-18T15:51:37","date_gmt":"2025-08-18T15:51:37","guid":{"rendered":"https:\/\/linkxa.es\/contratacion\/producto\/switch-tp-link-tl-sl1311mp-11-puertos\/"},"modified":"2025-12-08T13:17:35","modified_gmt":"2025-12-08T13:17:35","slug":"switch-tp-link-tl-sl1311mp-11-puertos","status":"publish","type":"product","link":"https:\/\/linkxa.es\/linkshop\/producto\/switch-tp-link-tl-sl1311mp-11-puertos\/","title":{"rendered":"Switch tp &#8211; link tl &#8211; sl1311mp 11 puertos"},"content":{"rendered":"<div style=\"text-align: center; margin-bottom: 20px;\">\n<h2 style=\"font-size: 22px; font-weight: 600; margin: 0; color: #333;\">Tp &#8211; link\u00a0|\u00a0 Switch<\/h2>\n<p><strong>Switch tp &#8211; link tl &#8211; sl1311mp 11 puertos<\/strong><\/p>\n<\/div>\n<p style=\"max-width: 700px; margin: 0px auto 30px; font-size: 18px; line-height: 1.6; color: #555555; font-style: italic; text-align: left;\">TL-SL1311MP<br \/>Switch de escritorio Gigabit de 8 puertos a 10 \/ 100Mbps + 3 puertos con PoE + de 8 puertos<\/p>\n<p>8 puertos RJ45 de 10\/100 Mbps, 2 puertos Gigabit RJ45, 1 puerto Gigabit SFP<br \/>8 puertos PoE + transfieren datos y alimentan cables individuales<br \/>Funciona con PD compatibles con IEEE 802.3af \/ at<br \/>Admite alimentaci\u00f3n PoE de hasta 30 W para cada puerto PoE<br \/>Admite alimentaci\u00f3n PoE de hasta 124 W para 8 puertos PoE *<br \/>Alcance de transmisi\u00f3n de datos y potencia de hasta 250 m en modo extendido **<br \/>El modo de aislamiento permite la separaci\u00f3n del tr\u00e1fico del cliente con un solo clic para una mayor seguridad y rendimiento<br \/>PoE Auto Recovery garantiza un funcionamiento estable de los dispositivos PoE al reiniciar autom\u00e1ticamente los dispositivos PD ca\u00eddos o que no responden<br \/>El dise\u00f1o sin ventilador reduce el consumo de energ\u00eda y funciona silenciosamente en su ubicaci\u00f3n<br \/>Plug and play sin necesidad de configuraci\u00f3n<br \/>CARACTER\u00cdSTICAS DE HARDWARE<br \/>Interfaz 8 puertos 10\/100 Mbps 802.3af \/ en PoE +, 2 puertos Gigabit RJ45, 1 puerto Gigabit SFP<br \/>Autonegociaci\u00f3n<br \/>AUTO MDI \/ MDIX<br \/>Medios de Red 10BASE-T: cable UTP categor\u00eda 3, 4, 5 (m\u00e1ximo 100 m)<br \/>EIA \/ TIA-568 100 STP (m\u00e1ximo 100 m)<br \/>100BASE-TX: cable UTP categor\u00eda 5, 5e (m\u00e1ximo 100 m)<br \/>EIA \/ TIA-568 100 STP (m\u00e1ximo 100 m)<br \/>Cantidad de Ventiladores Sin ventilador<br \/>Bloqueo de Seguridad F\u00edsico Si<br \/>Fuente de Alimentaci\u00f3n Externa Adaptador de corriente externo (salida: 53,5 V CC \/ 2,43 A)<br \/>Tasa de Reenv\u00edo de Paquetes 5.6544 Mpps<br \/>Puertos PoE (RJ45) Est\u00e1ndar: compatible con 802.3 af \/ at<br \/>Puertos PoE: puertos 18<br \/>Suministro el\u00e9ctrico: 124 W<br \/>Tabla de Direcci\u00f3n MAC 2K<br \/>Jumbo Frame 16 KB<br \/>Capacidad de Conmutaci\u00f3n 7.6 Gbps<br \/>Dimensiones 8.2 4.9 1.0 in (209 126 26 mm)<br \/>Consumo de Potencia M\u00e1ximo 5,95 W (220\/50 Hz. Sin PD conectado)<br \/>140,92 W (220\/50 Hz. Con 124 W PD conectado)<br \/>Disipaci\u00f3n m\u00e1xima de calor 20,29 BTU \/ h (sin PD conectado)<br \/>480,54 BTU \/ h (220\/50 Hz. Con PD de 124 W conectado)<br \/>CARACTER\u00cdSTICAS DE SOFTWARE<br \/>M\u00e9todo de Transmisi\u00f3n Almacenamiento y reenvio<br \/>Funciones Avanzadas Compatible con PD compatibles con IEEE 802.3af \/ at<br \/>Bot\u00f3n de modo extendido (puertos 1 a 4 y puertos 1 a 8, fuente de alimentaci\u00f3n PoE de hasta 250 m y transmisi\u00f3n de datos)<br \/>Bot\u00f3n de modo de aislamiento (puertos 1 a 8)<br \/>Bot\u00f3n de recuperaci\u00f3n autom\u00e1tica de PoE (puertos 1 a 8)<br \/>Autoaprendizaje y envejecimiento autom\u00e1tico de direcciones Mac<br \/>Control de flujo IEEE802.3x para modo d\u00faplex completo y contrapresi\u00f3n para modo d\u00faplex medio<br \/>Otros<br \/>Certificaciones FCC, CE, RoHS<br \/>Contenido del Paquete TL-SL1311MP<br \/>Adaptador de corriente<br \/>Gu\u00eda de instalaci\u00f3n<br \/>Factores Ambientales Temperatura de funcionamiento: 040 (32104 )<br \/>Temperatura de almacenamiento: -4070 (-40158 )<br \/>Humedad de funcionamiento: 10 a 90% de humedad relativa sin condensaci\u00f3n<br \/>Humedad de almacenamiento: 590% de humedad relativa sin condensaci\u00f3n<\/p>\n","protected":false},"excerpt":{"rendered":"<p>Switch tp &#8211; link tl &#8211; sl1311mp 11 puertos<\/p>\n","protected":false},"featured_media":239504,"comment_status":"open","ping_status":"open","template":"","meta":{"_et_pb_use_builder":"","_et_pb_old_content":"","_et_gb_content_width":""},"product_brand":[3946],"product_cat":[2058,3261,3270,3955],"product_tag":[3264,3273,3948],"class_list":{"0":"post-239503","1":"product","2":"type-product","3":"status-publish","4":"has-post-thumbnail","6":"product_brand-tp-link","7":"product_cat-dispositivos","8":"product_cat-redes","9":"product_cat-switch","10":"product_cat-tp-link-switch","11":"product_tag-redes","12":"product_tag-switch","13":"product_tag-tp-link","14":"product_shipping_class-2088","15":"pa_canon-digital-impuesto-incluido-de-0-e","16":"pa_categoria-redes","17":"pa_marca-tp-link","18":"pa_peso-4067","19":"pa_referencia-mgs0000023312","21":"first","22":"instock","23":"sale","24":"taxable","25":"shipping-taxable","26":"purchasable","27":"product-type-simple"},"_links":{"self":[{"href":"https:\/\/linkxa.es\/linkshop\/wp-json\/wp\/v2\/product\/239503","targetHints":{"allow":["GET"]}}],"collection":[{"href":"https:\/\/linkxa.es\/linkshop\/wp-json\/wp\/v2\/product"}],"about":[{"href":"https:\/\/linkxa.es\/linkshop\/wp-json\/wp\/v2\/types\/product"}],"replies":[{"embeddable":true,"href":"https:\/\/linkxa.es\/linkshop\/wp-json\/wp\/v2\/comments?post=239503"}],"wp:featuredmedia":[{"embeddable":true,"href":"https:\/\/linkxa.es\/linkshop\/wp-json\/wp\/v2\/media\/239504"}],"wp:attachment":[{"href":"https:\/\/linkxa.es\/linkshop\/wp-json\/wp\/v2\/media?parent=239503"}],"wp:term":[{"taxonomy":"product_brand","embeddable":true,"href":"https:\/\/linkxa.es\/linkshop\/wp-json\/wp\/v2\/product_brand?post=239503"},{"taxonomy":"product_cat","embeddable":true,"href":"https:\/\/linkxa.es\/linkshop\/wp-json\/wp\/v2\/product_cat?post=239503"},{"taxonomy":"product_tag","embeddable":true,"href":"https:\/\/linkxa.es\/linkshop\/wp-json\/wp\/v2\/product_tag?post=239503"}],"curies":[{"name":"wp","href":"https:\/\/api.w.org\/{rel}","templated":true}]}}