{"id":239506,"date":"2025-09-03T21:32:25","date_gmt":"2025-09-03T21:32:25","guid":{"rendered":"https:\/\/linkxa.es\/contratacion\/producto\/switch-tp-link-tl-sl1218mp-20-puertos\/"},"modified":"2025-12-08T13:18:02","modified_gmt":"2025-12-08T13:18:02","slug":"switch-tp-link-tl-sl1218mp-20-puertos","status":"publish","type":"product","link":"https:\/\/linkxa.es\/linkshop\/producto\/switch-tp-link-tl-sl1218mp-20-puertos\/","title":{"rendered":"Switch tp &#8211; link tl &#8211; sl1218mp 20 puertos"},"content":{"rendered":"<div style=\"text-align: center; margin-bottom: 20px;\">\n<h2 style=\"font-size: 22px; font-weight: 600; margin: 0; color: #333;\">Tp &#8211; link\u00a0|\u00a0 Switch<\/h2>\n<p><strong>Switch tp &#8211; link tl &#8211; sl1218mp 20 puertos<\/strong><\/p>\n<\/div>\n<p style=\"max-width: 700px; margin: 0px auto 30px; font-size: 18px; line-height: 1.6; color: #555555; font-style: italic; text-align: left;\">Conmutador de montaje en rack Gigabit de 16 puertos a 10\/100 Mbps + 2 puertos con PoE+ de 16 puertos<\/p>\n<p>16 puertos PoE+ 10\/100 Mbps RJ45, 2 puertos Gigabit RJ45 y 2 ranuras Gigabit SFP combinadas.<br \/>Alto presupuesto de energ\u00eda PoE con hasta 30 W para cada puerto PoE y 250 W para todos los puertos PoE. *<br \/>Hasta 250 m de transmisi\u00f3n de datos y energ\u00eda en modo extendido especialmente dise\u00f1ado para sistemas de vigilancia. **<br \/>Modo de prioridad para los puertos 1 a 8 para garantizar la calidad de las aplicaciones sensibles como el monitor de video.<br \/>El modo de aislamiento permite la separaci\u00f3n del tr\u00e1fico de clientes con un solo clic para mayor seguridad y rendimiento.<br \/>F\u00e1cil de usar, sin necesidad de configuraci\u00f3n e instalaci\u00f3n.<br \/>CARACTER\u00cdSTICAS DE HARDWARE<br \/>Interfaz 16 puertos PoE+ 10\/100 Mbps RJ45<br \/>2 puertos RJ45 de 10\/100\/1000 Mbps<br \/>2 ranuras SFP Gigabit combinadas<br \/>Medios de Red 10BASE-T: cable UTP categor\u00eda 3, 4, 5 (m\u00e1ximo 100 m)<br \/>EIA\/TIA-568 100 STP (m\u00e1ximo 100m)<br \/>100BASE-TX: cable UTP categor\u00eda 5, 5e (m\u00e1ximo 100 m)<br \/>EIA\/TIA-568 100 STP (m\u00e1ximo 100m)<br \/>1000BASE-T: cable UTP categor\u00eda 5, 5e, 6 o superior (m\u00e1ximo 100 m)<br \/>EIA\/TIA-568 100 STP (m\u00e1ximo 100m)<br \/>1000BASE-X MMF, SMF<br \/>Cantidad de Ventiladores 2 Ventiladores<br \/>Bloqueo de Seguridad F\u00edsico S\u00ed<br \/>Fuente de Alimentaci\u00f3n 100240V AC, 50\/60 Hz<br \/>Puertos PoE+ (RJ45) Est\u00e1ndar: compatible con 802.3at\/802.3af<br \/>Puertos PoE: Puertos 116<br \/>Potencia de energ\u00eda PoE: 250 W<br \/>Dimensiones 17.3 7.1 1.7 in (440 180 44 mm)<br \/>Consumo de Potencia M\u00e1ximo 14,97 W (220\/50 Hz. sin PD conectado)<br \/>285,8 W (220\/50 Hz. con 250 W PD conectado)<br \/>Disipaci\u00f3n m\u00e1xima de calor 51,05 BTU\/h (sin PD conectado)<br \/>974,58 BTU\/h (con PD de 250 W conectado)<br \/>RENDIMIENTO<br \/>Capacidad de Conmutaci\u00f3n 7.2 Gbps<br \/>Tasa de Reenv\u00edo de Paquetes 5.36 Mpps<br \/>Tabla de Direcciones MAC 8K<br \/>Jumbo Frame 10 KB<br \/>CARACTER\u00cdSTICAS DE SOFTWARE<br \/>Caracter\u00edsticas Avanzadas Compatible con PD compatibles con IEEE 802.3at\/af<br \/>Modo extendido (hasta 250 m de fuente de alimentaci\u00f3n PoE y transmisi\u00f3n de datos)<br \/>Modo de prioridad<br \/>Modo de aislamiento<br \/>Autoaprendizaje y envejecimiento autom\u00e1tico de direcciones Mac<br \/>Control de flujo IEEE802.3x<br \/>M\u00e9todo de Transmisi\u00f3n Almacenamiento y reenvio<br \/>Otros<br \/>Certificaciones CE, FCC, RoHS<br \/>Contenido del Paquete TL-SL1218MP<br \/>Cable de energ\u00eda<br \/>Gu\u00eda de instalaci\u00f3n<br \/>Dos soportes de montaje y los accesorios<br \/>Factores Ambientales Temperatura de funcionamiento: 050 C (32122 F)<br \/>Temperatura de almacenamiento: -4070 C (-40158 F)<br \/>Humedad de funcionamiento: 1090 % de HR sin condensaci\u00f3n<br \/>Humedad de almacenamiento: 590 % de HR sin condensaci\u00f3n<\/p>\n","protected":false},"excerpt":{"rendered":"<p>Switch tp &#8211; link tl &#8211; sl1218mp 20 puertos<\/p>\n","protected":false},"featured_media":239507,"comment_status":"open","ping_status":"open","template":"","meta":{"_et_pb_use_builder":"","_et_pb_old_content":"","_et_gb_content_width":""},"product_brand":[3946],"product_cat":[2058,3261,3270,3955],"product_tag":[3264,3273,3948],"class_list":{"0":"post-239506","1":"product","2":"type-product","3":"status-publish","4":"has-post-thumbnail","6":"product_brand-tp-link","7":"product_cat-dispositivos","8":"product_cat-redes","9":"product_cat-switch","10":"product_cat-tp-link-switch","11":"product_tag-redes","12":"product_tag-switch","13":"product_tag-tp-link","14":"product_shipping_class-2088","15":"pa_canon-digital-impuesto-incluido-de-0-e","16":"pa_categoria-redes","17":"pa_marca-tp-link","18":"pa_peso-4282","19":"pa_referencia-mgs0000023314","21":"first","22":"instock","23":"sale","24":"taxable","25":"shipping-taxable","26":"purchasable","27":"product-type-simple"},"_links":{"self":[{"href":"https:\/\/linkxa.es\/linkshop\/wp-json\/wp\/v2\/product\/239506","targetHints":{"allow":["GET"]}}],"collection":[{"href":"https:\/\/linkxa.es\/linkshop\/wp-json\/wp\/v2\/product"}],"about":[{"href":"https:\/\/linkxa.es\/linkshop\/wp-json\/wp\/v2\/types\/product"}],"replies":[{"embeddable":true,"href":"https:\/\/linkxa.es\/linkshop\/wp-json\/wp\/v2\/comments?post=239506"}],"wp:featuredmedia":[{"embeddable":true,"href":"https:\/\/linkxa.es\/linkshop\/wp-json\/wp\/v2\/media\/239507"}],"wp:attachment":[{"href":"https:\/\/linkxa.es\/linkshop\/wp-json\/wp\/v2\/media?parent=239506"}],"wp:term":[{"taxonomy":"product_brand","embeddable":true,"href":"https:\/\/linkxa.es\/linkshop\/wp-json\/wp\/v2\/product_brand?post=239506"},{"taxonomy":"product_cat","embeddable":true,"href":"https:\/\/linkxa.es\/linkshop\/wp-json\/wp\/v2\/product_cat?post=239506"},{"taxonomy":"product_tag","embeddable":true,"href":"https:\/\/linkxa.es\/linkshop\/wp-json\/wp\/v2\/product_tag?post=239506"}],"curies":[{"name":"wp","href":"https:\/\/api.w.org\/{rel}","templated":true}]}}