{"id":239509,"date":"2024-11-30T16:22:49","date_gmt":"2024-11-30T16:22:49","guid":{"rendered":"https:\/\/linkxa.es\/contratacion\/producto\/switch-tp-link-tl-sg116p-16-puertos\/"},"modified":"2025-12-08T13:18:28","modified_gmt":"2025-12-08T13:18:28","slug":"switch-tp-link-tl-sg116p-16-puertos","status":"publish","type":"product","link":"https:\/\/linkxa.es\/linkshop\/producto\/switch-tp-link-tl-sg116p-16-puertos\/","title":{"rendered":"Switch tp &#8211; link tl &#8211; sg116p 16 puertos"},"content":{"rendered":"<div style=\"text-align: center; margin-bottom: 20px;\">\n<h2 style=\"font-size: 22px; font-weight: 600; margin: 0; color: #333;\">Tp &#8211; link\u00a0|\u00a0 Switch<\/h2>\n<p><strong>Switch tp &#8211; link tl &#8211; sg116p 16 puertos<\/strong><\/p>\n<\/div>\n<p style=\"max-width: 700px; margin: 0px auto 30px; font-size: 18px; line-height: 1.6; color: #555555; font-style: italic; text-align: left;\">TL-SG116P<br \/>Switch Gigabit de sobremesa de 16 puertos con PoE+ de 16 puertos<\/p>\n<p>16 puertos RJ45 de 10\/100\/1000 Mbps<br \/>Con 16 puertos PoE+, transfiere datos y energ\u00eda en un solo cable<br \/>Cumpliendo con IEEE 802.3af\/at PoE+, el switch admite alimentaci\u00f3n PoE de hasta 30 W para cada puerto PoE<br \/>Admite alimentaci\u00f3n PoE de hasta 120 W para todos los puertos PoE*<br \/>Alcance de transmisi\u00f3n de datos y energ\u00eda de hasta 250 m en modo extendido**<br \/>El modo de prioridad garantiza una alta prioridad de los puertos 1 a 4 para garantizar la calidad de las aplicaciones confidenciales<br \/>El modo de aislamiento permite la separaci\u00f3n del tr\u00e1fico de clientes con un solo clic para mayor seguridad y rendimiento<br \/>Reinicia autom\u00e1ticamente sus dispositivos alimentados por PoE ca\u00eddos o que no responden con PoE Auto Recovery<br \/>Conectar y utilizar sin necesidad de configuraci\u00f3n<br \/>CARACTER\u00cdSTICAS DE HARDWARE<br \/>Interfaz &#8211; 16 10\/100\/1000Mbps Puertos RJ45<br \/>&#8211; AUTO Negociaci\u00f3n<br \/>&#8211; AUTO MDI\/MDIX<br \/>Medios de Red &#8211; 10BASE-T: Cable UTP categor\u00eda 3, 4, 5 (m\u00e1ximo 100m).<br \/>&#8211; EIA\/TIA-568 100 STP (m\u00e1ximo 100 m)<br \/>&#8211; 100BASE-TX: Cable UTP categor\u00eda 5, 5e (m\u00e1ximo 100m).<br \/>&#8211; EIA\/TIA-568 100 STP (m\u00e1ximo 100 m)<br \/>&#8211; 1000BASE-T: Cable UTP de categor\u00eda 5, 5e, 6 o superior (m\u00e1ximo 100m).<br \/>&#8211; EIA\/TIA-568 100 STP (m\u00e1ximo 100 m)<br \/>Cantidad de Ventiladores Sin ventilador<br \/>Fuente de Alimentaci\u00f3n Externa Adaptador de corriente externo (salida: 53,5 V CC \/ 2,43 A)<br \/>Tasa de Reenv\u00edo de Paquetes 23.8 Mpps<br \/>Puertos PoE (RJ45) &#8211; Est\u00e1ndar: compatible con 802.3 af\/at<br \/>&#8211; Puertos PoE: Puertos 1-16<br \/>&#8211; Fuente de alimentaci\u00f3n: 120 W<br \/>Tabla de Direcci\u00f3n MAC 8K, Autoaprendizaje, Autoenvejecimiento de direcciones MAC<br \/>Capacidad de Conmutaci\u00f3n 32 Gbps<br \/>Dimensiones 11.3 4.4 1.0 in (286 111.7 25.4 mm)<br \/>Consumo de Potencia M\u00e1ximo &#8211; 11,72 W (220 V \/ 50 Hz sin PD conectada) \/<br \/>11,56 W (110 V \/ 60 Hz sin PD conectada)<br \/>&#8211; 142,51 W (220 V \/ 50 Hz con PD de 120 W* conectada) \/<br \/>144,28 W (110 V \/ 60 Hz con PD de 120 W* conectada)<br \/>Disipaci\u00f3n m\u00e1xima de calor &#8211; 39,85 BTU\/h (220 V \/ 50 Hz sin PD conectada) \/<br \/>39,31 BTU\/h (110 V \/ 60 Hz sin PD conectada)<br \/>&#8211; 484,53 BTU\/h (220 V \/ 50 Hz con PD de 120 W* conectada) \/<br \/>490,55 BTU\/h (110 V \/ 60 Hz con PD de 120 W* conectada)<br \/>CARACTER\u00cdSTICAS DE SOFTWARE<br \/>Caracter\u00edsticas Avanzadas &#8211; Compatible con PD compatibles con IEEE 802.3af\/at<br \/>&#8211; Bot\u00f3n de modo de extensi\u00f3n (puertos 1-4, hasta 250 m de alimentaci\u00f3n PoE y transmisi\u00f3n de datos)<br \/>&#8211; Bot\u00f3n de modo prioritario (puertos 1-4)<br \/>&#8211; Bot\u00f3n de modo de aislamiento (puertos 1-7 \/ 8-14)<br \/>&#8211; Recuperaci\u00f3n autom\u00e1tica PoE (Puertos 1-16)<br \/>&#8211; Autoaprendizaje y autoenvejecimiento de direcciones MAC<br \/>&#8211; Control de flujo IEEE 802.3x<br \/>&#8211; QoS 802.1p\/DSCP<br \/>&#8211; IGMP Snooping<br \/>M\u00e9todo de Transferencia Almacenar y reenviar<br \/>Otros<br \/>Certificaciones FCC, CE, RoHS<br \/>Contenido del Paquete &#8211; TL-SG116P<br \/>&#8211; Adaptador de corriente<br \/>&#8211; Gu\u00eda de instalaci\u00f3n<br \/>Factores Ambientales &#8211; Temperatura de funcionamiento: 0-40 (32-104 ),<br \/>&#8211; Temperatura de almacenamiento: -40-70 (-40-158 )<br \/>&#8211; Humedad de funcionamiento: 10-90% HR sin condensaci\u00f3n.<br \/>&#8211; Humedad de almacenamiento: 5-90% HR sin condensaci\u00f3n.<\/p>\n","protected":false},"excerpt":{"rendered":"<p>Switch tp &#8211; link tl &#8211; sg116p 16 puertos<\/p>\n","protected":false},"featured_media":239510,"comment_status":"open","ping_status":"open","template":"","meta":{"_et_pb_use_builder":"","_et_pb_old_content":"","_et_gb_content_width":""},"product_brand":[3946],"product_cat":[2058,3261,3270,3955],"product_tag":[3264,3273,3948],"class_list":{"0":"post-239509","1":"product","2":"type-product","3":"status-publish","4":"has-post-thumbnail","6":"product_brand-tp-link","7":"product_cat-dispositivos","8":"product_cat-redes","9":"product_cat-switch","10":"product_cat-tp-link-switch","11":"product_tag-redes","12":"product_tag-switch","13":"product_tag-tp-link","14":"product_shipping_class-2088","15":"pa_canon-digital-impuesto-incluido-de-0-e","16":"pa_categoria-redes","17":"pa_marca-tp-link","18":"pa_peso-4284","19":"pa_referencia-mgs0000023315","21":"first","22":"instock","23":"sale","24":"taxable","25":"shipping-taxable","26":"purchasable","27":"product-type-simple"},"_links":{"self":[{"href":"https:\/\/linkxa.es\/linkshop\/wp-json\/wp\/v2\/product\/239509","targetHints":{"allow":["GET"]}}],"collection":[{"href":"https:\/\/linkxa.es\/linkshop\/wp-json\/wp\/v2\/product"}],"about":[{"href":"https:\/\/linkxa.es\/linkshop\/wp-json\/wp\/v2\/types\/product"}],"replies":[{"embeddable":true,"href":"https:\/\/linkxa.es\/linkshop\/wp-json\/wp\/v2\/comments?post=239509"}],"wp:featuredmedia":[{"embeddable":true,"href":"https:\/\/linkxa.es\/linkshop\/wp-json\/wp\/v2\/media\/239510"}],"wp:attachment":[{"href":"https:\/\/linkxa.es\/linkshop\/wp-json\/wp\/v2\/media?parent=239509"}],"wp:term":[{"taxonomy":"product_brand","embeddable":true,"href":"https:\/\/linkxa.es\/linkshop\/wp-json\/wp\/v2\/product_brand?post=239509"},{"taxonomy":"product_cat","embeddable":true,"href":"https:\/\/linkxa.es\/linkshop\/wp-json\/wp\/v2\/product_cat?post=239509"},{"taxonomy":"product_tag","embeddable":true,"href":"https:\/\/linkxa.es\/linkshop\/wp-json\/wp\/v2\/product_tag?post=239509"}],"curies":[{"name":"wp","href":"https:\/\/api.w.org\/{rel}","templated":true}]}}