{"id":239511,"date":"2025-06-17T18:15:04","date_gmt":"2025-06-17T18:15:04","guid":{"rendered":"https:\/\/linkxa.es\/contratacion\/producto\/switch-tp-link-tl-sg1210pp-10-puertos\/"},"modified":"2025-12-08T13:18:58","modified_gmt":"2025-12-08T13:18:58","slug":"switch-tp-link-tl-sg1210pp-10-puertos","status":"publish","type":"product","link":"https:\/\/linkxa.es\/linkshop\/producto\/switch-tp-link-tl-sg1210pp-10-puertos\/","title":{"rendered":"Switch tp &#8211; link tl &#8211; sg1210pp 10 puertos"},"content":{"rendered":"<div style=\"text-align: center; margin-bottom: 20px;\">\n<h2 style=\"font-size: 22px; font-weight: 600; margin: 0; color: #333;\">Tp &#8211; link\u00a0|\u00a0 Switch<\/h2>\n<p><strong>Switch tp &#8211; link tl &#8211; sg1210pp 10 puertos<\/strong><\/p>\n<\/div>\n<p style=\"max-width: 700px; margin: 0px auto 30px; font-size: 18px; line-height: 1.6; color: #555555; font-style: italic; text-align: left;\">Sobre el producto<\/p>\n<p>El puerto 1-8 del conmutador admite la funci\u00f3n Power over Ethernet (PoE). Estos puertos PoE pueden detectar y suministrar energ\u00eda autom\u00e1ticamente con los dispositivos alimentados (PD) que cumplen con IEEE 802.3af \/<br \/>at. Cuando el consumo total de energ\u00eda excede los 63W, la administraci\u00f3n inteligente de energ\u00eda cortar\u00e1 la energ\u00eda del puerto de menor prioridad para asegurar la fuente de alimentaci\u00f3n del puerto de alta prioridad y<br \/>proteger el dispositivo de la operaci\u00f3n de sobrecarga de energ\u00eda.<br \/>Caracter\u00edsticas:<\/p>\n<p>9 puertos RJ45 de 10\/100\/1000 Mbps, 1 puerto SFP Gigabit<br \/>Con 8 puertos PoE +, transfiere datos y energ\u00eda en un solo cable<br \/>Funciona con PD compatibles con IEEE 802.3af \/ at y ampl\u00eda la red de la oficina<br \/>802.1p \/ DSCP QoS permite un tr\u00e1fico suave sensible a la latencia<br \/>Alta disponibilidad de energ\u00eda PoE con hasta 30 W para cada puerto PoE y 63 W para todos los puertos PoE<br \/>F\u00e1cil de usar, sin necesidad de configuraci\u00f3n e instalaci\u00f3n<\/p>\n<p>Especificaciones TP-Link TL-SG1210PP:<\/p>\n<p>Caracter\u00edsticas de administraci\u00f3n<br \/>Tipo de interruptor: No administrado<br \/>Calidad de servicio (QoS) soporte: Si<\/p>\n<p>Puertos e Interfaces<br \/>Cantidad de puertos b\u00e1sicos de conmutaci\u00f3n RJ-45 Ethernet: 10<br \/>Puertos tipo b\u00e1sico de conmutaci\u00f3n RJ-45 Ethernet: Gigabit Ethernet (10\/100\/1000)<br \/>Gigabit Ethernet (cobre), cantidad de puertos: 10<br \/>Combo SFP Cantidad de puertos: 1<\/p>\n<p>Conexi\u00f3n<br \/>Est\u00e1ndares de red: IEEE 802.3af, IEEE 802.3at, IEEE 802.3i, IEEE 802.3u, IEEE 802.3x, IEEE 802.3z<br \/>Soporte 10G: No<br \/>Tecnolog\u00eda de cableado ethernet de cobre: 10BASE-T, 100BASE-TX<br \/>Tipos de cable soportados: Cat3, Cat4, Cat5, Cat5e<br \/>Soporte de control de flujo: Si<br \/>Auto MDI \/ MDI-X: Si<br \/>Auto-negociaci\u00f3n: Si<br \/>Admite direcci\u00f3n MAC auto-learning: Si<br \/>Admite direcci\u00f3n MAC auto-aging: Si<\/p>\n<p>Transmisi\u00f3n de datos<br \/>Capacidad de conmutaci\u00f3n: 20 Gbit\/s<br \/>Tasa de reenv\u00edo: 14,88 Mpps<br \/>Tabla de direcciones MAC: 4000 entradas<br \/>Guardar y remitir: Si<\/p>\n<p>Seguridad<br \/>IGMP: Si<\/p>\n<p>Dise\u00f1o<br \/>Montaje en rack: No<br \/>Color del producto: Negro<br \/>Material de la carcasa: Acero<br \/>Indicadores LED: Si<br \/>Certificaci\u00f3n: FCC, CE, RoHS<\/p>\n<p>Desempe\u00f1o<br \/>Sin ventilador: Si<\/p>\n<p>Control de energ\u00eda<br \/>Fuente de energ\u00eda: DC\/PoE<br \/>Fuente de alimentaci\u00f3n incluida: Si<br \/>N\u00famero de fuentes de alimentaci\u00f3n: 1<br \/>Voltaje de entrada AC: 90 &#8211; 220 V<br \/>Frecuencia de entrada AC: 50 Hz<br \/>Corriente de entrada: 2.43 A<br \/>Voltaje de entrada: 53.5 V<br \/>Consumo de energ\u00eda (max): 144,1 W<\/p>\n<p>Alimentaci\u00f3n a trav\u00e9s de Ethernet (PoE)<br \/>Energ\u00eda sobre Ethernet (PoE): Si<br \/>Alimentaci\u00f3n mediante Ethernet Plus (PoE +) Cantidad de puertos: 2<br \/>N\u00famero de puertos de PoE (alimentaci\u00f3n a trav\u00e9s de Ethernet) de 4 pares o 4PPoE (PoE++): 6<br \/>Potencia a trav\u00e9s de Ethernet (PoE) Presupuesto: 123 W<\/p>\n<p>Condiciones ambientales<br \/>Intervalo de temperatura operativa: 0 &#8211; 40 C<br \/>Intervalo de temperatura de almacenaje: -40 &#8211; 70 C<br \/>Intervalo de humedad relativa para funcionamiento: 10 &#8211; 90%<br \/>Intervalo de humedad relativa durante almacenaje: 5 &#8211; 90%<br \/>Disipaci\u00f3n del calor: 482,17 BTU\/h<\/p>\n<p>Peso y dimensiones<br \/>Ancho: 209 mm<br \/>Profundidad: 126 mm<br \/>Altura: 26 mm<\/p>\n<p>Empaquetado<br \/>Cables incluidos: Corriente alterna<br \/>Manual de usuario: Si<br \/>Tipo de embalaje: Caja<\/p>\n","protected":false},"excerpt":{"rendered":"<p>Switch tp &#8211; link tl &#8211; sg1210pp 10 puertos<\/p>\n","protected":false},"featured_media":239512,"comment_status":"open","ping_status":"open","template":"","meta":{"_et_pb_use_builder":"","_et_pb_old_content":"","_et_gb_content_width":""},"product_brand":[3946],"product_cat":[2058,3261,3270,3955],"product_tag":[3264,3273,3948],"class_list":{"0":"post-239511","1":"product","2":"type-product","3":"status-publish","4":"has-post-thumbnail","6":"product_brand-tp-link","7":"product_cat-dispositivos","8":"product_cat-redes","9":"product_cat-switch","10":"product_cat-tp-link-switch","11":"product_tag-redes","12":"product_tag-switch","13":"product_tag-tp-link","14":"product_shipping_class-2088","15":"pa_canon-digital-impuesto-incluido-de-0-e","16":"pa_categoria-redes","17":"pa_marca-tp-link","18":"pa_peso-4251","19":"pa_referencia-mgs0000023319","21":"first","22":"instock","23":"sale","24":"taxable","25":"shipping-taxable","26":"purchasable","27":"product-type-simple"},"_links":{"self":[{"href":"https:\/\/linkxa.es\/linkshop\/wp-json\/wp\/v2\/product\/239511","targetHints":{"allow":["GET"]}}],"collection":[{"href":"https:\/\/linkxa.es\/linkshop\/wp-json\/wp\/v2\/product"}],"about":[{"href":"https:\/\/linkxa.es\/linkshop\/wp-json\/wp\/v2\/types\/product"}],"replies":[{"embeddable":true,"href":"https:\/\/linkxa.es\/linkshop\/wp-json\/wp\/v2\/comments?post=239511"}],"wp:featuredmedia":[{"embeddable":true,"href":"https:\/\/linkxa.es\/linkshop\/wp-json\/wp\/v2\/media\/239512"}],"wp:attachment":[{"href":"https:\/\/linkxa.es\/linkshop\/wp-json\/wp\/v2\/media?parent=239511"}],"wp:term":[{"taxonomy":"product_brand","embeddable":true,"href":"https:\/\/linkxa.es\/linkshop\/wp-json\/wp\/v2\/product_brand?post=239511"},{"taxonomy":"product_cat","embeddable":true,"href":"https:\/\/linkxa.es\/linkshop\/wp-json\/wp\/v2\/product_cat?post=239511"},{"taxonomy":"product_tag","embeddable":true,"href":"https:\/\/linkxa.es\/linkshop\/wp-json\/wp\/v2\/product_tag?post=239511"}],"curies":[{"name":"wp","href":"https:\/\/api.w.org\/{rel}","templated":true}]}}