{"id":239513,"date":"2024-12-05T16:11:50","date_gmt":"2024-12-05T16:11:50","guid":{"rendered":"https:\/\/linkxa.es\/contratacion\/producto\/switch-tp-link-tl-sg1006pp-6-puertos\/"},"modified":"2025-12-08T13:19:27","modified_gmt":"2025-12-08T13:19:27","slug":"switch-tp-link-tl-sg1006pp-6-puertos","status":"publish","type":"product","link":"https:\/\/linkxa.es\/linkshop\/producto\/switch-tp-link-tl-sg1006pp-6-puertos\/","title":{"rendered":"Switch tp &#8211; link tl &#8211; sg1006pp 6 puertos"},"content":{"rendered":"<div style=\"text-align: center; margin-bottom: 20px;\">\n<h2 style=\"font-size: 22px; font-weight: 600; margin: 0; color: #333;\">Tp &#8211; link\u00a0|\u00a0 Switch<\/h2>\n<p><strong>Switch tp &#8211; link tl &#8211; sg1006pp 6 puertos<\/strong><\/p>\n<\/div>\n<p style=\"max-width: 700px; margin: 0px auto 30px; font-size: 18px; line-height: 1.6; color: #555555; font-style: italic; text-align: left;\">TL-SG1006PP<br \/>Switch Gigabit de sobremesa de 6 puertos con PoE+ de 3 puertos y PoE++ de 1 puerto<\/p>\n<p>6 puertos RJ45 de 10\/100\/1000 Mbps<br \/>Con un puerto PoE++ y tres puertos PoE+, transfiere datos y energ\u00eda en un \u00fanico cable<br \/>Funciona con dispositivos PD compatibles con IEEE 802.3af\/at\/bt<br \/>802.1p\/DSCP QoS permite un tr\u00e1fico fluido y sensible a la latencia<br \/>Soporta potencia PoE de hasta 30 W para cada puerto PoE+ y 60W para el puerto PoE++<br \/>Soporta potencia PoE de hasta 64 W para todos los puertos PoE*<br \/>Hasta 250m de alcance de transmisi\u00f3n de datos y energ\u00eda en Modo de Extensi\u00f3n**<br \/>La Recuperaci\u00f3n Autom\u00e1tica PoE garantiza el funcionamiento estable de los dispositivos PoE al reiniciar autom\u00e1ticamente los dispositivos PD desconectados o no responsivos<br \/>Conectar y usar, sin necesidad de configuraci\u00f3n ni instalaci\u00f3n<br \/>CARACTER\u00cdSTICAS DE HARDWARE<br \/>Interfaz 6 10\/100\/1000Mbps Puertos RJ45<br \/>AUTO Negociaci\u00f3n<br \/>AUTO MDI\/MDIX<br \/>Medios de Red 10BASE-T: Cable UTP categor\u00eda 3, 4, 5 (m\u00e1ximo 100m).<br \/>EIA\/TIA-568 100 STP (m\u00e1ximo 100m)<br \/>100BASE-TX: Cable UTP categor\u00eda 5, 5e (m\u00e1ximo 100m).<br \/>EIA\/TIA-568 100 STP (m\u00e1ximo 100 m)<br \/>1000BASE-T: Cable UTP de categor\u00eda 5, 5e, 6 o superior (m\u00e1ximo 100m).<br \/>EIA\/TIA-568 100 STP (m\u00e1ximo 100 m)<br \/>Cantidad de Ventiladores Sin ventiladores<br \/>Fuente de Alimentaci\u00f3n Externa Adaptador de corriente externo (salida: 53,5 V CC \/ 1,31 A)<br \/>Tasa de Reenv\u00edo de Paquetes 8.928 Mpps<br \/>Puertos PoE (RJ45) El puerto 1 cumple con 802.3af\/at\/bt, los puertos 2-4 cumplen con 802.3af\/at<br \/>Fuente de alimentaci\u00f3n: 64 W<br \/>Tabla de Direcci\u00f3n MAC 4K<br \/>Capacidad de Conmutaci\u00f3n 12 Gbps<br \/>Dimensiones 6.2&#215;4.0x1.0 in (158x101x25 mm)<br \/>Consumo de Potencia M\u00e1ximo 4,75 W (220\/50 Hz. sin PD conectada)<br \/>71,46 W (220\/50 Hz. con DP de 64 W conectada)<br \/>Disipaci\u00f3n m\u00e1xima de calor 16,20 BTU\/h (220\/50 Hz. sin PD conectada)<br \/>243,68 BTU\/h (220\/50 Hz. con DP de 64 W conectada)<br \/>CARACTER\u00cdSTICAS DE SOFTWARE<br \/>Caracter\u00edsticas Avanzadas Compatible con dispositivos PD que cumplen con IEEE 802.3af\/at\/bt<br \/>Aprendizaje autom\u00e1tico y envejecimiento autom\u00e1tico de direcciones MAC<br \/>Control de flujo IEEE 802.3x<br \/>Calidad de Servicio (QoS) 802.1p\/DSCP<br \/>IGMP Snooping<br \/>Bot\u00f3n de Modo de Extensi\u00f3n (Puertos 1-2, suministro de energ\u00eda PoE y transmisi\u00f3n de datos de hasta 250 m)<br \/>Recuperaci\u00f3n Autom\u00e1tica de PoE (Puertos 1-4)<br \/>M\u00e9todo de Transferencia Almacenar y Reenviar<br \/>Otros<br \/>Certificaciones FCC, CE, RoHS<br \/>Contenido del Paquete TL-SG1006PP<br \/>Adaptador de corriente<br \/>Gu\u00eda de instalaci\u00f3n<br \/>Factores Ambientales Temperatura de funcionamiento: 0-40 (32-104 )<br \/>Temperatura de almacenamiento: -40-70 (-40-158 )<br \/>Humedad de funcionamiento: 10-90% RH sin condensaci\u00f3n<br \/>Humedad de almacenamiento: 5-90% RH sin condensaci\u00f3n<\/p>\n","protected":false},"excerpt":{"rendered":"<p>Switch tp &#8211; link tl &#8211; sg1006pp 6 puertos<\/p>\n","protected":false},"featured_media":239514,"comment_status":"open","ping_status":"open","template":"","meta":{"_et_pb_use_builder":"","_et_pb_old_content":"","_et_gb_content_width":""},"product_brand":[3946],"product_cat":[2058,3261,3270,3955],"product_tag":[3264,3273,3948],"class_list":{"0":"post-239513","1":"product","2":"type-product","3":"status-publish","4":"has-post-thumbnail","6":"product_brand-tp-link","7":"product_cat-dispositivos","8":"product_cat-redes","9":"product_cat-switch","10":"product_cat-tp-link-switch","11":"product_tag-redes","12":"product_tag-switch","13":"product_tag-tp-link","14":"product_shipping_class-2088","15":"pa_canon-digital-impuesto-incluido-de-0-e","16":"pa_categoria-redes","17":"pa_marca-tp-link","18":"pa_peso-4287","19":"pa_referencia-mgs0000023320","21":"first","22":"instock","23":"sale","24":"taxable","25":"shipping-taxable","26":"purchasable","27":"product-type-simple"},"_links":{"self":[{"href":"https:\/\/linkxa.es\/linkshop\/wp-json\/wp\/v2\/product\/239513","targetHints":{"allow":["GET"]}}],"collection":[{"href":"https:\/\/linkxa.es\/linkshop\/wp-json\/wp\/v2\/product"}],"about":[{"href":"https:\/\/linkxa.es\/linkshop\/wp-json\/wp\/v2\/types\/product"}],"replies":[{"embeddable":true,"href":"https:\/\/linkxa.es\/linkshop\/wp-json\/wp\/v2\/comments?post=239513"}],"wp:featuredmedia":[{"embeddable":true,"href":"https:\/\/linkxa.es\/linkshop\/wp-json\/wp\/v2\/media\/239514"}],"wp:attachment":[{"href":"https:\/\/linkxa.es\/linkshop\/wp-json\/wp\/v2\/media?parent=239513"}],"wp:term":[{"taxonomy":"product_brand","embeddable":true,"href":"https:\/\/linkxa.es\/linkshop\/wp-json\/wp\/v2\/product_brand?post=239513"},{"taxonomy":"product_cat","embeddable":true,"href":"https:\/\/linkxa.es\/linkshop\/wp-json\/wp\/v2\/product_cat?post=239513"},{"taxonomy":"product_tag","embeddable":true,"href":"https:\/\/linkxa.es\/linkshop\/wp-json\/wp\/v2\/product_tag?post=239513"}],"curies":[{"name":"wp","href":"https:\/\/api.w.org\/{rel}","templated":true}]}}