{"id":239516,"date":"2025-04-28T10:50:34","date_gmt":"2025-04-28T10:50:34","guid":{"rendered":"https:\/\/linkxa.es\/contratacion\/producto\/switch-tp-link-tl-sg1005p-pd-5-puertos\/"},"modified":"2025-12-08T13:19:54","modified_gmt":"2025-12-08T13:19:54","slug":"switch-tp-link-tl-sg1005p-pd-5-puertos","status":"publish","type":"product","link":"https:\/\/linkxa.es\/linkshop\/producto\/switch-tp-link-tl-sg1005p-pd-5-puertos\/","title":{"rendered":"Switch tp &#8211; link tl &#8211; sg1005p &#8211; pd 5 puertos"},"content":{"rendered":"<div style=\"text-align: center; margin-bottom: 20px;\">\n<h2 style=\"font-size: 22px; font-weight: 600; margin: 0; color: #333;\">Tp &#8211; link\u00a0|\u00a0 Switch<\/h2>\n<p><strong>Switch tp &#8211; link tl &#8211; sg1005p &#8211; pd 5 puertos<\/strong><\/p>\n<\/div>\n<p style=\"max-width: 700px; margin: 0px auto 30px; font-size: 18px; line-height: 1.6; color: #555555; font-style: italic; text-align: left;\">Especificaci\u00f3n<br \/>Caracter\u00edsticas de administraci\u00f3n<br \/>Calidad de servicio (QoS) soporte<br \/>Si<br \/>Puertos e Interfaces<br \/>Cantidad de puertos b\u00e1sicos de conmutaci\u00f3n RJ-45 Ethernet Cantidad de puertos b\u00e1sicos de conmutaci\u00f3n RJ-45 Ethernet<br \/>5<br \/>Puertos tipo b\u00e1sico de conmutaci\u00f3n RJ-45 Ethernet Puertos tipo b\u00e1sico de conmutaci\u00f3n RJ-45 Ethernet<br \/>Gigabit Ethernet (10\/100\/1000)<br \/>Conexi\u00f3n<br \/>Est\u00e1ndares de red Est\u00e1ndares de red<br \/>IEEE 802.1p, IEEE 802.3ab, IEEE 802.3af, IEEE 802.3at, IEEE 802.3bt, IEEE 802.3i, IEEE 802.3u, IEEE 802.3x<br \/>Soporte 10G Soporte 10G<br \/>Si<br \/>Tecnolog\u00eda de cableado ethernet de cobre<br \/>10BASE-T, 100BASE-TX, 1000BASE-T<br \/>Tipos de cable soportados<br \/>Cat3, Cat4, Cat5, Cat5e, Cat6<br \/>Admite direcci\u00f3n MAC auto-aging<br \/>Si<br \/>Admite direcci\u00f3n MAC auto-learning<br \/>Si<br \/>Soporte de control de flujo<br \/>Si<br \/>Auto MDI \/ MDI-X Auto MDI \/ MDI-X<br \/>Si<br \/>Auto-negociaci\u00f3n<br \/>Si<br \/>Transmisi\u00f3n de datos<br \/>Capacidad de conmutaci\u00f3n Capacidad de conmutaci\u00f3n<br \/>10 Gbit\/s<br \/>Tasa de reenv\u00edo<br \/>7,44 Mpps<br \/>Tabla de direcciones MAC Tabla de direcciones MAC<br \/>2000 entradas<br \/>Guardar y remitir<br \/>Si<br \/>Seguridad<br \/>IGMP<br \/>Si<br \/>Dise\u00f1o<br \/>Color del producto Color del producto<br \/>Negro<br \/>Indicadores LED<br \/>Si<br \/>Montaje de pared Montaje de pared<br \/>Si<br \/>Certificaci\u00f3n<br \/>CE, FCC, RoHS<br \/>Desempe\u00f1o<br \/>Sin ventilador<br \/>Si<br \/>Control de energ\u00eda<br \/>Fuente de energ\u00eda Fuente de energ\u00eda<br \/>PoE<br \/>Fuente de alimentaci\u00f3n incluida Fuente de alimentaci\u00f3n incluida<br \/>No<br \/>Consumo de energ\u00eda (max) Consumo de energ\u00eda (max)<br \/>68,59 W<br \/>Alimentaci\u00f3n a trav\u00e9s de Ethernet (PoE)<br \/>Energ\u00eda sobre Ethernet (PoE) Energ\u00eda sobre Ethernet (PoE)<br \/>Si<br \/>Cantidad de puertos Power over Ethernet (PoE)<br \/>5<br \/>Potencia a trav\u00e9s de Ethernet (PoE) Presupuesto<br \/>66 W<br \/>Condiciones ambientales<br \/>Intervalo de temperatura operativa Intervalo de temperatura operativa<br \/>-30 &#8211; 70 C<br \/>Intervalo de temperatura de almacenaje Intervalo de temperatura de almacenaje<br \/>-40 &#8211; 70 C<br \/>Intervalo de humedad relativa para funcionamiento<br \/>10 &#8211; 90%<br \/>Intervalo de humedad relativa durante almacenaje<br \/>5 &#8211; 90%<br \/>Disipaci\u00f3n del calor Disipaci\u00f3n del calor<br \/>233,206 BTU\/h<br \/>Peso y dimensiones<br \/>Ancho Ancho<br \/>158 mm<br \/>Profundidad Profundidad<br \/>101 mm<br \/>Altura Altura<br \/>25 mm<\/p>\n","protected":false},"excerpt":{"rendered":"<p>Switch tp &#8211; link tl &#8211; sg1005p &#8211; pd 5 puertos<\/p>\n","protected":false},"featured_media":239517,"comment_status":"open","ping_status":"open","template":"","meta":{"_et_pb_use_builder":"","_et_pb_old_content":"","_et_gb_content_width":""},"product_brand":[3946],"product_cat":[2058,3261,3270,3955],"product_tag":[3264,3273,3948],"class_list":{"0":"post-239516","1":"product","2":"type-product","3":"status-publish","4":"has-post-thumbnail","6":"product_brand-tp-link","7":"product_cat-dispositivos","8":"product_cat-redes","9":"product_cat-switch","10":"product_cat-tp-link-switch","11":"product_tag-redes","12":"product_tag-switch","13":"product_tag-tp-link","14":"product_shipping_class-2088","15":"pa_canon-digital-impuesto-incluido-de-0-e","16":"pa_categoria-redes","17":"pa_marca-tp-link","18":"pa_peso-4000","19":"pa_referencia-mgs0000023324","21":"first","22":"instock","23":"sale","24":"taxable","25":"shipping-taxable","26":"purchasable","27":"product-type-simple"},"_links":{"self":[{"href":"https:\/\/linkxa.es\/linkshop\/wp-json\/wp\/v2\/product\/239516","targetHints":{"allow":["GET"]}}],"collection":[{"href":"https:\/\/linkxa.es\/linkshop\/wp-json\/wp\/v2\/product"}],"about":[{"href":"https:\/\/linkxa.es\/linkshop\/wp-json\/wp\/v2\/types\/product"}],"replies":[{"embeddable":true,"href":"https:\/\/linkxa.es\/linkshop\/wp-json\/wp\/v2\/comments?post=239516"}],"wp:featuredmedia":[{"embeddable":true,"href":"https:\/\/linkxa.es\/linkshop\/wp-json\/wp\/v2\/media\/239517"}],"wp:attachment":[{"href":"https:\/\/linkxa.es\/linkshop\/wp-json\/wp\/v2\/media?parent=239516"}],"wp:term":[{"taxonomy":"product_brand","embeddable":true,"href":"https:\/\/linkxa.es\/linkshop\/wp-json\/wp\/v2\/product_brand?post=239516"},{"taxonomy":"product_cat","embeddable":true,"href":"https:\/\/linkxa.es\/linkshop\/wp-json\/wp\/v2\/product_cat?post=239516"},{"taxonomy":"product_tag","embeddable":true,"href":"https:\/\/linkxa.es\/linkshop\/wp-json\/wp\/v2\/product_tag?post=239516"}],"curies":[{"name":"wp","href":"https:\/\/api.w.org\/{rel}","templated":true}]}}