{"id":239528,"date":"2025-05-15T18:21:54","date_gmt":"2025-05-15T18:21:54","guid":{"rendered":"https:\/\/linkxa.es\/contratacion\/producto\/switch-tp-link-ls105gp-5-puertos\/"},"modified":"2025-12-08T13:21:01","modified_gmt":"2025-12-08T13:21:01","slug":"switch-tp-link-ls105gp-5-puertos","status":"publish","type":"product","link":"https:\/\/linkxa.es\/linkshop\/producto\/switch-tp-link-ls105gp-5-puertos\/","title":{"rendered":"Switch tp &#8211; link ls105gp 5 puertos"},"content":{"rendered":"<div style=\"text-align: center; margin-bottom: 20px;\">\n<h2 style=\"font-size: 22px; font-weight: 600; margin: 0; color: #333;\">Tp &#8211; link\u00a0|\u00a0 Switch<\/h2>\n<p><strong>Switch tp &#8211; link ls105gp 5 puertos<\/strong><\/p>\n<\/div>\n<p style=\"max-width: 700px; margin: 0px auto 30px; font-size: 18px; line-height: 1.6; color: #555555; font-style: italic; text-align: left;\">LS105GP<br \/>Switch Gigabit de sobremesa de 5 puertos con 4 puertos PoE+<\/p>\n<p>Puertos Gigabit. 5 Puertos Ethernet RJ45 Gigabit con autonegociaci\u00f3n hasta 10 Gbps.<br \/>65 W de potencia PoE. 4 puertos PoE+ Gigabit compatibles con 802.3af\/at alimentan f\u00e1cilmente dispositivos como c\u00e1maras IP, puntos de acceso y tel\u00e9fonos IP a trav\u00e9s de un \u00fanico cable. Cada puerto PoE admite hasta<br \/>30 W de salida.<br \/>Hasta 250 m de transmisi\u00f3n PoE. Con el modo de extensi\u00f3n, la distancia de transmisi\u00f3n PoE alcanza hasta 250 m, ideal para el despliegue de c\u00e1maras de vigilancia en grandes \u00e1reas.**<br \/>Recuperaci\u00f3n autom\u00e1tica PoE. Reinicia autom\u00e1ticamente los dispositivos alimentados por PoE que no respondan.<br \/>Plug and Play. Conectividad instant\u00e1nea sin necesidad de configuraci\u00f3n.<br \/>Funcionamiento silencioso. El dise\u00f1o sin ventilador reduce el consumo de energ\u00eda y garantiza un funcionamiento silencioso, ideal para hogares o empresas.<br \/>Hardware fiable. Carcasa met\u00e1lica duradera y dise\u00f1o para montaje en sobremesa o pared adaptado a distintos entornos.<br \/>CARACTER\u00cdSTICAS DE HARDWARE<br \/>Interfaz 5 Puertos RJ45 10\/100\/1000Mbps (Puertos 1-4 soportan 802.3af\/at PoE+)<br \/>AUTO Negociaci\u00f3n<br \/>AUTO MDI\/MDIX<br \/>Medios de Red 10BASE-T: Cable UTP de categor\u00eda 3, 4, 5 (m\u00e1ximo 100 m), EIA\/TIA-568 100 STP (m\u00e1ximo 100 m).<br \/>100BASE-TX: Cable UTP de categor\u00eda 5, 5e (m\u00e1ximo 100 m), EIA\/TIA-568 100 STP (m\u00e1ximo 100 m).<br \/>1000BASE-T: Cable UTP de categor\u00eda 5, 5e, 6 o superior (m\u00e1ximo 100 m), EIA\/TIA-568 100 STP (m\u00e1ximo 100 m).<br \/>Cantidad de Ventiladores Sin ventilador<br \/>Instalaci\u00f3n Sobremesa<br \/>Montaje en pared<br \/>Fuente de Alimentaci\u00f3n Adaptador de corriente externo (salida: 53,5 V CC \/ 1,31 A)<br \/>Puertos PoE (RJ45) Est\u00e1ndar: compatible con 802.3 af\/at<br \/>Puertos PoE: Puertos 1-4, hasta 30 W de salida PoE por puerto<br \/>Fuente de alimentaci\u00f3n: 65 W<br \/>Dimensiones 99,89825 mm<br \/>Consumo de Potencia M\u00e1ximo 4 W (220\/50 Hz. sin PD conectada)<br \/>74,46 W (220\/50 Hz. con DP de 65 W conectada)<br \/>Disipaci\u00f3n m\u00e1xima de calor 13,6 BTU\/h (sin PD conectada)<br \/>253,16 BTU\/h (con DP de 65 W conectada)<br \/>RENDIMIENTO<br \/>Capacidad de Conmutaci\u00f3n 10 Gbps<br \/>Tasa de Reenv\u00edo de Paquetes 7.44 Mpps<br \/>Tabla de Direcciones MAC 2K<br \/>Jumbo Frame 16 KB<br \/>CARACTER\u00cdSTICAS DE SOFTWARE<br \/>Caracter\u00edsticas Avanzadas Bot\u00f3n de modo de extensi\u00f3n (puertos 1-2, hasta 250 m de alimentaci\u00f3n PoE y transmisi\u00f3n de datos)<br \/>Bot\u00f3n de recuperaci\u00f3n autom\u00e1tica PoE (puertos 1-4)<br \/>Compatible con PD compatibles con IEEE 802.3af\/at<br \/>Autoaprendizaje y autoenvejecimiento de direcciones Mac<br \/>Control de flujo IEEE 802.3x<br \/>QoS 802.1p\/DSCP<br \/>IGMP Snooping<br \/>Tecnolog\u00eda ecol\u00f3gica<br \/>M\u00e9todo de Transferencia Almacenamiento y reenv\u00edo<br \/>Otros<br \/>Certificaciones FCC, CE, RoHS<br \/>Contenido del Paquete LS105GP<br \/>Adaptador de corriente<br \/>Gu\u00eda de instalaci\u00f3n<br \/>Factores Ambientales Temperatura de funcionamiento: 0-40 (32-104 ),<br \/>Temperatura de almacenamiento: -40-70 (-40-158 )<br \/>Humedad de funcionamiento: 10-90% HR sin condensaci\u00f3n.<br \/>Humedad de almacenamiento: 5-90% HR sin condensaci\u00f3n.<\/p>\n","protected":false},"excerpt":{"rendered":"<p>Switch tp &#8211; link ls105gp 5 puertos<\/p>\n","protected":false},"featured_media":239529,"comment_status":"open","ping_status":"open","template":"","meta":{"_et_pb_use_builder":"","_et_pb_old_content":"","_et_gb_content_width":""},"product_brand":[3946],"product_cat":[2058,3261,3270,3955],"product_tag":[3264,3273,3948],"class_list":{"0":"post-239528","1":"product","2":"type-product","3":"status-publish","4":"has-post-thumbnail","6":"product_brand-tp-link","7":"product_cat-dispositivos","8":"product_cat-redes","9":"product_cat-switch","10":"product_cat-tp-link-switch","11":"product_tag-redes","12":"product_tag-switch","13":"product_tag-tp-link","14":"product_shipping_class-2088","15":"pa_canon-digital-impuesto-incluido-de-0-e","16":"pa_categoria-redes","17":"pa_marca-tp-link","18":"pa_peso-4103","19":"pa_referencia-mgs0000023327","21":"first","22":"instock","23":"sale","24":"taxable","25":"shipping-taxable","26":"purchasable","27":"product-type-simple"},"_links":{"self":[{"href":"https:\/\/linkxa.es\/linkshop\/wp-json\/wp\/v2\/product\/239528","targetHints":{"allow":["GET"]}}],"collection":[{"href":"https:\/\/linkxa.es\/linkshop\/wp-json\/wp\/v2\/product"}],"about":[{"href":"https:\/\/linkxa.es\/linkshop\/wp-json\/wp\/v2\/types\/product"}],"replies":[{"embeddable":true,"href":"https:\/\/linkxa.es\/linkshop\/wp-json\/wp\/v2\/comments?post=239528"}],"wp:featuredmedia":[{"embeddable":true,"href":"https:\/\/linkxa.es\/linkshop\/wp-json\/wp\/v2\/media\/239529"}],"wp:attachment":[{"href":"https:\/\/linkxa.es\/linkshop\/wp-json\/wp\/v2\/media?parent=239528"}],"wp:term":[{"taxonomy":"product_brand","embeddable":true,"href":"https:\/\/linkxa.es\/linkshop\/wp-json\/wp\/v2\/product_brand?post=239528"},{"taxonomy":"product_cat","embeddable":true,"href":"https:\/\/linkxa.es\/linkshop\/wp-json\/wp\/v2\/product_cat?post=239528"},{"taxonomy":"product_tag","embeddable":true,"href":"https:\/\/linkxa.es\/linkshop\/wp-json\/wp\/v2\/product_tag?post=239528"}],"curies":[{"name":"wp","href":"https:\/\/api.w.org\/{rel}","templated":true}]}}