{"id":239532,"date":"2025-09-22T04:30:36","date_gmt":"2025-09-22T04:30:36","guid":{"rendered":"https:\/\/linkxa.es\/contratacion\/producto\/switch-tp-link-ls109p-9-puertos\/"},"modified":"2025-12-08T13:21:23","modified_gmt":"2025-12-08T13:21:23","slug":"switch-tp-link-ls109p-9-puertos","status":"publish","type":"product","link":"https:\/\/linkxa.es\/linkshop\/producto\/switch-tp-link-ls109p-9-puertos\/","title":{"rendered":"Switch tp &#8211; link ls109p 9 puertos"},"content":{"rendered":"<div style=\"text-align: center; margin-bottom: 20px;\">\n<h2 style=\"font-size: 22px; font-weight: 600; margin: 0; color: #333;\">Tp &#8211; link\u00a0|\u00a0 Switch<\/h2>\n<p><strong>Switch tp &#8211; link ls109p 9 puertos<\/strong><\/p>\n<\/div>\n<p style=\"max-width: 700px; margin: 0px auto 30px; font-size: 18px; line-height: 1.6; color: #555555; font-style: italic; text-align: left;\">LS109P<br \/>Switch de sobremesa de 9 puertos a 10\/100 Mbps con 8 puertos PoE+<\/p>\n<p>63 W de potencia PoE. 8 puertos PoE+ Gigabit compatibles con 802.3af\/at alimentan f\u00e1cilmente dispositivos como c\u00e1maras IP, puntos de acceso y tel\u00e9fonos IP a trav\u00e9s de un \u00fanico cable. Cada puerto PoE admite hasta<br \/>30 W de salida.*<br \/>Hasta 250 m de transmisi\u00f3n PoE. Con el modo de extensi\u00f3n, la distancia de transmisi\u00f3n PoE alcanza hasta 250 m, ideal para el despliegue de c\u00e1maras de vigilancia en grandes \u00e1reas.**<br \/>Recuperaci\u00f3n autom\u00e1tica PoE. Reinicia autom\u00e1ticamente los dispositivos alimentados por PoE que no respondan.<br \/>Separaci\u00f3n de tr\u00e1fico. El modo de aislamiento permite separar el tr\u00e1fico de clientes con un solo clic para evitar el snooping y tampering, adem\u00e1s de aislar el broadcast storm.<br \/>Plug and Play. Conectividad instant\u00e1nea sin necesidad de configuraci\u00f3n.<br \/>Funcionamiento silencioso. El dise\u00f1o sin ventilador reduce el consumo de energ\u00eda y garantiza un funcionamiento silencioso, ideal para hogares o empresas.<br \/>Hardware fiable. Carcasa met\u00e1lica duradera y dise\u00f1o para montaje en sobremesa o pared adaptado a distintos entornos.<br \/>CARACTER\u00cdSTICAS DE HARDWARE<br \/>Interfaz &#8211; 9 Puertos RJ45 10\/100 Mbps (8 10\/100 Mbps Puertos PoE+ 802.3af\/at)<br \/>&#8211; AUTO Negociaci\u00f3n<br \/>&#8211; AUTO MDI\/MDIX<br \/>Medios de Red &#8211; 10BASE-T: Cable UTP de categor\u00eda 3, 4, 5 (m\u00e1ximo 100 m), EIA\/TIA-568 100 STP (m\u00e1ximo 100 m).<br \/>&#8211; 100BASE-TX: Cable UTP de categor\u00eda 5, 5e (m\u00e1ximo 100 m), EIA\/TIA-568 100 STP (m\u00e1ximo 100 m).<br \/>Cantidad de Ventiladores Sin ventilador<br \/>Instalaci\u00f3n &#8211; Sobremesa<br \/>&#8211; Montaje en pared<br \/>Fuente de Alimentaci\u00f3n Adaptador de corriente externo (salida: 53,5 V CC \/ 1,31 A)<br \/>Puertos PoE (RJ45) &#8211; Est\u00e1ndar: compatible con 802.3 af\/at<br \/>&#8211; Puertos PoE: Puertos 1-8, hasta 30 W de salida PoE por puerto<br \/>&#8211; Fuente de alimentaci\u00f3n: 63 W<br \/>Indicador de LED &#8211; Energ\u00eda<br \/>&#8211; Enlace\/Act<br \/>&#8211; Estado PoE<br \/>&#8211; PoE MAX<br \/>Dimensiones 1719827 mm<br \/>Consumo de Potencia M\u00e1ximo &#8211; 3,67 W (220 V\/50 Hz sin PD conectada)<br \/>&#8211; 73,24 W (220 V\/50 Hz con DP de 63 W conectada)<br \/>Disipaci\u00f3n m\u00e1xima de calor &#8211; 12,48 BTU\/h (220 V\/50 Hz sin PD conectada)<br \/>&#8211; 249 BTU\/h (220 V\/50 Hz con DP de 63 W conectada)<br \/>RENDIMIENTO<br \/>Capacidad de Conmutaci\u00f3n 1.8 Gbps<br \/>Tasa de Reenv\u00edo de Paquetes 1.3392 Mpps<br \/>Tabla de Direcciones MAC 2K<br \/>Jumbo Frame 1.5 KB<br \/>CARACTER\u00cdSTICAS DE SOFTWARE<br \/>Caracter\u00edsticas Avanzadas &#8211; Bot\u00f3n de modo de extensi\u00f3n (puertos 1-4\/1-8, hasta 250 m de alimentaci\u00f3n PoE y transmisi\u00f3n de datos)<br \/>&#8211; Bot\u00f3n de modo de aislamiento (puertos 1-8)<br \/>&#8211; Bot\u00f3n de recuperaci\u00f3n autom\u00e1tica PoE (Puertos 1-8)<br \/>&#8211; Compatible con PD compatibles con IEEE 802.3af\/at<br \/>&#8211; Autoaprendizaje y autoenvejecimiento de direcciones Mac<br \/>&#8211; Control de flujo IEEE 802.3x<br \/>&#8211; Tecnolog\u00eda ecol\u00f3gica<br \/>M\u00e9todo de Transferencia Store and Forward<br \/>Otros<br \/>Certificaciones CE, FCC, RoHS<br \/>Contenido del Paquete &#8211; LS109P<br \/>&#8211; Adaptador de corriente<br \/>&#8211; Gu\u00eda de instalaci\u00f3n<br \/>&#8211; Pies de goma<br \/>Factores Ambientales &#8211; Temperatura de funcionamiento: 0-40 (32-104 )<br \/>&#8211; Temperatura de almacenamiento: -40-70 (-40-158 )<br \/>&#8211; Humedad de funcionamiento: 10-90% HR sin condensaci\u00f3n.<br \/>&#8211; Humedad de almacenamiento: 5-90% HR sin condensaci\u00f3n<\/p>\n","protected":false},"excerpt":{"rendered":"<p>Switch tp &#8211; link ls109p 9 puertos<\/p>\n","protected":false},"featured_media":239533,"comment_status":"open","ping_status":"open","template":"","meta":{"_et_pb_use_builder":"","_et_pb_old_content":"","_et_gb_content_width":""},"product_brand":[3946],"product_cat":[2058,3261,3270,3955],"product_tag":[3264,3273,3948],"class_list":{"0":"post-239532","1":"product","2":"type-product","3":"status-publish","4":"has-post-thumbnail","6":"product_brand-tp-link","7":"product_cat-dispositivos","8":"product_cat-redes","9":"product_cat-switch","10":"product_cat-tp-link-switch","11":"product_tag-redes","12":"product_tag-switch","13":"product_tag-tp-link","14":"product_shipping_class-2088","15":"pa_canon-digital-impuesto-incluido-de-0-e","16":"pa_categoria-redes","17":"pa_marca-tp-link","18":"pa_peso-4294","19":"pa_referencia-mgs0000023328","21":"first","22":"instock","23":"sale","24":"taxable","25":"shipping-taxable","26":"purchasable","27":"product-type-simple"},"_links":{"self":[{"href":"https:\/\/linkxa.es\/linkshop\/wp-json\/wp\/v2\/product\/239532","targetHints":{"allow":["GET"]}}],"collection":[{"href":"https:\/\/linkxa.es\/linkshop\/wp-json\/wp\/v2\/product"}],"about":[{"href":"https:\/\/linkxa.es\/linkshop\/wp-json\/wp\/v2\/types\/product"}],"replies":[{"embeddable":true,"href":"https:\/\/linkxa.es\/linkshop\/wp-json\/wp\/v2\/comments?post=239532"}],"wp:featuredmedia":[{"embeddable":true,"href":"https:\/\/linkxa.es\/linkshop\/wp-json\/wp\/v2\/media\/239533"}],"wp:attachment":[{"href":"https:\/\/linkxa.es\/linkshop\/wp-json\/wp\/v2\/media?parent=239532"}],"wp:term":[{"taxonomy":"product_brand","embeddable":true,"href":"https:\/\/linkxa.es\/linkshop\/wp-json\/wp\/v2\/product_brand?post=239532"},{"taxonomy":"product_cat","embeddable":true,"href":"https:\/\/linkxa.es\/linkshop\/wp-json\/wp\/v2\/product_cat?post=239532"},{"taxonomy":"product_tag","embeddable":true,"href":"https:\/\/linkxa.es\/linkshop\/wp-json\/wp\/v2\/product_tag?post=239532"}],"curies":[{"name":"wp","href":"https:\/\/api.w.org\/{rel}","templated":true}]}}