{"id":239536,"date":"2024-12-14T18:53:14","date_gmt":"2024-12-14T18:53:14","guid":{"rendered":"https:\/\/linkxa.es\/contratacion\/producto\/switch-tp-link-ls106lp-6-puertos\/"},"modified":"2025-12-08T13:21:45","modified_gmt":"2025-12-08T13:21:45","slug":"switch-tp-link-ls106lp-6-puertos","status":"publish","type":"product","link":"https:\/\/linkxa.es\/linkshop\/producto\/switch-tp-link-ls106lp-6-puertos\/","title":{"rendered":"Switch tp &#8211; link ls106lp 6 puertos"},"content":{"rendered":"<div style=\"text-align: center; margin-bottom: 20px;\">\n<h2 style=\"font-size: 22px; font-weight: 600; margin: 0; color: #333;\">Tp &#8211; link\u00a0|\u00a0 Switch<\/h2>\n<p><strong>Switch tp &#8211; link ls106lp 6 puertos<\/strong><\/p>\n<\/div>\n<p style=\"max-width: 700px; margin: 0px auto 30px; font-size: 18px; line-height: 1.6; color: #555555; font-style: italic; text-align: left;\">LS106LP<br \/>Conmutador de escritorio de 6 puertos a 10\/100 Mbps con PoE de 4 puertos<\/p>\n<p>Presupuesto PoE de 41 W: Cuatro puertos PoE compatibles con 802.3af de 10\/100 Mbps conectan y alimentan f\u00e1cilmente dispositivos fijos como c\u00e1maras IP, puntos de acceso y tel\u00e9fonos IP a trav\u00e9s de un solo cable.<br \/>Cada puerto PoE admite una salida PoE de hasta 15,4 W.*<br \/>Transmisi\u00f3n PoE de hasta 250 m: con el modo extendido, la distancia de transmisi\u00f3n PoE alcanza hasta 250 m, perfecto para implementar c\u00e1maras de vigilancia en \u00e1reas grandes.**<br \/>Recuperaci\u00f3n autom\u00e1tica de PoE: reinicia autom\u00e1ticamente sus dispositivos alimentados por PoE que se cayeron o que no responden.<br \/>Plug and Play: Simplemente con\u00e9ctelo y juegue para obtener conectividad instant\u00e1nea sin necesidad de configuraci\u00f3n.<br \/>Funcionamiento silencioso: el dise\u00f1o sin ventilador reduce el consumo de energ\u00eda y garantiza un funcionamiento silencioso, ideal para hogares o empresas sensibles al ruido.<br \/>Dise\u00f1o de hardware confiable: la carcasa met\u00e1lica duradera y el dise\u00f1o de montaje en escritorio\/pared son adecuados para diferentes entornos.<br \/>CARACTER\u00cdSTICAS DE HARDWARE<br \/>Interfaz 6 puertos RJ45 de 10\/100 Mbps (4 puertos PoE 802.3af de 10\/100 Mbps)<br \/>Autonegociaci\u00f3n<br \/>MDI\/MDIX AUTOM\u00c1TICO<br \/>Medios de red 10BASE-T: cable UTP categor\u00eda 3, 4, 5 (m\u00e1ximo 100 m), EIA\/TIA-568 100 STP (m\u00e1ximo 100 m)<br \/>100BASE-TX: cable UTP categor\u00eda 5, 5e (m\u00e1ximo 100 m), EIA\/TIA-568 100 STP (m\u00e1ximo 100 m)<br \/>Cantidad de ventiladores<br \/>Instalaci\u00f3n Escritorio<br \/>Montaje en pared<br \/>Fuente de alimentaci\u00f3n Adaptador de corriente externo (Salida: 53,5 V CC\/0,81 A)<br \/>Puertos PoE (RJ45) Est\u00e1ndar: compatible con 802.3 af<br \/>Puertos PoE: puertos 1 a 4, hasta 15,4 W de salida PoE por puerto<br \/>Fuente de alimentaci\u00f3n: 41 W<br \/>Indicador LED Encendido<br \/>Vincular\/Actuar<br \/>Estado de PoE<br \/>PoE M\u00c1XIMO<br \/>Dimensiones (ancho x profundidad x alto) 6,24,01,0 pulg. (15810125 mm)<br \/>Consumo de energ\u00eda m\u00e1ximo 2,53 W (220 V\/50 Hz sin PD conectado)<br \/>47,76 W (220 V\/50 Hz con 41 W PD conectado)<br \/>Disipaci\u00f3n de calor m\u00e1xima 8,61 BTU\/h (220 V\/50 Hz sin PD conectado)<br \/>162,38 BTU\/h (220 V\/50 Hz con 41 W PD conectado)<br \/>ACTUACI\u00d3N<br \/>Capacidad de conmutaci\u00f3n 1,2 Gbps<br \/>Velocidad de reenv\u00edo de paquetes 0,8928 Mpps<br \/>Tabla de direcciones MAC 2K<br \/>Trama gigante 2 KB<br \/>FUNCIONES DE SOFTWARE<br \/>Funciones avanzadas Bot\u00f3n de modo extendido (puertos 1 a 4, fuente de alimentaci\u00f3n PoE de hasta 250 m y transmisi\u00f3n de datos)<br \/>Bot\u00f3n de recuperaci\u00f3n autom\u00e1tica de PoE (puertos 1 a 4)<br \/>Compatible con PD compatibles con IEEE 802.3af<br \/>Autoaprendizaje y envejecimiento autom\u00e1tico de direcciones Mac<br \/>Control de flujo IEEE 802.3x<br \/>Tecnolog\u00eda verde<br \/>M\u00e9todo de transferencia Almacenar y reenviar<br \/>OTROS<br \/>Certificaci\u00f3n CE, FCC, RoHS<br \/>Contenido del paquete LS106LP<br \/>Adaptador de corriente<br \/>Gu\u00eda de instalaci\u00f3n<br \/>Entorno Temperatura de funcionamiento: 040 (32104 )<br \/>Temperatura de almacenamiento: -4070 (-40158 )<br \/>Humedad de funcionamiento: 1090% RH sin condensaci\u00f3n<br \/>Humedad de almacenamiento: 590% RH sin condensaci\u00f3n<\/p>\n","protected":false},"excerpt":{"rendered":"<p>Switch tp &#8211; link ls106lp 6 puertos<\/p>\n","protected":false},"featured_media":239537,"comment_status":"open","ping_status":"open","template":"","meta":{"_et_pb_use_builder":"","_et_pb_old_content":"","_et_gb_content_width":""},"product_brand":[3946],"product_cat":[2058,3261,3270,3955],"product_tag":[3264,3273,3948],"class_list":{"0":"post-239536","1":"product","2":"type-product","3":"status-publish","4":"has-post-thumbnail","6":"product_brand-tp-link","7":"product_cat-dispositivos","8":"product_cat-redes","9":"product_cat-switch","10":"product_cat-tp-link-switch","11":"product_tag-redes","12":"product_tag-switch","13":"product_tag-tp-link","14":"product_shipping_class-2088","15":"pa_canon-digital-impuesto-incluido-de-0-e","16":"pa_categoria-redes","17":"pa_marca-tp-link","18":"pa_peso-4296","19":"pa_referencia-mgs0000023329","21":"first","22":"instock","23":"sale","24":"taxable","25":"shipping-taxable","26":"purchasable","27":"product-type-simple"},"_links":{"self":[{"href":"https:\/\/linkxa.es\/linkshop\/wp-json\/wp\/v2\/product\/239536","targetHints":{"allow":["GET"]}}],"collection":[{"href":"https:\/\/linkxa.es\/linkshop\/wp-json\/wp\/v2\/product"}],"about":[{"href":"https:\/\/linkxa.es\/linkshop\/wp-json\/wp\/v2\/types\/product"}],"replies":[{"embeddable":true,"href":"https:\/\/linkxa.es\/linkshop\/wp-json\/wp\/v2\/comments?post=239536"}],"wp:featuredmedia":[{"embeddable":true,"href":"https:\/\/linkxa.es\/linkshop\/wp-json\/wp\/v2\/media\/239537"}],"wp:attachment":[{"href":"https:\/\/linkxa.es\/linkshop\/wp-json\/wp\/v2\/media?parent=239536"}],"wp:term":[{"taxonomy":"product_brand","embeddable":true,"href":"https:\/\/linkxa.es\/linkshop\/wp-json\/wp\/v2\/product_brand?post=239536"},{"taxonomy":"product_cat","embeddable":true,"href":"https:\/\/linkxa.es\/linkshop\/wp-json\/wp\/v2\/product_cat?post=239536"},{"taxonomy":"product_tag","embeddable":true,"href":"https:\/\/linkxa.es\/linkshop\/wp-json\/wp\/v2\/product_tag?post=239536"}],"curies":[{"name":"wp","href":"https:\/\/api.w.org\/{rel}","templated":true}]}}