{"id":239544,"date":"2025-11-05T13:38:40","date_gmt":"2025-11-05T13:38:40","guid":{"rendered":"https:\/\/linkxa.es\/contratacion\/producto\/switch-tp-link-tl-sx1008-8-puertos\/"},"modified":"2025-12-08T13:22:29","modified_gmt":"2025-12-08T13:22:29","slug":"switch-tp-link-tl-sx1008-8-puertos","status":"publish","type":"product","link":"https:\/\/linkxa.es\/linkshop\/producto\/switch-tp-link-tl-sx1008-8-puertos\/","title":{"rendered":"Switch tp &#8211; link tl &#8211; sx1008 8 puertos"},"content":{"rendered":"<div style=\"text-align: center; margin-bottom: 20px;\">\n<h2 style=\"font-size: 22px; font-weight: 600; margin: 0; color: #333;\">Tp &#8211; link\u00a0|\u00a0 Switch<\/h2>\n<p><strong>Switch tp &#8211; link tl &#8211; sx1008 8 puertos<\/strong><\/p>\n<\/div>\n<p style=\"max-width: 700px; margin: 0px auto 30px; font-size: 18px; line-height: 1.6; color: #555555; font-style: italic; text-align: left;\">TL-SX1008<br \/>Switch10G de sobremesa\/montado en rack de 8 puertos<\/p>\n<p>Ocho Puertos de 10 Gbps. Los 8 puertos de 10 Gigabits liberan el m\u00e1ximo rendimiento de tu ancho de banda y dispositivos 10G\/Multi-Gig, proporcionando hasta 160 Gbps de capacidad de conmutaci\u00f3n.<br \/>Conexiones Ultra-R\u00e1pidas. Proporciona conexiones ultra-r\u00e1pidas a NAS de 10G, servidores, adaptadores PCIe\/NIC de 10G, ordenadores para juegos, AP WiFi 6 de 2.5G\/5G\/10G, v\u00eddeo 8K, y m\u00e1s.<br \/>Ideal para Varios Escenarios. Construido para conexiones ultra-r\u00e1pidas en oficinas de empresas y hogares, estaciones de trabajo, fiestas de LAN y entretenimiento en casa.<br \/>Conexiones \u00d3ptimas de 5 Velocidades. La auto-negociaci\u00f3n para conexiones de 5 velocidades (100Mbps\/1G\/2.5G\/5G\/10G) proporciona un rendimiento \u00f3ptimo.<br \/>Amplio Rango de Temperatura de Operaci\u00f3n. La duradera carcasa de metal y un dise\u00f1o de disipaci\u00f3n de calor garantizan un amplio rango de temperatura de operaci\u00f3n (050 ).<br \/>Conectar y Listo. Permite una f\u00e1cil implementaci\u00f3n sin la necesidad de un t\u00e9cnico.<\/p>\n<p>CARACTER\u00cdSTICAS DE HARDWARE<br \/>Est\u00e1ndares y Protocolos IEEE 802.3, 802.3u, 802.3ab, 802.3x, 802.1p, 802.3an, 802.3bz<br \/>Interfaz 8 100Mbps\/1Gbps\/2,5Gbps\/5Gbps\/10Gbps Puertos, Auto-Negociaci\u00f3n, Auto-MDI\/MDIX<br \/>Cantidad de Ventiladores 1 (Ajuste inteligente de la velocidad del ventilador)<br \/>Fuente de Alimentaci\u00f3n Externa 100-240 VCA, 50\/60 Hz, 0,8 A<br \/>Indicador de LED Alimentaci\u00f3n del sistema: 1<br \/>Indicadores Link\/Act: 8, 1 indicador por puerto integrado en cada puerto RJ-45<br \/>Dimensiones 11.67.11.7 in (29418044 mm)<br \/>Consumo de Potencia M\u00e1ximo 31.2 W<br \/>RENDIMIENTO<br \/>Capacidad de Conmutaci\u00f3n 160 Gbps<br \/>Tasa de Reenv\u00edo de Paquetes 119.0 Mpps<br \/>Tabla de Direcciones MAC 32 K<br \/>Memoria del Buffer de Paquete 2 Mb<br \/>Jumbo Frame 10 KB<br \/>CARACTER\u00cdSTICAS DE SOFTWARE<br \/>Caracter\u00edsticas Avanzadas 802.3X Flow Control<br \/>802.1p\/DSCP QoS<br \/>M\u00e9todo de Transferencia Almacenar y reenviar<br \/>Otros<br \/>Certificaciones CE, FCC ,RoHS<br \/>Contenido del Paquete Switch Multi-Gigabit de Sobremesa\/Montaje en Rack TL-SX1008 de 8 Puertos 10G<br \/>Cable de alimentaci\u00f3n<br \/>Gu\u00eda de instalaci\u00f3n<br \/>Kit de montaje en rack<br \/>Pies de goma<br \/>Factores Ambientales Temperatura de funcionamiento: 0-50 C (32-122 F)<br \/>Temperatura de almacenamiento: -40-70 C (-40-158 F)<br \/>Humedad de funcionamiento: 10-90% HR sin condensaci\u00f3n<br \/>Humedad de almacenamiento: 5-90% HR sin condensaci\u00f3n<\/p>\n","protected":false},"excerpt":{"rendered":"<p>Switch tp &#8211; link tl &#8211; sx1008 8 puertos<\/p>\n","protected":false},"featured_media":239545,"comment_status":"open","ping_status":"open","template":"","meta":{"_et_pb_use_builder":"","_et_pb_old_content":"","_et_gb_content_width":""},"product_brand":[3946],"product_cat":[2058,3261,3270,3955],"product_tag":[3264,3273,3948],"class_list":{"0":"post-239544","1":"product","2":"type-product","3":"status-publish","4":"has-post-thumbnail","6":"product_brand-tp-link","7":"product_cat-dispositivos","8":"product_cat-redes","9":"product_cat-switch","10":"product_cat-tp-link-switch","11":"product_tag-redes","12":"product_tag-switch","13":"product_tag-tp-link","14":"product_shipping_class-2088","15":"pa_canon-digital-impuesto-incluido-de-0-e","16":"pa_categoria-redes","17":"pa_marca-tp-link","18":"pa_peso-4300","19":"pa_referencia-mgs0000023331","21":"first","22":"instock","23":"sale","24":"taxable","25":"shipping-taxable","26":"purchasable","27":"product-type-simple"},"_links":{"self":[{"href":"https:\/\/linkxa.es\/linkshop\/wp-json\/wp\/v2\/product\/239544","targetHints":{"allow":["GET"]}}],"collection":[{"href":"https:\/\/linkxa.es\/linkshop\/wp-json\/wp\/v2\/product"}],"about":[{"href":"https:\/\/linkxa.es\/linkshop\/wp-json\/wp\/v2\/types\/product"}],"replies":[{"embeddable":true,"href":"https:\/\/linkxa.es\/linkshop\/wp-json\/wp\/v2\/comments?post=239544"}],"wp:featuredmedia":[{"embeddable":true,"href":"https:\/\/linkxa.es\/linkshop\/wp-json\/wp\/v2\/media\/239545"}],"wp:attachment":[{"href":"https:\/\/linkxa.es\/linkshop\/wp-json\/wp\/v2\/media?parent=239544"}],"wp:term":[{"taxonomy":"product_brand","embeddable":true,"href":"https:\/\/linkxa.es\/linkshop\/wp-json\/wp\/v2\/product_brand?post=239544"},{"taxonomy":"product_cat","embeddable":true,"href":"https:\/\/linkxa.es\/linkshop\/wp-json\/wp\/v2\/product_cat?post=239544"},{"taxonomy":"product_tag","embeddable":true,"href":"https:\/\/linkxa.es\/linkshop\/wp-json\/wp\/v2\/product_tag?post=239544"}],"curies":[{"name":"wp","href":"https:\/\/api.w.org\/{rel}","templated":true}]}}