{"id":239547,"date":"2025-11-13T19:24:20","date_gmt":"2025-11-13T19:24:20","guid":{"rendered":"https:\/\/linkxa.es\/contratacion\/producto\/switch-tp-link-tl-sx105-5-puertos\/"},"modified":"2025-12-08T13:22:57","modified_gmt":"2025-12-08T13:22:57","slug":"switch-tp-link-tl-sx105-5-puertos","status":"publish","type":"product","link":"https:\/\/linkxa.es\/linkshop\/producto\/switch-tp-link-tl-sx105-5-puertos\/","title":{"rendered":"Switch tp &#8211; link tl &#8211; sx105 5 puertos"},"content":{"rendered":"<div style=\"text-align: center; margin-bottom: 20px;\">\n<h2 style=\"font-size: 22px; font-weight: 600; margin: 0; color: #333;\">Tp &#8211; link\u00a0|\u00a0 Switch<\/h2>\n<p><strong>Switch tp &#8211; link tl &#8211; sx105 5 puertos<\/strong><\/p>\n<\/div>\n<p style=\"max-width: 700px; margin: 0px auto 30px; font-size: 18px; line-height: 1.6; color: #555555; font-style: italic; text-align: left;\">TL-SX105<br \/>Switch de escritorio de 5 puertos 10G<\/p>\n<p>Cinco puertos de 10 Gbps . Los puertos de 5 10 Gigabit desbloquean el rendimiento m\u00e1s alto de sus dispositivos y ancho de banda 10G \/ Multi-Gig, y brindan hasta 100 Gbps de capacidad de conmutaci\u00f3n.<br \/>Conexiones ultrarr\u00e1pidas . Proporciona conexiones ultrarr\u00e1pidas a NAS 10G, servidor, adaptador PCIe \/ NIC 10G, computadora de juegos, WiFi 6 AP 2.5G \/ 5G \/ 10G, video 8K y m\u00e1s.<br \/>Ideal para varios escenarios . Dise\u00f1ado para conexiones ultrarr\u00e1pidas en fiestas LAN, entretenimiento en el hogar, oficinas peque\u00f1as y en el hogar y estaciones de trabajo.<br \/>Conexiones \u00f3ptimas de 5 velocidades . La negociaci\u00f3n autom\u00e1tica para conexiones de 5 velocidades (100 Mbps \/ 1G \/ 2.5G \/ 5G \/ 10G) proporciona un rendimiento \u00f3ptimo.<br \/>Operaci\u00f3n silenciosa . El revolucionario dise\u00f1o sin ventilador garantiza un funcionamiento silencioso sin precedentes, ideal para cualquier hogar o negocio.<br \/>Carcasa de metal duradera . La carcasa de metal duradera, el montaje en escritorio \/ pared y el dise\u00f1o de disipaci\u00f3n de calor profesional son adecuados para diferentes entornos.<br \/>Plug and Play . Permite una implementaci\u00f3n sencilla sin la necesidad de un t\u00e9cnico.<\/p>\n<p>CARACTER\u00cdSTICAS DE HARDWARE<br \/>Est\u00e1ndares y Protocolos IEEE 802.3, 802.3u, 802.3ab, 802.3x, 802.1p, 802.3an, 802.3bz<br \/>Interfaz 5 puertos de 100 Mbps \/ 1 Gbps \/ 2,5 Gbps \/ 5 Gbps \/ 10 Gbps, negociaci\u00f3n autom\u00e1tica, MDI autom\u00e1tico \/ MDIX<br \/>Cantidad de Ventiladores Sin ventilador<br \/>Fuente de Alimentaci\u00f3n Externa Adaptador de corriente externo (salida: 12 V CC \/ 2,0 A)<br \/>Indicador de LED Energ\u00eda del sistema: 1<br \/>Indicadores de enlace \/ actividad: 5, 1 indicador por puerto integrado en cada puerto RJ-45<br \/>Dimensiones 8.95.21.4 in (22613135 mm)<br \/>Consumo de Potencia M\u00e1ximo 21.4 W<br \/>RENDIMIENTO<br \/>Capacidad de Conmutaci\u00f3n 100 Gbps<br \/>Tasa de Reenv\u00edo de Paquetes 74.4 Mpps<br \/>Tabla de Direcciones MAC 32 K<br \/>Memoria del Buffer de Paquete 2 Mb<br \/>Jumbo Frame 10 KB<br \/>CARACTER\u00cdSTICAS DE SOFTWARE<br \/>Caracter\u00edsticas Avanzadas Control de flujo 802.3X<br \/>QoS 802.1p \/ DSCP<br \/>M\u00e9todo de Transferencia Almacenamiento y reenvio<br \/>Otros<br \/>Certificaciones CE, FCC ,RoHS<br \/>Contenido del Paquete Switch de escritorio \/ montaje en bastidor multigigabit 10G de 5 puertos TL-SX105<br \/>Cable de alimentaci\u00f3n<br \/>Gu\u00eda de instalaci\u00f3n<br \/>Patas de goma<br \/>Factores Ambientales Temperatura de funcionamiento: 0 a 40 C (32 a 104 F)<br \/>Temperatura de almacenamiento: -4070 C (-40158 F)<br \/>Humedad de funcionamiento: 10 a 90% de humedad relativa sin condensaci\u00f3n<br \/>Humedad de almacenamiento: 590% de humedad relativa sin condensaci\u00f3n<\/p>\n","protected":false},"excerpt":{"rendered":"<p>Switch tp &#8211; link tl &#8211; sx105 5 puertos<\/p>\n","protected":false},"featured_media":239548,"comment_status":"open","ping_status":"open","template":"","meta":{"_et_pb_use_builder":"","_et_pb_old_content":"","_et_gb_content_width":""},"product_brand":[3946],"product_cat":[2058,3261,3270,3955],"product_tag":[3264,3273,3948],"class_list":{"0":"post-239547","1":"product","2":"type-product","3":"status-publish","4":"has-post-thumbnail","6":"product_brand-tp-link","7":"product_cat-dispositivos","8":"product_cat-redes","9":"product_cat-switch","10":"product_cat-tp-link-switch","11":"product_tag-redes","12":"product_tag-switch","13":"product_tag-tp-link","14":"product_shipping_class-2088","15":"pa_canon-digital-impuesto-incluido-de-0-e","16":"pa_categoria-redes","17":"pa_marca-tp-link","18":"pa_peso-4302","19":"pa_referencia-mgs0000023332","21":"first","22":"instock","23":"sale","24":"taxable","25":"shipping-taxable","26":"purchasable","27":"product-type-simple"},"_links":{"self":[{"href":"https:\/\/linkxa.es\/linkshop\/wp-json\/wp\/v2\/product\/239547","targetHints":{"allow":["GET"]}}],"collection":[{"href":"https:\/\/linkxa.es\/linkshop\/wp-json\/wp\/v2\/product"}],"about":[{"href":"https:\/\/linkxa.es\/linkshop\/wp-json\/wp\/v2\/types\/product"}],"replies":[{"embeddable":true,"href":"https:\/\/linkxa.es\/linkshop\/wp-json\/wp\/v2\/comments?post=239547"}],"wp:featuredmedia":[{"embeddable":true,"href":"https:\/\/linkxa.es\/linkshop\/wp-json\/wp\/v2\/media\/239548"}],"wp:attachment":[{"href":"https:\/\/linkxa.es\/linkshop\/wp-json\/wp\/v2\/media?parent=239547"}],"wp:term":[{"taxonomy":"product_brand","embeddable":true,"href":"https:\/\/linkxa.es\/linkshop\/wp-json\/wp\/v2\/product_brand?post=239547"},{"taxonomy":"product_cat","embeddable":true,"href":"https:\/\/linkxa.es\/linkshop\/wp-json\/wp\/v2\/product_cat?post=239547"},{"taxonomy":"product_tag","embeddable":true,"href":"https:\/\/linkxa.es\/linkshop\/wp-json\/wp\/v2\/product_tag?post=239547"}],"curies":[{"name":"wp","href":"https:\/\/api.w.org\/{rel}","templated":true}]}}