{"id":239550,"date":"2025-07-07T10:24:58","date_gmt":"2025-07-07T10:24:58","guid":{"rendered":"https:\/\/linkxa.es\/contratacion\/producto\/switch-tp-link-tl-sg108-m2-8-puertos\/"},"modified":"2025-12-08T13:23:24","modified_gmt":"2025-12-08T13:23:24","slug":"switch-tp-link-tl-sg108-m2-8-puertos","status":"publish","type":"product","link":"https:\/\/linkxa.es\/linkshop\/producto\/switch-tp-link-tl-sg108-m2-8-puertos\/","title":{"rendered":"Switch tp &#8211; link tl &#8211; sg108 &#8211; m2 8 puertos"},"content":{"rendered":"<div style=\"text-align: center; margin-bottom: 20px;\">\n<h2 style=\"font-size: 22px; font-weight: 600; margin: 0; color: #333;\">Tp &#8211; link\u00a0|\u00a0 Switch<\/h2>\n<p><strong>Switch tp &#8211; link tl &#8211; sg108 &#8211; m2 8 puertos<\/strong><\/p>\n<\/div>\n<p style=\"max-width: 700px; margin: 0px auto 30px; font-size: 18px; line-height: 1.6; color: #555555; font-style: italic; text-align: left;\">Switch de escritorio de 8 puertos 2.5G<\/p>\n<p>Ocho puertos de 2,5 Gbps . Los puertos de 8 2.5 Gigabit desbloquean el mayor rendimiento de su ancho de banda y dispositivos Multi-Gig, y brindan hasta 40 Gbps de capacidad de conmutaci\u00f3n.<br \/>Conexiones superr\u00e1pidas . Proporciona conexiones s\u00faper r\u00e1pidas a 2.5G NAS, 2.5G Server, computadora de juegos, 2.5G WiFi 6 AP, video 4K y m\u00e1s.<br \/>Ideal para varios escenarios . Dise\u00f1ado para fiestas LAN, entretenimiento en el hogar, oficinas peque\u00f1as y en el hogar y transferencia instant\u00e1nea para estaciones de trabajo,<br \/>Cableado sin complicaciones . Actualice instant\u00e1neamente a 2.5 Gbps sin la necesidad de actualizar a cableado Cat6, lo que reduce los costes de cableado y las molestias. **<br \/>Operaci\u00f3n silenciosa . El dise\u00f1o sin ventilador l\u00edder en la industria garantiza un funcionamiento silencioso, ideal para cualquier hogar o negocio.<br \/>Plug and Play . Permite una implementaci\u00f3n sencilla sin la necesidad de un t\u00e9cnico.<br \/>Carcasa de metal . La carcasa de metal duradera y el dise\u00f1o de montaje en escritorio \/ pared son adecuados para diferentes entornos.<\/p>\n<p>CARACTER\u00cdSTICAS DE HARDWARE<br \/>Est\u00e1ndares y Protocolos IEEE 802.3, 802.3u, 802.3ab, 802.3x, 802.1p, 802.3bz<br \/>Interfaz 8 100Mbps\/1Gbps\/2.5Gbp Ports, Auto-Negotiation, Auto-MDI\/MDIX<br \/>Cantidad de Ventiladores Sin ventilador<br \/>Fuente de Alimentaci\u00f3n Externa Adaptador de corriente externo (salida: 12 VCC \/ 1,0 A)<br \/>Indicador de LED Energ\u00eda del sistema: 1<br \/>Indicadores de enlace \/ actividad: 8, 1 indicador por puerto integrado en cada puerto RJ-45<br \/>Dimensiones 8.95.21.4 in (22613135 mm)<br \/>Consumo de Potencia M\u00e1ximo 15.65 W<br \/>Disipaci\u00f3n m\u00e1xima de calor 53.40 BTU\/h<br \/>RENDIMIENTO<br \/>Capacidad de Conmutaci\u00f3n 40 Gbps<br \/>Tasa de Reenv\u00edo de Paquetes 29.8 Mpps<br \/>Tabla de Direcciones MAC 16 K<br \/>Memoria del Buffer de Paquete 1.5 Mb<br \/>Jumbo Frame 10 KB<br \/>CARACTER\u00cdSTICAS DE SOFTWARE<br \/>Caracter\u00edsticas Avanzadas 802.3X Flow Control<br \/>802.1p\/DSCP QoS<br \/>M\u00e9todo de Transferencia Almacenamiento y reenvio<br \/>Otros<br \/>Certificaciones CE, FCC ,RoHS<br \/>Contenido del Paquete Conmutador de escritorio multigigabit de 2,5 G de 8 puertos TL-SG108-M2<br \/>Adaptador de corriente<br \/>Gu\u00eda de instalaci\u00f3n<br \/>Patas de goma<br \/>Factores Ambientales Temperatura de funcionamiento: 0 a 40 C (32 a 104 F)<br \/>Temperatura de almacenamiento: -4070 C (-40158 F)<br \/>Humedad de funcionamiento: 10 a 90% de humedad relativa sin condensaci\u00f3n<br \/>Humedad de almacenamiento: 590% de humedad relativa sin condensaci\u00f3n<\/p>\n","protected":false},"excerpt":{"rendered":"<p>Switch tp &#8211; link tl &#8211; sg108 &#8211; m2 8 puertos<\/p>\n","protected":false},"featured_media":239551,"comment_status":"open","ping_status":"open","template":"","meta":{"_et_pb_use_builder":"","_et_pb_old_content":"","_et_gb_content_width":""},"product_brand":[3946],"product_cat":[2058,3261,3270,3955],"product_tag":[3264,3273,3948],"class_list":{"0":"post-239550","1":"product","2":"type-product","3":"status-publish","4":"has-post-thumbnail","6":"product_brand-tp-link","7":"product_cat-dispositivos","8":"product_cat-redes","9":"product_cat-switch","10":"product_cat-tp-link-switch","11":"product_tag-redes","12":"product_tag-switch","13":"product_tag-tp-link","14":"product_shipping_class-2088","15":"pa_canon-digital-impuesto-incluido-de-0-e","16":"pa_categoria-redes","17":"pa_marca-tp-link","18":"pa_peso-4304","19":"pa_referencia-mgs0000023335","21":"first","22":"instock","23":"sale","24":"taxable","25":"shipping-taxable","26":"purchasable","27":"product-type-simple"},"_links":{"self":[{"href":"https:\/\/linkxa.es\/linkshop\/wp-json\/wp\/v2\/product\/239550","targetHints":{"allow":["GET"]}}],"collection":[{"href":"https:\/\/linkxa.es\/linkshop\/wp-json\/wp\/v2\/product"}],"about":[{"href":"https:\/\/linkxa.es\/linkshop\/wp-json\/wp\/v2\/types\/product"}],"replies":[{"embeddable":true,"href":"https:\/\/linkxa.es\/linkshop\/wp-json\/wp\/v2\/comments?post=239550"}],"wp:featuredmedia":[{"embeddable":true,"href":"https:\/\/linkxa.es\/linkshop\/wp-json\/wp\/v2\/media\/239551"}],"wp:attachment":[{"href":"https:\/\/linkxa.es\/linkshop\/wp-json\/wp\/v2\/media?parent=239550"}],"wp:term":[{"taxonomy":"product_brand","embeddable":true,"href":"https:\/\/linkxa.es\/linkshop\/wp-json\/wp\/v2\/product_brand?post=239550"},{"taxonomy":"product_cat","embeddable":true,"href":"https:\/\/linkxa.es\/linkshop\/wp-json\/wp\/v2\/product_cat?post=239550"},{"taxonomy":"product_tag","embeddable":true,"href":"https:\/\/linkxa.es\/linkshop\/wp-json\/wp\/v2\/product_tag?post=239550"}],"curies":[{"name":"wp","href":"https:\/\/api.w.org\/{rel}","templated":true}]}}