{"id":239556,"date":"2025-02-22T06:05:33","date_gmt":"2025-02-22T06:05:33","guid":{"rendered":"https:\/\/linkxa.es\/contratacion\/producto\/switch-tp-link-er7212pc-12-puertos\/"},"modified":"2025-12-08T13:24:18","modified_gmt":"2025-12-08T13:24:18","slug":"switch-tp-link-er7212pc-12-puertos","status":"publish","type":"product","link":"https:\/\/linkxa.es\/linkshop\/producto\/switch-tp-link-er7212pc-12-puertos\/","title":{"rendered":"Switch tp &#8211; link er7212pc 12 puertos"},"content":{"rendered":"<div style=\"text-align: center; margin-bottom: 20px;\">\n<h2 style=\"font-size: 22px; font-weight: 600; margin: 0; color: #333;\">Tp &#8211; link\u00a0|\u00a0 Switch<\/h2>\n<p><strong>Switch tp &#8211; link er7212pc 12 puertos<\/strong><\/p>\n<\/div>\n<p style=\"max-width: 700px; margin: 0px auto 30px; font-size: 18px; line-height: 1.6; color: #555555; font-style: italic; text-align: left;\">ER7212PC<br \/>Router VPN Gigabit Omada 3 en 1<\/p>\n<p>Router 3 en 1. Router con salida PoE+ y capacidad de gesti\u00f3n centralizada Omada para hasta 10 puntos de acceso.<br \/>CPU de Doble n\u00facleo. Con 1GB de memoria DDR3 alcanza un alto rendimiento para hasta 12 puertos Gigabit.<br \/>4 puertos WAN Ethernet. Equipado con 2 puertos WAN\/LAN Gigabit SFP, 1 puerto WAN Gigabit RJ45 y 1 puerto WAN\/LAN Gigabit RJ45.<br \/>PoE de 110W. 8 puertos LAN PoE+ RJ45 compatibles con 802.3at\/af suministran una energ\u00eda total de de 110W*.<br \/>Gesti\u00f3n desde la nube. El acceso desde la nube y la aplicaci\u00f3n Omada ofrecen comodidad y una gesti\u00f3n sencilla.<br \/>VPN Segura. Soporta conexiones VPN IPsec, OpenVPN y L2TP\/PPTP.<br \/>F\u00e1cil Instalaci\u00f3n. Gracias a su dise\u00f1o compacto sin ventilador, se puede instalar f\u00e1cilmente en cualquier escritorio o pared.<br \/>SEGURIDAD<br \/>Control de Acceso Control de acceso basado en IP de origen\/destino<br \/>Filtrado Filtrado de URL<br \/>Inspecci\u00f3n ARP &#8211;<br \/>Defensa contra Ataques Defensa contra Ataques TCP\/UDP\/ICMP Flood<br \/>Bloqueo de Escaneo TCP (Stealth FIN\/Xmas\/Null)<br \/>Bloqueo de Ping desde WAN<br \/>CARACTER\u00cdSTICAS DE HARDWARE<br \/>Est\u00e1ndares y Protocolos IEEE 802.3, IEEE802.3u, IEEE802.3ab, IEEE802.3z, IEEE 802.3x, IEEE 802.1q<br \/>TCP\/IP, DHCP, ICMP, NAT, PPPoE, NTP, HTTP, HTTPS, DNS, IPSec, PPTP, L2TP, SNMP<br \/>Interfaz 2 puertos Gigabit SFP WAN\/LAN<br \/>1 puerto Gigabit WAN<br \/>1 puerto Gigabit LAN\/WAN<br \/>8 puertos Gigabit LAN<br \/>Medios de Red 10BASE-T: Cable UTP categor\u00eda 3, 4, 5 (M\u00e1x. 100 m)<br \/>EIA\/TIA-568 STP 100 (M\u00e1x. 100 m)<br \/>100BASE-TX: Cable UTP categor\u00eda 5, 5e (M\u00e1x. 100 m)<br \/>EIA\/TIA-568 STP 100 (M\u00e1x. 100 m)<br \/>1000BASE-T: Cable UTP categor\u00eda 5, 5e, 6 (M\u00e1x. 100 m)<br \/>Cantidad de Ventiladores Sin ventilador<br \/>Botones Bot\u00f3n de reinicio<br \/>Fuente de Alimentaci\u00f3n Adaptador 53.5VDC\/2.43A<br \/>Potencia PoE 8 puertos de salida PoE+, 110 W PoE Total<br \/>Flash 8Mb Nor + 4 GB EMMC<br \/>DRAM 1 GB DDR3<br \/>LED PWR, SYS, CLOUD, PoE M\u00e1x., SFP 1, SFP 2, WAN (Velocidad, Enlace\/Act.), LAN (Velocidad, Enlace\/Act.)<br \/>Dimensiones 8.9 5.2 1.4 in (226 131 35 mm)<br \/>Protecci\u00f3n Protecci\u00f3n contra sobretensiones de 4 kV<br \/>Carcasa Acero<br \/>Montaje Sobremesa\/Montaje en pared<br \/>Consumo de Potencia M\u00e1ximo &#8211; 133,2 W con PoE m\u00e1x.<br \/>&#8211; 13,88 W sin PoE<br \/>RENDIMIENTO<br \/>Sesiones Concurrentes 24,980<br \/>Nuevas sesiones\/Segundos 1,900<br \/>NAT (IP Est\u00e1tica) 935.5 Mbps \/ 942.1 Mbps<br \/>NAT(DHCP) 940.2 Mbps \/ 941.7 Mbps<br \/>NAT(PPPoE) 913.1 Mbps \/ 935.2 Mbps<br \/>NAT (L2TP) 545.0 Mbps \/ 912.7 Mbps<br \/>NAT (PPTP) 523.0 Mbps \/ 912.8 Mbps<br \/>Rendimiento VPN IPsec AES256: 168.5 Mbps<br \/>OpenVPN 34 Mbps<br \/>Rendimiento VPN L2TP Sin cifrar: 845,3 Mbps<br \/>Cifrado: 333,2 Mbps<br \/>Rendimiento VPN PPTP Sin cifrar: 1012,6 Mbps<br \/>Cifrado: 401,4 Mbps<br \/>66 Byte Packet forwarding rate 154,069 pps \/ 156,977 pps<br \/>1,518 Byte Packet forwarding rate 81,193 pps \/ 81,193 pps<br \/>FUNCIONES B\u00c1SICAS<br \/>Tipo de conexi\u00f3n WAN IP est\u00e1tica<br \/>IP din\u00e1mica<br \/>PPPoE<br \/>PPTP<br \/>L2TP<br \/>Clonado MAC Modificar la direcci\u00f3n MAC de la WAN<br \/>DHCP Servidor DHCP<br \/>Reserva de direcciones DHCP<br \/>Interfaces IP m\u00faltiples<br \/>DHCP multired<br \/>IPv6 Soportado<br \/>VLAN 802.1Q VLAN<br \/>IPTV Proxy IGMP v2\/v3<br \/>FUNCIONES AVANZADAS<br \/>ACL Filtrado de IP\/Puerto\/Protocolo\/Nombre de Dominio<br \/>Enrutamiento Avanzado Enrutamiento estatico<br \/>Enrutamiento de pol\u00edticas<br \/>Control de Ancho de Banda Control de ancho de banda basado en puerto\/IP<br \/>Balanceo de Carga Intelligent Load Balance<br \/>Application Optimized Routing<br \/>Link Backup<br \/>Online Detection<br \/>NAT Multi-Net NAT<br \/>Virtual Server<br \/>NAT-DMZ<br \/>FTP\/H.323\/SIP\/IPSec\/PPTP ALG<br \/>UPnP<br \/>L\u00edmite de sesi\u00f3n L\u00edmite de sesi\u00f3n basado en IP<br \/>VPN<br \/>SSL VPN &#8211;<br \/>VPN IPsec 20 T\u00faneles VPN IPSec<br \/>LAN-a-LAN, Cliente-a-LAN<br \/>Modo de Negociaci\u00f3n Principal, Agresivo<br \/>Algoritmo de Encriptaci\u00f3n AES128, AES192, AES256<br \/>IKE v1\/v2<br \/>Algoritmo de Autenticaci\u00f3n SHA1, SHA2<br \/>Traves\u00eda de NAT (NAT-T)<br \/>Detecci\u00f3n de Pares Inactivos (DPD)<br \/>Secreto Adelantado Perfecto (PFS)<br \/>VPN PPTP Servidor VPN PPTP<br \/>Cliente VPN PPTP (10)<br \/>16 T\u00faneles<br \/>PPTP con cifrado MPPE<br \/>VPN L2TP Servidor VPN L2TP<br \/>Cliente VPN L2TP (10)<br \/>16 T\u00faneles<br \/>L2TP sobre IPSec<br \/>OpenVPN Servidor OpenVPN<br \/>Cliente OpenVPN (10)\u00a7<br \/>16 t\u00faneles OpenVPN<br \/>AUTENTICACI\u00d3N<br \/>Autenticaci\u00f3n web Sin Autenticaci\u00f3n<br \/>Contrase\u00f1a Sencilla<br \/>Punto de Acceso (Usuario Local \/ Voucher \/ SMS \/ Radius)<br \/>Servidor de Radius Externo<br \/>Servidor de Portal Externo<br \/>GESTI\u00d3N<br \/>Omada App S\u00ed<br \/>Gesti\u00f3n Centralizada Gesti\u00f3n de hasta 2 switches Omada y 10 puntos de acceso Omada<br \/>Acceso a la nube S\u00ed<br \/>Servicio DNS din\u00e1mico (Dyndns, No-IP)<br \/>Mantenimiento Interfaz de Gesti\u00f3n Web<br \/>Gesti\u00f3n Remota<br \/>Exportaci\u00f3n e Importaci\u00f3n de Configuraci\u00f3n<br \/>Soporte SNMP v1\/v2c\/v3<br \/>Soporte de Syslog<br \/>Aprovisionamiento sin contacto &#8211;<br \/>Funciones de gesti\u00f3n Descubrimiento Autom\u00e1tico de Dispositivos<br \/>Monitorizaci\u00f3n Inteligente de Redes<br \/>Advertencias de Eventos Anormales<br \/>Configuraci\u00f3n Unificada<br \/>Programaci\u00f3n de Reinicio<br \/>Configuraci\u00f3n de Portal Cautivo<br \/>Gesti\u00f3n de hasta 2 switches Omada y 10 puntos de acceso Omada<br \/>Otros<br \/>Certificaciones CE, FCC, RoHS<br \/>Contenido del Paquete ER7212PC<br \/>Adaptador de corriente<br \/>Cable de alimentaci\u00f3n<br \/>Gu\u00eda de Instalaci\u00f3n R\u00e1pida<br \/>Requisitos del sistema Microsoft Windows 98SE, NT, 2000, XP, Vista o Windows 7\/8\/8.1\/10<br \/>SO MAC, NetWare, UNIX o Linux<br \/>Factores Ambientales Temperatura de funcionamiento: 0 C a 45 C (32 F a 113 F)<br \/>Temperatura de almacenamiento: -40 C a 70 C (-40 F a 158 F)<br \/>Humedad de funcionamiento: 10 % a 90 % sin condensaci\u00f3n<br \/>Humedad de almacenamiento: 5 % a 90 % sin condensaci\u00f3n<\/p>\n","protected":false},"excerpt":{"rendered":"<p>Switch tp &#8211; link er7212pc 12 puertos<\/p>\n","protected":false},"featured_media":239557,"comment_status":"open","ping_status":"open","template":"","meta":{"_et_pb_use_builder":"","_et_pb_old_content":"","_et_gb_content_width":""},"product_brand":[3946],"product_cat":[2058,3261,3270,3955],"product_tag":[3264,3273,3948],"class_list":{"0":"post-239556","1":"product","2":"type-product","3":"status-publish","4":"has-post-thumbnail","6":"product_brand-tp-link","7":"product_cat-dispositivos","8":"product_cat-redes","9":"product_cat-switch","10":"product_cat-tp-link-switch","11":"product_tag-redes","12":"product_tag-switch","13":"product_tag-tp-link","14":"product_shipping_class-2088","15":"pa_canon-digital-impuesto-incluido-de-0-e","16":"pa_categoria-redes","17":"pa_marca-tp-link","18":"pa_peso-4308","19":"pa_referencia-mgs0000024151","21":"first","22":"instock","23":"sale","24":"taxable","25":"shipping-taxable","26":"purchasable","27":"product-type-simple"},"_links":{"self":[{"href":"https:\/\/linkxa.es\/linkshop\/wp-json\/wp\/v2\/product\/239556","targetHints":{"allow":["GET"]}}],"collection":[{"href":"https:\/\/linkxa.es\/linkshop\/wp-json\/wp\/v2\/product"}],"about":[{"href":"https:\/\/linkxa.es\/linkshop\/wp-json\/wp\/v2\/types\/product"}],"replies":[{"embeddable":true,"href":"https:\/\/linkxa.es\/linkshop\/wp-json\/wp\/v2\/comments?post=239556"}],"wp:featuredmedia":[{"embeddable":true,"href":"https:\/\/linkxa.es\/linkshop\/wp-json\/wp\/v2\/media\/239557"}],"wp:attachment":[{"href":"https:\/\/linkxa.es\/linkshop\/wp-json\/wp\/v2\/media?parent=239556"}],"wp:term":[{"taxonomy":"product_brand","embeddable":true,"href":"https:\/\/linkxa.es\/linkshop\/wp-json\/wp\/v2\/product_brand?post=239556"},{"taxonomy":"product_cat","embeddable":true,"href":"https:\/\/linkxa.es\/linkshop\/wp-json\/wp\/v2\/product_cat?post=239556"},{"taxonomy":"product_tag","embeddable":true,"href":"https:\/\/linkxa.es\/linkshop\/wp-json\/wp\/v2\/product_tag?post=239556"}],"curies":[{"name":"wp","href":"https:\/\/api.w.org\/{rel}","templated":true}]}}