{"id":239559,"date":"2025-09-10T21:57:54","date_gmt":"2025-09-10T21:57:54","guid":{"rendered":"https:\/\/linkxa.es\/contratacion\/producto\/punto-acceso-inalambrico-tp-link-eap660-hd\/"},"modified":"2025-12-08T13:24:45","modified_gmt":"2025-12-08T13:24:45","slug":"punto-acceso-inalambrico-tp-link-eap660-hd","status":"publish","type":"product","link":"https:\/\/linkxa.es\/linkshop\/producto\/punto-acceso-inalambrico-tp-link-eap660-hd\/","title":{"rendered":"Punto acceso inalambrico tp &#8211; link eap660 hd"},"content":{"rendered":"<div style=\"text-align: center; margin-bottom: 20px;\">\n<h2 style=\"font-size: 22px; font-weight: 600; margin: 0; color: #333;\">Tp &#8211; link\u00a0|\u00a0 Puntos de acceso<\/h2>\n<p><strong>Punto de acceso inalambrico tp &#8211; link eap660 hd interior dual band<\/strong><\/p>\n<\/div>\n<p style=\"max-width: 700px; margin: 0px auto 30px; font-size: 18px; line-height: 1.6; color: #555555; font-style: italic; text-align: left;\">&#8211; VELOCIDAD Y RENDIMIENTO\u00a0<br \/>Velocidad Wi-Fi 6 ultrarr\u00e1pida con un total de hasta 3550 Mbps:\u00a0<br \/>&#8211; 2402 Mbps en la banda de 5 GHz.\u00a0<br \/>&#8211; 1148 Mbps en la banda de 2,4 GHz.\u00a0<br \/>Capacidad para conectar m\u00e1s de 1000 dispositivos de manera estable y sin cortes.\u00a0<br \/>Puerto Ethernet de 2.5 Gbps para un rendimiento de red m\u00e1s r\u00e1pido.\u00a0<\/p>\n<p>&#8211; GESTI\u00d3N Y CONTROL\u00a0<br \/>Integraci\u00f3n total con Omada para funcionalidades avanzadas:\u00a0<br \/>&#8211; Provisionamiento Zero Touch (ZTP).\u00a0<br \/>&#8211; Gesti\u00f3n centralizada desde la nube.\u00a0<br \/>&#8211; Monitorizaci\u00f3n inteligente.\u00a0<br \/>Control intuitivo y eficiente con la controladora Omada, accesible de forma local o desde la nube.\u00a0<br \/>Acceso a la nube disponible con OC300, OC200, o controlador de software Omada.\u00a0<\/p>\n<p>&#8211; ROAMING Y CONECTIVIDAD\u00a0<br \/>Roaming sin cortes para cambiar autom\u00e1ticamente al punto de acceso con mejor cobertura.\u00a0<br \/>Omada Mesh para una conectividad inal\u00e1mbrica flexible.\u00a0<br \/>Compatibilidad con PoE+ (802.3at) para una instalaci\u00f3n flexible y sin necesidad de tomas de corriente cercanas.\u00a0<\/p>\n<p>&#8211; RED DE INVITADOS Y SEGURIDAD\u00a0<br \/>Red de invitados segura con acceso separado para visitas.\u00a0<br \/>Portal cautivo para autenticaci\u00f3n de usuarios.\u00a0<br \/>Control de acceso y filtrado de direcciones MAC inal\u00e1mbricas.\u00a0<br \/>Asignaci\u00f3n de SSID a VLAN para segmentaci\u00f3n de red.\u00a0<br \/>Compatibilidad con WEP, WPA-Personal\/Enterprise, WPA2-Personal\/Enterprise, y WPA3-Personal\/Enterprise.\u00a0<\/p>\n<p>&#8211; CARACTER\u00cdSTICAS INAL\u00c1MBRICAS\u00a0<br \/>Capacidad de cliente inal\u00e1mbrico: m\u00e1s de 1000 dispositivos.\u00a0<br \/>Est\u00e1ndares inal\u00e1mbricos: IEEE 802.11ax\/ac\/n\/g\/b\/a.\u00a0<br \/>Compatibilidad con bandas de frecuencia de 2,4 GHz y 5 GHz.\u00a0<br \/>Funciones avanzadas:\u00a0<br \/>&#8211; 1024-QAM.\u00a0<br \/>&#8211; OFDMA y MU-MIMO para mayor eficiencia.\u00a0<br \/>&#8211; Hasta 16 SSID (8 por banda).\u00a0<br \/>&#8211; Direcci\u00f3n de banda y balance de carga.\u00a0<br \/>&#8211; Formaci\u00f3n de haces (Beamforming).\u00a0<br \/>&#8211; QoS (WMM) para priorizaci\u00f3n de tr\u00e1fico.\u00a0<br \/>&#8211; Equidad de tiempo de transmisi\u00f3n.\u00a0<br \/>&#8211; Programaci\u00f3n de reinicios y configuraciones inal\u00e1mbricas.\u00a0<br \/>&#8211; Estad\u00edsticas inal\u00e1mbricas detalladas basadas en SSID, AP o cliente.\u00a0<\/p>\n<p>&#8211; CARACTER\u00cdSTICAS DE HARDWARE\u00a0<br \/>1 puerto Ethernet de 2.5 Gbps (compatible con PoE+ IEEE802.3at).\u00a0<br \/>Fuente de alimentaci\u00f3n mediante PoE (802.3at) o 12 VCC.\u00a0<br \/>Consumo de potencia:\u00a0<br \/>&#8211; UE: 18,5 W.\u00a0<br \/>&#8211; EE. UU.: 21,5 W.\u00a0<br \/>Antenas internas Omni:\u00a0<br \/>&#8211; 2,4 GHz: 4 x 4 dBi.\u00a0<br \/>&#8211; 5 GHz: 4 x 5 dBi.\u00a0<br \/>Montaje en techo o pared (kits incluidos).\u00a0<br \/>Dimensiones: 243 \u00d7 243 \u00d7 64 mm.\u00a0<\/p>\n<p>&#8211; GESTI\u00d3N\u00a0<br \/>Aplicaci\u00f3n Omada para gesti\u00f3n f\u00e1cil desde dispositivos m\u00f3viles.\u00a0<br \/>Compatible con controladores:\u00a0<br \/>&#8211; Basado en la nube Omada.\u00a0<br \/>&#8211; Hardware Omada OC300 y OC200.\u00a0<br \/>&#8211; Software Omada.\u00a0<br \/>Alertas por correo electr\u00f3nico.\u00a0<br \/>Control de LED ON\/OFF.\u00a0<br \/>Control de gesti\u00f3n de acceso MAC.\u00a0<br \/>Compatibilidad con SNMP v1, v2c, v3.\u00a0<br \/>Acceso SSH y gesti\u00f3n basada en web (HTTP\/HTTPS).\u00a0<br \/>Soporte para gesti\u00f3n L3, multisitio y VLAN de gesti\u00f3n.\u00a0<br \/>Aprovisionamiento sin contacto con controlador basado en la nube Omada.\u00a0<\/p>\n<p>&#8211; SEGURIDAD\u00a0<br \/>Portal cautivo para autenticaci\u00f3n de usuarios.\u00a0<br \/>Control de acceso y filtrado de direcciones MAC.\u00a0<br \/>Aislamiento inal\u00e1mbrico entre clientes.\u00a0<br \/>Asignaci\u00f3n de SSID a VLAN para segmentaci\u00f3n de red.\u00a0<br \/>Detecci\u00f3n de puntos de acceso no autorizados.\u00a0<br \/>Compatibilidad con 802.1X.\u00a0<br \/>Protocolos de seguridad: WEP, WPA-Personal\/Enterprise, WPA2-Personal\/Enterprise, WPA3-Personal\/Enterprise.\u00a0<\/p>\n<p>&#8211; POTENCIA DE TRANSMISI\u00d3N\u00a0<br \/>CE:\u00a0<br \/>&#8211; &#038;lt,20 dBm (2,4 GHz, EIRP).\u00a0<br \/>&#8211; &#038;lt,23 dBm (5 GHz, EIRP).\u00a0<br \/>FCC:\u00a0<br \/>&#8211; &#038;lt,26 dBm (2,4 GHz).\u00a0<br \/>&#8211; &#038;lt,26 dBm (5 GHz).\u00a0<\/p>\n<p>&#8211; COMPATIBILIDAD Y REQUISITOS\u00a0<br \/>Compatible con Microsoft Windows XP, Vista, Windows 7, 8, 10, 11 y Linux.\u00a0<\/p>\n<p>&#8211; FACTORES AMBIENTALES\u00a0<br \/>Temperatura de funcionamiento: 0?40 ?.\u00a0<br \/>Temperatura de almacenamiento: -40?70 ?.\u00a0<br \/>Humedad de funcionamiento: 10?90 % HR sin condensaci\u00f3n.\u00a0<br \/>Humedad de almacenamiento: 5?90 % HR sin condensaci\u00f3n.\u00a0<\/p>\n<p>&#8211; CERTIFICACIONES Y CONTENIDO DEL PAQUETE\u00a0<br \/>Certificaciones: CE, FCC, RoHS.\u00a0<br \/>Contenido del paquete:\u00a0<br \/>&#8211; EAP660 HD.\u00a0<br \/>&#8211; Adaptador de corriente.\u00a0<br \/>&#8211; Kits de montaje en techo o pared.\u00a0<br \/>&#8211; Gu\u00eda de instalaci\u00f3n.\u00a0<\/p>\n","protected":false},"excerpt":{"rendered":"<p>Punto de acceso inalambrico tp &#8211; link eap660 hd interior dual band<\/p>\n","protected":false},"featured_media":239560,"comment_status":"open","ping_status":"open","template":"","meta":{"_et_pb_use_builder":"","_et_pb_old_content":"","_et_gb_content_width":""},"product_brand":[3946],"product_cat":[2058,3299,3261,4005],"product_tag":[3302,3264,3948],"class_list":{"0":"post-239559","1":"product","2":"type-product","3":"status-publish","4":"has-post-thumbnail","6":"product_brand-tp-link","7":"product_cat-dispositivos","8":"product_cat-puntos-de-acceso","9":"product_cat-redes","10":"product_cat-tp-link-puntos-de-acceso","11":"product_tag-puntos-de-acceso","12":"product_tag-redes","13":"product_tag-tp-link","14":"product_shipping_class-2088","15":"pa_canon-digital-impuesto-incluido-de-0-e","16":"pa_categoria-redes","17":"pa_marca-tp-link","18":"pa_peso-4310","19":"pa_referencia-mgs0000026139","21":"first","22":"instock","23":"sale","24":"taxable","25":"shipping-taxable","26":"purchasable","27":"product-type-simple"},"_links":{"self":[{"href":"https:\/\/linkxa.es\/linkshop\/wp-json\/wp\/v2\/product\/239559","targetHints":{"allow":["GET"]}}],"collection":[{"href":"https:\/\/linkxa.es\/linkshop\/wp-json\/wp\/v2\/product"}],"about":[{"href":"https:\/\/linkxa.es\/linkshop\/wp-json\/wp\/v2\/types\/product"}],"replies":[{"embeddable":true,"href":"https:\/\/linkxa.es\/linkshop\/wp-json\/wp\/v2\/comments?post=239559"}],"wp:featuredmedia":[{"embeddable":true,"href":"https:\/\/linkxa.es\/linkshop\/wp-json\/wp\/v2\/media\/239560"}],"wp:attachment":[{"href":"https:\/\/linkxa.es\/linkshop\/wp-json\/wp\/v2\/media?parent=239559"}],"wp:term":[{"taxonomy":"product_brand","embeddable":true,"href":"https:\/\/linkxa.es\/linkshop\/wp-json\/wp\/v2\/product_brand?post=239559"},{"taxonomy":"product_cat","embeddable":true,"href":"https:\/\/linkxa.es\/linkshop\/wp-json\/wp\/v2\/product_cat?post=239559"},{"taxonomy":"product_tag","embeddable":true,"href":"https:\/\/linkxa.es\/linkshop\/wp-json\/wp\/v2\/product_tag?post=239559"}],"curies":[{"name":"wp","href":"https:\/\/api.w.org\/{rel}","templated":true}]}}