{"id":239567,"date":"2025-06-08T09:55:58","date_gmt":"2025-06-08T09:55:58","guid":{"rendered":"https:\/\/linkxa.es\/contratacion\/producto\/punto-acceso-exterior-tp-link-eap772-outdoor-wifi\/"},"modified":"2025-12-08T13:26:08","modified_gmt":"2025-12-08T13:26:08","slug":"punto-acceso-exterior-tp-link-eap772-outdoor-wifi","status":"publish","type":"product","link":"https:\/\/linkxa.es\/linkshop\/producto\/punto-acceso-exterior-tp-link-eap772-outdoor-wifi\/","title":{"rendered":"Punto acceso exterior tp &#8211; link eap772 &#8211; outdoor wifi"},"content":{"rendered":"<div style=\"text-align: center; margin-bottom: 20px;\">\n<h2 style=\"font-size: 22px; font-weight: 600; margin: 0; color: #333;\">Tp &#8211; link\u00a0|\u00a0 Puntos de acceso<\/h2>\n<p><strong>Punto de acceso exterior tp &#8211; link eap772 &#8211; outdoor wifi 7<\/strong><\/p>\n<\/div>\n<p style=\"max-width: 700px; margin: 0px auto 30px; font-size: 18px; line-height: 1.6; color: #555555; font-style: italic; text-align: left;\">Adopte\u00a0 Wi-Fi 7\u00a0 con el\u00a0 punto de acceso TP-LINK EAP772-Outdoor.\u00a0 Disfrute de velocidades r\u00e1pidas de hasta 9,300 Mbps\/s en distribuci\u00f3n tribanda en exteriores. Tenga la tranquilidad de contar con tecnolog\u00edas de seguridad de alto nivel para una conexi\u00f3n perfecta. El puerto Ethernet le permite conectar un dispositivo directamente a una red cableada.<\/p>\n","protected":false},"excerpt":{"rendered":"<p>Punto de acceso exterior tp &#8211; link eap772 &#8211; outdoor wifi 7<\/p>\n","protected":false},"featured_media":0,"comment_status":"open","ping_status":"open","template":"","meta":{"_et_pb_use_builder":"","_et_pb_old_content":"","_et_gb_content_width":""},"product_brand":[3946],"product_cat":[2058,3299,3261,4005],"product_tag":[3302,3264,3948],"class_list":{"0":"post-239567","1":"product","2":"type-product","3":"status-publish","5":"product_brand-tp-link","6":"product_cat-dispositivos","7":"product_cat-puntos-de-acceso","8":"product_cat-redes","9":"product_cat-tp-link-puntos-de-acceso","10":"product_tag-puntos-de-acceso","11":"product_tag-redes","12":"product_tag-tp-link","13":"product_shipping_class-2088","14":"pa_canon-digital-impuesto-incluido-de-0-e","15":"pa_categoria-redes","16":"pa_marca-tp-link","17":"pa_peso-4315","18":"pa_referencia-mgs0000029800","20":"first","21":"instock","22":"sale","23":"taxable","24":"shipping-taxable","25":"purchasable","26":"product-type-simple"},"_links":{"self":[{"href":"https:\/\/linkxa.es\/linkshop\/wp-json\/wp\/v2\/product\/239567","targetHints":{"allow":["GET"]}}],"collection":[{"href":"https:\/\/linkxa.es\/linkshop\/wp-json\/wp\/v2\/product"}],"about":[{"href":"https:\/\/linkxa.es\/linkshop\/wp-json\/wp\/v2\/types\/product"}],"replies":[{"embeddable":true,"href":"https:\/\/linkxa.es\/linkshop\/wp-json\/wp\/v2\/comments?post=239567"}],"wp:attachment":[{"href":"https:\/\/linkxa.es\/linkshop\/wp-json\/wp\/v2\/media?parent=239567"}],"wp:term":[{"taxonomy":"product_brand","embeddable":true,"href":"https:\/\/linkxa.es\/linkshop\/wp-json\/wp\/v2\/product_brand?post=239567"},{"taxonomy":"product_cat","embeddable":true,"href":"https:\/\/linkxa.es\/linkshop\/wp-json\/wp\/v2\/product_cat?post=239567"},{"taxonomy":"product_tag","embeddable":true,"href":"https:\/\/linkxa.es\/linkshop\/wp-json\/wp\/v2\/product_tag?post=239567"}],"curies":[{"name":"wp","href":"https:\/\/api.w.org\/{rel}","templated":true}]}}