{"id":239602,"date":"2024-12-11T08:32:54","date_gmt":"2024-12-11T08:32:54","guid":{"rendered":"https:\/\/linkxa.es\/contratacion\/producto\/controlador-cloud-omada-oc200-eaps-omada\/"},"modified":"2025-12-08T13:30:58","modified_gmt":"2025-12-08T13:30:58","slug":"controlador-cloud-omada-oc200-eaps-omada","status":"publish","type":"product","link":"https:\/\/linkxa.es\/linkshop\/producto\/controlador-cloud-omada-oc200-eaps-omada\/","title":{"rendered":"Controlador cloud omada oc200 eaps omada"},"content":{"rendered":"<div style=\"text-align: center; margin-bottom: 20px;\">\n<h2 style=\"font-size: 22px; font-weight: 600; margin: 0; color: #333;\">Tp &#8211; link\u00a0|\u00a0 Puntos de acceso<\/h2>\n<p><strong>Controlador cloud omada oc200 para eaps omada 2ptos thernet 1pto microusb tp &#8211; link<\/strong><\/p>\n<\/div>\n<p style=\"max-width: 700px; margin: 0px auto 30px; font-size: 18px; line-height: 1.6; color: #555555; font-style: italic; text-align: left;\">Gesti\u00f3n centralizada de hasta 100 puntos de acceso Omada, conmutadores<br \/>JetStream y enrutadores SafeStream.<br \/>Acceso a la nube para administrar desde cualquier lugar, en cualquier<br \/>momento.<br \/>Monitorizaci\u00f3n y administracion de dispositivos localmente con la m\u00e1xima<br \/>seguridad y estabilidad.<br \/>La aplicaci\u00f3n Omada para una gesti\u00f3n conveniente.<br \/>La administraci\u00f3n de lotes, la administraci\u00f3n de sitios m\u00faltiples y las<br \/>actualizaciones remotas de firmware benefician el mantenimiento de la red.<br \/>El panel de control f\u00e1cil de usar hace que sea f\u00e1cil ver el estado de su red en<br \/>tiempo real y verificar el uso de la red y la distribuci\u00f3n del tr\u00e1fico.<br \/>La topolog\u00eda de red ayuda a los administradores de TI a ver y solucionar<br \/>problemas r\u00e1pidamente de las conexiones de un vistazo.<br \/>PoE (802.3af \/ 802.3at) compatible para una f\u00e1cil instalaci\u00f3n.<br \/>Dise\u00f1o de hardware l\u00edder en la industria con el potente conjunto de chips,<br \/>carcasa met\u00e1lica duradera y puerto USB para copia de seguridad autom\u00e1tica.<br \/>CARACTER\u00cdSTICAS DE HARDWARE<br \/>Interfaz 2* Puertos Ethernet 10\/100<br \/>1*Puerto USB 2.0<br \/>1* Puerto Micro USB<br \/>Fuente de Alimentaci\u00f3n 802.3af\/at PoE o Micro USBDC 5V\/Minimo 1A<br \/>Dimensions 1009825mm. (3.93.91.0in)<br \/>GESTI\u00d3N<br \/>Omada App Si<br \/>Centralized Management Hasta 100 puntos de acceso Omada, switches<br \/>JetStream y routers SafeStream<br \/>Cloud Access Si<br \/>Gesti\u00f3n L3 Si<br \/>Gesti\u00f3n Multi-sitio Si<br \/>Management Features Detecci\u00f3n autom\u00e1tica de dispositivos<br \/>Configuraci\u00f3n por lotes<br \/>Actualizaci\u00f3n de firmware por lotes<br \/>Monitoreo inteligente de red<br \/>Advertencias de eventos anormales<br \/>Configuraci\u00f3n unificada<br \/>Programa de reinicio<br \/>Configuraci\u00f3n del portal cautivo<br \/>Otros<br \/>Certificaciones CE, FCC, RoHS<br \/>Contenido del Paquete Controlador de hardware Omada OC200<br \/>Gu\u00eda de Instalaci\u00f3n R\u00e1pida<br \/>Cable de ethernet<br \/>Requisitos del sistema Microsoft Windows10, 8, 7,Vista, XP o MAC OS,<br \/>NetWare, UNIX o Linux<br \/>Factores Ambientales Temperatura de funcionamiento: 0~40 (32~104)<br \/>Temperatura de almacenamiento: -40~70 (-40~158)<br \/>Humedad de funcionamiento: 10%~90% sin condensaci\u00f3n<br \/>Humedad de almacenamiento: 5%~90% sin condensaci\u00f3n<br \/>Para m\u00e1s informaci\u00f3n sobre su versi\u00f3n de hardware, por favor, vaya a la p\u00e1gina<br \/>de soporte, y consulte el datasheet de su versi\u00f3n.<\/p>\n","protected":false},"excerpt":{"rendered":"<p>Controlador cloud omada oc200 para eaps omada 2ptos thernet 1pto microusb tp &#8211; link<\/p>\n","protected":false},"featured_media":0,"comment_status":"open","ping_status":"open","template":"","meta":{"_et_pb_use_builder":"","_et_pb_old_content":"","_et_gb_content_width":""},"product_brand":[3946],"product_cat":[2058,3299,3261,4005],"product_tag":[3302,3264,3948],"class_list":{"0":"post-239602","1":"product","2":"type-product","3":"status-publish","5":"product_brand-tp-link","6":"product_cat-dispositivos","7":"product_cat-puntos-de-acceso","8":"product_cat-redes","9":"product_cat-tp-link-puntos-de-acceso","10":"product_tag-puntos-de-acceso","11":"product_tag-redes","12":"product_tag-tp-link","13":"product_shipping_class-2088","14":"pa_canon-digital-impuesto-incluido-de-0-e","15":"pa_categoria-redes","16":"pa_marca-tp-link","17":"pa_peso-4333","18":"pa_referencia-oc200","20":"first","21":"instock","22":"sale","23":"taxable","24":"shipping-taxable","25":"purchasable","26":"product-type-simple"},"_links":{"self":[{"href":"https:\/\/linkxa.es\/linkshop\/wp-json\/wp\/v2\/product\/239602","targetHints":{"allow":["GET"]}}],"collection":[{"href":"https:\/\/linkxa.es\/linkshop\/wp-json\/wp\/v2\/product"}],"about":[{"href":"https:\/\/linkxa.es\/linkshop\/wp-json\/wp\/v2\/types\/product"}],"replies":[{"embeddable":true,"href":"https:\/\/linkxa.es\/linkshop\/wp-json\/wp\/v2\/comments?post=239602"}],"wp:attachment":[{"href":"https:\/\/linkxa.es\/linkshop\/wp-json\/wp\/v2\/media?parent=239602"}],"wp:term":[{"taxonomy":"product_brand","embeddable":true,"href":"https:\/\/linkxa.es\/linkshop\/wp-json\/wp\/v2\/product_brand?post=239602"},{"taxonomy":"product_cat","embeddable":true,"href":"https:\/\/linkxa.es\/linkshop\/wp-json\/wp\/v2\/product_cat?post=239602"},{"taxonomy":"product_tag","embeddable":true,"href":"https:\/\/linkxa.es\/linkshop\/wp-json\/wp\/v2\/product_tag?post=239602"}],"curies":[{"name":"wp","href":"https:\/\/api.w.org\/{rel}","templated":true}]}}