{"id":239604,"date":"2025-04-16T15:10:40","date_gmt":"2025-04-16T15:10:40","guid":{"rendered":"https:\/\/linkxa.es\/contratacion\/producto\/repetidor-extensor-cobertura-wifi-867mbps-tp\/"},"modified":"2025-12-08T13:32:02","modified_gmt":"2025-12-08T13:32:02","slug":"repetidor-extensor-cobertura-wifi-867mbps-tp","status":"publish","type":"product","link":"https:\/\/linkxa.es\/linkshop\/producto\/repetidor-extensor-cobertura-wifi-867mbps-tp\/","title":{"rendered":"Repetidor extensor cobertura wifi 867mbps tp"},"content":{"rendered":"<div style=\"text-align: center; margin-bottom: 20px;\">\n<h2 style=\"font-size: 22px; font-weight: 600; margin: 0; color: #333;\">Tp &#8211; link\u00a0|\u00a0 Extensores de red<\/h2>\n<p><strong>Repetidor &#8211; extensor de cobertura wifi 867mbps tp link re300<\/strong><\/p>\n<\/div>\n<p style=\"max-width: 700px; margin: 0px auto 30px; font-size: 18px; line-height: 1.6; color: #555555; font-style: italic; text-align: left;\">Extensor de Cobertura Wi-Fi AC1200 RE300<\/p>\n<p>Extiende el Wi-Fi de doble banda a trav\u00e9s de tu hogar para eliminar zonas<br \/>muertas de Wi-Fi.<br \/>Crea una red Mesh mediante la conexi\u00f3n a un router OneMesh para dar<br \/>cobertura a todo tu hogar sin problemas.<br \/>Opera sobre la banda de 2,4 GHz (300 Mbps) y la banda de 5 GHz (867<br \/>Mbps) *1 para una experiencia inal\u00e1mbrica m\u00e1s estable.<br \/>El Indicador de se\u00f1al inteligente te ayuda a encontrar la mejor ubicaci\u00f3n para<br \/>una \u00f3ptima cobertura Wi-Fi, mostrando la intensidad de la se\u00f1al.<br \/>Pulsa el bot\u00f3n WPS para configurar f\u00e1cilmente una red de Mesh, que de<br \/>forma unificada puedes administrar desde la app de Tether o interfaz de usuario<br \/>Web.<br \/>Funciona con cualquier router Wi-Fi o punto de acceso inal\u00e1mbrico.*<\/p>\n<p>CARACTER\u00cdSTICAS DE HARDWARE<br \/>Tipo de Enchufe EU, UK, US, AU<br \/>Est\u00e1ndares y Protocolos IEEE802.11ac, IEEE 802.11n, IEEE 802.11g, IEEE<br \/>802.11a, IEEE 802.11b<br \/>Botones Bot\u00f3n WPS , Bot\u00f3n Reset<br \/>Consumo de Potencia 7.3Wconsumo m\u00e1ximo<br \/>Dimensiones 124 x 69 x 52 mm en (4.9 x 2.7 x 2.0)<br \/>CARACTER\u00cdSTICAS INAL\u00c1MBRICAS<br \/>Frecuencia 2.4GHz &#038; 5GHz(11ac)<br \/>Tasa de Se\u00f1al 5 GHz: hasta 867 Mbps<br \/>2.4 GHz: hasta 300 Mpbs<br \/>Sensibilidad de Recepci\u00f3n 5GHz<br \/>11a 6Mbps:-91dBm@10% PER<br \/>11a 54Mbps: -74dBm@10% PER<br \/>11ac HT20 mcs8: -68dBm@10% PER<br \/>11ac HT40 mcs9: -63dBm@10% PER<br \/>11ac HT80 mcs9: -59dBm@10% PER<br \/>2.4GHz<br \/>11g 54M: -79dBm@10% PER<br \/>11n HT20 mcs7: -77dBm@10% PER<br \/>11n HT40 mcs7: -74dBm@10% PER<br \/>Modos Inal\u00e1mbricos<br \/>Funciones Inal\u00e1mbricas Estad\u00edstica inal\u00e1mbrica<br \/>Impulsar de modo concurrente tanto banda Wi-Fi 2.4G \/ 5 G<br \/>Control de acceso<br \/>Control de LED<br \/>Funci\u00f3n de inicio de sesi\u00f3n de dominio<br \/>Seguridad Inal\u00e1mbrica 64\/128-bit WEP<br \/>WPA-PSK \/ WPA2-PSK<br \/>Potencia de Transmisi\u00f3n &#038;lt,17dBm(2.4GHz)<br \/>&#038;lt,17dBm(5GHz)<br \/>Otros<br \/>Certificaciones CE, FCC, RoHS<br \/>Contenido del Paquete RE300 Extensor de rango OneMesh Wi-Fi AC1200<br \/>Gu\u00eda de Instalaci\u00f3n R\u00e1pida<br \/>Dimensiones de la Caja 156.5 x 101.5 x 89 mm en (6.2 x 4.0 x 3.5)<br \/>Requisitos del sistema Microsoft Windows 98SE, NT, 2000, XP, Vista or<br \/>Windows 7, 8, 10, Mac OS, NetWare, UNIX or Linux.<br \/>Factores Ambientales Temperatura de funcionamiento: 0 C ~ 40 C (32 F<br \/>~ 104 F)<br \/>Temperatura de almacenamiento:-40 C ~ 70 C (-40 F ~ 158 F)<br \/>Humedad de funcionamiento: 10% ~ 90% sin condensaci\u00f3n<br \/>Humedad de almacenamiento: 5% ~ 90% sin condensaci\u00f3n<\/p>\n","protected":false},"excerpt":{"rendered":"<p>Repetidor &#8211; extensor de cobertura wifi 867mbps tp link re300<\/p>\n","protected":false},"featured_media":239605,"comment_status":"open","ping_status":"open","template":"","meta":{"_et_pb_use_builder":"","_et_pb_old_content":"","_et_gb_content_width":""},"product_brand":[3946],"product_cat":[2058,3262,3261,3970],"product_tag":[3265,3264,3948],"class_list":{"0":"post-239604","1":"product","2":"type-product","3":"status-publish","4":"has-post-thumbnail","6":"product_brand-tp-link","7":"product_cat-dispositivos","8":"product_cat-extensores-de-red","9":"product_cat-redes","10":"product_cat-tp-link-extensores-de-red","11":"product_tag-extensores-de-red","12":"product_tag-redes","13":"product_tag-tp-link","14":"product_shipping_class-2088","15":"pa_canon-digital-impuesto-incluido-de-0-e","16":"pa_categoria-redes","17":"pa_marca-tp-link","18":"pa_peso-4337","19":"pa_referencia-re300","21":"first","22":"instock","23":"sale","24":"taxable","25":"shipping-taxable","26":"purchasable","27":"product-type-simple"},"_links":{"self":[{"href":"https:\/\/linkxa.es\/linkshop\/wp-json\/wp\/v2\/product\/239604","targetHints":{"allow":["GET"]}}],"collection":[{"href":"https:\/\/linkxa.es\/linkshop\/wp-json\/wp\/v2\/product"}],"about":[{"href":"https:\/\/linkxa.es\/linkshop\/wp-json\/wp\/v2\/types\/product"}],"replies":[{"embeddable":true,"href":"https:\/\/linkxa.es\/linkshop\/wp-json\/wp\/v2\/comments?post=239604"}],"wp:featuredmedia":[{"embeddable":true,"href":"https:\/\/linkxa.es\/linkshop\/wp-json\/wp\/v2\/media\/239605"}],"wp:attachment":[{"href":"https:\/\/linkxa.es\/linkshop\/wp-json\/wp\/v2\/media?parent=239604"}],"wp:term":[{"taxonomy":"product_brand","embeddable":true,"href":"https:\/\/linkxa.es\/linkshop\/wp-json\/wp\/v2\/product_brand?post=239604"},{"taxonomy":"product_cat","embeddable":true,"href":"https:\/\/linkxa.es\/linkshop\/wp-json\/wp\/v2\/product_cat?post=239604"},{"taxonomy":"product_tag","embeddable":true,"href":"https:\/\/linkxa.es\/linkshop\/wp-json\/wp\/v2\/product_tag?post=239604"}],"curies":[{"name":"wp","href":"https:\/\/api.w.org\/{rel}","templated":true}]}}