{"id":239607,"date":"2025-03-30T15:22:28","date_gmt":"2025-03-30T15:22:28","guid":{"rendered":"https:\/\/linkxa.es\/contratacion\/producto\/repetidor-extensor-cobertura-wifi-1300mbps-tp\/"},"modified":"2025-12-08T13:32:29","modified_gmt":"2025-12-08T13:32:29","slug":"repetidor-extensor-cobertura-wifi-1300mbps-tp","status":"publish","type":"product","link":"https:\/\/linkxa.es\/linkshop\/producto\/repetidor-extensor-cobertura-wifi-1300mbps-tp\/","title":{"rendered":"Repetidor extensor cobertura wifi 1300mbps tp"},"content":{"rendered":"<div style=\"text-align: center; margin-bottom: 20px;\">\n<h2 style=\"font-size: 22px; font-weight: 600; margin: 0; color: #333;\">Tp &#8211; link\u00a0|\u00a0 Extensores de red<\/h2>\n<p><strong>Repetidor &#8211; extensor de cobertura wifi 1300mbps tp link<\/strong><\/p>\n<\/div>\n<p style=\"max-width: 700px; margin: 0px auto 30px; font-size: 18px; line-height: 1.6; color: #555555; font-style: italic; text-align: left;\">Extensor de Cobertura Wi-Fi AC1750 RE450<\/p>\n<p>Expande la red Wi-Fi para un m\u00e1ximo rendimiento<br \/>Velocidades de 450Mbps en 2.4GHz y 1300Mbps en 5GHz llegando a alcanzar<br \/>a velocidades Wi-Fi de hasta 1750Mbps<br \/>Tres antenas externas ajustables que proporcionan conexiones Wi-Fi \u00f3ptimas<br \/>de cobertura y fiabilidad<br \/>Puerto Ethernet Gigabit que act\u00faa como un adaptador inal\u00e1mbrico para<br \/>conectar un dispositivo a su red a velocidad gigabit<br \/>Link Backup. Funci\u00f3n de respaldo ante posibles ca\u00eddas de conexi\u00f3n en una de<br \/>las bandas.<br \/>La luz de se\u00f1al inteligente ayuda a encontrar la mejor ubicaci\u00f3n de cobertura<br \/>Wi-Fi \u00f3ptima al mostrar la fuerza de la se\u00f1al<br \/>Funciona con cualquier router Wi-Fi o punto de acceso inal\u00e1mbrico<\/p>\n<p>CARACTER\u00cdSTICAS DE HARDWARE<br \/>Tipo de Enchufe EU, UK, US<br \/>Est\u00e1ndares y Protocolos IEEE802.11ac, IEEE 802.11n, IEEE 802.11g, IEEE<br \/>802.11b<br \/>Interfaz 1 Puerto Ethernet * 10\/100\/1000Mbps (RJ45)<br \/>Botones Bot\u00f3n RE (Extensor de Rango), Bot\u00f3n Reset, Bot\u00f3n LED, Bot\u00f3n Power<br \/>Consumo de Potencia 10WConsumo m\u00e1ximo de potencia<br \/>Dimensiones 163 x 76.4 x 66.5mm<br \/>Antenas 3* Externas<br \/>CARACTER\u00cdSTICAS INAL\u00c1MBRICAS<br \/>Frecuencia 2.4GHz &#038; 5GHz(11ac)<br \/>Tasa de Se\u00f1al 5GHz: Hasta 1300Mbps<br \/>2.4GHz: Hasta 450Mpbs<br \/>Sensibilidad de Recepci\u00f3n 5GHz<br \/>11a 6Mbps:-93dBm@10% PER<br \/>11a 54Mbps: -76dBm@10% PER<br \/>11ac HT20 mcs8: -68dBm@10% PER<br \/>11ac HT40 mcs9: -64dBm@10% PER<br \/>11ac HT80 mcs9: -61dBm@10% PER<br \/>2.4GHz<br \/>11g 54M: -77dBm@10% PER<br \/>11n HT20 mcs7: -73dBm@10% PER<br \/>11n HT40 mcs7: -70dBm@10% PER<br \/>Modos Inal\u00e1mbricos Extensor de Cobertura<br \/>Funciones Inal\u00e1mbricas Estad\u00edsticas Inal\u00e1mbricas<br \/>Impulso modo concurrente tanto en la banda WiFi 2.4GHz \/ 5GHz<br \/>Modo de Alta Velocidad para una gran velocidad para juego y video HD<br \/>Control de Acceso<br \/>Control LED<br \/>Funci\u00f3n de Acceso por Dominio<br \/>Seguridad Inal\u00e1mbrica 64\/128-bit WEP<br \/>WPA-PSK \/ WPA2-PSK<br \/>Potencia de Transmisi\u00f3n &#038;lt,20dBm(2.4GHz)<br \/>&#038;lt,23dBm(5GHz)<br \/>Otros<br \/>Certificaciones CE, FCC, RoHS<br \/>Contenido del Paquete Extensor de Rango Wi-Fi AC1750 RE450<br \/>Gu\u00eda de Instalaci\u00f3n R\u00e1pida<br \/>Dimensiones de la Caja 202x 125 x 86mm<br \/>Requisitos del sistema Microsoft Windows 98SE, NT, 2000, XP, Vista or<br \/>Windows 7, 8, Mac OS, NetWare, UNIX or Linux.<br \/>Factores Ambientales Temperatura de Funcionamiento: 0C~30C<br \/>(32F~86F)<br \/>Temperatura de Almacenamiento: -40C~70C (-40F~158F)<br \/>Humedad de Funcionamiento: 10%~90% sin condensaci\u00f3n<br \/>Humedad de Almacenamiento: 5%~90% sin condensaci\u00f3n<\/p>\n","protected":false},"excerpt":{"rendered":"<p>Repetidor &#8211; extensor de cobertura wifi 1300mbps tp link<\/p>\n","protected":false},"featured_media":239608,"comment_status":"open","ping_status":"open","template":"","meta":{"_et_pb_use_builder":"","_et_pb_old_content":"","_et_gb_content_width":""},"product_brand":[3946],"product_cat":[2058,3262,3261,3970],"product_tag":[3265,3264,3948],"class_list":{"0":"post-239607","1":"product","2":"type-product","3":"status-publish","4":"has-post-thumbnail","6":"product_brand-tp-link","7":"product_cat-dispositivos","8":"product_cat-extensores-de-red","9":"product_cat-redes","10":"product_cat-tp-link-extensores-de-red","11":"product_tag-extensores-de-red","12":"product_tag-redes","13":"product_tag-tp-link","14":"product_shipping_class-2088","15":"pa_canon-digital-impuesto-incluido-de-0-e","16":"pa_categoria-redes","17":"pa_marca-tp-link","18":"pa_peso-4188","19":"pa_referencia-re450","21":"first","22":"instock","23":"sale","24":"taxable","25":"shipping-taxable","26":"purchasable","27":"product-type-simple"},"_links":{"self":[{"href":"https:\/\/linkxa.es\/linkshop\/wp-json\/wp\/v2\/product\/239607","targetHints":{"allow":["GET"]}}],"collection":[{"href":"https:\/\/linkxa.es\/linkshop\/wp-json\/wp\/v2\/product"}],"about":[{"href":"https:\/\/linkxa.es\/linkshop\/wp-json\/wp\/v2\/types\/product"}],"replies":[{"embeddable":true,"href":"https:\/\/linkxa.es\/linkshop\/wp-json\/wp\/v2\/comments?post=239607"}],"wp:featuredmedia":[{"embeddable":true,"href":"https:\/\/linkxa.es\/linkshop\/wp-json\/wp\/v2\/media\/239608"}],"wp:attachment":[{"href":"https:\/\/linkxa.es\/linkshop\/wp-json\/wp\/v2\/media?parent=239607"}],"wp:term":[{"taxonomy":"product_brand","embeddable":true,"href":"https:\/\/linkxa.es\/linkshop\/wp-json\/wp\/v2\/product_brand?post=239607"},{"taxonomy":"product_cat","embeddable":true,"href":"https:\/\/linkxa.es\/linkshop\/wp-json\/wp\/v2\/product_cat?post=239607"},{"taxonomy":"product_tag","embeddable":true,"href":"https:\/\/linkxa.es\/linkshop\/wp-json\/wp\/v2\/product_tag?post=239607"}],"curies":[{"name":"wp","href":"https:\/\/api.w.org\/{rel}","templated":true}]}}